{"id":3494,"date":"2024-03-20T14:53:09","date_gmt":"2024-03-20T07:53:09","guid":{"rendered":"https:\/\/b2c.fairs.vn\/?post_type=product&#038;p=3494"},"modified":"2024-03-20T14:53:09","modified_gmt":"2024-03-20T07:53:09","slug":"cuc-tam","status":"publish","type":"product","link":"https:\/\/b2c.fairs.vn\/en\/product\/cuc-tam\/","title":{"rendered":"C\u00fac t\u1eb1m"},"content":{"rendered":"<p>C\u00fac t\u1eb1m truy\u1ec1n th\u1ed1ng\u00a0c\u00f3 m\u00e0u s\u1eafc r\u1ea5t sang tr\u1ecdng v\u00e0 \u0111\u01b0\u1ee3c nhi\u1ec1u ng\u01b0\u1eddi \u01b0a th\u00edch. V\u1ea3i m\u1ec1m, m\u1ecbn, m\u01b0\u1edbt khi may l\u00ean d\u00e1ng \u00e1o r\u1ea5t bay b\u1ed5ng. V\u1ea3i C\u00fac t\u1eb1m\u00a0r\u1ea5t th\u00edch h\u1ee3p \u0111\u1ec3 may \u00c1o d\u00e0i, V\u00e1y, Kh\u0103n,&#8230;<\/p>","protected":false},"excerpt":{"rendered":"<p>C\u00fac t\u1eb1m truy\u1ec1n th\u1ed1ng\u00a0c\u00f3 m\u00e0u s\u1eafc r\u1ea5t sang tr\u1ecdng v\u00e0 \u0111\u01b0\u1ee3c nhi\u1ec1u ng\u01b0\u1eddi \u01b0a th\u00edch. V\u1ea3i m\u1ec1m, m\u1ecbn, m\u01b0\u1edbt khi<\/p>","protected":false},"featured_media":3495,"comment_status":"open","ping_status":"closed","template":"","meta":{"_acf_changed":false},"product_cat":[336,338],"product_tag":[],"class_list":{"0":"post-3494","1":"product","2":"type-product","3":"status-publish","4":"has-post-thumbnail","6":"product_cat-san-pham-thu-cong-my-nghe","7":"product_cat-vai-may-mac","9":"first","10":"instock","11":"shipping-taxable","12":"product-type-simple"},"acf":[],"_links":{"self":[{"href":"https:\/\/b2c.fairs.vn\/en\/wp-json\/wp\/v2\/product\/3494","targetHints":{"allow":["GET"]}}],"collection":[{"href":"https:\/\/b2c.fairs.vn\/en\/wp-json\/wp\/v2\/product"}],"about":[{"href":"https:\/\/b2c.fairs.vn\/en\/wp-json\/wp\/v2\/types\/product"}],"replies":[{"embeddable":true,"href":"https:\/\/b2c.fairs.vn\/en\/wp-json\/wp\/v2\/comments?post=3494"}],"version-history":[{"count":0,"href":"https:\/\/b2c.fairs.vn\/en\/wp-json\/wp\/v2\/product\/3494\/revisions"}],"wp:featuredmedia":[{"embeddable":true,"href":"https:\/\/b2c.fairs.vn\/en\/wp-json\/wp\/v2\/media\/3495"}],"wp:attachment":[{"href":"https:\/\/b2c.fairs.vn\/en\/wp-json\/wp\/v2\/media?parent=3494"}],"wp:term":[{"taxonomy":"product_cat","embeddable":true,"href":"https:\/\/b2c.fairs.vn\/en\/wp-json\/wp\/v2\/product_cat?post=3494"},{"taxonomy":"product_tag","embeddable":true,"href":"https:\/\/b2c.fairs.vn\/en\/wp-json\/wp\/v2\/product_tag?post=3494"}],"curies":[{"name":"wp","href":"https:\/\/api.w.org\/{rel}","templated":true}]}}