{"id":3479,"date":"2024-03-20T14:50:26","date_gmt":"2024-03-20T07:50:26","guid":{"rendered":"https:\/\/b2c.fairs.vn\/?post_type=product&#038;p=3479"},"modified":"2024-03-20T14:50:27","modified_gmt":"2024-03-20T07:50:27","slug":"mai-tam","status":"publish","type":"product","link":"https:\/\/b2c.fairs.vn\/en\/product\/mai-tam\/","title":{"rendered":"Mai t\u1eb1m"},"content":{"rendered":"<p>Ch\u1ea5t li\u1ec7u: T\u01a1 t\u1eb1m thi\u00ean nhi\u00ean<\/p>\n<p>&#8211; V\u1ea3i l\u1ee5a t\u01a1 t\u1eb1m c\u00f3 \u0111\u1ed9 m\u1ec1m, m\u00e1t, nh\u1eb9, th\u1ea5m m\u1ed3 h\u00f4i t\u1ed1t t\u1ea1o c\u1ea3m gi\u00e1c tho\u1ea3i m\u00e1i cho ng\u01b0\u1eddi m\u1eb7c.<\/p>\n<p>&#8211; Tho\u00e1ng m\u00e1t m\u00f9a h\u00e8, gi\u1eef \u1ea5m c\u01a1 th\u1ec3 v\u00e0o m\u00f9a \u0111\u00f4ng.<\/p>\n<p>-D\u00f9ng \u0111\u1ec3 may \u00e1o d\u00e0i, \u00e1o c\u00e1ch t\u00e2n, trang ph\u1ee5c d\u1ea1 h\u1ed9i, \u00e1o s\u01a1 mi, \u00e1o b\u00e0 ba&#8230;<\/p>\n<p>&#8211; M\u00e0u s\u1eafc \u0111a d\u1ea1ng, ph\u00f9 h\u1ee3p v\u1edbi m\u1ecdi l\u1ee9a tu\u1ed5i.<\/p>\n<p>&#8211; Nhanh kh\u00f4 n\u00ean tr\u00e1nh \u0111\u01b0\u1ee3c vi khu\u1ea9n t\u00edch t\u1ee5 tr\u00ean kh\u0103n v\u00e0 \u1ea9m m\u1ed1c.<\/p>\n<p>V\u1ea3i l\u1ee5a t\u01a1 t\u1eb1m c\u00f3 \u0111\u1ed9 m\u1ec1m, m\u00e1t, nh\u1eb9 t\u1ea1o c\u1ea3m gi\u00e1c tho\u1ea3i m\u00e1i cho ng\u01b0\u1eddi m\u1eb7c. \u0110\u1eb7c bi\u1ec7t khi kho\u00e1c l\u00ean ng\u01b0\u1eddi b\u1ed9 \u00e1o d\u00e0i l\u1ee5a ng\u01b0\u1eddi ph\u1ee5 n\u1eef s\u1ebd c\u00f3 c\u1ea3m gi\u00e1c tho\u1ea3i m\u00e1i \u0111\u1ed3ng th\u1eddi t\u1ea1o cho m\u00ecnh phong c\u00e1ch \u0111\u01a1n gi\u1ea3n, tinh t\u1ebf nh\u01b0ng c\u0169ng kh\u00f4ng k\u00e9m ph\u1ea7n sang tr\u1ecdng.\/.<\/p>","protected":false},"excerpt":{"rendered":"<p>Ch\u1ea5t li\u1ec7u: T\u01a1 t\u1eb1m thi\u00ean nhi\u00ean &#8211; V\u1ea3i l\u1ee5a t\u01a1 t\u1eb1m c\u00f3 \u0111\u1ed9 m\u1ec1m, m\u00e1t, nh\u1eb9, th\u1ea5m m\u1ed3 h\u00f4i t\u1ed1t<\/p>","protected":false},"featured_media":3488,"comment_status":"open","ping_status":"closed","template":"","meta":{"_acf_changed":false},"product_cat":[336,338],"product_tag":[],"class_list":{"0":"post-3479","1":"product","2":"type-product","3":"status-publish","4":"has-post-thumbnail","6":"product_cat-san-pham-thu-cong-my-nghe","7":"product_cat-vai-may-mac","9":"first","10":"instock","11":"shipping-taxable","12":"product-type-simple"},"acf":[],"_links":{"self":[{"href":"https:\/\/b2c.fairs.vn\/en\/wp-json\/wp\/v2\/product\/3479","targetHints":{"allow":["GET"]}}],"collection":[{"href":"https:\/\/b2c.fairs.vn\/en\/wp-json\/wp\/v2\/product"}],"about":[{"href":"https:\/\/b2c.fairs.vn\/en\/wp-json\/wp\/v2\/types\/product"}],"replies":[{"embeddable":true,"href":"https:\/\/b2c.fairs.vn\/en\/wp-json\/wp\/v2\/comments?post=3479"}],"version-history":[{"count":0,"href":"https:\/\/b2c.fairs.vn\/en\/wp-json\/wp\/v2\/product\/3479\/revisions"}],"wp:featuredmedia":[{"embeddable":true,"href":"https:\/\/b2c.fairs.vn\/en\/wp-json\/wp\/v2\/media\/3488"}],"wp:attachment":[{"href":"https:\/\/b2c.fairs.vn\/en\/wp-json\/wp\/v2\/media?parent=3479"}],"wp:term":[{"taxonomy":"product_cat","embeddable":true,"href":"https:\/\/b2c.fairs.vn\/en\/wp-json\/wp\/v2\/product_cat?post=3479"},{"taxonomy":"product_tag","embeddable":true,"href":"https:\/\/b2c.fairs.vn\/en\/wp-json\/wp\/v2\/product_tag?post=3479"}],"curies":[{"name":"wp","href":"https:\/\/api.w.org\/{rel}","templated":true}]}}