{"id":3456,"date":"2024-03-20T14:46:15","date_gmt":"2024-03-20T07:46:15","guid":{"rendered":"https:\/\/b2c.fairs.vn\/?post_type=product&#038;p=3456"},"modified":"2024-03-20T14:46:15","modified_gmt":"2024-03-20T07:46:15","slug":"hoa-cai","status":"publish","type":"product","link":"https:\/\/b2c.fairs.vn\/en\/product\/hoa-cai\/","title":{"rendered":"Hoa c\u1ea3i"},"content":{"rendered":"<p><strong>L\u1ee4A T\u01a0 T\u1eb0M H\u1eccA TI\u1ebeT HOA C\u1ea2I:<\/strong><\/p>\n<p>&#8211; H\u1ecda ti\u1ebft hoa c\u1ea3i th\u1eadt nh\u1eb9 nh\u00e0ng v\u00e0 tinh t\u1ebf, tr\u00ean ch\u1ea5t li\u1ec7u l\u1ee5a truy\u1ec1n th\u1ed1ng nh\u01b0ng m\u1eabu hoa v\u0103n t\u01b0\u01a1ng \u0111\u1ed3ng hoa nh\u00ed \u0111ang r\u1ea5t \u0111\u01b0\u1ee3c \u01b0a chu\u1ed9ng.<\/p>\n<p>&#8211; 100% ch\u1ea5t li\u1ec7u t\u1ef1 nhi\u00ean:<\/p>\n<p>&#8211; An to\u00e0n cho s\u1ee9c kh\u1ecfe ng\u01b0\u1eddi ti\u00eau d\u00f9ng.<\/p>\n<p>&#8211; \u0110\u1ed9 b\u00f3ng ng\u1ecdc trai sang tr\u1ecdng.<\/p>\n<p>&#8211; Nh\u1eb9, b\u1ec1n \u0111\u1eb9p, tho\u00e1ng m\u00e1t v\u00e0 h\u00fat \u1ea9m t\u1ed1t.<\/p>\n<p>&#8211; Kh\u1eed khu\u1ea9n v\u00e0 kh\u1eed m\u1ed3 h\u00f4i.<\/p>\n<p>&#8211; Kh\u00f4ng phai m\u00e0u khi gi\u1eb7t.<\/p>","protected":false},"excerpt":{"rendered":"<p>L\u1ee4A T\u01a0 T\u1eb0M H\u1eccA TI\u1ebeT HOA C\u1ea2I: &#8211; H\u1ecda ti\u1ebft hoa c\u1ea3i th\u1eadt nh\u1eb9 nh\u00e0ng v\u00e0 tinh t\u1ebf, tr\u00ean ch\u1ea5t<\/p>","protected":false},"featured_media":3461,"comment_status":"open","ping_status":"closed","template":"","meta":{"_acf_changed":false},"product_cat":[336,338],"product_tag":[],"class_list":{"0":"post-3456","1":"product","2":"type-product","3":"status-publish","4":"has-post-thumbnail","6":"product_cat-san-pham-thu-cong-my-nghe","7":"product_cat-vai-may-mac","9":"first","10":"instock","11":"shipping-taxable","12":"product-type-simple"},"acf":[],"_links":{"self":[{"href":"https:\/\/b2c.fairs.vn\/en\/wp-json\/wp\/v2\/product\/3456","targetHints":{"allow":["GET"]}}],"collection":[{"href":"https:\/\/b2c.fairs.vn\/en\/wp-json\/wp\/v2\/product"}],"about":[{"href":"https:\/\/b2c.fairs.vn\/en\/wp-json\/wp\/v2\/types\/product"}],"replies":[{"embeddable":true,"href":"https:\/\/b2c.fairs.vn\/en\/wp-json\/wp\/v2\/comments?post=3456"}],"version-history":[{"count":0,"href":"https:\/\/b2c.fairs.vn\/en\/wp-json\/wp\/v2\/product\/3456\/revisions"}],"wp:featuredmedia":[{"embeddable":true,"href":"https:\/\/b2c.fairs.vn\/en\/wp-json\/wp\/v2\/media\/3461"}],"wp:attachment":[{"href":"https:\/\/b2c.fairs.vn\/en\/wp-json\/wp\/v2\/media?parent=3456"}],"wp:term":[{"taxonomy":"product_cat","embeddable":true,"href":"https:\/\/b2c.fairs.vn\/en\/wp-json\/wp\/v2\/product_cat?post=3456"},{"taxonomy":"product_tag","embeddable":true,"href":"https:\/\/b2c.fairs.vn\/en\/wp-json\/wp\/v2\/product_tag?post=3456"}],"curies":[{"name":"wp","href":"https:\/\/api.w.org\/{rel}","templated":true}]}}