{"id":3445,"date":"2024-03-20T14:41:21","date_gmt":"2024-03-20T07:41:21","guid":{"rendered":"https:\/\/b2c.fairs.vn\/?post_type=product&#038;p=3445"},"modified":"2024-03-20T14:41:22","modified_gmt":"2024-03-20T07:41:22","slug":"lua-satin-tron","status":"publish","type":"product","link":"https:\/\/b2c.fairs.vn\/en\/product\/lua-satin-tron\/","title":{"rendered":"L\u1ee5a Satin tr\u01a1n"},"content":{"rendered":"<p>&#8211; V\u1ebb ngo\u00e0i sang tr\u1ecdng: V\u1edbi b\u1ec1 m\u1eb7t v\u1ea3i b\u00f3ng gi\u00fap cho c\u00e1c s\u1ea3n ph\u1ea9m tr\u1edf n\u00ean sang tr\u1ecdng v\u00e0 c\u00f3 t\u00ednh th\u1ea9m m\u1ef9 cao. Th\u00edch h\u1ee3p \u0111\u1ec3 s\u1ea3n xu\u1ea5t c\u00e1c lo\u1ea1i v\u00e1y d\u1ea1 h\u1ed9i hay c\u00e1c lo\u1ea1i \u00e1o cho\u00e0ng.<\/p>\n<p>&#8211; M\u1ec1m m\u1ea1i: V\u1ea3i l\u1ee5a satin c\u00f3 \u0111\u1ed9 m\u1ec1m m\u1ea1i nh\u1ea5t \u0111\u1ecbnh, t\u1ea1o c\u1ea3m gi\u00e1c b\u1ed3ng b\u1ec1nh, quy\u1ebfn r\u0169 khi \u0111\u01b0\u1ee3c may th\u00e0nh nh\u1eefng b\u1ed9 c\u00e1nh qu\u00fd ph\u00e1i.<\/p>\n<p>&#8211; \u0110\u1ed9 b\u1ec1n cao: V\u1ea3i l\u1ee5a satin c\u00f3 \u0111\u1ed9 b\u1ec1n kh\u00e1 cao gi\u00fap cho tu\u1ed5i th\u1ecd c\u1ee7a c\u00e1c s\u1ea3n ph\u1ea9m c\u0169ng \u0111\u01b0\u1ee3c k\u00e9o d\u00e0i.<\/p>\n<p>&#8211; \u00cdt nh\u0103n: V\u1ea3i l\u1ee5a satin d\u00e0y h\u01a1n c\u00e1c lo\u1ea1i v\u1ea3i kh\u00e1c n\u00ean \u0111\u1ed9 nh\u0103n c\u1ee7a v\u1ea3i c\u0169ng \u0111\u01b0\u1ee3c gi\u1ea3m nhi\u1ec1u \u0111\u00e1ng k\u1ec3. Nh\u1edd v\u00e0o \u01b0u \u0111i\u1ec3m n\u00e0y m\u00e0 trang ph\u1ee5c tr\u1edf n\u00ean l\u1ed9ng l\u1eaby h\u01a1n v\u00e0 kh\u00f4n ph\u1ea3i t\u1ed1n nhi\u1ec1u th\u1eddi gian cho c\u00f4ng \u0111o\u1ea1n l\u00e0 \u1ee7i.<\/p>","protected":false},"excerpt":{"rendered":"<p>&#8211; V\u1ebb ngo\u00e0i sang tr\u1ecdng: V\u1edbi b\u1ec1 m\u1eb7t v\u1ea3i b\u00f3ng gi\u00fap cho c\u00e1c s\u1ea3n ph\u1ea9m tr\u1edf n\u00ean sang tr\u1ecdng v\u00e0<\/p>","protected":false},"featured_media":3446,"comment_status":"open","ping_status":"closed","template":"","meta":{"_acf_changed":false},"product_cat":[336,338],"product_tag":[],"class_list":{"0":"post-3445","1":"product","2":"type-product","3":"status-publish","4":"has-post-thumbnail","6":"product_cat-san-pham-thu-cong-my-nghe","7":"product_cat-vai-may-mac","9":"first","10":"instock","11":"shipping-taxable","12":"product-type-simple"},"acf":[],"_links":{"self":[{"href":"https:\/\/b2c.fairs.vn\/en\/wp-json\/wp\/v2\/product\/3445","targetHints":{"allow":["GET"]}}],"collection":[{"href":"https:\/\/b2c.fairs.vn\/en\/wp-json\/wp\/v2\/product"}],"about":[{"href":"https:\/\/b2c.fairs.vn\/en\/wp-json\/wp\/v2\/types\/product"}],"replies":[{"embeddable":true,"href":"https:\/\/b2c.fairs.vn\/en\/wp-json\/wp\/v2\/comments?post=3445"}],"version-history":[{"count":0,"href":"https:\/\/b2c.fairs.vn\/en\/wp-json\/wp\/v2\/product\/3445\/revisions"}],"wp:featuredmedia":[{"embeddable":true,"href":"https:\/\/b2c.fairs.vn\/en\/wp-json\/wp\/v2\/media\/3446"}],"wp:attachment":[{"href":"https:\/\/b2c.fairs.vn\/en\/wp-json\/wp\/v2\/media?parent=3445"}],"wp:term":[{"taxonomy":"product_cat","embeddable":true,"href":"https:\/\/b2c.fairs.vn\/en\/wp-json\/wp\/v2\/product_cat?post=3445"},{"taxonomy":"product_tag","embeddable":true,"href":"https:\/\/b2c.fairs.vn\/en\/wp-json\/wp\/v2\/product_tag?post=3445"}],"curies":[{"name":"wp","href":"https:\/\/api.w.org\/{rel}","templated":true}]}}