{"id":3440,"date":"2024-03-20T14:39:48","date_gmt":"2024-03-20T07:39:48","guid":{"rendered":"https:\/\/b2c.fairs.vn\/?post_type=product&#038;p=3440"},"modified":"2024-03-20T14:39:48","modified_gmt":"2024-03-20T07:39:48","slug":"lua-nha-xa-mai-dao-hong-sen","status":"publish","type":"product","link":"https:\/\/b2c.fairs.vn\/en\/product\/lua-nha-xa-mai-dao-hong-sen\/","title":{"rendered":"L\u1ee5a Nha X\u00e1 Mai \u0110\u00e0o H\u1ed3ng Sen"},"content":{"rendered":"","protected":false},"excerpt":{"rendered":"","protected":false},"featured_media":3441,"comment_status":"open","ping_status":"closed","template":"","meta":{"_acf_changed":false},"product_cat":[336,338],"product_tag":[],"class_list":{"0":"post-3440","1":"product","2":"type-product","3":"status-publish","4":"has-post-thumbnail","6":"product_cat-san-pham-thu-cong-my-nghe","7":"product_cat-vai-may-mac","9":"first","10":"instock","11":"shipping-taxable","12":"product-type-simple"},"acf":[],"_links":{"self":[{"href":"https:\/\/b2c.fairs.vn\/en\/wp-json\/wp\/v2\/product\/3440","targetHints":{"allow":["GET"]}}],"collection":[{"href":"https:\/\/b2c.fairs.vn\/en\/wp-json\/wp\/v2\/product"}],"about":[{"href":"https:\/\/b2c.fairs.vn\/en\/wp-json\/wp\/v2\/types\/product"}],"replies":[{"embeddable":true,"href":"https:\/\/b2c.fairs.vn\/en\/wp-json\/wp\/v2\/comments?post=3440"}],"version-history":[{"count":0,"href":"https:\/\/b2c.fairs.vn\/en\/wp-json\/wp\/v2\/product\/3440\/revisions"}],"wp:featuredmedia":[{"embeddable":true,"href":"https:\/\/b2c.fairs.vn\/en\/wp-json\/wp\/v2\/media\/3441"}],"wp:attachment":[{"href":"https:\/\/b2c.fairs.vn\/en\/wp-json\/wp\/v2\/media?parent=3440"}],"wp:term":[{"taxonomy":"product_cat","embeddable":true,"href":"https:\/\/b2c.fairs.vn\/en\/wp-json\/wp\/v2\/product_cat?post=3440"},{"taxonomy":"product_tag","embeddable":true,"href":"https:\/\/b2c.fairs.vn\/en\/wp-json\/wp\/v2\/product_tag?post=3440"}],"curies":[{"name":"wp","href":"https:\/\/api.w.org\/{rel}","templated":true}]}}