{"id":3431,"date":"2024-03-20T14:45:47","date_gmt":"2024-03-20T07:45:47","guid":{"rendered":"https:\/\/b2c.fairs.vn\/?post_type=product&#038;p=3431"},"modified":"2024-03-27T11:05:15","modified_gmt":"2024-03-27T04:05:15","slug":"hop-tra-coi","status":"publish","type":"product","link":"https:\/\/b2c.fairs.vn\/en\/product\/hop-tra-coi\/","title":{"rendered":"H\u1ed9p Tr\u00e0 C\u00f3i"},"content":{"rendered":"<p><i>N\u00f4ng C\u1ed1ng l\u00e0 huy\u1ec7n thu\u1ea7n n\u00f4ng, \u0111\u01b0\u1ee3c bao b\u1ecdc b\u1edfi 4 con s\u00f4ng l\u1edbn, l\u00e0: S\u00f4ng Ho\u00e0ng, S\u00f4ng Nh\u01a1m, S\u00f4ng Chu\u1ed1i v\u00e0 s\u00f4ng Th\u1ecb Long, c\u00f3 di\u1ec7n t\u00edch n\u01b0\u1edbc l\u1ee3 r\u1ea5t ph\u00f9 h\u1ee3p cho c\u00e2y c\u00f3i sinh tr\u01b0\u1edfng, ph\u00e1t tri\u1ec3n. T\u1eeb xa x\u01b0a, ng\u01b0\u1eddi d\u00e2n n\u01a1i \u0111\u00e2y \u0111\u00e3 bi\u1ebft l\u00e0m c\u00e1c d\u1ee5ng c\u1ee5 t\u1eeb c\u00e2y c\u00f3i, t\u1ea1o ra nh\u1eefng chi\u1ebfc chi\u1ebfu c\u00f3i, \u0110\u0129a c\u00f3, S\u1ecdt c\u00f3i \u0111\u1ec3 l\u00e0m c\u00e1c v\u1eadn d\u1ee5ng ti\u1ec7n \u00edch trong gia \u0111\u00ecnh. Tuy nhi\u00ean, x\u00e3 h\u1ed9i ng\u00e0y c\u00e0ng ph\u00e1t tri\u1ec3n, \u0111\u1eddi s\u1ed1ng v\u1eadt ch\u1ea5t tinh th\u1ea7n c\u1ee7a con ng\u01b0\u1eddi ng\u00e0y c\u00e0ng \u0111\u01b0\u1ee3c n\u00e2ng cao, c\u00e1c ngh\u1ec1 truy\u1ec1n th\u1ed1ng v\u1ec1 l\u00e0m s\u1ea3n ph\u1ea9m t\u1eeb s\u1ee3i c\u00f3i ng\u00e0y m\u1ed9t mai m\u00f2n, do thu nh\u1eadp t\u1eeb ngh\u1ec1 truy\u1ec1n th\u1ed1ng th\u1ea5p so v\u1edbi ng\u00e0nh ngh\u1ec1 kh\u00e1c.<\/i><\/p>\n<p><i>N\u0103m 2007, nh\u1eadn th\u1ea5y ti\u1ec1m n\u0103ng, th\u1ebf m\u1ea1nh c\u1ee7a \u0111\u1ecba ph\u01b0\u01a1ng, v\u1edbi ngu\u1ed3n nh\u00e2n l\u1ef1c v\u00e0 nguy\u00ean li\u1ec7u s\u1eb3n c\u00f3 v\u1ec1 c\u00e2y C\u00f3i s\u1ebd ph\u00e1t tri\u1ec3n m\u1ea1nh m\u1ebd tr\u00ean \u0111\u1ea5t N\u00f4ng C\u1ed1ng n\u00f3i chung v\u00e0 x\u00e3 T\u00e2n Th\u1ecd n\u00f3i ri\u00eang, ch\u1ecb Nguy\u1ec5n Th\u1ecb Th\u1eafm t\u00edch c\u1ef1c truy\u1ec1n \u0111\u1ea1t k\u1ef7 thu\u1eadt, h\u01b0\u1edbng d\u1eabn cho ng\u01b0\u1eddi d\u00e2n h\u1ecdc ngh\u1ec1 g\u1eafn b\u00f3 v\u00e0 ph\u00e1t tri\u1ec3n ngh\u1ec1 Th\u1ee7 c\u00f4ng, v\u1eeba \u0111\u1ea3m b\u1ea3o thu nh\u1eadp v\u1ec1 kinh t\u1ebf v\u00e0 gi\u00fap ng\u01b0\u1eddi d\u00e2n \u0111\u1ecba ph\u01b0\u01a1ng &#8220;Ly n\u00f4ng, b\u1ea5t ly h\u01b0\u01a1ng&#8221; v\u00e0 th\u00e0nh l\u1eadp H\u1ee3p t\u00e1c x\u00e3 th\u1ee7 c\u00f4ng m\u1ef9 ngh\u1ec7 T\u00e2n Th\u1ecd<\/i><\/p>\n<p><i>Sau khi H\u1ee3p t\u00e1c x\u00e3 \u0111\u01b0\u1ee3c th\u00e0nh l\u1eadp \u0111\u00e3 ph\u1ed1i h\u1ee3p v\u1edbi c\u00e1c \u0111\u01a1n v\u1ecb d\u1ea1y ngh\u1ec1 trong v\u00e0 ngo\u00e0i t\u1ec9nh, v\u1ec1 tr\u1ef1c ti\u1ebfp chuy\u1ec3n giao ti\u1ebfn b\u1ed9 khoa h\u1ecdc k\u1ef9 thu\u1eadt m\u1edbi trong s\u1ea3n xu\u1ea5t c\u00e1c \u0111\u1ed3 th\u1ee7 c\u00f4ng m\u1ef9 ngh\u1ec7 t\u1eeb c\u00e2y C\u00f3i truy\u1ec1n th\u1ed1ng c\u1ee7a qu\u00ea h\u01b0\u01a1ng. K\u1ebft qu\u1ea3 \u0111\u00e3 t\u1ea1o r\u1ea5t nhi\u1ec1u tay ngh\u1ec1 gi\u1ecfi cho \u0111\u1ecba ph\u01b0\u01a1ng v\u1ec1 l\u00e0m H\u1ed9p Tr\u00e0 C\u00f3i M\u1ef9 ngh\u1ec7, trang tr\u00ed.\u00a0<\/i><\/p>\n<p><i>S\u1ea3n ph\u1ea9m H\u1ed9p Tr\u00e0 C\u00f3i \u0111\u01b0\u1ee3c l\u00e0m ra \u0111\u1ea3m b\u1ea3o ch\u1ea5t l\u01b0\u1ee3ng, s\u1ea1ch, b\u1ec1n, \u0111\u1eb9p, kh\u00f4ng h\u00f3a ch\u1ea5t \u0111\u1ed9c h\u1ea1i, kh\u00f4ng \u00f4 nhi\u1ec5m m\u00f4i tr\u01b0\u1eddng, kh\u00f4ng \u1ea3nh h\u01b0\u1edfng \u0111\u1ebfn s\u1ee9c kh\u1ecfe c\u1ee7a ng\u01b0\u1eddi s\u1ea3n xu\u1ea5t v\u00e0 ng\u01b0\u1eddi ti\u00eau d\u00f9ng. \u0110\u1eb7c bi\u1ec7t h\u01a1n n\u1eefa l\u00e0 t\u1eeb nh\u1eefng b\u00e0n tay ngh\u1ec7 nh\u00e2n gi\u1ecfi \u0111\u00e3 t\u1ea1o ra r\u1ea5t nhi\u1ec1u s\u1ea3n ph\u1ea9m mang h\u1ed3n qu\u00ea, g\u1ee3i nh\u1edb v\u1ec1 nh\u1eefng n\u00e9t truy\u1ec1n th\u1ed1ng xa x\u01b0a c\u1ee7a d\u00e2n t\u1ed9c v\u00e0o t\u1eebng s\u1ea3n ph\u1ea9m Ch\u1eadu c\u00f3i \u00a0\u0111\u1ec3 r\u1ed3i m\u1ed7i ai \u0111\u00f3, khi mua v\u1ec1 s\u1eed d\u1ee5ng, trang tr\u00ed trong gia \u0111\u00ecnh, n\u01a1i l\u00e0m vi\u1ec7c s\u1ebd c\u1ea3m nh\u1eadn \u0111\u01b0\u1ee3c s\u1ef1 g\u1ea7n g\u1ee7i c\u1ee7a thi\u00ean nhi\u00ean, h\u01b0\u01a1ng v\u1ecb c\u1ee7a l\u00e0ng qu\u00ea y\u00ean b\u00ecnh.<\/i><\/p>","protected":false},"excerpt":{"rendered":"<p><i>N\u00f4ng C\u1ed1ng l\u00e0 huy\u1ec7n thu\u1ea7n n\u00f4ng, \u0111\u01b0\u1ee3c bao b\u1ecdc b\u1edfi 4 con s\u00f4ng l\u1edbn, l\u00e0: S\u00f4ng Ho\u00e0ng, S\u00f4ng Nh\u01a1m, S\u00f4ng Chu\u1ed1i v\u00e0 s\u00f4ng Th\u1ecb Long, c\u00f3 di\u1ec7n t\u00edch n\u01b0\u1edbc l\u1ee3 r\u1ea5t ph\u00f9 h\u1ee3p cho c\u00e2y c\u00f3i sinh tr\u01b0\u1edfng, ph\u00e1t tri\u1ec3n. T\u1eeb xa x\u01b0a, ng\u01b0\u1eddi d\u00e2n n\u01a1i \u0111\u00e2y \u0111\u00e3 bi\u1ebft l\u00e0m c\u00e1c d\u1ee5ng c\u1ee5 t\u1eeb c\u00e2y c\u00f3i, t\u1ea1o ra nh\u1eefng chi\u1ebfc chi\u1ebfu c\u00f3i, \u0110\u0129a c\u00f3, S\u1ecdt c\u00f3i \u0111\u1ec3 l\u00e0m c\u00e1c v\u1eadn d\u1ee5ng ti\u1ec7n \u00edch trong gia \u0111\u00ecnh. Tuy nhi\u00ean, x\u00e3 h\u1ed9i ng\u00e0y c\u00e0ng ph\u00e1t tri\u1ec3n, \u0111\u1eddi s\u1ed1ng v\u1eadt ch\u1ea5t tinh th\u1ea7n c\u1ee7a con ng\u01b0\u1eddi ng\u00e0y c\u00e0ng \u0111\u01b0\u1ee3c n\u00e2ng cao, c\u00e1c ngh\u1ec1 truy\u1ec1n th\u1ed1ng v\u1ec1 l\u00e0m s\u1ea3n ph\u1ea9m t\u1eeb s\u1ee3i c\u00f3i ng\u00e0y m\u1ed9t mai m\u00f2n, do thu nh\u1eadp t\u1eeb ngh\u1ec1 truy\u1ec1n th\u1ed1ng th\u1ea5p so v\u1edbi ng\u00e0nh ngh\u1ec1 kh\u00e1c.<\/i><\/p>\n<p><i>N\u0103m 2007, nh\u1eadn th\u1ea5y ti\u1ec1m n\u0103ng, th\u1ebf m\u1ea1nh c\u1ee7a \u0111\u1ecba ph\u01b0\u01a1ng, v\u1edbi ngu\u1ed3n nh\u00e2n l\u1ef1c v\u00e0 nguy\u00ean li\u1ec7u s\u1eb3n c\u00f3 v\u1ec1 c\u00e2y C\u00f3i s\u1ebd ph\u00e1t tri\u1ec3n m\u1ea1nh m\u1ebd tr\u00ean \u0111\u1ea5t N\u00f4ng C\u1ed1ng n\u00f3i chung v\u00e0 x\u00e3 T\u00e2n Th\u1ecd n\u00f3i ri\u00eang, ch\u1ecb Nguy\u1ec5n Th\u1ecb Th\u1eafm t\u00edch c\u1ef1c truy\u1ec1n \u0111\u1ea1t k\u1ef7 thu\u1eadt, h\u01b0\u1edbng d\u1eabn cho ng\u01b0\u1eddi d\u00e2n h\u1ecdc ngh\u1ec1 g\u1eafn b\u00f3 v\u00e0 ph\u00e1t tri\u1ec3n ngh\u1ec1 Th\u1ee7 c\u00f4ng, v\u1eeba \u0111\u1ea3m b\u1ea3o thu nh\u1eadp v\u1ec1 kinh t\u1ebf v\u00e0 gi\u00fap ng\u01b0\u1eddi d\u00e2n \u0111\u1ecba ph\u01b0\u01a1ng &#8220;Ly n\u00f4ng, b\u1ea5t ly h\u01b0\u01a1ng&#8221; v\u00e0 th\u00e0nh l\u1eadp H\u1ee3p t\u00e1c x\u00e3 th\u1ee7 c\u00f4ng m\u1ef9 ngh\u1ec7 T\u00e2n Th\u1ecd<\/i><\/p>\n<p><i>Sau khi H\u1ee3p t\u00e1c x\u00e3 \u0111\u01b0\u1ee3c th\u00e0nh l\u1eadp \u0111\u00e3 ph\u1ed1i h\u1ee3p v\u1edbi c\u00e1c \u0111\u01a1n v\u1ecb d\u1ea1y ngh\u1ec1 trong v\u00e0 ngo\u00e0i t\u1ec9nh, v\u1ec1 tr\u1ef1c ti\u1ebfp chuy\u1ec3n giao ti\u1ebfn b\u1ed9 khoa h\u1ecdc k\u1ef9 thu\u1eadt m\u1edbi trong s\u1ea3n xu\u1ea5t c\u00e1c \u0111\u1ed3 th\u1ee7 c\u00f4ng m\u1ef9 ngh\u1ec7 t\u1eeb c\u00e2y C\u00f3i truy\u1ec1n th\u1ed1ng c\u1ee7a qu\u00ea h\u01b0\u01a1ng. K\u1ebft qu\u1ea3 \u0111\u00e3 t\u1ea1o r\u1ea5t nhi\u1ec1u tay ngh\u1ec1 gi\u1ecfi cho \u0111\u1ecba ph\u01b0\u01a1ng v\u1ec1 l\u00e0m H\u1ed9p Tr\u00e0 C\u00f3i M\u1ef9 ngh\u1ec7, trang tr\u00ed.\u00a0<\/i><\/p>\n<p><i>S\u1ea3n ph\u1ea9m H\u1ed9p Tr\u00e0 C\u00f3i \u0111\u01b0\u1ee3c l\u00e0m ra \u0111\u1ea3m b\u1ea3o ch\u1ea5t l\u01b0\u1ee3ng, s\u1ea1ch, b\u1ec1n, \u0111\u1eb9p, kh\u00f4ng h\u00f3a ch\u1ea5t \u0111\u1ed9c h\u1ea1i, kh\u00f4ng \u00f4 nhi\u1ec5m m\u00f4i tr\u01b0\u1eddng, kh\u00f4ng \u1ea3nh h\u01b0\u1edfng \u0111\u1ebfn s\u1ee9c kh\u1ecfe c\u1ee7a ng\u01b0\u1eddi s\u1ea3n xu\u1ea5t v\u00e0 ng\u01b0\u1eddi ti\u00eau d\u00f9ng. \u0110\u1eb7c bi\u1ec7t h\u01a1n n\u1eefa l\u00e0 t\u1eeb nh\u1eefng b\u00e0n tay ngh\u1ec7 nh\u00e2n gi\u1ecfi \u0111\u00e3 t\u1ea1o ra r\u1ea5t nhi\u1ec1u s\u1ea3n ph\u1ea9m mang h\u1ed3n qu\u00ea, g\u1ee3i nh\u1edb v\u1ec1 nh\u1eefng n\u00e9t truy\u1ec1n th\u1ed1ng xa x\u01b0a c\u1ee7a d\u00e2n t\u1ed9c v\u00e0o t\u1eebng s\u1ea3n ph\u1ea9m Ch\u1eadu c\u00f3i \u00a0\u0111\u1ec3 r\u1ed3i m\u1ed7i ai \u0111\u00f3, khi mua v\u1ec1 s\u1eed d\u1ee5ng, trang tr\u00ed trong gia \u0111\u00ecnh, n\u01a1i l\u00e0m vi\u1ec7c s\u1ebd c\u1ea3m nh\u1eadn \u0111\u01b0\u1ee3c s\u1ef1 g\u1ea7n g\u1ee7i c\u1ee7a thi\u00ean nhi\u00ean, h\u01b0\u01a1ng v\u1ecb c\u1ee7a l\u00e0ng qu\u00ea y\u00ean b\u00ecnh.<\/i><\/p>","protected":false},"featured_media":3454,"comment_status":"open","ping_status":"closed","template":"","meta":{"_acf_changed":false},"product_cat":[394,336,337],"product_tag":[],"class_list":{"0":"post-3431","1":"product","2":"type-product","3":"status-publish","4":"has-post-thumbnail","6":"product_cat-may-tre-dan","7":"product_cat-san-pham-thu-cong-my-nghe","8":"product_cat-thu-cong-my-nghe-gia-dung-trang-tri","10":"first","11":"instock","12":"shipping-taxable","13":"product-type-simple"},"acf":[],"_links":{"self":[{"href":"https:\/\/b2c.fairs.vn\/en\/wp-json\/wp\/v2\/product\/3431","targetHints":{"allow":["GET"]}}],"collection":[{"href":"https:\/\/b2c.fairs.vn\/en\/wp-json\/wp\/v2\/product"}],"about":[{"href":"https:\/\/b2c.fairs.vn\/en\/wp-json\/wp\/v2\/types\/product"}],"replies":[{"embeddable":true,"href":"https:\/\/b2c.fairs.vn\/en\/wp-json\/wp\/v2\/comments?post=3431"}],"version-history":[{"count":0,"href":"https:\/\/b2c.fairs.vn\/en\/wp-json\/wp\/v2\/product\/3431\/revisions"}],"wp:featuredmedia":[{"embeddable":true,"href":"https:\/\/b2c.fairs.vn\/en\/wp-json\/wp\/v2\/media\/3454"}],"wp:attachment":[{"href":"https:\/\/b2c.fairs.vn\/en\/wp-json\/wp\/v2\/media?parent=3431"}],"wp:term":[{"taxonomy":"product_cat","embeddable":true,"href":"https:\/\/b2c.fairs.vn\/en\/wp-json\/wp\/v2\/product_cat?post=3431"},{"taxonomy":"product_tag","embeddable":true,"href":"https:\/\/b2c.fairs.vn\/en\/wp-json\/wp\/v2\/product_tag?post=3431"}],"curies":[{"name":"wp","href":"https:\/\/api.w.org\/{rel}","templated":true}]}}