{"id":3405,"date":"2024-03-20T14:30:16","date_gmt":"2024-03-20T07:30:16","guid":{"rendered":"https:\/\/b2c.fairs.vn\/?post_type=product&#038;p=3405"},"modified":"2024-03-20T14:30:16","modified_gmt":"2024-03-20T07:30:16","slug":"vay-maxi-dresses","status":"publish","type":"product","link":"https:\/\/b2c.fairs.vn\/en\/product\/vay-maxi-dresses\/","title":{"rendered":"V\u00e1y Maxi Dresses"},"content":{"rendered":"<div>\n<div>\n<div>\n<div class=\"flex items-center my-3\"><span class=\"flex\"><img decoding=\"async\" class=\"rounded-sm w-100px h-100px m-1 cursor-pointer aligncenter\" title=\"V\u00e1y Maxi Dresses\" src=\"https:\/\/a.fairs.vn\/image\/1672139431593_740356517_234163423_204075015073870_3164940043025278184_n.jpg\" srcset=\"https:\/\/a.fairs.vn\/image\/1672139431593_740356517_234163423_204075015073870_3164940043025278184_n.jpg 1x, https:\/\/a.fairs.vn\/image\/1672139431593_740356517_234163423_204075015073870_3164940043025278184_n.jpg 2x\" alt=\"V\u00e1y Maxi Dresses\" width=\"100\" height=\"100\" data-nuxt-img=\"\" \/><img decoding=\"async\" class=\"rounded-sm w-100px h-100px m-1 cursor-pointer border-solid border-1 border-red-500 aligncenter\" title=\"V\u00e1y Maxi Dresses\" src=\"https:\/\/a.fairs.vn\/image\/1672139431598_751007934_234340557_204075108407194_8287225021447695964_n.jpg\" srcset=\"https:\/\/a.fairs.vn\/image\/1672139431598_751007934_234340557_204075108407194_8287225021447695964_n.jpg 1x, https:\/\/a.fairs.vn\/image\/1672139431598_751007934_234340557_204075108407194_8287225021447695964_n.jpg 2x\" alt=\"V\u00e1y Maxi Dresses\" width=\"100\" height=\"100\" data-nuxt-img=\"\" \/><img decoding=\"async\" class=\"rounded-sm w-100px h-100px m-1 cursor-pointer aligncenter\" title=\"V\u00e1y Maxi Dresses\" src=\"https:\/\/a.fairs.vn\/image\/1672139431588_330671625_226220376_204074845073887_6885667900825384474_n.jpg\" srcset=\"https:\/\/a.fairs.vn\/image\/1672139431588_330671625_226220376_204074845073887_6885667900825384474_n.jpg 1x, https:\/\/a.fairs.vn\/image\/1672139431588_330671625_226220376_204074845073887_6885667900825384474_n.jpg 2x\" alt=\"V\u00e1y Maxi Dresses\" width=\"100\" height=\"100\" data-nuxt-img=\"\" \/><\/span><\/div>\n<\/div>\n<\/div>\n<\/div>\n<div class=\"flex flex-col px-10\">\n<p>\ud835\udc0c\ud835\udc1a\ud835\udc31\ud835\udc22 \ud835\udc03\ud835\udc2b\ud835\udc1e\ud835\udc2c\ud835\udc2c\ud835\udc1e\ud835\udc2c &#8211; V\u00e1y Maxi \u0111\u00e3 kh\u00f4ng c\u00f2n xa l\u1ea1 g\u00ec \u0111\u1ed1i v\u1edbi ch\u1ecb em ph\u1ee5 n\u1eef ch\u00fang ta. B\u00ean c\u1ea1nh nh\u1eefng trang ph\u1ee5c gi\u00fap ch\u1ecb em m\u00ecnh gi\u1ea3i nhi\u1ec7t trong nh\u1eefng ng\u00e0y n\u1eafng n\u00f3ng nh\u01b0 qu\u1ea7n short ng\u1eafn, \u00e1o thun, \u00e1o crop top&#8230; th\u00ec m\u1ed9t chi\u1ebfc v\u00e1y Maxi th\u01b0\u1edbt tha ch\u00ednh l\u00e0 s\u1ef1 l\u1ef1a ch\u1ecdn ho\u00e0n h\u1ea3o.<\/p>\n<p>&nbsp;<\/p>\n<p>M\u1ed9t chi\u1ebfc v\u00e1y Maxi \u0111\u01b0\u1ee3c l\u00e0m t\u1eeb l\u1ee5a \u0111\u1ebfn t\u1eeb \ud835\udc07\ud835\udc1a\u0300 \ud835\udc07\ud835\udc28\ud835\udc1a\u0323\ud835\udc2d \ud835\udc12\ud835\udc22\ud835\udc25\ud835\udc24 s\u1ebd r\u1ea5t ph\u00f9 h\u1ee3p khi \u0111i ch\u01a1i t\u1ed1i, \u0111i ch\u01a1i bi\u1ec3n&#8230; v\u1eeba t\u1ea1o s\u1ef1 tho\u1ea3i m\u00e1i, m\u00e1t m\u1ebb m\u00e0 kh\u00f4ng h\u1ec1 m\u1ea5t \u0111i v\u1ebb quy\u1ebfn r\u0169, sexy cho ng\u01b0\u1eddi m\u1eb7c. K\u1ebft h\u1ee3p c\u00f9ng v\u1edbi m\u00e0u s\u1eafc t\u01b0\u01a1i s\u00e1ng gi\u00fap b\u1ea1n n\u1ed5i b\u1eadt tr\u01b0\u1edbc \u0111\u00e1m \u0111\u00f4ng<\/p>\n<\/div>","protected":false},"excerpt":{"rendered":"<p>\ud835\udc0c\ud835\udc1a\ud835\udc31\ud835\udc22 \ud835\udc03\ud835\udc2b\ud835\udc1e\ud835\udc2c\ud835\udc2c\ud835\udc1e\ud835\udc2c &#8211; V\u00e1y Maxi \u0111\u00e3 kh\u00f4ng c\u00f2n xa l\u1ea1 g\u00ec \u0111\u1ed1i v\u1edbi ch\u1ecb em ph\u1ee5 n\u1eef ch\u00fang ta. B\u00ean<\/p>","protected":false},"featured_media":3411,"comment_status":"open","ping_status":"closed","template":"","meta":{"_acf_changed":false},"product_cat":[336,338],"product_tag":[],"class_list":{"0":"post-3405","1":"product","2":"type-product","3":"status-publish","4":"has-post-thumbnail","6":"product_cat-san-pham-thu-cong-my-nghe","7":"product_cat-vai-may-mac","9":"first","10":"instock","11":"shipping-taxable","12":"product-type-simple"},"acf":[],"_links":{"self":[{"href":"https:\/\/b2c.fairs.vn\/en\/wp-json\/wp\/v2\/product\/3405","targetHints":{"allow":["GET"]}}],"collection":[{"href":"https:\/\/b2c.fairs.vn\/en\/wp-json\/wp\/v2\/product"}],"about":[{"href":"https:\/\/b2c.fairs.vn\/en\/wp-json\/wp\/v2\/types\/product"}],"replies":[{"embeddable":true,"href":"https:\/\/b2c.fairs.vn\/en\/wp-json\/wp\/v2\/comments?post=3405"}],"version-history":[{"count":0,"href":"https:\/\/b2c.fairs.vn\/en\/wp-json\/wp\/v2\/product\/3405\/revisions"}],"wp:featuredmedia":[{"embeddable":true,"href":"https:\/\/b2c.fairs.vn\/en\/wp-json\/wp\/v2\/media\/3411"}],"wp:attachment":[{"href":"https:\/\/b2c.fairs.vn\/en\/wp-json\/wp\/v2\/media?parent=3405"}],"wp:term":[{"taxonomy":"product_cat","embeddable":true,"href":"https:\/\/b2c.fairs.vn\/en\/wp-json\/wp\/v2\/product_cat?post=3405"},{"taxonomy":"product_tag","embeddable":true,"href":"https:\/\/b2c.fairs.vn\/en\/wp-json\/wp\/v2\/product_tag?post=3405"}],"curies":[{"name":"wp","href":"https:\/\/api.w.org\/{rel}","templated":true}]}}