{"id":3384,"date":"2024-03-20T14:25:28","date_gmt":"2024-03-20T07:25:28","guid":{"rendered":"https:\/\/b2c.fairs.vn\/?post_type=product&#038;p=3384"},"modified":"2024-03-20T14:25:29","modified_gmt":"2024-03-20T07:25:29","slug":"khan-lua-to-tam-cao-cap","status":"publish","type":"product","link":"https:\/\/b2c.fairs.vn\/en\/product\/khan-lua-to-tam-cao-cap\/","title":{"rendered":"Kh\u0103n l\u1ee5a t\u01a1 t\u1eb1m cao c\u1ea5p"},"content":{"rendered":"<p><img fetchpriority=\"high\" decoding=\"async\" class=\"size-medium wp-image-3391 aligncenter\" src=\"http:\/\/b2c.fairs.vn\/wp-content\/uploads\/2024\/03\/1672138772210_603783088_240457406_249539023860802_7575662608494211152_n-225x300.jpg\" alt=\"\" width=\"225\" height=\"300\" srcset=\"https:\/\/b2c.fairs.vn\/wp-content\/uploads\/2024\/03\/1672138772210_603783088_240457406_249539023860802_7575662608494211152_n-225x300.jpg 225w, https:\/\/b2c.fairs.vn\/wp-content\/uploads\/2024\/03\/1672138772210_603783088_240457406_249539023860802_7575662608494211152_n-768x1024.jpg 768w, https:\/\/b2c.fairs.vn\/wp-content\/uploads\/2024\/03\/1672138772210_603783088_240457406_249539023860802_7575662608494211152_n-1152x1536.jpg 1152w, https:\/\/b2c.fairs.vn\/wp-content\/uploads\/2024\/03\/1672138772210_603783088_240457406_249539023860802_7575662608494211152_n-1320x1760.jpg 1320w, https:\/\/b2c.fairs.vn\/wp-content\/uploads\/2024\/03\/1672138772210_603783088_240457406_249539023860802_7575662608494211152_n-1200x1600.jpg 1200w, https:\/\/b2c.fairs.vn\/wp-content\/uploads\/2024\/03\/1672138772210_603783088_240457406_249539023860802_7575662608494211152_n-150x200.jpg 150w, https:\/\/b2c.fairs.vn\/wp-content\/uploads\/2024\/03\/1672138772210_603783088_240457406_249539023860802_7575662608494211152_n.jpg 1536w\" sizes=\"(max-width: 225px) 100vw, 225px\" \/> <img decoding=\"async\" class=\"size-medium wp-image-3392 aligncenter\" src=\"http:\/\/b2c.fairs.vn\/wp-content\/uploads\/2024\/03\/1672138772215_59962777_240593377_249539383860766_7720939288886516516_n-1-225x300.jpg\" alt=\"\" width=\"225\" height=\"300\" srcset=\"https:\/\/b2c.fairs.vn\/wp-content\/uploads\/2024\/03\/1672138772215_59962777_240593377_249539383860766_7720939288886516516_n-1-225x300.jpg 225w, https:\/\/b2c.fairs.vn\/wp-content\/uploads\/2024\/03\/1672138772215_59962777_240593377_249539383860766_7720939288886516516_n-1-150x200.jpg 150w, https:\/\/b2c.fairs.vn\/wp-content\/uploads\/2024\/03\/1672138772215_59962777_240593377_249539383860766_7720939288886516516_n-1.jpg 450w\" sizes=\"(max-width: 225px) 100vw, 225px\" \/> <img decoding=\"async\" class=\"size-medium wp-image-3393 aligncenter\" src=\"http:\/\/b2c.fairs.vn\/wp-content\/uploads\/2024\/03\/1672138772216_134043302_240672719_249538290527542_4813891795965387014_n-225x300.jpg\" alt=\"\" width=\"225\" height=\"300\" srcset=\"https:\/\/b2c.fairs.vn\/wp-content\/uploads\/2024\/03\/1672138772216_134043302_240672719_249538290527542_4813891795965387014_n-225x300.jpg 225w, https:\/\/b2c.fairs.vn\/wp-content\/uploads\/2024\/03\/1672138772216_134043302_240672719_249538290527542_4813891795965387014_n-768x1024.jpg 768w, https:\/\/b2c.fairs.vn\/wp-content\/uploads\/2024\/03\/1672138772216_134043302_240672719_249538290527542_4813891795965387014_n-1152x1536.jpg 1152w, https:\/\/b2c.fairs.vn\/wp-content\/uploads\/2024\/03\/1672138772216_134043302_240672719_249538290527542_4813891795965387014_n-1320x1760.jpg 1320w, https:\/\/b2c.fairs.vn\/wp-content\/uploads\/2024\/03\/1672138772216_134043302_240672719_249538290527542_4813891795965387014_n-1200x1600.jpg 1200w, https:\/\/b2c.fairs.vn\/wp-content\/uploads\/2024\/03\/1672138772216_134043302_240672719_249538290527542_4813891795965387014_n-150x200.jpg 150w, https:\/\/b2c.fairs.vn\/wp-content\/uploads\/2024\/03\/1672138772216_134043302_240672719_249538290527542_4813891795965387014_n.jpg 1536w\" sizes=\"(max-width: 225px) 100vw, 225px\" \/><\/p>\n<div>\n<div>\n<div>\n<div class=\"flex items-center my-3\"><span class=\"flex\"><img loading=\"lazy\" decoding=\"async\" class=\"rounded-sm w-100px h-100px m-1 cursor-pointer aligncenter\" title=\"Kh\u0103n l\u1ee5a t\u01a1 t\u1eb1m cao c\u1ea5p\" src=\"https:\/\/a.fairs.vn\/image\/1672138772225_538064331_244678618_249538740527497_6897746067980840448_n.jpg\" srcset=\"https:\/\/a.fairs.vn\/image\/1672138772225_538064331_244678618_249538740527497_6897746067980840448_n.jpg 1x, https:\/\/a.fairs.vn\/image\/1672138772225_538064331_244678618_249538740527497_6897746067980840448_n.jpg 2x\" alt=\"Kh\u0103n l\u1ee5a t\u01a1 t\u1eb1m cao c\u1ea5p\" width=\"100\" height=\"100\" data-nuxt-img=\"\" \/><img loading=\"lazy\" decoding=\"async\" class=\"rounded-sm w-100px h-100px m-1 cursor-pointer aligncenter\" title=\"Kh\u0103n l\u1ee5a t\u01a1 t\u1eb1m cao c\u1ea5p\" src=\"https:\/\/a.fairs.vn\/image\/1672138772228_360080450_244758094_249539893860715_5168449523515093619_n.jpg\" srcset=\"https:\/\/a.fairs.vn\/image\/1672138772228_360080450_244758094_249539893860715_5168449523515093619_n.jpg 1x, https:\/\/a.fairs.vn\/image\/1672138772228_360080450_244758094_249539893860715_5168449523515093619_n.jpg 2x\" alt=\"Kh\u0103n l\u1ee5a t\u01a1 t\u1eb1m cao c\u1ea5p\" width=\"100\" height=\"100\" data-nuxt-img=\"\" \/><img loading=\"lazy\" decoding=\"async\" class=\"rounded-sm w-100px h-100px m-1 cursor-pointer aligncenter\" title=\"Kh\u0103n l\u1ee5a t\u01a1 t\u1eb1m cao c\u1ea5p\" src=\"https:\/\/a.fairs.vn\/image\/1672138772231_935261515_240593097_249534913861213_6292062407495737070_n.jpg\" srcset=\"https:\/\/a.fairs.vn\/image\/1672138772231_935261515_240593097_249534913861213_6292062407495737070_n.jpg 1x, https:\/\/a.fairs.vn\/image\/1672138772231_935261515_240593097_249534913861213_6292062407495737070_n.jpg 2x\" alt=\"Kh\u0103n l\u1ee5a t\u01a1 t\u1eb1m cao c\u1ea5p\" width=\"100\" height=\"100\" data-nuxt-img=\"\" \/><\/span><\/div>\n<\/div>\n<\/div>\n<\/div>\n<div class=\"flex flex-col px-10\"><\/div>\n<p>Kh\u0103n l\u1ee5a v\u1ed1n \u0111\u01b0\u1ee3c coi l\u00e0 d\u00f2ng kh\u0103n kinh \u0111i\u1ec3n, kh\u00f4ng bao gi\u1edd b\u1ecb l\u1ed7i m\u1ed1t, ph\u00f9 h\u1ee3p v\u1edbi nhi\u1ec1u ho\u00e0n c\u1ea3nh v\u00e0 m\u1ee5c \u0111\u00edch s\u1eed d\u1ee5ng. B\u1ea1n c\u00f3 th\u1ec3 d\u00f9ng l\u00e0m kh\u0103n cho\u00e0ng c\u00f9ng \u0111\u1ea7m li\u1ec1n th\u00e2n hay \u00e1o d\u00e0i truy\u1ec1n th\u1ed1ng duy\u00ean d\u00e1ng \u0111i ti\u1ec7c, c\u0169ng c\u00f3 th\u1ec3 qu\u00e0ng nh\u1eb9 gi\u1eef \u1ea5m khi \u0111i d\u1ea1o ph\u1ed1, ho\u1eb7c k\u1ebft h\u1ee3p c\u00f9ng trang ph\u1ee5c \u0111\u1ebfn c\u00f4ng s\u1edf.<\/p>\n<p>Pha tr\u1ed9n h\u00e0i h\u00f2a gi\u1eefa s\u1ef1 nh\u1eb9 nh\u00e0ng c\u1ee7a m\u00e0u xanh d\u01b0\u01a1ng v\u00e0 s\u1ef1 m\u1ea1nh m\u1ebd, tr\u00e0n \u0111\u1ea7y n\u0103ng l\u01b0\u1ee3ng c\u1ee7a m\u00e0u \u0111\u1ecf, m\u00e0u t\u00edm (hay Violet) l\u00e0 m\u00e0u th\u1ec3 hi\u1ec7n s\u1ef1 qu\u00fd ph\u00e1i, b\u00ed \u1ea9n v\u00e0 \u0111\u1ea7y v\u1ebb tao nh\u00e3. T\u00edm c\u0169ng l\u00e0 gam m\u00e0u quy\u1ebfn r\u0169 bi\u1ec3u tr\u01b0ng cho m\u1ed9t t\u00ecnh y\u00eau n\u1ed3ng ch\u00e1y, mang \u00fd ngh\u0129a c\u1ee7a s\u1ef1 \u0111\u1ee3i ch\u1edd, s\u1eaft son chung th\u1ee7y trong t\u00ecnh y\u00eau.<\/p>\n<p>Kh\u0103n l\u1ee5a t\u01a1 t\u1eb1m cao c\u1ea5p H\u00e0 Ho\u1ea1t Silk l\u00e0 d\u00f2ng s\u1ea3n ph\u1ea9m 100% t\u1eeb l\u1ee5a t\u01a1 t\u1eb1m Nha X\u00e1 n\u01a1i \u0111\u01b0\u1ee3c phong l\u00e0 \u201c\u00c1 h\u1eadu\u201d trong ngh\u1ec1 d\u1ec7t v\u1edbi truy\u1ec1n th\u1ed1ng ng\u00f3t ngh\u00ecn n\u0103m. Nh\u1eefng s\u00fac t\u01a1 l\u1ee5a Nha X\u00e1 \u0111\u01b0\u1ee3c d\u1ec7t v\u00e0 nhu\u1ed9m b\u1eb1ng ph\u01b0\u01a1ng ph\u00e1p truy\u1ec1n th\u1ed1ng t\u1eeb b\u00e0n tay kh\u00e9o l\u00e9o c\u1ee7a c\u00e1c ngh\u1ec7 nh\u00e2n l\u00e2u n\u0103m gi\u00e0u kinh nghi\u1ec7m n\u1ed5i danh n\u00f5n b\u00f3ng, m\u01b0\u1ee3t m\u00e0, b\u1ec1n v\u00e0 \u0111\u1eb9p, l\u00e0 tinh hoa th\u1ee7 c\u00f4ng truy\u1ec1n th\u1ed1ng khi\u1ebfn du kh\u00e1ch xa g\u1ea7n \u0111\u1ec1u say \u0111\u1eafm.<\/p>\n<ul>\n<li>Th\u01b0\u01a1ng hi\u1ec7u: H\u00e0 Ho\u1ea1t Silk<\/li>\n<li>K\u00edch th\u01b0\u1edbc: 1800*900mm<\/li>\n<li>K\u1ef9 thu\u1eadt d\u1ec7t l\u00e0ng ngh\u1ec1 truy\u1ec1n th\u1ed1ng<\/li>\n<li>\u0110\u00f3ng g\u00f3i: H\u1ed9p, T\u00fai x\u00e1ch v\u00e0 T\u1edd b\u01b0\u1edbm<\/li>\n<li>Nhu\u1ed9m m\u00e0u nguy\u00ean li\u1ec7u ho\u00e0n to\u00e0n thi\u00ean nhi\u00ean<\/li>\n<li>Ch\u1ea5t li\u1ec7u: 100%\u00a0L\u1ee5a T\u01a1 T\u1eb1m cao c\u1ea5p Nha X\u00e1, H\u00e0 Nam<\/li>\n<\/ul>\n<p>\u0110\u1eb6C \u0110I\u1ec2M N\u1ed4I B\u1eacT C\u1ee6A KH\u0102N L\u1ee4A T\u01a0 T\u1eb0M<\/p>\n<p>\u2013 H\u00e0 Ho\u1ea1t Silk nh\u1eadn v\u1ebd theo y\u00eau c\u1ea7u ri\u00eang c\u1ee7a b\u1ea1n nha<\/p>\n<p>\u2013 H\u1ecda ti\u1ebft v\u1ebd tinh t\u1ebf, m\u00e0u v\u1ebd cao c\u1ea5p nh\u1eadp kh\u1ea9u kh\u00f4ng phai m\u00e0u<\/p>\n<p>\u2013 Ch\u1ea5t li\u1ec7u 100% l\u1ee5a t\u01a1 t\u1eb1m Nha X\u00e1 (H\u00e0 Nam), m\u1ec1m m\u1ea1i, th\u1ea5m h\u00fat m\u1ed3 h\u00f4i t\u1ed1t<\/p>\n<p>\u2013 Kh\u0103n \u0111\u01b0\u1ee3c nhu\u1ed9m m\u00e0u b\u1eb1ng nguy\u00ean li\u1ec7u t\u1ef1 nhi\u00ean c\u1ecf c\u00e2y, hoa l\u00e1 r\u1ea5t an to\u00e0n cho s\u1ee9c kh\u1ecfe<\/p>","protected":false},"excerpt":{"rendered":"<p>Kh\u0103n l\u1ee5a v\u1ed1n \u0111\u01b0\u1ee3c coi l\u00e0 d\u00f2ng kh\u0103n kinh \u0111i\u1ec3n, kh\u00f4ng bao gi\u1edd b\u1ecb l\u1ed7i m\u1ed1t, ph\u00f9 h\u1ee3p v\u1edbi nhi\u1ec1u<\/p>","protected":false},"featured_media":3388,"comment_status":"open","ping_status":"closed","template":"","meta":{"_acf_changed":false},"product_cat":[336,338],"product_tag":[],"class_list":{"0":"post-3384","1":"product","2":"type-product","3":"status-publish","4":"has-post-thumbnail","6":"product_cat-san-pham-thu-cong-my-nghe","7":"product_cat-vai-may-mac","9":"first","10":"instock","11":"shipping-taxable","12":"product-type-simple"},"acf":[],"_links":{"self":[{"href":"https:\/\/b2c.fairs.vn\/en\/wp-json\/wp\/v2\/product\/3384","targetHints":{"allow":["GET"]}}],"collection":[{"href":"https:\/\/b2c.fairs.vn\/en\/wp-json\/wp\/v2\/product"}],"about":[{"href":"https:\/\/b2c.fairs.vn\/en\/wp-json\/wp\/v2\/types\/product"}],"replies":[{"embeddable":true,"href":"https:\/\/b2c.fairs.vn\/en\/wp-json\/wp\/v2\/comments?post=3384"}],"version-history":[{"count":0,"href":"https:\/\/b2c.fairs.vn\/en\/wp-json\/wp\/v2\/product\/3384\/revisions"}],"wp:featuredmedia":[{"embeddable":true,"href":"https:\/\/b2c.fairs.vn\/en\/wp-json\/wp\/v2\/media\/3388"}],"wp:attachment":[{"href":"https:\/\/b2c.fairs.vn\/en\/wp-json\/wp\/v2\/media?parent=3384"}],"wp:term":[{"taxonomy":"product_cat","embeddable":true,"href":"https:\/\/b2c.fairs.vn\/en\/wp-json\/wp\/v2\/product_cat?post=3384"},{"taxonomy":"product_tag","embeddable":true,"href":"https:\/\/b2c.fairs.vn\/en\/wp-json\/wp\/v2\/product_tag?post=3384"}],"curies":[{"name":"wp","href":"https:\/\/api.w.org\/{rel}","templated":true}]}}