{"id":3373,"date":"2024-03-20T14:22:27","date_gmt":"2024-03-20T07:22:27","guid":{"rendered":"https:\/\/b2c.fairs.vn\/?post_type=product&#038;p=3373"},"modified":"2024-03-20T14:22:28","modified_gmt":"2024-03-20T07:22:28","slug":"vai-gam-hoa","status":"publish","type":"product","link":"https:\/\/b2c.fairs.vn\/en\/product\/vai-gam-hoa\/","title":{"rendered":"V\u1ea3i G\u1ea5m Hoa"},"content":{"rendered":"<div>\n<div>\n<div>\n<div class=\"flex items-center my-3\"><span class=\"flex\"><img decoding=\"async\" class=\"rounded-sm w-100px h-100px m-1 cursor-pointer aligncenter\" title=\"V\u1ea3i G\u1ea5m Hoa\" src=\"https:\/\/a.fairs.vn\/image\/1672138597849_805676168_277757090_375852887896081_5917574081453452048_n.jpg\" srcset=\"https:\/\/a.fairs.vn\/image\/1672138597849_805676168_277757090_375852887896081_5917574081453452048_n.jpg 1x, https:\/\/a.fairs.vn\/image\/1672138597849_805676168_277757090_375852887896081_5917574081453452048_n.jpg 2x\" alt=\"V\u1ea3i G\u1ea5m Hoa\" width=\"100\" height=\"100\" data-nuxt-img=\"\" \/><img decoding=\"async\" class=\"rounded-sm w-100px h-100px m-1 cursor-pointer aligncenter\" title=\"V\u1ea3i G\u1ea5m Hoa\" src=\"https:\/\/a.fairs.vn\/image\/1672138597856_778644224_277765026_375852984562738_6118128784364171448_n.jpg\" srcset=\"https:\/\/a.fairs.vn\/image\/1672138597856_778644224_277765026_375852984562738_6118128784364171448_n.jpg 1x, https:\/\/a.fairs.vn\/image\/1672138597856_778644224_277765026_375852984562738_6118128784364171448_n.jpg 2x\" alt=\"V\u1ea3i G\u1ea5m Hoa\" width=\"100\" height=\"100\" data-nuxt-img=\"\" \/><img decoding=\"async\" class=\"rounded-sm w-100px h-100px m-1 cursor-pointer border-solid border-1 border-red-500 aligncenter\" title=\"V\u1ea3i G\u1ea5m Hoa\" src=\"https:\/\/a.fairs.vn\/image\/1672138597864_274452842_277782809_375852697896100_4894333156016502718_n.jpg\" srcset=\"https:\/\/a.fairs.vn\/image\/1672138597864_274452842_277782809_375852697896100_4894333156016502718_n.jpg 1x, https:\/\/a.fairs.vn\/image\/1672138597864_274452842_277782809_375852697896100_4894333156016502718_n.jpg 2x\" alt=\"V\u1ea3i G\u1ea5m Hoa\" width=\"100\" height=\"100\" data-nuxt-img=\"\" \/><\/span><\/div>\n<\/div>\n<\/div>\n<\/div>\n<div class=\"flex flex-col px-10\">\n<h2 class=\"my-1 font-bold text-2xl\">V\u1ea3i G\u1ea5m Hoa<\/h2>\n<\/div>\n<h2 class=\"my-1 font-bold text-2xl\">V\u1ea3i G\u1ea5m Hoa l\u00e0 s\u1ef1 giao thoa gi\u1eefa hi\u1ec7n \u0111\u1ea1i v\u00e0 truy\u1ec1n th\u1ed1ng. N\u00f3 v\u1eeba c\u00f3 h\u01a1i h\u01b0\u1edbng c\u1ed5 \u0111i\u1ec3n l\u1ea1i \u1ea9n ch\u1ee9a nh\u1eefng n\u00e9t \u0111\u1eb9p sang tr\u1ecdng hi\u1ec7n \u0111\u1ea1i v\u1eeba gi\u00fap c\u00e1c s\u1ea3n ph\u1ea9m t\u1eeb ch\u1ea5t li\u1ec7u n\u00e0y \u0111\u1ec1u c\u00f3 s\u1ee9c h\u00fat kh\u00f3 c\u01b0\u1ee1ng. \u0110\u1eb7c tr\u01b0ng c\u1ee7a v\u1ea3i G\u1ea5m Hoa l\u00e0 c\u00e1c h\u00ecnh hoa v\u0103n \u0111\u01b0\u1ee3c d\u1ec7t tr\u1ef1c ti\u1ebfp v\u00e0o s\u1ee3i v\u1ea3i l\u00ean b\u1ec1 m\u1eb7t. D\u1ec7t Jacquard gi\u00fap b\u1ec1 m\u1eb7t v\u1ea3i c\u00f3 c\u00e1c h\u1ecda ti\u1ebft trang tr\u00ed sinh \u0111\u1ed9ng. V\u1edbi m\u1eb7t ph\u1ea3i hi\u1ec3n th\u1ecb r\u00f5 n\u00e9t, m\u1eb7t tr\u00e1i th\u00ec m\u1edd h\u01a1n, c\u00f3 \u0111\u1ed9 co gi\u00e3n nh\u1eb9. Th\u00edch h\u1ee3p may: \u00e1o d\u00e0i, \u00e1o b\u00e0 ba, v\u00e1y , jumsiut&#8230;<\/h2>","protected":false},"excerpt":{"rendered":"<p>V\u1ea3i G\u1ea5m Hoa V\u1ea3i G\u1ea5m Hoa l\u00e0 s\u1ef1 giao thoa gi\u1eefa hi\u1ec7n \u0111\u1ea1i v\u00e0 truy\u1ec1n th\u1ed1ng. N\u00f3 v\u1eeba c\u00f3 h\u01a1i<\/p>","protected":false},"featured_media":3380,"comment_status":"open","ping_status":"closed","template":"","meta":{"_acf_changed":false},"product_cat":[336,338],"product_tag":[],"class_list":{"0":"post-3373","1":"product","2":"type-product","3":"status-publish","4":"has-post-thumbnail","6":"product_cat-san-pham-thu-cong-my-nghe","7":"product_cat-vai-may-mac","9":"first","10":"instock","11":"shipping-taxable","12":"product-type-simple"},"acf":[],"_links":{"self":[{"href":"https:\/\/b2c.fairs.vn\/en\/wp-json\/wp\/v2\/product\/3373","targetHints":{"allow":["GET"]}}],"collection":[{"href":"https:\/\/b2c.fairs.vn\/en\/wp-json\/wp\/v2\/product"}],"about":[{"href":"https:\/\/b2c.fairs.vn\/en\/wp-json\/wp\/v2\/types\/product"}],"replies":[{"embeddable":true,"href":"https:\/\/b2c.fairs.vn\/en\/wp-json\/wp\/v2\/comments?post=3373"}],"version-history":[{"count":0,"href":"https:\/\/b2c.fairs.vn\/en\/wp-json\/wp\/v2\/product\/3373\/revisions"}],"wp:featuredmedia":[{"embeddable":true,"href":"https:\/\/b2c.fairs.vn\/en\/wp-json\/wp\/v2\/media\/3380"}],"wp:attachment":[{"href":"https:\/\/b2c.fairs.vn\/en\/wp-json\/wp\/v2\/media?parent=3373"}],"wp:term":[{"taxonomy":"product_cat","embeddable":true,"href":"https:\/\/b2c.fairs.vn\/en\/wp-json\/wp\/v2\/product_cat?post=3373"},{"taxonomy":"product_tag","embeddable":true,"href":"https:\/\/b2c.fairs.vn\/en\/wp-json\/wp\/v2\/product_tag?post=3373"}],"curies":[{"name":"wp","href":"https:\/\/api.w.org\/{rel}","templated":true}]}}