{"id":3331,"date":"2024-03-20T14:12:25","date_gmt":"2024-03-20T07:12:25","guid":{"rendered":"https:\/\/b2c.fairs.vn\/?post_type=product&#038;p=3331"},"modified":"2024-03-27T16:28:08","modified_gmt":"2024-03-27T09:28:08","slug":"mam-tom-set-cu-nham","status":"publish","type":"product","link":"https:\/\/b2c.fairs.vn\/en\/product\/mam-tom-set-cu-nham\/","title":{"rendered":"M\u1eafm T\u00f4m Gia Truy\u1ec1n C\u1ef1 Nham Thanh H\u00f3a"},"content":{"rendered":"<p>M\u1eafm T\u00f4m Gia Truy\u1ec1n C\u1ef1 Nham Thanh H\u00f3a \u2013 H\u0169 Th\u1ee7y Tinh 280gr<\/p>\n<p>TH\u00d4NG TIN CHI TI\u1ebeT<\/p>\n<p>-S\u1ea3n ph\u1ea9m m\u1eafm t\u00f4m C\u1ef1 Nham \u0111\u01b0\u1ee3c l\u00e0m t\u1eeb t\u00f4m bi\u1ec3n t\u01b0\u01a1i tr\u1ed9n v\u1edbi mu\u1ed1i tinh s\u1ea1ch \u0111\u01b0\u1ee3c \u1ee7 ch\u01b0\u1ee3p trong chum s\u00e0nh. Ngay sau khi \u0111\u01b0\u1ee3c l\u00e0m s\u1ea1ch, t\u00f4m t\u01b0\u01a1i \u0111\u01b0\u1ee3c \u01b0\u1edbp v\u1edbi mu\u1ed1i tinh khi\u1ebft ch\u1ea5t ch\u00e1t v\u1edbi t\u1ec9 l\u1ec7 6:1.<\/p>\n<p>-Sau khi \u0111\u01b0\u1ee3c \u1ee7 t\u1eeb 8 \u2013 12 th\u00e1ng v\u00e0 \u0111\u01b0\u1ee3c ch\u0103m s\u00f3c t\u1ec9 m\u1ec9, s\u1ea3n ph\u1ea9m s\u1ebd l\u00ean men t\u1ef1 nhi\u00ean, \u0111\u1ea1t \u0111\u1ed9 ch\u00edn v\u00e0 c\u00f3 m\u00f9i th\u01a1m nh\u1eb9, v\u1ecb thanh v\u00e0 m\u00e0u sim ch\u00edn<\/p>\n<p>-L\u00e0 s\u1ea3n ph\u1ea9m ho\u00e0n to\u00e0n t\u1ef1 nhi\u00ean, kh\u00f4ng ch\u1ea5t b\u1ea3o qu\u1ea3n, h\u01b0\u01a1ng v\u1ecb \u0111\u1eadm \u0111\u00e0<\/p>\n<p>-H\u00e0m l\u01b0\u1ee3ng \u0111\u1ea1m nit\u01a1 to\u00e0n ph\u1ea7n &gt; 20 (g\/kg) . (\u0110\u1ed9 \u0111\u1ea1m t\u1ef1 nhi\u00ean)<\/p>\n<p>-H\u00e0m l\u01b0\u1ee3ng mu\u1ed1i: 19% mu\u1ed1i tr\u1eafng tinh khi\u1ebft<\/p>\n<p>-H\u00e0m l\u01b0\u1ee3ng \u0111\u1ea1m Acid Amin\/ \u0111\u1ea1m t\u1ed5ng &gt; 40%<\/p>\n<p>-\u0110\u1ed9 \u0111\u1ea1m: 20N<\/p>\n<p>-Quy c\u00e1ch \u0111\u00f3ng g\u00f3i: Chai thu\u1ef7 tinh 280gr<\/p>\n<p>&nbsp;<\/p>\n<p>TH\u00c0NH PH\u1ea6N : T\u00f4m t\u01b0\u01a1i 76%, mu\u1ed1i tinh khi\u1ebft 19%, \u0111\u01b0\u1eddng, t\u1ecfi, \u1edbt 5%<\/p>\n<p>H\u01af\u1edaNG D\u1eaaN S\u1eec D\u1ee4NG: D\u00f9ng l\u00e0m gia v\u1ecb ch\u1ea5m tr\u1ef1c ti\u1ebfp c\u00e1c m\u00f3n \u0103n (rau, c\u1ee7, th\u1ecbt lu\u1ed9c, d\u01b0a c\u00e0 \u0111\u1eadu ph\u1ee5)<\/p>\n<p>C\u00c1CH B\u1ea2O QU\u1ea2N:<\/p>\n<p>\u2013 B\u1ea3o qu\u1ea3n n\u01a1i kh\u00f4 r\u00e1o, tho\u00e1ng m\u00e1t, tr\u00e1nh \u00e1nh n\u1eafng tr\u1ef1c ti\u1ebfp<\/p>\n<p>\u2013 \u0110\u1eady k\u00edn n\u1eafp sau khi s\u1eed d\u1ee5ng<\/p>\n<p>\u2013 M\u00e0u s\u1eafc n\u01b0\u1edbc m\u1eafm c\u00f3 th\u1ec3 \u0111\u1eadm d\u1ea7n theo th\u1eddi gian, \u0111\u00e2y l\u00e0 \u0111\u1eb7c t\u00ednh t\u1ef1 nhi\u00ean, kh\u00f4ng \u1ea3nh h\u01b0\u1edfng t\u1edbi ch\u1ea5t l\u01b0\u1ee3ng s\u1ea3n ph\u1ea9m<\/p>\n<p>H\u1ea0N S\u1eec D\u1ee4NG: 18 th\u00e1ng k\u1ec3 t\u1eeb ng\u00e0y s\u1ea3n xu\u1ea5t<\/p>","protected":false},"excerpt":{"rendered":"<p>M\u1eafm T\u00f4m Gia Truy\u1ec1n C\u1ef1 Nham Thanh H\u00f3a \u2013 H\u0169 Th\u1ee7y Tinh 280gr<\/p>\n<p>TH\u00d4NG TIN CHI TI\u1ebeT<\/p>\n<p>-S\u1ea3n ph\u1ea9m m\u1eafm t\u00f4m C\u1ef1 Nham \u0111\u01b0\u1ee3c l\u00e0m t\u1eeb t\u00f4m bi\u1ec3n t\u01b0\u01a1i tr\u1ed9n v\u1edbi mu\u1ed1i tinh s\u1ea1ch \u0111\u01b0\u1ee3c \u1ee7 ch\u01b0\u1ee3p trong chum s\u00e0nh. Ngay sau khi \u0111\u01b0\u1ee3c l\u00e0m s\u1ea1ch, t\u00f4m t\u01b0\u01a1i \u0111\u01b0\u1ee3c \u01b0\u1edbp v\u1edbi mu\u1ed1i tinh khi\u1ebft ch\u1ea5t ch\u00e1t v\u1edbi t\u1ec9 l\u1ec7 6:1.<\/p>\n<p>-Sau khi \u0111\u01b0\u1ee3c \u1ee7 t\u1eeb 8 \u2013 12 th\u00e1ng v\u00e0 \u0111\u01b0\u1ee3c ch\u0103m s\u00f3c t\u1ec9 m\u1ec9, s\u1ea3n ph\u1ea9m s\u1ebd l\u00ean men t\u1ef1 nhi\u00ean, \u0111\u1ea1t \u0111\u1ed9 ch\u00edn v\u00e0 c\u00f3 m\u00f9i th\u01a1m nh\u1eb9, v\u1ecb thanh v\u00e0 m\u00e0u sim ch\u00edn<\/p>\n<p>-L\u00e0 s\u1ea3n ph\u1ea9m ho\u00e0n to\u00e0n t\u1ef1 nhi\u00ean, kh\u00f4ng ch\u1ea5t b\u1ea3o qu\u1ea3n, h\u01b0\u01a1ng v\u1ecb \u0111\u1eadm \u0111\u00e0<\/p>\n<p>-H\u00e0m l\u01b0\u1ee3ng \u0111\u1ea1m nit\u01a1 to\u00e0n ph\u1ea7n &gt; 20 (g\/kg) . (\u0110\u1ed9 \u0111\u1ea1m t\u1ef1 nhi\u00ean)<\/p>\n<p>-H\u00e0m l\u01b0\u1ee3ng mu\u1ed1i: 19% mu\u1ed1i tr\u1eafng tinh khi\u1ebft<\/p>\n<p>-H\u00e0m l\u01b0\u1ee3ng \u0111\u1ea1m Acid Amin\/ \u0111\u1ea1m t\u1ed5ng &gt; 40%<\/p>\n<p>-\u0110\u1ed9 \u0111\u1ea1m: 20N<\/p>\n<p>-Quy c\u00e1ch \u0111\u00f3ng g\u00f3i: Chai thu\u1ef7 tinh 280gr<\/p>\n<p>&nbsp;<\/p>\n<p>TH\u00c0NH PH\u1ea6N : T\u00f4m t\u01b0\u01a1i 76%, mu\u1ed1i tinh khi\u1ebft 19%, \u0111\u01b0\u1eddng, t\u1ecfi, \u1edbt 5%<\/p>\n<p>H\u01af\u1edaNG D\u1eaaN S\u1eec D\u1ee4NG: D\u00f9ng l\u00e0m gia v\u1ecb ch\u1ea5m tr\u1ef1c ti\u1ebfp c\u00e1c m\u00f3n \u0103n (rau, c\u1ee7, th\u1ecbt lu\u1ed9c, d\u01b0a c\u00e0 \u0111\u1eadu ph\u1ee5)<\/p>\n<p>C\u00c1CH B\u1ea2O QU\u1ea2N:<\/p>\n<p>\u2013 B\u1ea3o qu\u1ea3n n\u01a1i kh\u00f4 r\u00e1o, tho\u00e1ng m\u00e1t, tr\u00e1nh \u00e1nh n\u1eafng tr\u1ef1c ti\u1ebfp<\/p>\n<p>\u2013 \u0110\u1eady k\u00edn n\u1eafp sau khi s\u1eed d\u1ee5ng<\/p>\n<p>\u2013 M\u00e0u s\u1eafc n\u01b0\u1edbc m\u1eafm c\u00f3 th\u1ec3 \u0111\u1eadm d\u1ea7n theo th\u1eddi gian, \u0111\u00e2y l\u00e0 \u0111\u1eb7c t\u00ednh t\u1ef1 nhi\u00ean, kh\u00f4ng \u1ea3nh h\u01b0\u1edfng t\u1edbi ch\u1ea5t l\u01b0\u1ee3ng s\u1ea3n ph\u1ea9m<\/p>\n<p>H\u1ea0N S\u1eec D\u1ee4NG: 18 th\u00e1ng k\u1ec3 t\u1eeb ng\u00e0y s\u1ea3n xu\u1ea5t<\/p>","protected":false},"featured_media":10548,"comment_status":"open","ping_status":"closed","template":"","meta":{"_acf_changed":false},"product_cat":[318,319],"product_tag":[],"class_list":{"0":"post-3331","1":"product","2":"type-product","3":"status-publish","4":"has-post-thumbnail","6":"product_cat-gia-vi","7":"product_cat-tuong-nuoc-mam-gia-vi-dang-long-khac","9":"first","10":"instock","11":"shipping-taxable","12":"purchasable","13":"product-type-simple"},"acf":[],"_links":{"self":[{"href":"https:\/\/b2c.fairs.vn\/en\/wp-json\/wp\/v2\/product\/3331","targetHints":{"allow":["GET"]}}],"collection":[{"href":"https:\/\/b2c.fairs.vn\/en\/wp-json\/wp\/v2\/product"}],"about":[{"href":"https:\/\/b2c.fairs.vn\/en\/wp-json\/wp\/v2\/types\/product"}],"replies":[{"embeddable":true,"href":"https:\/\/b2c.fairs.vn\/en\/wp-json\/wp\/v2\/comments?post=3331"}],"version-history":[{"count":0,"href":"https:\/\/b2c.fairs.vn\/en\/wp-json\/wp\/v2\/product\/3331\/revisions"}],"wp:featuredmedia":[{"embeddable":true,"href":"https:\/\/b2c.fairs.vn\/en\/wp-json\/wp\/v2\/media\/10548"}],"wp:attachment":[{"href":"https:\/\/b2c.fairs.vn\/en\/wp-json\/wp\/v2\/media?parent=3331"}],"wp:term":[{"taxonomy":"product_cat","embeddable":true,"href":"https:\/\/b2c.fairs.vn\/en\/wp-json\/wp\/v2\/product_cat?post=3331"},{"taxonomy":"product_tag","embeddable":true,"href":"https:\/\/b2c.fairs.vn\/en\/wp-json\/wp\/v2\/product_tag?post=3331"}],"curies":[{"name":"wp","href":"https:\/\/api.w.org\/{rel}","templated":true}]}}