{"id":3310,"date":"2024-03-20T14:09:09","date_gmt":"2024-03-20T07:09:09","guid":{"rendered":"https:\/\/b2c.fairs.vn\/?post_type=product&#038;p=3310"},"modified":"2024-03-27T16:34:46","modified_gmt":"2024-03-27T09:34:46","slug":"nuoc-mam-chat-ca-com-cu-nham","status":"publish","type":"product","link":"https:\/\/b2c.fairs.vn\/en\/product\/nuoc-mam-chat-ca-com-cu-nham\/","title":{"rendered":"N\u01b0\u1edbc M\u1eafm C\u1ed1t Truy\u1ec1n Th\u1ed1ng C\u1ef1 Nham Thanh H\u00f3a \u0110\u1ed9 \u0110\u1ea1m Cao Chai Th\u1ee7y Tinh 250ML"},"content":{"rendered":"<p>N\u01b0\u1edbc M\u1eafm C\u1ed1t Truy\u1ec1n Th\u1ed1ng C\u1ef1 Nham Thanh H\u00f3a \u2013 \u0110\u1ed9 \u0110\u1ea1m Cao \u2013 S\u00e1nh \u0110\u1eb7c Th\u1ecbt C\u00e1 Chai Th\u1ee7y Tinh 250ML \u2013 N\u01b0\u1edbc M\u1eafm Truy\u1ec1n Th\u1ed1ng C\u1ef1 Nham<\/p>\n<p>TH\u00d4NG TIN CHI TI\u1ebeT N\u01b0\u1edbc M\u1eafm C\u1ed1t Truy\u1ec1n Th\u1ed1ng C\u1ef1 Nham Thanh H\u00f3a Chai Th\u1ee7y Tinh 250ML \u2013 N\u01b0\u1edbc M\u1eafm Truy\u1ec1n Th\u1ed1ng C\u1ef1 Nham<\/p>\n<p>\u2013 \u0110\u01b0\u1ee3c t\u1ea1o ra t\u1eeb 100% n\u01b0\u1edbc c\u1ed1t c\u00e1 c\u01a1m \u0111\u01b0\u1ee3c \u01b0\u1edbp mu\u1ed1i tinh khi\u1ebft theo t\u1ec9 l\u1ec7 4:1<\/p>\n<p>\u2013 \u1ee6 ch\u01b0\u1ee3p r\u00f2ng r\u00e3 18 th\u00e1ng v\u00e0 \u0111\u01b0\u1ee3c ch\u0103m s\u00f3c t\u1ec9 m\u1ec9 ho\u00e0n to\u00e0n v\u00e0o ph\u01b0\u01a1ng ph\u00e1p t\u1ef1 nhi\u00ean v\u00e0 ngu\u1ed3n nguy\u00ean li\u1ec7u ch\u1ea5t l\u01b0\u1ee3ng. \u2013 N\u01b0\u1edbc m\u1eafm truy\u1ec1n th\u1ed1ng C\u1ef1 Nham c\u00f3 v\u1ecb th\u01a1m tinh khi\u1ebft, m\u00e0u c\u00e1nh gi\u00e1n n\u00e2u \u0111\u1ecf. trong v\u00e0 \u0111\u1ed9 s\u00e1nh c\u00f3 th\u1ec3 nh\u00ecn \u0111\u01b0\u1ee3c b\u1eb1ng m\u1eaft th\u01b0\u1eddng. \u2013 H\u01b0\u01a1ng v\u1ecb \u0111\u1eadm \u0111\u00e0 v\u00e0 h\u01b0\u01a1ng th\u01a1m \u0111\u1eb7c tr\u01b0ng t\u1eeb c\u00e1 gi\u00fap m\u00f3n \u0103n tr\u1edf n\u00ean th\u01a1m ngon, tr\u00f2n v\u1ecb.<\/p>\n<p>\u2013 N\u01b0\u1edbc m\u1eafm truy\u1ec1n th\u1ed1ng C\u1ef1 Nham \u0111\u1eb7c bi\u1ec7t v\u1ecb th\u01a1m, thanh d\u1ecbu.<\/p>\n<p>\u2013 S\u1ea3n ph\u1ea9m ch\u1ea5t l\u01b0\u1ee3ng c\u1ee7a C\u00f4ng ty C\u1ed5 ph\u1ea7n N\u01b0\u1edbc M\u1eafm C\u1ef1 Nham.<\/p>\n<p>\u2013 An to\u00e0n cho s\u1ee9c kh\u1ecfe v\u1edbi 3 KH\u00d4NG: Kh\u00f4ng ch\u1ea5t b\u1ea3o qu\u1ea3n, kh\u00f4ng m\u00e0u t\u1ed5ng h\u1ee3p v\u00e0 kh\u00f4ng ch\u1ea5t ng\u1ecdt nh\u00e2n t\u1ea1o.<\/p>\n<p>TH\u00c0NH PH\u1ea6N: N\u01b0\u1edbc M\u1eafm C\u1ed1t Truy\u1ec1n Th\u1ed1ng C\u1ef1 Nham Thanh H\u00f3a \u2013 \u0110\u1ed9 \u0110\u1ea1m Cao \u2013 S\u00e1nh \u0110\u1eb7c Th\u1ecbt C\u00e1 Chai Th\u1ee7y Tinh 250ML \u2013 N\u01b0\u1edbc M\u1eafm Truy\u1ec1n Th\u1ed1ng C\u1ef1 Nham<\/p>\n<p>\u2013 C\u00e1 c\u01a1m t\u01b0\u01a1i<\/p>\n<p>-N\u01b0\u1edbc m\u1eafm c\u1ed1t<\/p>\n<p>\u2013 Mu\u1ed1i<\/p>\n<p>\u2013 C\u00e1c ch\u1ea5t kho\u00e1ng<\/p>\n<p>\u2013 Vitamin c\u1ea7n thi\u1ebft cho c\u01a1 th\u1ec3<\/p>\n<p>H\u01af\u1edaNG D\u1eaaN S\u1eec D\u1ee4NG: S\u1eed d\u1ee5ng trong c\u00e1c b\u1eefa \u0103n h\u00e0ng ng\u00e0y, d\u00f9ng \u0111\u1ec3 ch\u1ea5m ho\u1eb7c n\u00eam n\u1ebfm c\u00e1c m\u00f3n \u01b0\u1edbp, n\u1ea5u, chi\u00ean, x\u00e0o<\/p>\n<p>C\u00c1CH B\u1ea2O QU\u1ea2N:<\/p>\n<p>\u2013 B\u1ea3o qu\u1ea3n n\u01a1i kh\u00f4 r\u00e1o, tho\u00e1ng m\u00e1t, tr\u00e1nh \u00e1nh n\u1eafng tr\u1ef1c ti\u1ebfp.<\/p>\n<p>\u2013 \u0102n s\u1ed1ng ho\u1eb7c n\u00eam n\u1ebfm m\u00f3n \u0103n, \u0111\u1eady n\u1eafp k\u00edn sau khi s\u1eed d\u1ee5ng.<\/p>\n<p>\u2013 N\u01b0\u1edbc m\u1eafm chu\u1ea9n truy\u1ec1n th\u1ed1ng n\u00ean khi \u0111\u1ec3 l\u00e2u n\u01b0\u1edbc m\u1eafm s\u1ebd s\u1eadm m\u00e0u v\u00e0 m\u00f9i c\u00e1 c\u01a1m ch\u00edn t\u1ef1 nhi\u00ean s\u1ebd kh\u00f4ng c\u00f2n nh\u01b0 ban \u0111\u1ea7u n\u1eefa.<\/p>\n<p>-Th\u1ec3 t\u00edch: 250ML.<\/p>\n<p>\u2013 Quy c\u00e1ch \u0111\u00f3ng g\u00f3i: H\u1ed9p 1 chai. H\u1ea0N S\u1eec D\u1ee4NG:<\/p>\n<p>\u2013 24 th\u00e1ng k\u1ec3 t\u1eeb ng\u00e0y s\u1ea3n xu\u1ea5t, sau khi \u0111\u00e3 m\u1edf n\u1eafp th\u00ec n\u00ean s\u1eed d\u1ee5ng trong v\u00f2ng 3 th\u00e1ng \u0111\u1ec3 \u0111\u1ea3m b\u1ea3o nguy\u00ean v\u1eb9n h\u01b0\u01a1ng v\u1ecb.<\/p>\n<p>-N\u01b0\u1edbc M\u1eafm C\u1ed1t Truy\u1ec1n Th\u1ed1ng C\u1ef1 Nham Thanh H\u00f3a<\/p>\n<p>\u2013 \u0110\u1ed9 \u0110\u1ea1m Cao<\/p>\n<p>\u2013 S\u00e1nh \u0110\u1eb7c Th\u1ecbt C\u00e1 Chai Th\u1ee7y Tinh 250ML<\/p>\n<p>\u2013 N\u01b0\u1edbc M\u1eafm C\u1ed1t C\u00e1 C\u01a1m C\u1ef1 Nham<\/p>","protected":false},"excerpt":{"rendered":"<p>N\u01b0\u1edbc M\u1eafm C\u1ed1t Truy\u1ec1n Th\u1ed1ng C\u1ef1 Nham Thanh H\u00f3a \u2013 \u0110\u1ed9 \u0110\u1ea1m Cao \u2013 S\u00e1nh \u0110\u1eb7c Th\u1ecbt C\u00e1 Chai Th\u1ee7y Tinh 250ML \u2013 N\u01b0\u1edbc M\u1eafm Truy\u1ec1n Th\u1ed1ng C\u1ef1 Nham<\/p>\n<p>TH\u00d4NG TIN CHI TI\u1ebeT N\u01b0\u1edbc M\u1eafm C\u1ed1t Truy\u1ec1n Th\u1ed1ng C\u1ef1 Nham Thanh H\u00f3a Chai Th\u1ee7y Tinh 250ML \u2013 N\u01b0\u1edbc M\u1eafm Truy\u1ec1n Th\u1ed1ng C\u1ef1 Nham<\/p>\n<p>\u2013 \u0110\u01b0\u1ee3c t\u1ea1o ra t\u1eeb 100% n\u01b0\u1edbc c\u1ed1t c\u00e1 c\u01a1m \u0111\u01b0\u1ee3c \u01b0\u1edbp mu\u1ed1i tinh khi\u1ebft theo t\u1ec9 l\u1ec7 4:1<\/p>\n<p>\u2013 \u1ee6 ch\u01b0\u1ee3p r\u00f2ng r\u00e3 18 th\u00e1ng v\u00e0 \u0111\u01b0\u1ee3c ch\u0103m s\u00f3c t\u1ec9 m\u1ec9 ho\u00e0n to\u00e0n v\u00e0o ph\u01b0\u01a1ng ph\u00e1p t\u1ef1 nhi\u00ean v\u00e0 ngu\u1ed3n nguy\u00ean li\u1ec7u ch\u1ea5t l\u01b0\u1ee3ng. \u2013 N\u01b0\u1edbc m\u1eafm truy\u1ec1n th\u1ed1ng C\u1ef1 Nham c\u00f3 v\u1ecb th\u01a1m tinh khi\u1ebft, m\u00e0u c\u00e1nh gi\u00e1n n\u00e2u \u0111\u1ecf. trong v\u00e0 \u0111\u1ed9 s\u00e1nh c\u00f3 th\u1ec3 nh\u00ecn \u0111\u01b0\u1ee3c b\u1eb1ng m\u1eaft th\u01b0\u1eddng. \u2013 H\u01b0\u01a1ng v\u1ecb \u0111\u1eadm \u0111\u00e0 v\u00e0 h\u01b0\u01a1ng th\u01a1m \u0111\u1eb7c tr\u01b0ng t\u1eeb c\u00e1 gi\u00fap m\u00f3n \u0103n tr\u1edf n\u00ean th\u01a1m ngon, tr\u00f2n v\u1ecb.<\/p>\n<p>\u2013 N\u01b0\u1edbc m\u1eafm truy\u1ec1n th\u1ed1ng C\u1ef1 Nham \u0111\u1eb7c bi\u1ec7t v\u1ecb th\u01a1m, thanh d\u1ecbu.<\/p>\n<p>\u2013 S\u1ea3n ph\u1ea9m ch\u1ea5t l\u01b0\u1ee3ng c\u1ee7a C\u00f4ng ty C\u1ed5 ph\u1ea7n N\u01b0\u1edbc M\u1eafm C\u1ef1 Nham.<\/p>\n<p>\u2013 An to\u00e0n cho s\u1ee9c kh\u1ecfe v\u1edbi 3 KH\u00d4NG: Kh\u00f4ng ch\u1ea5t b\u1ea3o qu\u1ea3n, kh\u00f4ng m\u00e0u t\u1ed5ng h\u1ee3p v\u00e0 kh\u00f4ng ch\u1ea5t ng\u1ecdt nh\u00e2n t\u1ea1o.<\/p>\n<p>TH\u00c0NH PH\u1ea6N: N\u01b0\u1edbc M\u1eafm C\u1ed1t Truy\u1ec1n Th\u1ed1ng C\u1ef1 Nham Thanh H\u00f3a \u2013 \u0110\u1ed9 \u0110\u1ea1m Cao \u2013 S\u00e1nh \u0110\u1eb7c Th\u1ecbt C\u00e1 Chai Th\u1ee7y Tinh 250ML \u2013 N\u01b0\u1edbc M\u1eafm Truy\u1ec1n Th\u1ed1ng C\u1ef1 Nham<\/p>\n<p>\u2013 C\u00e1 c\u01a1m t\u01b0\u01a1i<\/p>\n<p>-N\u01b0\u1edbc m\u1eafm c\u1ed1t<\/p>\n<p>\u2013 Mu\u1ed1i<\/p>\n<p>\u2013 C\u00e1c ch\u1ea5t kho\u00e1ng<\/p>\n<p>\u2013 Vitamin c\u1ea7n thi\u1ebft cho c\u01a1 th\u1ec3<\/p>\n<p>H\u01af\u1edaNG D\u1eaaN S\u1eec D\u1ee4NG: S\u1eed d\u1ee5ng trong c\u00e1c b\u1eefa \u0103n h\u00e0ng ng\u00e0y, d\u00f9ng \u0111\u1ec3 ch\u1ea5m ho\u1eb7c n\u00eam n\u1ebfm c\u00e1c m\u00f3n \u01b0\u1edbp, n\u1ea5u, chi\u00ean, x\u00e0o<\/p>\n<p>C\u00c1CH B\u1ea2O QU\u1ea2N:<\/p>\n<p>\u2013 B\u1ea3o qu\u1ea3n n\u01a1i kh\u00f4 r\u00e1o, tho\u00e1ng m\u00e1t, tr\u00e1nh \u00e1nh n\u1eafng tr\u1ef1c ti\u1ebfp.<\/p>\n<p>\u2013 \u0102n s\u1ed1ng ho\u1eb7c n\u00eam n\u1ebfm m\u00f3n \u0103n, \u0111\u1eady n\u1eafp k\u00edn sau khi s\u1eed d\u1ee5ng.<\/p>\n<p>\u2013 N\u01b0\u1edbc m\u1eafm chu\u1ea9n truy\u1ec1n th\u1ed1ng n\u00ean khi \u0111\u1ec3 l\u00e2u n\u01b0\u1edbc m\u1eafm s\u1ebd s\u1eadm m\u00e0u v\u00e0 m\u00f9i c\u00e1 c\u01a1m ch\u00edn t\u1ef1 nhi\u00ean s\u1ebd kh\u00f4ng c\u00f2n nh\u01b0 ban \u0111\u1ea7u n\u1eefa.<\/p>\n<p>-Th\u1ec3 t\u00edch: 250ML.<\/p>\n<p>\u2013 Quy c\u00e1ch \u0111\u00f3ng g\u00f3i: H\u1ed9p 1 chai. H\u1ea0N S\u1eec D\u1ee4NG:<\/p>\n<p>\u2013 24 th\u00e1ng k\u1ec3 t\u1eeb ng\u00e0y s\u1ea3n xu\u1ea5t, sau khi \u0111\u00e3 m\u1edf n\u1eafp th\u00ec n\u00ean s\u1eed d\u1ee5ng trong v\u00f2ng 3 th\u00e1ng \u0111\u1ec3 \u0111\u1ea3m b\u1ea3o nguy\u00ean v\u1eb9n h\u01b0\u01a1ng v\u1ecb.<\/p>\n<p>-N\u01b0\u1edbc M\u1eafm C\u1ed1t Truy\u1ec1n Th\u1ed1ng C\u1ef1 Nham Thanh H\u00f3a<\/p>\n<p>\u2013 \u0110\u1ed9 \u0110\u1ea1m Cao<\/p>\n<p>\u2013 S\u00e1nh \u0110\u1eb7c Th\u1ecbt C\u00e1 Chai Th\u1ee7y Tinh 250ML<\/p>\n<p>\u2013 N\u01b0\u1edbc M\u1eafm C\u1ed1t C\u00e1 C\u01a1m C\u1ef1 Nham<\/p>","protected":false},"featured_media":10570,"comment_status":"open","ping_status":"closed","template":"","meta":{"_acf_changed":false},"product_cat":[318,319],"product_tag":[],"class_list":{"0":"post-3310","1":"product","2":"type-product","3":"status-publish","4":"has-post-thumbnail","6":"product_cat-gia-vi","7":"product_cat-tuong-nuoc-mam-gia-vi-dang-long-khac","9":"first","10":"instock","11":"shipping-taxable","12":"purchasable","13":"product-type-simple"},"acf":[],"_links":{"self":[{"href":"https:\/\/b2c.fairs.vn\/en\/wp-json\/wp\/v2\/product\/3310","targetHints":{"allow":["GET"]}}],"collection":[{"href":"https:\/\/b2c.fairs.vn\/en\/wp-json\/wp\/v2\/product"}],"about":[{"href":"https:\/\/b2c.fairs.vn\/en\/wp-json\/wp\/v2\/types\/product"}],"replies":[{"embeddable":true,"href":"https:\/\/b2c.fairs.vn\/en\/wp-json\/wp\/v2\/comments?post=3310"}],"version-history":[{"count":0,"href":"https:\/\/b2c.fairs.vn\/en\/wp-json\/wp\/v2\/product\/3310\/revisions"}],"wp:featuredmedia":[{"embeddable":true,"href":"https:\/\/b2c.fairs.vn\/en\/wp-json\/wp\/v2\/media\/10570"}],"wp:attachment":[{"href":"https:\/\/b2c.fairs.vn\/en\/wp-json\/wp\/v2\/media?parent=3310"}],"wp:term":[{"taxonomy":"product_cat","embeddable":true,"href":"https:\/\/b2c.fairs.vn\/en\/wp-json\/wp\/v2\/product_cat?post=3310"},{"taxonomy":"product_tag","embeddable":true,"href":"https:\/\/b2c.fairs.vn\/en\/wp-json\/wp\/v2\/product_tag?post=3310"}],"curies":[{"name":"wp","href":"https:\/\/api.w.org\/{rel}","templated":true}]}}