{"id":3300,"date":"2024-03-20T14:07:37","date_gmt":"2024-03-20T07:07:37","guid":{"rendered":"https:\/\/b2c.fairs.vn\/?post_type=product&#038;p=3300"},"modified":"2024-03-20T14:07:38","modified_gmt":"2024-03-20T07:07:38","slug":"non-tom-hap","status":"publish","type":"product","link":"https:\/\/b2c.fairs.vn\/en\/product\/non-tom-hap\/","title":{"rendered":"N\u00f5n t\u00f4m (h\u1ea5p)"},"content":{"rendered":"<p>\u0110\u1ec3 c\u00f3 \u0111\u01b0\u1ee3c nh\u1eefng con t\u00f4m h\u1ea5p ch\u1ea5t l\u01b0\u1ee3ng, t\u00f4m nguy\u00ean li\u1ec7u ban \u0111\u1ea7u ph\u1ea3i \u0111\u01b0\u1ee3c \u0111\u00e1nh b\u1eaft tr\u1ef1c ti\u1ebfp t\u1eeb bi\u1ec3n v\u1ec1, v\u1eabn c\u00f2n t\u01b0\u01a1i ngon. T\u00f4m s\u1ebd \u0111\u01b0\u1ee3c h\u1ea5p ch\u00edn, b\u00f3c b\u1ecf v\u1ecf, b\u1ecf \u0111\u1ea7u, b\u1ecf \u0111u\u00f4i, ch\u1ec9 gi\u1eef l\u1ea1i ph\u1ea7n th\u1ecbt \u1edf th\u00e2n. Sau khi ho\u00e0n t\u1ea5t kh\u00e2u s\u01a1 ch\u1ebf k\u1ec3 tr\u00ean, t\u00f4m s\u1ebd \u0111\u01b0\u1ee3c \u0111\u00f3ng g\u00f3i, h\u00fat ch\u00e2n kh\u00f4ng v\u00e0 b\u1ea3o qu\u1ea3n \u1edf trong ng\u0103n \u0111\u00e1 t\u1ee7 l\u1ea1nh. V\u1edbi t\u00f4m nguy\u00ean li\u1ec7u ban \u0111\u1ea7u l\u00e0 t\u00f4m nu\u00f4i theo m\u00f4 h\u00ecnh th\u1ee7y s\u1ea3n, kh\u00f4ng d\u00f9ng kh\u00e1ng sinh th\u00ec ph\u1ea3i l\u1ef1a nh\u1eefng con t\u00f4m c\u00f3 k\u00edch c\u1ee1 \u0111\u1ec1u nhau, t\u01b0\u01a1i ngon m\u1edbi cho ch\u1ea5t l\u01b0\u1ee3ng t\u1ed1t nh\u1ea5t.<\/p>","protected":false},"excerpt":{"rendered":"<p>\u0110\u1ec3 c\u00f3 \u0111\u01b0\u1ee3c nh\u1eefng con t\u00f4m h\u1ea5p ch\u1ea5t l\u01b0\u1ee3ng, t\u00f4m nguy\u00ean li\u1ec7u ban \u0111\u1ea7u ph\u1ea3i \u0111\u01b0\u1ee3c \u0111\u00e1nh b\u1eaft tr\u1ef1c ti\u1ebfp<\/p>","protected":false},"featured_media":3261,"comment_status":"open","ping_status":"closed","template":"","meta":{"_acf_changed":false},"product_cat":[22],"product_tag":[],"class_list":{"0":"post-3300","1":"product","2":"type-product","3":"status-publish","4":"has-post-thumbnail","6":"product_cat-sanphamthucpham","8":"first","9":"instock","10":"shipping-taxable","11":"product-type-simple"},"acf":[],"_links":{"self":[{"href":"https:\/\/b2c.fairs.vn\/en\/wp-json\/wp\/v2\/product\/3300","targetHints":{"allow":["GET"]}}],"collection":[{"href":"https:\/\/b2c.fairs.vn\/en\/wp-json\/wp\/v2\/product"}],"about":[{"href":"https:\/\/b2c.fairs.vn\/en\/wp-json\/wp\/v2\/types\/product"}],"replies":[{"embeddable":true,"href":"https:\/\/b2c.fairs.vn\/en\/wp-json\/wp\/v2\/comments?post=3300"}],"version-history":[{"count":0,"href":"https:\/\/b2c.fairs.vn\/en\/wp-json\/wp\/v2\/product\/3300\/revisions"}],"wp:featuredmedia":[{"embeddable":true,"href":"https:\/\/b2c.fairs.vn\/en\/wp-json\/wp\/v2\/media\/3261"}],"wp:attachment":[{"href":"https:\/\/b2c.fairs.vn\/en\/wp-json\/wp\/v2\/media?parent=3300"}],"wp:term":[{"taxonomy":"product_cat","embeddable":true,"href":"https:\/\/b2c.fairs.vn\/en\/wp-json\/wp\/v2\/product_cat?post=3300"},{"taxonomy":"product_tag","embeddable":true,"href":"https:\/\/b2c.fairs.vn\/en\/wp-json\/wp\/v2\/product_tag?post=3300"}],"curies":[{"name":"wp","href":"https:\/\/api.w.org\/{rel}","templated":true}]}}