{"id":3291,"date":"2024-03-20T14:04:34","date_gmt":"2024-03-20T07:04:34","guid":{"rendered":"https:\/\/b2c.fairs.vn\/?post_type=product&#038;p=3291"},"modified":"2024-03-20T14:06:04","modified_gmt":"2024-03-20T07:06:04","slug":"tom-tuoi-the-lot","status":"publish","type":"product","link":"https:\/\/b2c.fairs.vn\/en\/product\/tom-tuoi-the-lot\/","title":{"rendered":"T\u00f4m t\u01b0\u01a1i (Th\u1ebb l\u1ed9t)"},"content":{"rendered":"<div>\n<div>\n<p>T\u00f4m th\u1ebb l\u00e0 th\u1ef1c ph\u1ea9m \u0111\u01b0\u1ee3c c\u00e1c b\u00e0 n\u1ed9i tr\u1ee3 tin d\u00f9ng hi\u1ec7n nay. B\u1edfi n\u00f3 ch\u1ee9a \u00edt calo nh\u01b0ng l\u1ea1i cung c\u1ea5p r\u1ea5t nhi\u1ec1u ch\u1ea5t dinh d\u01b0\u1ee1ng c\u1ea7n thi\u1ebft cho c\u01a1 th\u1ec3 nh\u01b0 Protein, Vitamin B12, s\u1eaft, canxi, Omega 3\u2026 T\u00f4m th\u1ebb l\u1ed9t s\u1eb5n gi\u00fap cho c\u00e1c b\u00e0 n\u1ed9i ch\u1ee3 n\u1ea5u \u0103n ti\u1ec7n l\u1ee3i h\u01a1n. Trong t\u00f4m c\u00f3 ch\u1ee9a nhi\u1ec1u omega-3 ti\u1ec1n th\u00e2n quan tr\u1ecdng c\u1ee7a DHA. DHA c\u00f3 t\u00e1c d\u1ee5ng k\u00edch th\u00edch c\u1ea3m gi\u00e1c mu\u1ed1n \u0103n, h\u1ea1n ch\u1ebf ch\u00e1n \u0103n, bi\u1ebfng \u0103n \u1edf tr\u1ebb em. DHA c\u0169ng gi\u00fap tr\u00ed n\u00e3o ph\u00e1t tri\u1ec3n t\u1ed1t h\u01a1n.<\/p>\n<\/div>\n<\/div>\n<div>\n<h3 class=\"text-xl my-5 font-bold\"><\/h3>\n<\/div>\n<div id=\"gtx-trans\" style=\"position: absolute; left: -77px; top: 172.2px;\">\n<div class=\"gtx-trans-icon\"><\/div>\n<\/div>","protected":false},"excerpt":{"rendered":"<p>T\u00f4m th\u1ebb l\u00e0 th\u1ef1c ph\u1ea9m \u0111\u01b0\u1ee3c c\u00e1c b\u00e0 n\u1ed9i tr\u1ee3 tin d\u00f9ng hi\u1ec7n nay. B\u1edfi n\u00f3 ch\u1ee9a \u00edt calo nh\u01b0ng<\/p>","protected":false},"featured_media":3259,"comment_status":"open","ping_status":"closed","template":"","meta":{"_acf_changed":false},"product_cat":[22],"product_tag":[],"class_list":{"0":"post-3291","1":"product","2":"type-product","3":"status-publish","4":"has-post-thumbnail","6":"product_cat-sanphamthucpham","8":"first","9":"instock","10":"shipping-taxable","11":"product-type-simple"},"acf":[],"_links":{"self":[{"href":"https:\/\/b2c.fairs.vn\/en\/wp-json\/wp\/v2\/product\/3291","targetHints":{"allow":["GET"]}}],"collection":[{"href":"https:\/\/b2c.fairs.vn\/en\/wp-json\/wp\/v2\/product"}],"about":[{"href":"https:\/\/b2c.fairs.vn\/en\/wp-json\/wp\/v2\/types\/product"}],"replies":[{"embeddable":true,"href":"https:\/\/b2c.fairs.vn\/en\/wp-json\/wp\/v2\/comments?post=3291"}],"version-history":[{"count":0,"href":"https:\/\/b2c.fairs.vn\/en\/wp-json\/wp\/v2\/product\/3291\/revisions"}],"wp:featuredmedia":[{"embeddable":true,"href":"https:\/\/b2c.fairs.vn\/en\/wp-json\/wp\/v2\/media\/3259"}],"wp:attachment":[{"href":"https:\/\/b2c.fairs.vn\/en\/wp-json\/wp\/v2\/media?parent=3291"}],"wp:term":[{"taxonomy":"product_cat","embeddable":true,"href":"https:\/\/b2c.fairs.vn\/en\/wp-json\/wp\/v2\/product_cat?post=3291"},{"taxonomy":"product_tag","embeddable":true,"href":"https:\/\/b2c.fairs.vn\/en\/wp-json\/wp\/v2\/product_tag?post=3291"}],"curies":[{"name":"wp","href":"https:\/\/api.w.org\/{rel}","templated":true}]}}