{"id":3287,"date":"2024-03-20T14:01:43","date_gmt":"2024-03-20T07:01:43","guid":{"rendered":"https:\/\/b2c.fairs.vn\/?post_type=product&#038;p=3287"},"modified":"2024-03-20T14:01:43","modified_gmt":"2024-03-20T07:01:43","slug":"ca-nuc-mot-nang","status":"publish","type":"product","link":"https:\/\/b2c.fairs.vn\/en\/product\/ca-nuc-mot-nang\/","title":{"rendered":"C\u00e1 n\u1ee5c m\u1ed9t n\u1eafng"},"content":{"rendered":"<p>C\u00e1 n\u1ee5c t\u01b0\u01a1i th\u01b0\u1eddng \u0111\u01b0\u1ee3c nh\u1eadn x\u00e9t l\u00e0 kh\u00f3 ch\u1ebf bi\u1ebfn l\u1ea1i c\u00f3 m\u00f9i tanh, tuy nhi\u00ean v\u1edbi s\u1ea3n ph\u1ea9m kh\u00f4 c\u00e1 n\u1ee5c m\u1ed9t n\u1eafng s\u1ebd gi\u00fap c\u00e1c b\u00e0 n\u1ed9i tr\u1ee3 b\u1ea3o qu\u1ea3n \u0111\u01b0\u1ee3c lo\u1ea1i th\u1ef1c ph\u1ea9m n\u00e0y l\u00e2u h\u01a1n theo c\u00e1ch truy\u1ec1n th\u1ed1ng ch\u00ednh l\u00e0 \u0111em ph\u01a1i d\u01b0\u1edbi n\u1eafng trong v\u00f2ng m\u1ed9t ng\u00e0y. Th\u1ecbt c\u00e1 l\u00fac n\u00e0y tr\u1edf n\u00ean th\u01a1m v\u00e0 s\u0103n ch\u1eafc h\u01a1n, c\u00f3 \u0111\u1ed9 dai v\u00e0 ng\u1ecdt v\u00f4 c\u00f9ng t\u1ef1 nhi\u00ean.<\/p>","protected":false},"excerpt":{"rendered":"<p>C\u00e1 n\u1ee5c t\u01b0\u01a1i th\u01b0\u1eddng \u0111\u01b0\u1ee3c nh\u1eadn x\u00e9t l\u00e0 kh\u00f3 ch\u1ebf bi\u1ebfn l\u1ea1i c\u00f3 m\u00f9i tanh, tuy nhi\u00ean v\u1edbi s\u1ea3n ph\u1ea9m<\/p>","protected":false},"featured_media":3258,"comment_status":"open","ping_status":"closed","template":"","meta":{"_acf_changed":false},"product_cat":[22],"product_tag":[],"class_list":{"0":"post-3287","1":"product","2":"type-product","3":"status-publish","4":"has-post-thumbnail","6":"product_cat-sanphamthucpham","8":"first","9":"instock","10":"shipping-taxable","11":"product-type-simple"},"acf":[],"_links":{"self":[{"href":"https:\/\/b2c.fairs.vn\/en\/wp-json\/wp\/v2\/product\/3287","targetHints":{"allow":["GET"]}}],"collection":[{"href":"https:\/\/b2c.fairs.vn\/en\/wp-json\/wp\/v2\/product"}],"about":[{"href":"https:\/\/b2c.fairs.vn\/en\/wp-json\/wp\/v2\/types\/product"}],"replies":[{"embeddable":true,"href":"https:\/\/b2c.fairs.vn\/en\/wp-json\/wp\/v2\/comments?post=3287"}],"version-history":[{"count":0,"href":"https:\/\/b2c.fairs.vn\/en\/wp-json\/wp\/v2\/product\/3287\/revisions"}],"wp:featuredmedia":[{"embeddable":true,"href":"https:\/\/b2c.fairs.vn\/en\/wp-json\/wp\/v2\/media\/3258"}],"wp:attachment":[{"href":"https:\/\/b2c.fairs.vn\/en\/wp-json\/wp\/v2\/media?parent=3287"}],"wp:term":[{"taxonomy":"product_cat","embeddable":true,"href":"https:\/\/b2c.fairs.vn\/en\/wp-json\/wp\/v2\/product_cat?post=3287"},{"taxonomy":"product_tag","embeddable":true,"href":"https:\/\/b2c.fairs.vn\/en\/wp-json\/wp\/v2\/product_tag?post=3287"}],"curies":[{"name":"wp","href":"https:\/\/api.w.org\/{rel}","templated":true}]}}