{"id":3283,"date":"2024-03-20T14:00:36","date_gmt":"2024-03-20T07:00:36","guid":{"rendered":"https:\/\/b2c.fairs.vn\/?post_type=product&#038;p=3283"},"modified":"2024-03-20T14:00:37","modified_gmt":"2024-03-20T07:00:37","slug":"muc-ong","status":"publish","type":"product","link":"https:\/\/b2c.fairs.vn\/en\/product\/muc-ong\/","title":{"rendered":"M\u1ef1c \u1ed1ng"},"content":{"rendered":"<p>M\u1ef1c \u1ed1ng l\u00e0 lo\u1ea1i \u0111\u1ed3 bi\u1ec3n r\u1ea5t d\u1ec5 \u0103n v\u00e0 d\u1ec5 ch\u1ebf bi\u1ebfn. Trong 100g m\u1ef1c c\u00f3 ch\u1ee9a 13g ch\u1ea5t \u0111\u1ea1m, 0,7g ch\u1ea5t b\u00e9o, nhi\u1ec1ucanxi, phospho, s\u1eaft\u2026 v\u00e0 c\u00e1c vitamin B1, B2, PP. Theo \u0110\u00f4ng y, m\u1ef1c v\u1ecb m\u1eb7n, t\u00ednh b\u00ecnh, c\u00f3 c\u00f4ng d\u1ee5ng b\u1ed5 can th\u1eadn, b\u1ed5 t\u00e2m th\u00f4ng m\u1ea1ch, d\u01b0\u1ee1ng huy\u1ebft t\u01b0 \u00e2m, d\u00f9ng r\u1ea5t t\u1ed1t cho nh\u1eefng ng\u01b0\u1eddi c\u00f3 th\u1ec3 ch\u1ea5t thi\u00ean v\u1ec1 \u00e2m h\u01b0 ho\u1eb7c m\u1eafc c\u00e1c ch\u1ee9ng b\u1ec7nh thu\u1ed9c th\u1ec3 \u00e2m h\u01b0, \u0111\u1eb7c bi\u1ec7t l\u00e0 ph\u1ee5 n\u1eef b\u1ecb b\u1ebf kinh, kh\u00ed h\u01b0, rong kinh, thi\u1ebfu s\u1eefa sau sinh&#8230;<\/p>\n<p>&nbsp;<\/p>\n<p>C\u00e1c \u0111\u1ed3 \u0103n ngon \u0111\u01b0\u1ee3c \u00a0ch\u1ebf bi\u1ebfn t\u1eeb m\u1ef1c \u1ed1ng nh\u01b0: m\u1ef1c \u1ed1ng nh\u1ed3i th\u1ecbt, m\u1ef1c \u1ed1ng chi\u00ean x\u00f9, m\u1ef1c nh\u1ed3i x\u00f4i chi\u00ean, m\u1ef1c chi\u00ean hoa c\u00fac, ch\u1ea3 m\u1ef1c th\u00ec l\u00e0, m\u1ef1c \u1ed1ng n\u01b0\u1edbng sa t\u1ebf, m\u1ef1c \u1ed1ng n\u01b0\u1edbng chao tr\u00ean b\u1ebfp than\u2026<\/p>","protected":false},"excerpt":{"rendered":"<p>M\u1ef1c \u1ed1ng l\u00e0 lo\u1ea1i \u0111\u1ed3 bi\u1ec3n r\u1ea5t d\u1ec5 \u0103n v\u00e0 d\u1ec5 ch\u1ebf bi\u1ebfn. Trong 100g m\u1ef1c c\u00f3 ch\u1ee9a 13g ch\u1ea5t<\/p>","protected":false},"featured_media":3257,"comment_status":"open","ping_status":"closed","template":"","meta":{"_acf_changed":false},"product_cat":[22],"product_tag":[],"class_list":{"0":"post-3283","1":"product","2":"type-product","3":"status-publish","4":"has-post-thumbnail","6":"product_cat-sanphamthucpham","8":"first","9":"instock","10":"shipping-taxable","11":"product-type-simple"},"acf":[],"_links":{"self":[{"href":"https:\/\/b2c.fairs.vn\/en\/wp-json\/wp\/v2\/product\/3283","targetHints":{"allow":["GET"]}}],"collection":[{"href":"https:\/\/b2c.fairs.vn\/en\/wp-json\/wp\/v2\/product"}],"about":[{"href":"https:\/\/b2c.fairs.vn\/en\/wp-json\/wp\/v2\/types\/product"}],"replies":[{"embeddable":true,"href":"https:\/\/b2c.fairs.vn\/en\/wp-json\/wp\/v2\/comments?post=3283"}],"version-history":[{"count":0,"href":"https:\/\/b2c.fairs.vn\/en\/wp-json\/wp\/v2\/product\/3283\/revisions"}],"wp:featuredmedia":[{"embeddable":true,"href":"https:\/\/b2c.fairs.vn\/en\/wp-json\/wp\/v2\/media\/3257"}],"wp:attachment":[{"href":"https:\/\/b2c.fairs.vn\/en\/wp-json\/wp\/v2\/media?parent=3283"}],"wp:term":[{"taxonomy":"product_cat","embeddable":true,"href":"https:\/\/b2c.fairs.vn\/en\/wp-json\/wp\/v2\/product_cat?post=3283"},{"taxonomy":"product_tag","embeddable":true,"href":"https:\/\/b2c.fairs.vn\/en\/wp-json\/wp\/v2\/product_tag?post=3283"}],"curies":[{"name":"wp","href":"https:\/\/api.w.org\/{rel}","templated":true}]}}