{"id":3279,"date":"2024-03-20T13:58:49","date_gmt":"2024-03-20T06:58:49","guid":{"rendered":"https:\/\/b2c.fairs.vn\/?post_type=product&#038;p=3279"},"modified":"2024-03-20T13:59:22","modified_gmt":"2024-03-20T06:59:22","slug":"non-tom-bien-tuoi-phuong-trang","status":"publish","type":"product","link":"https:\/\/b2c.fairs.vn\/en\/product\/non-tom-bien-tuoi-phuong-trang\/","title":{"rendered":"N\u00f5n t\u00f4m bi\u1ec3n t\u01b0\u01a1i Ph\u01b0\u01a1ng Trang"},"content":{"rendered":"<p>T\u00f4m bi\u1ec3n b\u00f3c n\u00f5n\u00a0(t\u00f4m b\u1ed9p,t\u00f4m he b\u00f3c v\u1ecf) l\u00e0 lo\u1ea1i th\u1ef1c ph\u1ea9m c\u00f3 gi\u00e1 tr\u1ecb dinh d\u01b0\u1ee1ng r\u1ea5t cao, ch\u1ee9a nhi\u1ec1u ch\u1ea5t \u0111\u1ea1m, c\u00e1c vitamin v\u00e0 nguy\u00ean t\u1ed1 vi l\u01b0\u1ee3ng. So v\u1edbi th\u1ecbt n\u1ea1c, l\u01b0\u1ee3ng \u0111\u1ea1m c\u1ee7a t\u00f4m bi\u1ec3n cao h\u01a1n 20%, \u00edt ch\u1ea5t b\u00e9o h\u01a1n kho\u1ea3ng 40%, l\u01b0\u1ee3ng vitamin A cao h\u01a1n ch\u1eebng 40%. T\u00f4m b\u00f3c n\u00f5n \u0111\u01b0\u1ee3c l\u1ed9t v\u1ecf, l\u00e0m s\u1ea1ch r\u1ea5t ti\u1ec7n ch\u1ebf bi\u1ebfn m\u00e0 kh\u00f4ng h\u1ec1 gi\u1ea3m \u0111\u1ed9 th\u01a1m ngon, \u0111\u1ed9 gi\u00e0u dinh d\u01b0\u1ee1ng so v\u1edbi t\u00f4m c\u00f2n nguy\u00ean v\u1ecf.<\/p>\n<p>&nbsp;<\/p>\n<p>Th\u00e0nh ph\u1ea7n: N\u00f5n t\u00f4m t\u01b0\u01a1i 100%<\/p>\n<p>H\u01b0\u1edbng d\u1eabn s\u1eed d\u1ee5ng: T\u1ea9m b\u1ed9t chi\u00ean, x\u00e0o, n\u1ea5u canh\u2026.<\/p>\n<p>H\u01b0\u1edbng d\u1eabn b\u1ea3o qu\u1ea3n: B\u1ea3o qu\u1ea3n t\u1eeb -18\u0111\u1ed9C \u0111\u1ebfn -25\u0111\u1ed9C ho\u1eb7c trong ng\u0103n \u0111\u00e1 t\u1ee7 l\u1ea1nh<\/p>","protected":false},"excerpt":{"rendered":"<p>T\u00f4m bi\u1ec3n b\u00f3c n\u00f5n\u00a0(t\u00f4m b\u1ed9p,t\u00f4m he b\u00f3c v\u1ecf) l\u00e0 lo\u1ea1i th\u1ef1c ph\u1ea9m c\u00f3 gi\u00e1 tr\u1ecb dinh d\u01b0\u1ee1ng r\u1ea5t cao, ch\u1ee9a<\/p>","protected":false},"featured_media":3256,"comment_status":"open","ping_status":"closed","template":"","meta":{"_acf_changed":false},"product_cat":[22,313],"product_tag":[],"class_list":{"0":"post-3279","1":"product","2":"type-product","3":"status-publish","4":"has-post-thumbnail","6":"product_cat-sanphamthucpham","7":"product_cat-thuc-pham-che-bien","9":"first","10":"instock","11":"shipping-taxable","12":"product-type-simple"},"acf":[],"_links":{"self":[{"href":"https:\/\/b2c.fairs.vn\/en\/wp-json\/wp\/v2\/product\/3279","targetHints":{"allow":["GET"]}}],"collection":[{"href":"https:\/\/b2c.fairs.vn\/en\/wp-json\/wp\/v2\/product"}],"about":[{"href":"https:\/\/b2c.fairs.vn\/en\/wp-json\/wp\/v2\/types\/product"}],"replies":[{"embeddable":true,"href":"https:\/\/b2c.fairs.vn\/en\/wp-json\/wp\/v2\/comments?post=3279"}],"version-history":[{"count":0,"href":"https:\/\/b2c.fairs.vn\/en\/wp-json\/wp\/v2\/product\/3279\/revisions"}],"wp:featuredmedia":[{"embeddable":true,"href":"https:\/\/b2c.fairs.vn\/en\/wp-json\/wp\/v2\/media\/3256"}],"wp:attachment":[{"href":"https:\/\/b2c.fairs.vn\/en\/wp-json\/wp\/v2\/media?parent=3279"}],"wp:term":[{"taxonomy":"product_cat","embeddable":true,"href":"https:\/\/b2c.fairs.vn\/en\/wp-json\/wp\/v2\/product_cat?post=3279"},{"taxonomy":"product_tag","embeddable":true,"href":"https:\/\/b2c.fairs.vn\/en\/wp-json\/wp\/v2\/product_tag?post=3279"}],"curies":[{"name":"wp","href":"https:\/\/api.w.org\/{rel}","templated":true}]}}