{"id":3274,"date":"2024-03-20T13:57:34","date_gmt":"2024-03-20T06:57:34","guid":{"rendered":"https:\/\/b2c.fairs.vn\/?post_type=product&#038;p=3274"},"modified":"2024-03-20T13:57:35","modified_gmt":"2024-03-20T06:57:35","slug":"cha-muc-gia-tay-tam-an","status":"publish","type":"product","link":"https:\/\/b2c.fairs.vn\/en\/product\/cha-muc-gia-tay-tam-an\/","title":{"rendered":"Ch\u1ea3 m\u1ef1c gi\u00e3 tay T\u00e2m An"},"content":{"rendered":"<p>Th\u00e0nh ph\u1ea7n:<\/p>\n<ul>\n<li>M\u1ef1c mai<\/li>\n<li>H\u00e0nh<\/li>\n<li>T\u1ecfi<\/li>\n<li>N\u01b0\u1edbc m\u1eafm<\/li>\n<li>Ti\u00eau<\/li>\n<\/ul>\n<p>&nbsp;<\/p>\n<p>H\u01b0\u1edbng d\u1eabn s\u1eed d\u1ee5ng:<\/p>\n<ul>\n<li>R\u00e3 \u0111\u00f4ng t\u1ef1 nhi\u00ean \u0111\u1ebfn khi mi\u1ebfng ch\u1ea3 m\u1ec1m. Ch\u1ebf bi\u1ebfn t\u00f9y kh\u1ea9u v\u1ecb: chi\u00ean, h\u1ea5p, nh\u00fang l\u1ea9u,\u2026<\/li>\n<\/ul>\n<p>&nbsp;<\/p>\n<p>H\u01b0\u1edbng d\u1eabn b\u1ea3o qu\u1ea3n:<\/p>\n<ul>\n<li>-10\u0111\u1ed9 C \u0111\u1ebfn -20\u0111\u1ed9 C ho\u1eb7c trong ng\u0103n \u0111\u00e1 t\u1ee7 l\u1ea1nh<\/li>\n<\/ul>","protected":false},"excerpt":{"rendered":"<p>Th\u00e0nh ph\u1ea7n: M\u1ef1c mai H\u00e0nh T\u1ecfi N\u01b0\u1edbc m\u1eafm Ti\u00eau &nbsp; H\u01b0\u1edbng d\u1eabn s\u1eed d\u1ee5ng: R\u00e3 \u0111\u00f4ng t\u1ef1 nhi\u00ean \u0111\u1ebfn khi<\/p>","protected":false},"featured_media":3255,"comment_status":"open","ping_status":"closed","template":"","meta":{"_acf_changed":false},"product_cat":[22,313],"product_tag":[],"class_list":{"0":"post-3274","1":"product","2":"type-product","3":"status-publish","4":"has-post-thumbnail","6":"product_cat-sanphamthucpham","7":"product_cat-thuc-pham-che-bien","9":"first","10":"instock","11":"shipping-taxable","12":"product-type-simple"},"acf":[],"_links":{"self":[{"href":"https:\/\/b2c.fairs.vn\/en\/wp-json\/wp\/v2\/product\/3274","targetHints":{"allow":["GET"]}}],"collection":[{"href":"https:\/\/b2c.fairs.vn\/en\/wp-json\/wp\/v2\/product"}],"about":[{"href":"https:\/\/b2c.fairs.vn\/en\/wp-json\/wp\/v2\/types\/product"}],"replies":[{"embeddable":true,"href":"https:\/\/b2c.fairs.vn\/en\/wp-json\/wp\/v2\/comments?post=3274"}],"version-history":[{"count":0,"href":"https:\/\/b2c.fairs.vn\/en\/wp-json\/wp\/v2\/product\/3274\/revisions"}],"wp:featuredmedia":[{"embeddable":true,"href":"https:\/\/b2c.fairs.vn\/en\/wp-json\/wp\/v2\/media\/3255"}],"wp:attachment":[{"href":"https:\/\/b2c.fairs.vn\/en\/wp-json\/wp\/v2\/media?parent=3274"}],"wp:term":[{"taxonomy":"product_cat","embeddable":true,"href":"https:\/\/b2c.fairs.vn\/en\/wp-json\/wp\/v2\/product_cat?post=3274"},{"taxonomy":"product_tag","embeddable":true,"href":"https:\/\/b2c.fairs.vn\/en\/wp-json\/wp\/v2\/product_tag?post=3274"}],"curies":[{"name":"wp","href":"https:\/\/api.w.org\/{rel}","templated":true}]}}