{"id":3267,"date":"2024-03-20T13:56:19","date_gmt":"2024-03-20T06:56:19","guid":{"rendered":"https:\/\/b2c.fairs.vn\/?post_type=product&#038;p=3267"},"modified":"2024-03-27T15:58:33","modified_gmt":"2024-03-27T08:58:33","slug":"tra-uop-gao-sen","status":"publish","type":"product","link":"https:\/\/b2c.fairs.vn\/en\/product\/tra-uop-gao-sen\/","title":{"rendered":"Tra\u0300 \u01b0\u01a1\u0301p ga\u0323o sen"},"content":{"rendered":"<p>\u0110\u1ec3 c\u00f3 s\u1ea3n ph\u1ea9m tr\u00e0 \u01b0\u1edbp g\u1ea1o sen, nh\u1eefng gi\u1ed1ng sen \u0111\u01b0\u1ee3c l\u1ef1a ch\u1ecdn l\u00e0 Sen B\u00e1ch Di\u1ec7p(H\u1ed3 T\u00e2y), B\u1ea1ch Li\u00ean(Sen Hu\u1ebf), Sen \u0110\u1ed3ng Th\u00e1p, sen T\u1ee9 Th\u1eddi v\u00e0 Newbrocad. \u0110\u00e2y l\u00e0 nh\u1eefng gi\u1ed1ng sen n\u1ed5i ti\u1ebfng \u1edf Vi\u1ec7t Nam, c\u00f3 h\u01b0\u01a1ng th\u01a1m v\u00f4 c\u00f9ng quy\u1ebfn r\u0169. Quy tr\u00ecnh s\u1ea3n xu\u1ea5t tr\u00e0 \u01b0\u1edbp g\u1ea1o sen \u0111\u01b0\u1ee3c th\u1ef1c hi\u1ec7n nghi\u00eam ng\u1eb7t, k\u1ef3 c\u00f4ng trong t\u1eebng c\u00f4ng \u0111o\u1ea1n. Nguy\u00ean li\u1ec7u \u0111\u01b0\u1ee3c l\u1ef1a ch\u1ecdn k\u1ef9 l\u01b0\u1ee1ng t\u1eeb nh\u1eefng \u0111\u1ea7m sen kh\u00f4ng s\u1eed d\u1ee5ng thu\u1ed1c b\u1ea3o v\u1ec7 th\u1ef1c v\u1eadt, c\u00f3 m\u00f4i tr\u01b0\u1eddng trong l\u00e0nh. S\u1edbm tinh m\u01a1, trong l\u00e0n gi\u00f3 tho\u1ea3ng h\u00f2a qu\u1ec7n m\u00f9i h\u01b0\u01a1ng hoa sen th\u01a1m ng\u00e1t, nh\u1eb9 nh\u00e0ng ng\u1eaft t\u1eebng b\u00f4ng sen. Tr\u1eddi h\u1eedng s\u00e1ng, thuy\u1ec1n hoa sen \u1eafp \u0111\u1ea7y \u0111\u01b0\u1ee3c mang \u0111\u1ebfn \u0111\u1ec3 b\u1eaft \u0111\u1ea7u m\u1ed9t h\u00e0nh tr\u00ecnh \u0111\u1eb7c bi\u1ec7t: \u01b0\u1edbp tr\u00e0 sen Qu\u00ea B\u00e1c. M\u1ecdi ng\u01b0\u1eddi ai n\u1ea5y \u0111\u1ec1u nhanh tay t\u00e1ch g\u1ea1o sen (t\u00fai h\u01b0\u01a1ng c\u1ee7a b\u00f4ng hoa sen) ra kh\u1ecfi nh\u1eefng b\u00f4ng hoa v\u1eeba n\u1edf mi\u1ec7ng s\u00e1o. C\u00f4ng vi\u1ec7c tuy \u0111\u01a1n gi\u1ea3n nh\u01b0ng r\u1ea5t ngh\u1ec7 thu\u1eadt. C\u00f3 l\u1ebd b\u1edfi, c\u1ea3 m\u1ed9t \u0111\u00eam, hoa sen ch\u00ecm trong s\u01b0\u01a1ng \u01b0\u1edbt, n\u1ebfu b\u00e0n tay th\u00f4 v\u1ee5ng n\u1ea3y s\u1ebd l\u00e0m cho h\u1ea1t g\u1ea1o b\u1ecb gi\u1eadp n\u00e1t, h\u01b0\u01a1ng hoa b\u1ecb \u00f4i oai.Quy tr\u00ecnh t\u00e1ch g\u1ea1o Sen: D\u00f2ng ch\u00e8 \u01b0\u1edbp g\u1ea1o sen \u0111\u01b0\u1ee3c m\u1ecdi ng\u01b0\u1eddi v\u00ed nh\u01b0 l\u00e0 \u201cb\u00e1u v\u1eadt\u201d c\u1ee7a l\u00e0ng sen b\u1edfi s\u1ef1 c\u1ea7u k\u1ef3 trong c\u00e1c c\u00f4ng \u0111o\u1ea1n. \u01af\u1edbp v\u00e0 s\u1ea5y tr\u00e0 l\u00e0 c\u1ea3 m\u1ed9t quy tr\u00ecnh ngh\u1ec7 thu\u1eadt. Ng\u01b0\u1eddi th\u1ee3 tr\u00e0 d\u00f9ng c\u00e1i \u0111\u1ea5u g\u1ed7, \u1edf d\u01b0\u1edbi tr\u1ea3i m\u1ed9t l\u1edbp gi\u1ea5y b\u1ea3n th\u1ea5m \u1ea9m t\u1ed1t. R\u1eafc m\u1ed9t l\u1edbp tr\u00e0 Tuy\u1ebft Shan-M\u01b0\u1eddng L\u1ed1ng-huy\u1ec7n K\u1ef3 S\u01a1n, Ngh\u1ec7 An -v\u00f9ng cao 1.485m, m\u1ed9t l\u1edbp g\u1ea1o sen m\u1ecfng cho \u0111\u1ebfn khi h\u1ebft tr\u00e0 v\u00e0 h\u1ebft g\u1ea1o sen. Th\u00f9ng g\u1ed7 \u0111\u01b0\u1ee3c \u1ee7 k\u00edn v\u00e0 t\u00f9y theo ti\u1ebft tr\u1eddi t\u1eebng h\u00f4m, c\u1ee9 4- 6 ti\u1ebfng th\u00f4ng hoa m\u1ed9t l\u1ea7n \u0111\u1ec3 g\u1ea1o sen kh\u00f4ng b\u1ecb \u1ee7ng. Theo \u0111\u00e1nh gi\u00e1 c\u1ee7a Hi\u1ec7p h\u1ed9i ch\u00e8 Vi\u1ec7t Nam th\u00ec tr\u00e0 Shan tuy\u1ebft Ngh\u1ec7 An \u0111\u01b0\u1ee3c th\u1eeba h\u01b0\u1edfng kh\u00ed h\u1eadu n\u00fai cao quanh n\u0103m m\u00e1t m\u1ebb c\u1ee7a K\u1ef3 S\u01a1n, v\u1edbi nhi\u1ec1u ng\u00e0y c\u00f3 m\u00e2y m\u00f9 n\u00ean ch\u00e8 \u1edf \u0111\u00e2y b\u00fap to, ph\u1ee7 1 l\u1edbp tr\u1eafng nh\u1eb9 nh\u01b0 tuy\u1ebft; \u0111\u01b0\u1ee3c s\u1ea3n xu\u1ea5t theo ph\u01b0\u01a1ng ph\u00e1p truy\u1ec1n th\u1ed1ng, ho\u00e0n to\u00e0n kh\u00f4ng s\u1eed d\u1ee5ng h\u01b0\u01a1ng li\u1ec7u, thu\u1ed1c b\u1ea3o v\u1ec7 th\u1ef1c v\u1eadt; khi pha n\u01b0\u1edbc tr\u00e0 m\u00e0u v\u00e0ng \u0111\u01b0\u1ee3m nh\u01b0 m\u00e0u c\u1ee7a m\u1eadt ong, thanh v\u1ecb v\u00e0 c\u00f3 t\u00e1ch d\u1ee5ng gi\u1ea3i \u0111\u1ed9c cho c\u01a1 th\u1ec3.M\u1ed7i kg tr\u00e0 sen ph\u1ea3i m\u1ea5t t\u1eeb 800-1500 b\u00f4ng hoa sen t\u00f9y \u0111\u1ed9 sen v\u00e0 t\u00f9y ch\u1ea5t l\u01b0\u1ee3ng s\u1ea3n ph\u1ea9m tr\u00e0 sen. Tr\u00e0 \u01b0\u1edbp g\u1ea1o sen t\u1ef1 th\u00e2n n\u00f3 \u0111\u00e3 l\u00e0 m\u1ed9t ngh\u1ec7 thu\u1eadt \u0111\u1ec9nh cao, v\u00e0 quy tr\u00ecnh s\u1ea3n xu\u1ea5t tr\u00e0 \u01b0\u1edbp g\u1ea1o sen b\u00ed quy\u1ebft \u1edf ch\u1ed7, ch\u00ednh l\u00e0 quy \u0111\u1ecbnh \u01b0\u1edbp v\u00e0 s\u1ea5y l\u00e0m sao \u0111\u1ec3 h\u01b0\u01a1ng sen \u0111\u01b0\u1ee3m v\u00e0o c\u00e1nh tr\u00e0 m\u00e0 n\u01b0\u1edbc tr\u00e0 kh\u00f4ng qu\u00e1 \u0111\u1ecf, kh\u00f4ng qu\u00e1 ch\u00e1y.Tr\u00e0 \u01b0\u1edbp g\u1ea1o sen h\u01b0\u01a1ng th\u01a1m m\u00e1t, thoang tho\u1ea3ng d\u1ec5 ch\u1ecbu, u\u1ed1ng m\u1ea5y tu\u1ea7n tr\u00e0 \u0111\u1ebfn nh\u1ea1t tr\u00e0 m\u00e0 h\u01b0\u01a1ng v\u1eabn c\u00f2n thoang tho\u1ea3ng n\u01a1i b\u00e3 tr\u00e0. Quy tr\u00ecnh s\u1ea3n xu\u1ea5t tr\u00e0 \u01b0\u1edbp g\u1ea1o sen b\u00ed truy\u1ec1n v\u00e0 sen l\u1ea1i hi\u1ebfm n\u00ean d\u00f9 l\u00e0 ngon nh\u01b0ng l\u1ea1i kh\u00f4ng ph\u00f9 h\u1ee3p v\u1edbi \u0111a s\u1ed1 ng\u01b0\u1eddi d\u00e2n do r\u00e0o c\u1ea3n v\u1ec1 gi\u00e1 th\u00e0nh v\u00e0 kinh nghi\u1ec7m l\u00e0m Tr\u00e0. \u0110\u1ec3 th\u01b0\u1edfng th\u1ee9c \u0111\u1ee7 v\u1ebb \u0111\u1eb9p c\u1ee7a Tr\u00e0 Sen c\u0169ng c\u1ea7n m\u1ed9t tinh h\u1ed3n \u0111\u1ee7 nh\u1ea1y c\u1ea3m, \u0111\u00f4i ch\u00fat s\u1ef1 t\u0129nh t\u00e2m v\u00e0 m\u1ed9t t\u00ecnh c\u1ea3m r\u1ea5t ch\u00e2n th\u00e0nh v\u1edbi Tr\u00e0 sen Qu\u00ea B\u00e1c.<\/p>\n<p>Tha\u0300nh ph\u00e2\u0300n:<\/p>\n<p>Nguy\u00ean li\u1ec7u \u0111\u01b0\u1ee3c ch\u1ecdn l\u1ef1a l\u00e0 nh\u1eefng gi\u1ed1ng sen c\u00f3 h\u01b0\u01a1ng th\u01a1m quy\u1ebfn r\u0169<\/p>\n<p>Th\u00f4ng tin kha\u0301c:<\/p>\n<p>B\u1ea3o qu\u1ea3n: \u0111\u1ec3 n\u01a1i kh\u00f4 r\u00e1o, tr\u00e1nh \u00e1nh n\u1eafng tr\u1ef1c ti\u1ebfp<\/p>","protected":false},"excerpt":{"rendered":"<p>\u0110\u1ec3 c\u00f3 s\u1ea3n ph\u1ea9m tr\u00e0 \u01b0\u1edbp g\u1ea1o sen, nh\u1eefng gi\u1ed1ng sen \u0111\u01b0\u1ee3c l\u1ef1a ch\u1ecdn l\u00e0 Sen B\u00e1ch Di\u1ec7p(H\u1ed3 T\u00e2y), B\u1ea1ch Li\u00ean(Sen Hu\u1ebf), Sen \u0110\u1ed3ng Th\u00e1p, sen T\u1ee9 Th\u1eddi v\u00e0 Newbrocad. \u0110\u00e2y l\u00e0 nh\u1eefng gi\u1ed1ng sen n\u1ed5i ti\u1ebfng \u1edf Vi\u1ec7t Nam, c\u00f3 h\u01b0\u01a1ng th\u01a1m v\u00f4 c\u00f9ng quy\u1ebfn r\u0169. Quy tr\u00ecnh s\u1ea3n xu\u1ea5t tr\u00e0 \u01b0\u1edbp g\u1ea1o sen \u0111\u01b0\u1ee3c th\u1ef1c hi\u1ec7n nghi\u00eam ng\u1eb7t, k\u1ef3 c\u00f4ng trong t\u1eebng c\u00f4ng \u0111o\u1ea1n. Nguy\u00ean li\u1ec7u \u0111\u01b0\u1ee3c l\u1ef1a ch\u1ecdn k\u1ef9 l\u01b0\u1ee1ng t\u1eeb nh\u1eefng \u0111\u1ea7m sen kh\u00f4ng s\u1eed d\u1ee5ng thu\u1ed1c b\u1ea3o v\u1ec7 th\u1ef1c v\u1eadt, c\u00f3 m\u00f4i tr\u01b0\u1eddng trong l\u00e0nh. S\u1edbm tinh m\u01a1, trong l\u00e0n gi\u00f3 tho\u1ea3ng h\u00f2a qu\u1ec7n m\u00f9i h\u01b0\u01a1ng hoa sen th\u01a1m ng\u00e1t, nh\u1eb9 nh\u00e0ng ng\u1eaft t\u1eebng b\u00f4ng sen. Tr\u1eddi h\u1eedng s\u00e1ng, thuy\u1ec1n hoa sen \u1eafp \u0111\u1ea7y \u0111\u01b0\u1ee3c mang \u0111\u1ebfn \u0111\u1ec3 b\u1eaft \u0111\u1ea7u m\u1ed9t h\u00e0nh tr\u00ecnh \u0111\u1eb7c bi\u1ec7t: \u01b0\u1edbp tr\u00e0 sen Qu\u00ea B\u00e1c. M\u1ecdi ng\u01b0\u1eddi ai n\u1ea5y \u0111\u1ec1u nhanh tay t\u00e1ch g\u1ea1o sen (t\u00fai h\u01b0\u01a1ng c\u1ee7a b\u00f4ng hoa sen) ra kh\u1ecfi nh\u1eefng b\u00f4ng hoa v\u1eeba n\u1edf mi\u1ec7ng s\u00e1o. C\u00f4ng vi\u1ec7c tuy \u0111\u01a1n gi\u1ea3n nh\u01b0ng r\u1ea5t ngh\u1ec7 thu\u1eadt. C\u00f3 l\u1ebd b\u1edfi, c\u1ea3 m\u1ed9t \u0111\u00eam, hoa sen ch\u00ecm trong s\u01b0\u01a1ng \u01b0\u1edbt, n\u1ebfu b\u00e0n tay th\u00f4 v\u1ee5ng n\u1ea3y s\u1ebd l\u00e0m cho h\u1ea1t g\u1ea1o b\u1ecb gi\u1eadp n\u00e1t, h\u01b0\u01a1ng hoa b\u1ecb \u00f4i oai.Quy tr\u00ecnh t\u00e1ch g\u1ea1o Sen: D\u00f2ng ch\u00e8 \u01b0\u1edbp g\u1ea1o sen \u0111\u01b0\u1ee3c m\u1ecdi ng\u01b0\u1eddi v\u00ed nh\u01b0 l\u00e0 \u201cb\u00e1u v\u1eadt\u201d c\u1ee7a l\u00e0ng sen b\u1edfi s\u1ef1 c\u1ea7u k\u1ef3 trong c\u00e1c c\u00f4ng \u0111o\u1ea1n. \u01af\u1edbp v\u00e0 s\u1ea5y tr\u00e0 l\u00e0 c\u1ea3 m\u1ed9t quy tr\u00ecnh ngh\u1ec7 thu\u1eadt. Ng\u01b0\u1eddi th\u1ee3 tr\u00e0 d\u00f9ng c\u00e1i \u0111\u1ea5u g\u1ed7, \u1edf d\u01b0\u1edbi tr\u1ea3i m\u1ed9t l\u1edbp gi\u1ea5y b\u1ea3n th\u1ea5m \u1ea9m t\u1ed1t. R\u1eafc m\u1ed9t l\u1edbp tr\u00e0 Tuy\u1ebft Shan-M\u01b0\u1eddng L\u1ed1ng-huy\u1ec7n K\u1ef3 S\u01a1n, Ngh\u1ec7 An -v\u00f9ng cao 1.485m, m\u1ed9t l\u1edbp g\u1ea1o sen m\u1ecfng cho \u0111\u1ebfn khi h\u1ebft tr\u00e0 v\u00e0 h\u1ebft g\u1ea1o sen. Th\u00f9ng g\u1ed7 \u0111\u01b0\u1ee3c \u1ee7 k\u00edn v\u00e0 t\u00f9y theo ti\u1ebft tr\u1eddi t\u1eebng h\u00f4m, c\u1ee9 4- 6 ti\u1ebfng th\u00f4ng hoa m\u1ed9t l\u1ea7n \u0111\u1ec3 g\u1ea1o sen kh\u00f4ng b\u1ecb \u1ee7ng. Theo \u0111\u00e1nh gi\u00e1 c\u1ee7a Hi\u1ec7p h\u1ed9i ch\u00e8 Vi\u1ec7t Nam th\u00ec tr\u00e0 Shan tuy\u1ebft Ngh\u1ec7 An \u0111\u01b0\u1ee3c th\u1eeba h\u01b0\u1edfng kh\u00ed h\u1eadu n\u00fai cao quanh n\u0103m m\u00e1t m\u1ebb c\u1ee7a K\u1ef3 S\u01a1n, v\u1edbi nhi\u1ec1u ng\u00e0y c\u00f3 m\u00e2y m\u00f9 n\u00ean ch\u00e8 \u1edf \u0111\u00e2y b\u00fap to, ph\u1ee7 1 l\u1edbp tr\u1eafng nh\u1eb9 nh\u01b0 tuy\u1ebft; \u0111\u01b0\u1ee3c s\u1ea3n xu\u1ea5t theo ph\u01b0\u01a1ng ph\u00e1p truy\u1ec1n th\u1ed1ng, ho\u00e0n to\u00e0n kh\u00f4ng s\u1eed d\u1ee5ng h\u01b0\u01a1ng li\u1ec7u, thu\u1ed1c b\u1ea3o v\u1ec7 th\u1ef1c v\u1eadt; khi pha n\u01b0\u1edbc tr\u00e0 m\u00e0u v\u00e0ng \u0111\u01b0\u1ee3m nh\u01b0 m\u00e0u c\u1ee7a m\u1eadt ong, thanh v\u1ecb v\u00e0 c\u00f3 t\u00e1ch d\u1ee5ng gi\u1ea3i \u0111\u1ed9c cho c\u01a1 th\u1ec3.M\u1ed7i kg tr\u00e0 sen ph\u1ea3i m\u1ea5t t\u1eeb 800-1500 b\u00f4ng hoa sen t\u00f9y \u0111\u1ed9 sen v\u00e0 t\u00f9y ch\u1ea5t l\u01b0\u1ee3ng s\u1ea3n ph\u1ea9m tr\u00e0 sen. Tr\u00e0 \u01b0\u1edbp g\u1ea1o sen t\u1ef1 th\u00e2n n\u00f3 \u0111\u00e3 l\u00e0 m\u1ed9t ngh\u1ec7 thu\u1eadt \u0111\u1ec9nh cao, v\u00e0 quy tr\u00ecnh s\u1ea3n xu\u1ea5t tr\u00e0 \u01b0\u1edbp g\u1ea1o sen b\u00ed quy\u1ebft \u1edf ch\u1ed7, ch\u00ednh l\u00e0 quy \u0111\u1ecbnh \u01b0\u1edbp v\u00e0 s\u1ea5y l\u00e0m sao \u0111\u1ec3 h\u01b0\u01a1ng sen \u0111\u01b0\u1ee3m v\u00e0o c\u00e1nh tr\u00e0 m\u00e0 n\u01b0\u1edbc tr\u00e0 kh\u00f4ng qu\u00e1 \u0111\u1ecf, kh\u00f4ng qu\u00e1 ch\u00e1y.Tr\u00e0 \u01b0\u1edbp g\u1ea1o sen h\u01b0\u01a1ng th\u01a1m m\u00e1t, thoang tho\u1ea3ng d\u1ec5 ch\u1ecbu, u\u1ed1ng m\u1ea5y tu\u1ea7n tr\u00e0 \u0111\u1ebfn nh\u1ea1t tr\u00e0 m\u00e0 h\u01b0\u01a1ng v\u1eabn c\u00f2n thoang tho\u1ea3ng n\u01a1i b\u00e3 tr\u00e0. Quy tr\u00ecnh s\u1ea3n xu\u1ea5t tr\u00e0 \u01b0\u1edbp g\u1ea1o sen b\u00ed truy\u1ec1n v\u00e0 sen l\u1ea1i hi\u1ebfm n\u00ean d\u00f9 l\u00e0 ngon nh\u01b0ng l\u1ea1i kh\u00f4ng ph\u00f9 h\u1ee3p v\u1edbi \u0111a s\u1ed1 ng\u01b0\u1eddi d\u00e2n do r\u00e0o c\u1ea3n v\u1ec1 gi\u00e1 th\u00e0nh v\u00e0 kinh nghi\u1ec7m l\u00e0m Tr\u00e0. \u0110\u1ec3 th\u01b0\u1edfng th\u1ee9c \u0111\u1ee7 v\u1ebb \u0111\u1eb9p c\u1ee7a Tr\u00e0 Sen c\u0169ng c\u1ea7n m\u1ed9t tinh h\u1ed3n \u0111\u1ee7 nh\u1ea1y c\u1ea3m, \u0111\u00f4i ch\u00fat s\u1ef1 t\u0129nh t\u00e2m v\u00e0 m\u1ed9t t\u00ecnh c\u1ea3m r\u1ea5t ch\u00e2n th\u00e0nh v\u1edbi Tr\u00e0 sen Qu\u00ea B\u00e1c.<\/p>\n<p>Tha\u0300nh ph\u00e2\u0300n:<\/p>\n<p>Nguy\u00ean li\u1ec7u \u0111\u01b0\u1ee3c ch\u1ecdn l\u1ef1a l\u00e0 nh\u1eefng gi\u1ed1ng sen c\u00f3 h\u01b0\u01a1ng th\u01a1m quy\u1ebfn r\u0169<\/p>\n<p>Th\u00f4ng tin kha\u0301c:<\/p>\n<p>B\u1ea3o qu\u1ea3n: \u0111\u1ec3 n\u01a1i kh\u00f4 r\u00e1o, tr\u00e1nh \u00e1nh n\u1eafng tr\u1ef1c ti\u1ebfp<\/p>","protected":false},"featured_media":3269,"comment_status":"open","ping_status":"closed","template":"","meta":{"_acf_changed":false},"product_cat":[321,22,323],"product_tag":[],"class_list":{"0":"post-3267","1":"product","2":"type-product","3":"status-publish","4":"has-post-thumbnail","6":"product_cat-che","7":"product_cat-sanphamthucpham","8":"product_cat-san-pham-tra-tu-thuc-vat-khac","10":"first","11":"instock","12":"shipping-taxable","13":"purchasable","14":"product-type-simple"},"acf":[],"_links":{"self":[{"href":"https:\/\/b2c.fairs.vn\/en\/wp-json\/wp\/v2\/product\/3267","targetHints":{"allow":["GET"]}}],"collection":[{"href":"https:\/\/b2c.fairs.vn\/en\/wp-json\/wp\/v2\/product"}],"about":[{"href":"https:\/\/b2c.fairs.vn\/en\/wp-json\/wp\/v2\/types\/product"}],"replies":[{"embeddable":true,"href":"https:\/\/b2c.fairs.vn\/en\/wp-json\/wp\/v2\/comments?post=3267"}],"version-history":[{"count":0,"href":"https:\/\/b2c.fairs.vn\/en\/wp-json\/wp\/v2\/product\/3267\/revisions"}],"wp:featuredmedia":[{"embeddable":true,"href":"https:\/\/b2c.fairs.vn\/en\/wp-json\/wp\/v2\/media\/3269"}],"wp:attachment":[{"href":"https:\/\/b2c.fairs.vn\/en\/wp-json\/wp\/v2\/media?parent=3267"}],"wp:term":[{"taxonomy":"product_cat","embeddable":true,"href":"https:\/\/b2c.fairs.vn\/en\/wp-json\/wp\/v2\/product_cat?post=3267"},{"taxonomy":"product_tag","embeddable":true,"href":"https:\/\/b2c.fairs.vn\/en\/wp-json\/wp\/v2\/product_tag?post=3267"}],"curies":[{"name":"wp","href":"https:\/\/api.w.org\/{rel}","templated":true}]}}