{"id":3266,"date":"2024-03-20T13:56:01","date_gmt":"2024-03-20T06:56:01","guid":{"rendered":"https:\/\/b2c.fairs.vn\/?post_type=product&#038;p=3266"},"modified":"2024-03-20T13:56:01","modified_gmt":"2024-03-20T06:56:01","slug":"cha-ca-thu-tam-an","status":"publish","type":"product","link":"https:\/\/b2c.fairs.vn\/en\/product\/cha-ca-thu-tam-an\/","title":{"rendered":"Ch\u1ea3 c\u00e1 thu T\u00e2m An"},"content":{"rendered":"<p><strong>_Th\u00e0nh ph\u1ea7n:<\/strong>\u00a0C\u00e1 thu (95%), tinh b\u1ed9t bi\u1ebfn t\u00ednh, h\u1ea1t ti\u00eau, \u1edbt, t\u1ecfi, h\u1ea1t n\u00eam, \u0111\u01b0\u1eddng, m\u00ec ch\u00ednh, n\u01b0\u1edbc m\u1eafm, th\u00ec l\u00e0.<\/p>\n<p><strong>_Kh\u1ed1i l\u01b0\u1ee3ng t\u1ecbnh:<\/strong>\u00a0500g, 700g\u2026<\/p>\n<p><strong>_H\u01b0\u1edbng d\u1eabn s\u1eed d\u1ee5ng v\u00e0 b\u1ea3o qu\u1ea3n:<\/strong><\/p>\n<p>S\u1ea3n ph\u1ea9m \u0111\u01b0\u1ee3c x\u1eed l\u00fd nhi\u1ec7t tr\u01b0\u1edbc khi s\u1eed d\u1ee5ng.<\/p>\n<p>R\u00e3 \u0111\u00f4ng t\u1ef1 nhi\u00ean \u0111\u1ebfn khi mi\u1ebfng ch\u1ea3 \u0111\u01b0\u1ee3c m\u1ec1m. H\u1ea5p n\u00f3ng, lu\u1ed9c, r\u00e1n (chi\u00ean) ho\u1eb7c ch\u1ebf bi\u1ebfn v\u1edbi m\u00f3n \u0103n kh\u00e1c theo nhu c\u1ea7u.<\/p>\n<p>B\u1ea3o qu\u1ea3n trong ng\u0103n \u0111\u00e1 t\u1ee7 l\u1ea1nh (-10 \u0111\u1ed9 C \u0111\u1ebfn -25 \u0111\u1ed9 C)<\/p>\n<p><strong>_Th\u00f4ng tin, c\u1ea3nh b\u00e1o:<\/strong>\u00a0Kh\u00f4ng d\u00f9ng s\u1ea3n ph\u1ea9m h\u1ebft h\u1ea1n s\u1eed d\u1ee5ng ho\u1eb7c c\u00f3 d\u1ea5u hi\u1ec7u h\u01b0 h\u1ecfng.<\/p>\n<p><strong>NSX:<\/strong>\u00a0Xem tr\u00ean bao b\u00ec s\u1ea3n ph\u1ea9m<\/p>\n<p><strong>HSD:<\/strong>\u00a0180 ng\u00e0y k\u1ec3 t\u1eeb ng\u00e0y s\u1ea3n xu\u1ea5t<\/p>","protected":false},"excerpt":{"rendered":"<p>_Th\u00e0nh ph\u1ea7n:\u00a0C\u00e1 thu (95%), tinh b\u1ed9t bi\u1ebfn t\u00ednh, h\u1ea1t ti\u00eau, \u1edbt, t\u1ecfi, h\u1ea1t n\u00eam, \u0111\u01b0\u1eddng, m\u00ec ch\u00ednh, n\u01b0\u1edbc m\u1eafm, th\u00ec<\/p>","protected":false},"featured_media":3254,"comment_status":"open","ping_status":"closed","template":"","meta":{"_acf_changed":false},"product_cat":[22,313],"product_tag":[],"class_list":{"0":"post-3266","1":"product","2":"type-product","3":"status-publish","4":"has-post-thumbnail","6":"product_cat-sanphamthucpham","7":"product_cat-thuc-pham-che-bien","9":"first","10":"instock","11":"shipping-taxable","12":"product-type-simple"},"acf":[],"_links":{"self":[{"href":"https:\/\/b2c.fairs.vn\/en\/wp-json\/wp\/v2\/product\/3266","targetHints":{"allow":["GET"]}}],"collection":[{"href":"https:\/\/b2c.fairs.vn\/en\/wp-json\/wp\/v2\/product"}],"about":[{"href":"https:\/\/b2c.fairs.vn\/en\/wp-json\/wp\/v2\/types\/product"}],"replies":[{"embeddable":true,"href":"https:\/\/b2c.fairs.vn\/en\/wp-json\/wp\/v2\/comments?post=3266"}],"version-history":[{"count":0,"href":"https:\/\/b2c.fairs.vn\/en\/wp-json\/wp\/v2\/product\/3266\/revisions"}],"wp:featuredmedia":[{"embeddable":true,"href":"https:\/\/b2c.fairs.vn\/en\/wp-json\/wp\/v2\/media\/3254"}],"wp:attachment":[{"href":"https:\/\/b2c.fairs.vn\/en\/wp-json\/wp\/v2\/media?parent=3266"}],"wp:term":[{"taxonomy":"product_cat","embeddable":true,"href":"https:\/\/b2c.fairs.vn\/en\/wp-json\/wp\/v2\/product_cat?post=3266"},{"taxonomy":"product_tag","embeddable":true,"href":"https:\/\/b2c.fairs.vn\/en\/wp-json\/wp\/v2\/product_tag?post=3266"}],"curies":[{"name":"wp","href":"https:\/\/api.w.org\/{rel}","templated":true}]}}