{"id":3248,"date":"2024-03-20T13:53:29","date_gmt":"2024-03-20T06:53:29","guid":{"rendered":"https:\/\/b2c.fairs.vn\/?post_type=product&#038;p=3248"},"modified":"2024-03-27T15:57:50","modified_gmt":"2024-03-27T08:57:50","slug":"tra-tam-sen","status":"publish","type":"product","link":"https:\/\/b2c.fairs.vn\/en\/product\/tra-tam-sen\/","title":{"rendered":"Tr\u00e0 T\u00e2m Sen"},"content":{"rendered":"<div>\n<div>\n<p><strong>Tr\u00e0 t\u00e2m sen kh\u00f4ng ch\u1ec9 l\u00e0 \u201cth\u1ea7n d\u01b0\u1ee3c\u201d gi\u1ea3m c\u00e2n, ng\u0103n ng\u1eeba b\u00e9o ph\u00ec m\u00e0 c\u00f2n gi\u00fap c\u00e2n b\u1eb1ng \u0111\u01b0\u1eddng huy\u1ebft, tr\u1ecb m\u1ea5t ng\u1ee7, c\u1ea3i thi\u1ec7n ch\u1ee9c n\u0103ng sinh s\u1ea3n.<\/strong><\/p>\n<p>Tr\u00e0 sen l\u00e0 th\u1ee9c u\u1ed1ng \u01b0a th\u00edch trong m\u00f9a h\u00e8 kh\u00f4ng ch\u1ec9 b\u1edfi h\u01b0\u01a1ng th\u01a1m \u0111\u1eadm \u0111\u00e0 m\u00e0 c\u00f2n c\u00f3 c\u00f4ng d\u1ee5ng thanh nhi\u1ec7t. Tuy nhi\u00ean, tr\u00e0 sen c\u00f2n c\u00f3 nhi\u1ec1u c\u00f4ng d\u1ee5ng b\u1ea5t ng\u1edd cho s\u1ee9c kho\u1ebb.<\/p>\n<p>&nbsp;<\/p>\n<p><strong>Tr\u00e0 sen c\u00f3 t\u00e1c d\u1ee5ng:\u00a0<\/strong><\/p>\n<p><i><strong>1. H\u1ed7 tr\u1ee3\u00a0gi\u1ea3m c\u00e2n<\/strong><\/i><\/p>\n<p>Tinh ch\u1ea5t trong l\u00e1 sen c\u00f3\u00a0t\u00e1c d\u1ee5ng\u00a0h\u1ed7 tr\u1ee3 s\u1ef1 ho\u1ea1t \u0111\u1ed9ng c\u1ee7a l\u00e1 l\u00e1ch, ng\u0103n ch\u1eb7n s\u1ef1 h\u00ecnh th\u00e0nh ch\u1ea5t b\u00e9o th\u00f4ng qua s\u1ef1 trao \u0111\u1ed5i ch\u1ea5t.<\/p>\n<p>T\u1eeb \u0111\u00f3 h\u1ed7 tr\u1ee3 v\u1eadn chuy\u1ec3n ch\u1ea5t dinh d\u01b0\u1ee1ng t\u1eeb ru\u1ed9t non \u0111\u1ebfn c\u00e1c c\u01a1 quan kh\u00e1c trong c\u01a1 th\u1ec3 v\u00e0 lo\u1ea1i b\u1ecf ch\u1ea5t l\u1ecfng d\u01b0 th\u1eeba. Ch\u00ednh v\u00ec v\u1eady, v\u1edbi nh\u1eefng ng\u01b0\u1eddi b\u1ecb t\u0103ng c\u00e2n do \u0103n qu\u00e1 nhi\u1ec1u ch\u1ea5t b\u00e9o ph\u00ec, d\u1ea7u m\u1ee1, \u00edt v\u1eadn \u0111\u1ed9ng th\u00ec vi\u1ec7c u\u1ed1ng tr\u00e0 l\u00e1 sen th\u01b0\u1eddng xuy\u00ean s\u1ebd gi\u00fap gi\u1ea3m c\u00e2n hi\u1ec7u qu\u1ea3 v\u00e0 nhanh ch\u00f3ng.<\/p>\n<p><i><strong>2. Gi\u00fap ng\u1ee7 ngon<\/strong><\/i><\/p>\n<p>L\u00e1 sen c\u00f3 ch\u1ee9a\u00a0ch\u1ea5t alkaloid \u2013 m\u1ed9t ch\u1ea5t ch\u1ed1ng t\u0103ng huy\u1ebft \u00e1p, \u0111i\u1ec1u h\u00f2a nh\u1ecbp tim v\u00e0 m\u1ed9t s\u1ed1 ch\u1ee9c n\u0103ng kh\u00e1c c\u1ee7a c\u01a1 th\u1ec3. V\u00ec v\u1eady, tr\u00e0 l\u00e1 sen c\u00f3 th\u1ec3 gi\u00fap ch\u00fang ta \u1ed5n \u0111\u1ecbnh nh\u1ecbp tim, h\u1ea1n ch\u1ebf \u0111\u01b0\u1ee3c c\u1ea3m gi\u00e1c b\u1ed3n ch\u1ed3n do tim \u0111\u1eadp m\u1ea1nh t\u1eeb \u0111\u00f3 gi\u00fap d\u1ec5 ng\u1ee7 v\u00e0 ngon gi\u1ea5c h\u01a1n.<\/p>\n<p>Ngo\u00e0i ra, ch\u1ea5t\u00a0alkaloid c\u00f2n c\u00f3 t\u00e1c d\u1ee5ng thanh nhi\u1ec7t c\u01a1 th\u1ec3 r\u1ea5t hi\u1ec7u qu\u1ea3, n\u00ean vi\u1ec7c d\u00f9ng tr\u00e0 sen v\u00e0o m\u00f9a h\u00e8 oi b\u1ee9c l\u00e0 \u0111i\u1ec1u r\u1ea5t \u0111\u01b0\u1ee3c khuy\u1ebfn kh\u00edch. M\u1ed9t ly tr\u00e0 l\u00e1 sen \u1ea5m\u00a0tr\u01b0\u1edbc khi \u0111i ng\u1ee7 30 ph\u00fat l\u00e0 \u201cth\u1ea7n d\u01b0\u1ee3c\u201d cho gi\u1ea5c ng\u1ee7.<\/p>\n<p><i><strong>3. T\u00e1c d\u1ee5ng t\u1ed1t cho s\u1ee9c kh\u1ecfe, v\u1ebb \u0111\u1eb9p ph\u1ee5 n\u1eef<\/strong><\/i><\/p>\n<p>Ph\u1ee5 n\u1eef sau khi sinh th\u01b0\u1eddng d\u00f9ng tr\u00e0 l\u00e1 sen \u0111\u1ec3 \u0111\u1ea9y l\u01b0\u1ee3ng m\u00e1u h\u00f4i c\u00f2n t\u1ed3n \u0111\u1ecdng trong c\u01a1 th\u1ec3. Trong y h\u1ecdc c\u1ed5 truy\u1ec1n c\u1ee7a ng\u01b0\u1eddi \u1ea4n \u0110\u1ed9 c\u0169ng nh\u01b0 ph\u01b0\u01a1ng ph\u00e1p l\u00e0m \u0111\u1eb9p hi\u1ec7n \u0111\u1ea1i c\u1ee7a ph\u1ee5 n\u1eef H\u00e0n Qu\u1ed1c, ng\u01b0\u1eddi ta d\u00f9ng l\u00e1 sen t\u01b0\u01a1i ho\u1eb7c tr\u00e0 l\u00e1 sen n\u1ea5u n\u01b0\u1edbc d\u00f9ng \u0111\u1ec3 r\u1eeda m\u1eb7t. \u0110i\u1ec1u n\u00e0y gi\u00fap kh\u1eed t\u1ebf b\u00e0o ch\u1ebft, b\u1ee5i b\u1ea9n, l\u01b0u th\u00f4ng kh\u00ed huy\u1ebft l\u00e0m da m\u1eb7t s\u00e1ng v\u00e0 m\u1ecbn m\u00e0ng h\u01a1n.<\/p>\n<p><i><strong>4. Ch\u1eefa thi\u1ebfu m\u00e1u<\/strong><\/i><\/p>\n<p>Hoa sen c\u00f3 t\u00e1c d\u1ee5ng t\u00e1i t\u1ea1o t\u1ebf b\u00e0o m\u00e1u, do \u0111\u00f3 \u0111\u01b0\u1ee3c s\u1eed d\u1ee5ng r\u1ea5t nhi\u1ec1u trong vi\u1ec7c \u0111i\u1ec1u tr\u1ecb thu\u1ed1c ch\u1eefa b\u1ec7nh thi\u1ebfu m\u00e1u. C\u0169ng v\u00ec l\u1ebd \u0111\u00f3 m\u00e0 \u0111\u00e3 c\u00f3 r\u1ea5t nhi\u1ec1u ng\u01b0\u1eddi t\u00ecm \u0111\u1ebfn tr\u00e0 sen \u0111\u1ec3 c\u1ea3i thi\u1ec7n m\u00e1u trong c\u01a1 th\u1ec3. N\u00ean s\u1eed d\u1ee5ng th\u01b0\u1eddng xuy\u00ean m\u1ed7i ng\u00e0y th\u00ec m\u1edbi c\u00f3 th\u1ec3 th\u1ea5y \u0111\u01b0\u1ee3c hi\u1ec7u qu\u1ea3 c\u1ee7a tr\u00e0.<\/p>\n<p><i><strong>5. Ng\u0103n ch\u1eb7n c\u00e1c b\u1ec7nh \u1edf \u201cv\u00f9ng k\u00edn\u201d<\/strong><\/i><\/p>\n<p>\u0110\u1ed1i v\u1edbi ph\u00e1i m\u1ea1nh, tr\u00e0 hoa sen l\u00e0 \u201cth\u1ea7n d\u01b0\u1ee3c\u201d gi\u00fap h\u1ed7 tr\u1ee3 \u0111i\u1ec1u tr\u1ecb ch\u1ee9ng xu\u1ea5t tinh s\u1edbm. \u0110\u1ed1i v\u1edbi ch\u1ecb em d\u00f9ng tr\u00e0 hoa sen th\u01b0\u1eddng xuy\u00ean th\u00ec v\u1ea5n \u0111\u1ec1 \u201cng\u00e0y \u0111\u00e8n \u0111\u1ecf\u201d s\u1ebd kh\u00f4ng c\u00f2n l\u00e0 n\u1ed5i \u00e1m \u1ea3nh n\u1eefa.<\/p>\n<p><i><strong>6. Ch\u1ed1ng ch\u1ea3y m\u00e1u<\/strong><\/i><\/p>\n<p>Do c\u00f3 ch\u1ee9a\u00a0quercetin v\u00e0 flavonoids\u00a0n\u00ean l\u00e1 sen c\u00f3 kh\u1ea3 n\u0103ng t\u00e1i\u00a0t\u1ea1o th\u00e0nh mao m\u1ea1ch nhanh ch\u00f3ng,\u00a0h\u1ea1n ch\u1ebf \u0111\u01b0\u1ee3c m\u1ed9t s\u1ed1 t\u00ecnh tr\u1ea1ng ch\u1ea3y m\u00e1u b\u00ean trong c\u01a1 th\u1ec3 nh\u01b0 \u0111i ti\u1ec3u ra m\u00e1u, ho ra m\u00e1u, ch\u1ea3y m\u00e1u d\u1ea1 d\u00e0y,\u2026 V\u00ec v\u1eady, tr\u00e0 l\u00e1 sen \u0111\u1eb7c bi\u1ec7t\u00a0ph\u00f9 h\u1ee3p v\u1edbi ng\u01b0\u1eddi l\u1edbn tu\u1ed5i,\u00a0nh\u1eefng ng\u01b0\u1eddi t\u1eebng b\u1ecb x\u01a1 c\u1ee9ng \u0111\u1ed9ng m\u1ea1ch hay tai bi\u1ebfn m\u1ea1ch m\u00e1u n\u00e3o.<\/p>\n<p>H\u01a1n th\u1ebf n\u1eefa, khi d\u00f9ng l\u00e1 sen \u0111\u1ec3 \u0111\u1eafp l\u00ean c\u00e1c v\u1ebft th\u01b0\u01a1ng b\u1ecb ch\u1ea3y m\u00e1u ngo\u00e0i da nh\u01b0 \u0111\u1ee9t tay,\u2026 c\u0169ng gi\u00fap ng\u0103n ch\u1eb7n m\u00e1u ch\u1ea3y nhi\u1ec1u h\u01a1n,\u00a0gi\u00fap c\u1ea7m m\u00e1u\u00a0nhanh ch\u00f3ng.<\/p>\n<p><i><strong>7. X\u01b0\u01a1ng ch\u1eafc kh\u1ecfe<\/strong><\/i><\/p>\n<p>Trong hoa sen c\u00f3 ch\u1ee9a nhi\u1ec1u ch\u1ea5t ph\u1ed1t pho r\u1ea5t t\u1ed1t cho x\u01b0\u01a1ng, gi\u1eef s\u1ef1 ch\u1eafc kh\u1ecfe cho h\u1ec7 th\u1ed1ng x\u01b0\u01a1ng v\u00e0 ng\u0103n ng\u1eeba s\u1ef1 lo\u00e3ng x\u01b0\u01a1ng khi v\u1ec1 gi\u00e0.<\/p>\n<p><i><strong>8. Gi\u1ea3m m\u1ee1 m\u00e1u v\u00e0 gan nhi\u1ec5m m\u1ee1\u00a0<\/strong><\/i><\/p>\n<p>V\u1edbi \u0111\u1eb7c t\u00ednh \u0111\u1eafng, m\u00f9i th\u01a1m nh\u1eb9, t\u00ednh m\u00e1t, c\u00e1c b\u1ed9 ph\u1eadn c\u1ee7a c\u00e2y sen c\u00f3 t\u00e1c d\u1ee5ng tuy\u1ec7t v\u1eddi \u0111\u1ed1i v\u1edbi s\u1ee9c kh\u1ecfe v\u00e0 l\u00e0m \u0111\u1eb9p to\u00e0n th\u00e2n cho c\u00e1c ch\u1ecb em. Ch\u1ea5t\u00a0Alkaloid v\u00e0 Flavonoid trong l\u00e1 sen c\u00f3 t\u00e1c d\u1ee5ng ch\u1ed1ng oxy h\u00f3a lipid m\u00e0ng t\u1ebf b\u00e0o gan. Ch\u00ednh v\u00ec v\u1eady, l\u00e1 sen \u0111\u01b0\u1ee3c s\u1eed d\u1ee5ng \u0111\u1ec3 ch\u1ed1ng x\u01a1 v\u1eefa \u0111\u1ed9ng m\u1ea1ch, r\u1ed1i lo\u1ea1n nh\u1ecbp tim, an th\u1ea7n v\u00e0 gi\u1ea3m m\u1ee1 m\u00e1u cho c\u01a1 th\u1ec3.<\/p>\n<p><i><strong>9. Gi\u1ea3m stress<\/strong><\/i><\/p>\n<p>U\u1ed1ng tr\u00e0 sen s\u1ebd t\u1ea1o cho ta c\u1ea3m gi\u00e1c d\u1ec5 ch\u1ecbu v\u00e0 tho\u1ea3i m\u00e1i. Gi\u00fap \u0111\u1ea7u \u00f3c b\u1ea1n trong tr\u1ea1ng th\u00e1i minh m\u1eabn, xua tan nh\u1eefng c\u0103ng th\u1eb3ng, \u00e1p l\u1ef1c trong cu\u1ed9c s\u1ed1ng.<\/p>\n<\/div>\n<\/div>\n<div>\n<div>\n<h3 class=\"text-xl my-5 font-bold\">Th\u00f4ng s\u1ed1 k\u1ef9 thu\u1eadt<\/h3>\n<div>\n<div class=\"my-2 py-2\">Th\u00e0nh ph\u1ea7n<span class=\"mlr-1\">:<\/span><span class=\"ml-1\">T\u00e2m sen nguy\u00ean ch\u1ea5t (100%)<\/span><\/div>\n<\/div>\n<\/div>\n<\/div>","protected":false},"excerpt":{"rendered":"<div>\n<div>\n<p><strong>Tr\u00e0 t\u00e2m sen kh\u00f4ng ch\u1ec9 l\u00e0 \u201cth\u1ea7n d\u01b0\u1ee3c\u201d gi\u1ea3m c\u00e2n, ng\u0103n ng\u1eeba b\u00e9o ph\u00ec m\u00e0 c\u00f2n gi\u00fap c\u00e2n b\u1eb1ng \u0111\u01b0\u1eddng huy\u1ebft, tr\u1ecb m\u1ea5t ng\u1ee7, c\u1ea3i thi\u1ec7n ch\u1ee9c n\u0103ng sinh s\u1ea3n.<\/strong><\/p>\n<p>Tr\u00e0 sen l\u00e0 th\u1ee9c u\u1ed1ng \u01b0a th\u00edch trong m\u00f9a h\u00e8 kh\u00f4ng ch\u1ec9 b\u1edfi h\u01b0\u01a1ng th\u01a1m \u0111\u1eadm \u0111\u00e0 m\u00e0 c\u00f2n c\u00f3 c\u00f4ng d\u1ee5ng thanh nhi\u1ec7t. Tuy nhi\u00ean, tr\u00e0 sen c\u00f2n c\u00f3 nhi\u1ec1u c\u00f4ng d\u1ee5ng b\u1ea5t ng\u1edd cho s\u1ee9c kho\u1ebb.<\/p>\n<p>&nbsp;<\/p>\n<p><strong>Tr\u00e0 sen c\u00f3 t\u00e1c d\u1ee5ng:\u00a0<\/strong><\/p>\n<p><i><strong>1. H\u1ed7 tr\u1ee3\u00a0gi\u1ea3m c\u00e2n<\/strong><\/i><\/p>\n<p>Tinh ch\u1ea5t trong l\u00e1 sen c\u00f3\u00a0t\u00e1c d\u1ee5ng\u00a0h\u1ed7 tr\u1ee3 s\u1ef1 ho\u1ea1t \u0111\u1ed9ng c\u1ee7a l\u00e1 l\u00e1ch, ng\u0103n ch\u1eb7n s\u1ef1 h\u00ecnh th\u00e0nh ch\u1ea5t b\u00e9o th\u00f4ng qua s\u1ef1 trao \u0111\u1ed5i ch\u1ea5t.<\/p>\n<p>T\u1eeb \u0111\u00f3 h\u1ed7 tr\u1ee3 v\u1eadn chuy\u1ec3n ch\u1ea5t dinh d\u01b0\u1ee1ng t\u1eeb ru\u1ed9t non \u0111\u1ebfn c\u00e1c c\u01a1 quan kh\u00e1c trong c\u01a1 th\u1ec3 v\u00e0 lo\u1ea1i b\u1ecf ch\u1ea5t l\u1ecfng d\u01b0 th\u1eeba. Ch\u00ednh v\u00ec v\u1eady, v\u1edbi nh\u1eefng ng\u01b0\u1eddi b\u1ecb t\u0103ng c\u00e2n do \u0103n qu\u00e1 nhi\u1ec1u ch\u1ea5t b\u00e9o ph\u00ec, d\u1ea7u m\u1ee1, \u00edt v\u1eadn \u0111\u1ed9ng th\u00ec vi\u1ec7c u\u1ed1ng tr\u00e0 l\u00e1 sen th\u01b0\u1eddng xuy\u00ean s\u1ebd gi\u00fap gi\u1ea3m c\u00e2n hi\u1ec7u qu\u1ea3 v\u00e0 nhanh ch\u00f3ng.<\/p>\n<p><i><strong>2. Gi\u00fap ng\u1ee7 ngon<\/strong><\/i><\/p>\n<p>L\u00e1 sen c\u00f3 ch\u1ee9a\u00a0ch\u1ea5t alkaloid \u2013 m\u1ed9t ch\u1ea5t ch\u1ed1ng t\u0103ng huy\u1ebft \u00e1p, \u0111i\u1ec1u h\u00f2a nh\u1ecbp tim v\u00e0 m\u1ed9t s\u1ed1 ch\u1ee9c n\u0103ng kh\u00e1c c\u1ee7a c\u01a1 th\u1ec3. V\u00ec v\u1eady, tr\u00e0 l\u00e1 sen c\u00f3 th\u1ec3 gi\u00fap ch\u00fang ta \u1ed5n \u0111\u1ecbnh nh\u1ecbp tim, h\u1ea1n ch\u1ebf \u0111\u01b0\u1ee3c c\u1ea3m gi\u00e1c b\u1ed3n ch\u1ed3n do tim \u0111\u1eadp m\u1ea1nh t\u1eeb \u0111\u00f3 gi\u00fap d\u1ec5 ng\u1ee7 v\u00e0 ngon gi\u1ea5c h\u01a1n.<\/p>\n<p>Ngo\u00e0i ra, ch\u1ea5t\u00a0alkaloid c\u00f2n c\u00f3 t\u00e1c d\u1ee5ng thanh nhi\u1ec7t c\u01a1 th\u1ec3 r\u1ea5t hi\u1ec7u qu\u1ea3, n\u00ean vi\u1ec7c d\u00f9ng tr\u00e0 sen v\u00e0o m\u00f9a h\u00e8 oi b\u1ee9c l\u00e0 \u0111i\u1ec1u r\u1ea5t \u0111\u01b0\u1ee3c khuy\u1ebfn kh\u00edch. M\u1ed9t ly tr\u00e0 l\u00e1 sen \u1ea5m\u00a0tr\u01b0\u1edbc khi \u0111i ng\u1ee7 30 ph\u00fat l\u00e0 \u201cth\u1ea7n d\u01b0\u1ee3c\u201d cho gi\u1ea5c ng\u1ee7.<\/p>\n<p><i><strong>3. T\u00e1c d\u1ee5ng t\u1ed1t cho s\u1ee9c kh\u1ecfe, v\u1ebb \u0111\u1eb9p ph\u1ee5 n\u1eef<\/strong><\/i><\/p>\n<p>Ph\u1ee5 n\u1eef sau khi sinh th\u01b0\u1eddng d\u00f9ng tr\u00e0 l\u00e1 sen \u0111\u1ec3 \u0111\u1ea9y l\u01b0\u1ee3ng m\u00e1u h\u00f4i c\u00f2n t\u1ed3n \u0111\u1ecdng trong c\u01a1 th\u1ec3. Trong y h\u1ecdc c\u1ed5 truy\u1ec1n c\u1ee7a ng\u01b0\u1eddi \u1ea4n \u0110\u1ed9 c\u0169ng nh\u01b0 ph\u01b0\u01a1ng ph\u00e1p l\u00e0m \u0111\u1eb9p hi\u1ec7n \u0111\u1ea1i c\u1ee7a ph\u1ee5 n\u1eef H\u00e0n Qu\u1ed1c, ng\u01b0\u1eddi ta d\u00f9ng l\u00e1 sen t\u01b0\u01a1i ho\u1eb7c tr\u00e0 l\u00e1 sen n\u1ea5u n\u01b0\u1edbc d\u00f9ng \u0111\u1ec3 r\u1eeda m\u1eb7t. \u0110i\u1ec1u n\u00e0y gi\u00fap kh\u1eed t\u1ebf b\u00e0o ch\u1ebft, b\u1ee5i b\u1ea9n, l\u01b0u th\u00f4ng kh\u00ed huy\u1ebft l\u00e0m da m\u1eb7t s\u00e1ng v\u00e0 m\u1ecbn m\u00e0ng h\u01a1n.<\/p>\n<p><i><strong>4. Ch\u1eefa thi\u1ebfu m\u00e1u<\/strong><\/i><\/p>\n<p>Hoa sen c\u00f3 t\u00e1c d\u1ee5ng t\u00e1i t\u1ea1o t\u1ebf b\u00e0o m\u00e1u, do \u0111\u00f3 \u0111\u01b0\u1ee3c s\u1eed d\u1ee5ng r\u1ea5t nhi\u1ec1u trong vi\u1ec7c \u0111i\u1ec1u tr\u1ecb thu\u1ed1c ch\u1eefa b\u1ec7nh thi\u1ebfu m\u00e1u. C\u0169ng v\u00ec l\u1ebd \u0111\u00f3 m\u00e0 \u0111\u00e3 c\u00f3 r\u1ea5t nhi\u1ec1u ng\u01b0\u1eddi t\u00ecm \u0111\u1ebfn tr\u00e0 sen \u0111\u1ec3 c\u1ea3i thi\u1ec7n m\u00e1u trong c\u01a1 th\u1ec3. N\u00ean s\u1eed d\u1ee5ng th\u01b0\u1eddng xuy\u00ean m\u1ed7i ng\u00e0y th\u00ec m\u1edbi c\u00f3 th\u1ec3 th\u1ea5y \u0111\u01b0\u1ee3c hi\u1ec7u qu\u1ea3 c\u1ee7a tr\u00e0.<\/p>\n<p><i><strong>5. Ng\u0103n ch\u1eb7n c\u00e1c b\u1ec7nh \u1edf \u201cv\u00f9ng k\u00edn\u201d<\/strong><\/i><\/p>\n<p>\u0110\u1ed1i v\u1edbi ph\u00e1i m\u1ea1nh, tr\u00e0 hoa sen l\u00e0 \u201cth\u1ea7n d\u01b0\u1ee3c\u201d gi\u00fap h\u1ed7 tr\u1ee3 \u0111i\u1ec1u tr\u1ecb ch\u1ee9ng xu\u1ea5t tinh s\u1edbm. \u0110\u1ed1i v\u1edbi ch\u1ecb em d\u00f9ng tr\u00e0 hoa sen th\u01b0\u1eddng xuy\u00ean th\u00ec v\u1ea5n \u0111\u1ec1 \u201cng\u00e0y \u0111\u00e8n \u0111\u1ecf\u201d s\u1ebd kh\u00f4ng c\u00f2n l\u00e0 n\u1ed5i \u00e1m \u1ea3nh n\u1eefa.<\/p>\n<p><i><strong>6. Ch\u1ed1ng ch\u1ea3y m\u00e1u<\/strong><\/i><\/p>\n<p>Do c\u00f3 ch\u1ee9a\u00a0quercetin v\u00e0 flavonoids\u00a0n\u00ean l\u00e1 sen c\u00f3 kh\u1ea3 n\u0103ng t\u00e1i\u00a0t\u1ea1o th\u00e0nh mao m\u1ea1ch nhanh ch\u00f3ng,\u00a0h\u1ea1n ch\u1ebf \u0111\u01b0\u1ee3c m\u1ed9t s\u1ed1 t\u00ecnh tr\u1ea1ng ch\u1ea3y m\u00e1u b\u00ean trong c\u01a1 th\u1ec3 nh\u01b0 \u0111i ti\u1ec3u ra m\u00e1u, ho ra m\u00e1u, ch\u1ea3y m\u00e1u d\u1ea1 d\u00e0y,\u2026 V\u00ec v\u1eady, tr\u00e0 l\u00e1 sen \u0111\u1eb7c bi\u1ec7t\u00a0ph\u00f9 h\u1ee3p v\u1edbi ng\u01b0\u1eddi l\u1edbn tu\u1ed5i,\u00a0nh\u1eefng ng\u01b0\u1eddi t\u1eebng b\u1ecb x\u01a1 c\u1ee9ng \u0111\u1ed9ng m\u1ea1ch hay tai bi\u1ebfn m\u1ea1ch m\u00e1u n\u00e3o.<\/p>\n<p>H\u01a1n th\u1ebf n\u1eefa, khi d\u00f9ng l\u00e1 sen \u0111\u1ec3 \u0111\u1eafp l\u00ean c\u00e1c v\u1ebft th\u01b0\u01a1ng b\u1ecb ch\u1ea3y m\u00e1u ngo\u00e0i da nh\u01b0 \u0111\u1ee9t tay,\u2026 c\u0169ng gi\u00fap ng\u0103n ch\u1eb7n m\u00e1u ch\u1ea3y nhi\u1ec1u h\u01a1n,\u00a0gi\u00fap c\u1ea7m m\u00e1u\u00a0nhanh ch\u00f3ng.<\/p>\n<p><i><strong>7. X\u01b0\u01a1ng ch\u1eafc kh\u1ecfe<\/strong><\/i><\/p>\n<p>Trong hoa sen c\u00f3 ch\u1ee9a nhi\u1ec1u ch\u1ea5t ph\u1ed1t pho r\u1ea5t t\u1ed1t cho x\u01b0\u01a1ng, gi\u1eef s\u1ef1 ch\u1eafc kh\u1ecfe cho h\u1ec7 th\u1ed1ng x\u01b0\u01a1ng v\u00e0 ng\u0103n ng\u1eeba s\u1ef1 lo\u00e3ng x\u01b0\u01a1ng khi v\u1ec1 gi\u00e0.<\/p>\n<p><i><strong>8. Gi\u1ea3m m\u1ee1 m\u00e1u v\u00e0 gan nhi\u1ec5m m\u1ee1\u00a0<\/strong><\/i><\/p>\n<p>V\u1edbi \u0111\u1eb7c t\u00ednh \u0111\u1eafng, m\u00f9i th\u01a1m nh\u1eb9, t\u00ednh m\u00e1t, c\u00e1c b\u1ed9 ph\u1eadn c\u1ee7a c\u00e2y sen c\u00f3 t\u00e1c d\u1ee5ng tuy\u1ec7t v\u1eddi \u0111\u1ed1i v\u1edbi s\u1ee9c kh\u1ecfe v\u00e0 l\u00e0m \u0111\u1eb9p to\u00e0n th\u00e2n cho c\u00e1c ch\u1ecb em. Ch\u1ea5t\u00a0Alkaloid v\u00e0 Flavonoid trong l\u00e1 sen c\u00f3 t\u00e1c d\u1ee5ng ch\u1ed1ng oxy h\u00f3a lipid m\u00e0ng t\u1ebf b\u00e0o gan. Ch\u00ednh v\u00ec v\u1eady, l\u00e1 sen \u0111\u01b0\u1ee3c s\u1eed d\u1ee5ng \u0111\u1ec3 ch\u1ed1ng x\u01a1 v\u1eefa \u0111\u1ed9ng m\u1ea1ch, r\u1ed1i lo\u1ea1n nh\u1ecbp tim, an th\u1ea7n v\u00e0 gi\u1ea3m m\u1ee1 m\u00e1u cho c\u01a1 th\u1ec3.<\/p>\n<p><i><strong>9. Gi\u1ea3m stress<\/strong><\/i><\/p>\n<p>U\u1ed1ng tr\u00e0 sen s\u1ebd t\u1ea1o cho ta c\u1ea3m gi\u00e1c d\u1ec5 ch\u1ecbu v\u00e0 tho\u1ea3i m\u00e1i. Gi\u00fap \u0111\u1ea7u \u00f3c b\u1ea1n trong tr\u1ea1ng th\u00e1i minh m\u1eabn, xua tan nh\u1eefng c\u0103ng th\u1eb3ng, \u00e1p l\u1ef1c trong cu\u1ed9c s\u1ed1ng.<\/p>\n<\/div>\n<\/div>\n<div>\n<div>\n<h3 class=\"text-xl my-5 font-bold\">Th\u00f4ng s\u1ed1 k\u1ef9 thu\u1eadt<\/h3>\n<div>\n<div class=\"my-2 py-2\">Th\u00e0nh ph\u1ea7n<span class=\"mlr-1\">:<\/span><span class=\"ml-1\">T\u00e2m sen nguy\u00ean ch\u1ea5t (100%)<\/span><\/div>\n<\/div>\n<\/div>\n<\/div>","protected":false},"featured_media":3249,"comment_status":"open","ping_status":"closed","template":"","meta":{"_acf_changed":false},"product_cat":[321,323],"product_tag":[],"class_list":{"0":"post-3248","1":"product","2":"type-product","3":"status-publish","4":"has-post-thumbnail","6":"product_cat-che","7":"product_cat-san-pham-tra-tu-thuc-vat-khac","9":"first","10":"instock","11":"shipping-taxable","12":"purchasable","13":"product-type-variable"},"acf":[],"_links":{"self":[{"href":"https:\/\/b2c.fairs.vn\/en\/wp-json\/wp\/v2\/product\/3248","targetHints":{"allow":["GET"]}}],"collection":[{"href":"https:\/\/b2c.fairs.vn\/en\/wp-json\/wp\/v2\/product"}],"about":[{"href":"https:\/\/b2c.fairs.vn\/en\/wp-json\/wp\/v2\/types\/product"}],"replies":[{"embeddable":true,"href":"https:\/\/b2c.fairs.vn\/en\/wp-json\/wp\/v2\/comments?post=3248"}],"version-history":[{"count":0,"href":"https:\/\/b2c.fairs.vn\/en\/wp-json\/wp\/v2\/product\/3248\/revisions"}],"wp:featuredmedia":[{"embeddable":true,"href":"https:\/\/b2c.fairs.vn\/en\/wp-json\/wp\/v2\/media\/3249"}],"wp:attachment":[{"href":"https:\/\/b2c.fairs.vn\/en\/wp-json\/wp\/v2\/media?parent=3248"}],"wp:term":[{"taxonomy":"product_cat","embeddable":true,"href":"https:\/\/b2c.fairs.vn\/en\/wp-json\/wp\/v2\/product_cat?post=3248"},{"taxonomy":"product_tag","embeddable":true,"href":"https:\/\/b2c.fairs.vn\/en\/wp-json\/wp\/v2\/product_tag?post=3248"}],"curies":[{"name":"wp","href":"https:\/\/api.w.org\/{rel}","templated":true}]}}