{"id":3240,"date":"2024-03-20T13:51:42","date_gmt":"2024-03-20T06:51:42","guid":{"rendered":"https:\/\/b2c.fairs.vn\/?post_type=product&#038;p=3240"},"modified":"2024-03-27T15:50:18","modified_gmt":"2024-03-27T08:50:18","slug":"tra-sen-vang-kim-lien","status":"publish","type":"product","link":"https:\/\/b2c.fairs.vn\/en\/product\/tra-sen-vang-kim-lien\/","title":{"rendered":"Tr\u00e0 sen v\u00e0ng Kim Li\u00ean"},"content":{"rendered":"<div>\n<div>\n<p>Gi\u1ed1ng sen v\u00e0ng \u0111\u01b0\u1ee3c tr\u1ed3ng t\u1ea1i l\u00e0ng Ho\u00e0ng Tr\u00f9 qu\u00ea ngo\u1ea1i Ch\u1ee7 t\u1ecbch H\u1ed3 Ch\u00ed Minh v\u1ed1n n\u1ed5i ti\u1ebfng x\u01b0a nay hi\u1ebfm v\u1edbi s\u1ed1 l\u01b0\u1ee3ng hoa \u00edt nh\u01b0ng h\u01b0\u01a1ng th\u01a1m v\u00e0 v\u1ecb ng\u1ecdt h\u1eadu l\u00e2u d\u00e0i, \u0111\u00e3 t\u1eeb l\u00e2u tr\u00e0 sen v\u00e0ng \u0111\u01b0\u01a1c b\u00e0 con thu h\u00e1i v\u00e0 s\u1eed d\u1ee5ng nh\u01b0 m\u1ed9t m\u00f3n qu\u00e0 qu\u00fd gi\u00e1 t\u1eeb thi\u00ean nhi\u00ean m\u00e0 ch\u1ec9 n\u01a1i \u0111\u00e2y m\u1edbi c\u00f3.<\/p>\n<p>Nh\u1eb9 nh\u00e0ng \u0111\u1eb7t nguy\u00ean b\u00f4ng hoa v\u00e0o b\u00ecnh tr\u00e0 ho\u1eb7c ly l\u1edbn, pha v\u1edbi 300ml n\u01b0\u1edbc s\u00f4i, \u0111\u1eady n\u1eafp h\u00e3m trong 5-10 ph\u00fat. C\u00f3 th\u1ec3 pha 4-6 l\u1ea7n n\u01b0\u1edbc \u0111\u1ec3 t\u1eadn d\u1ee5ng h\u1ebft tinh ch\u1ea5t trong b\u00f4ng sen c\u0169ng nh\u01b0 th\u01b0\u1edfng th\u1ee9c v\u1ebb \u0111\u1eb9p c\u1ee7a ly tr\u00e0 sen v\u1eeba \u0111\u01b0\u1ee3c th\u1ee9c t\u1ec9nh.<br \/>\n\u0110\u1eb7c t\u00ednh n\u1ed5i b\u1eadt: Gi\u00fap tinh th\u1ea7n th\u01b0 th\u00e1i, gi\u1ea3m c\u0103ng th\u1eb3ng, m\u1ec7t m\u1ecfi<\/p>\n<\/div>\n<\/div>\n<div>\n<div>\n<h3 class=\"text-xl my-5 font-bold\">Th\u00f4ng s\u1ed1 k\u1ef9 thu\u1eadt<\/h3>\n<div>\n<div class=\"my-2 py-2\">K\u00edch c\u1ee1<span class=\"mlr-1\">:<\/span><span class=\"ml-1\">100g, 110g, 120g, 150g, 230g, 500g, 50g, 90g<\/span><\/div>\n<div class=\"my-2 py-2\">Th\u00e0nh ph\u1ea7n<span class=\"mlr-1\">:<\/span><span class=\"ml-1\">Hoa sen v\u00e0ng s\u1ea5y th\u0103ng hoa<\/span><\/div>\n<\/div>\n<\/div>\n<\/div>","protected":false},"excerpt":{"rendered":"<div>\n<div>\n<p>Gi\u1ed1ng sen v\u00e0ng \u0111\u01b0\u1ee3c tr\u1ed3ng t\u1ea1i l\u00e0ng Ho\u00e0ng Tr\u00f9 qu\u00ea ngo\u1ea1i Ch\u1ee7 t\u1ecbch H\u1ed3 Ch\u00ed Minh v\u1ed1n n\u1ed5i ti\u1ebfng x\u01b0a nay hi\u1ebfm v\u1edbi s\u1ed1 l\u01b0\u1ee3ng hoa \u00edt nh\u01b0ng h\u01b0\u01a1ng th\u01a1m v\u00e0 v\u1ecb ng\u1ecdt h\u1eadu l\u00e2u d\u00e0i, \u0111\u00e3 t\u1eeb l\u00e2u tr\u00e0 sen v\u00e0ng \u0111\u01b0\u01a1c b\u00e0 con thu h\u00e1i v\u00e0 s\u1eed d\u1ee5ng nh\u01b0 m\u1ed9t m\u00f3n qu\u00e0 qu\u00fd gi\u00e1 t\u1eeb thi\u00ean nhi\u00ean m\u00e0 ch\u1ec9 n\u01a1i \u0111\u00e2y m\u1edbi c\u00f3.<\/p>\n<p>Nh\u1eb9 nh\u00e0ng \u0111\u1eb7t nguy\u00ean b\u00f4ng hoa v\u00e0o b\u00ecnh tr\u00e0 ho\u1eb7c ly l\u1edbn, pha v\u1edbi 300ml n\u01b0\u1edbc s\u00f4i, \u0111\u1eady n\u1eafp h\u00e3m trong 5-10 ph\u00fat. C\u00f3 th\u1ec3 pha 4-6 l\u1ea7n n\u01b0\u1edbc \u0111\u1ec3 t\u1eadn d\u1ee5ng h\u1ebft tinh ch\u1ea5t trong b\u00f4ng sen c\u0169ng nh\u01b0 th\u01b0\u1edfng th\u1ee9c v\u1ebb \u0111\u1eb9p c\u1ee7a ly tr\u00e0 sen v\u1eeba \u0111\u01b0\u1ee3c th\u1ee9c t\u1ec9nh.<br \/>\n\u0110\u1eb7c t\u00ednh n\u1ed5i b\u1eadt: Gi\u00fap tinh th\u1ea7n th\u01b0 th\u00e1i, gi\u1ea3m c\u0103ng th\u1eb3ng, m\u1ec7t m\u1ecfi<\/p>\n<\/div>\n<\/div>\n<div>\n<div>\n<h3 class=\"text-xl my-5 font-bold\">Th\u00f4ng s\u1ed1 k\u1ef9 thu\u1eadt<\/h3>\n<div>\n<div class=\"my-2 py-2\">K\u00edch c\u1ee1<span class=\"mlr-1\">:<\/span><span class=\"ml-1\">100g, 110g, 120g, 150g, 230g, 500g, 50g, 90g<\/span><\/div>\n<div class=\"my-2 py-2\">Th\u00e0nh ph\u1ea7n<span class=\"mlr-1\">:<\/span><span class=\"ml-1\">Hoa sen v\u00e0ng s\u1ea5y th\u0103ng hoa<\/span><\/div>\n<\/div>\n<\/div>\n<\/div>","protected":false},"featured_media":3243,"comment_status":"open","ping_status":"closed","template":"","meta":{"_acf_changed":false},"product_cat":[321,22,323],"product_tag":[],"class_list":{"0":"post-3240","1":"product","2":"type-product","3":"status-publish","4":"has-post-thumbnail","6":"product_cat-che","7":"product_cat-sanphamthucpham","8":"product_cat-san-pham-tra-tu-thuc-vat-khac","10":"first","11":"instock","12":"shipping-taxable","13":"purchasable","14":"product-type-simple"},"acf":[],"_links":{"self":[{"href":"https:\/\/b2c.fairs.vn\/en\/wp-json\/wp\/v2\/product\/3240","targetHints":{"allow":["GET"]}}],"collection":[{"href":"https:\/\/b2c.fairs.vn\/en\/wp-json\/wp\/v2\/product"}],"about":[{"href":"https:\/\/b2c.fairs.vn\/en\/wp-json\/wp\/v2\/types\/product"}],"replies":[{"embeddable":true,"href":"https:\/\/b2c.fairs.vn\/en\/wp-json\/wp\/v2\/comments?post=3240"}],"version-history":[{"count":0,"href":"https:\/\/b2c.fairs.vn\/en\/wp-json\/wp\/v2\/product\/3240\/revisions"}],"wp:featuredmedia":[{"embeddable":true,"href":"https:\/\/b2c.fairs.vn\/en\/wp-json\/wp\/v2\/media\/3243"}],"wp:attachment":[{"href":"https:\/\/b2c.fairs.vn\/en\/wp-json\/wp\/v2\/media?parent=3240"}],"wp:term":[{"taxonomy":"product_cat","embeddable":true,"href":"https:\/\/b2c.fairs.vn\/en\/wp-json\/wp\/v2\/product_cat?post=3240"},{"taxonomy":"product_tag","embeddable":true,"href":"https:\/\/b2c.fairs.vn\/en\/wp-json\/wp\/v2\/product_tag?post=3240"}],"curies":[{"name":"wp","href":"https:\/\/api.w.org\/{rel}","templated":true}]}}