{"id":3227,"date":"2024-03-20T13:44:22","date_gmt":"2024-03-20T06:44:22","guid":{"rendered":"https:\/\/b2c.fairs.vn\/?post_type=product&#038;p=3227"},"modified":"2024-04-10T14:12:45","modified_gmt":"2024-04-10T07:12:45","slug":"bao-bi-kim-loai","status":"publish","type":"product","link":"https:\/\/b2c.fairs.vn\/en\/product\/bao-bi-kim-loai\/","title":{"rendered":"Bao b\u00ec kim lo\u1ea1i"},"content":{"rendered":"<p>Bao b\u00ec kim lo\u1ea1i c\u00f3 t\u00ednh ch\u1ea5t ch\u1ecbu nhi\u1ec7t cao v\u00e0 kh\u1ea3 n\u0103ng truy\u1ec1n nhi\u1ec7t cao, do \u0111\u00f3 th\u1ef1c ph\u1ea9m c\u00e1c lo\u1ea1i c\u00f3 th\u1ec3 \u0111\u00f3ng h\u1ed9p, thanh tr\u00f9ng ho\u1eb7c ti\u1ec7t tr\u00f9ng v\u1edbi ch\u1ebf \u0111\u1ed9 th\u00edch h\u1ee3p \u0111\u1ea3m b\u1ea3o an to\u00e0n v\u1ec7 sinh<\/p>\n<ul>\n<li>\u0110\u1ed9 b\u1ec1n c\u01a1 h\u1ecdc cao<\/li>\n<li>Nh\u1eb9, thu\u1eadn l\u1ee3i cho di chuy\u1ec3n<\/li>\n<li>\u0110\u1ea3m b\u1ea3o \u0111\u1ed9 k\u00edn v\u00ec th\u00e2n, n\u1eafp, \u0111\u00e1y \u0111\u1ec1u c\u00f3 th\u1ec3 l\u00e0m c\u00f9ng m\u1ed9t lo\u1ea1i v\u1eadt li\u1ec7u n\u00ean bao b\u00ec kh\u00f4ng b\u1ecb l\u00e3o h\u00f3a theo th\u1eddi gian<\/li>\n<li>Ch\u1ed1ng \u00e1nh s\u00e1ng th\u01b0\u1eddng c\u0169ng nh\u01b0 tia c\u1ef1c t\u00edm t\u00e1c \u0111\u1ed9ng v\u00e0o th\u1ef1c ph\u1ea9m<\/li>\n<li>Bao b\u00ec kim lo\u1ea1i c\u00f3 t\u00ednh ch\u1ea5t ch\u1ecbu nhi\u1ec7t \u0111\u1ed9 cao v\u00e0 kh\u1ea3 n\u0103ng truy\u1ec1n nhi\u1ec7t cao, do \u0111\u00f3 th\u1ef1c ph\u1ea9m c\u00e1c lo\u1ea1i c\u00f3 th\u1ec3 \u0111\u00f3ng h\u1ed9p, thanh tr\u00f9ng ho\u1eb7c ti\u1ec7t tr\u00f9ng v\u1edbi ch\u1ebf \u0111\u1ed9 th\u00edch h\u1ee3p \u0111\u1ea3m b\u1ea3o an to\u00e0n v\u1ec7 sinh<\/li>\n<\/ul>","protected":false},"excerpt":{"rendered":"<p>Bao b\u00ec kim lo\u1ea1i c\u00f3 t\u00ednh ch\u1ea5t ch\u1ecbu nhi\u1ec7t cao v\u00e0 kh\u1ea3 n\u0103ng truy\u1ec1n nhi\u1ec7t cao, do \u0111\u00f3 th\u1ef1c ph\u1ea9m<\/p>","protected":false},"featured_media":3228,"comment_status":"open","ping_status":"closed","template":"","meta":{"_acf_changed":false},"product_cat":[529],"product_tag":[],"class_list":{"0":"post-3227","1":"product","2":"type-product","3":"status-publish","4":"has-post-thumbnail","6":"product_cat-khac","8":"first","9":"instock","10":"shipping-taxable","11":"product-type-simple"},"acf":[],"_links":{"self":[{"href":"https:\/\/b2c.fairs.vn\/en\/wp-json\/wp\/v2\/product\/3227","targetHints":{"allow":["GET"]}}],"collection":[{"href":"https:\/\/b2c.fairs.vn\/en\/wp-json\/wp\/v2\/product"}],"about":[{"href":"https:\/\/b2c.fairs.vn\/en\/wp-json\/wp\/v2\/types\/product"}],"replies":[{"embeddable":true,"href":"https:\/\/b2c.fairs.vn\/en\/wp-json\/wp\/v2\/comments?post=3227"}],"version-history":[{"count":0,"href":"https:\/\/b2c.fairs.vn\/en\/wp-json\/wp\/v2\/product\/3227\/revisions"}],"wp:featuredmedia":[{"embeddable":true,"href":"https:\/\/b2c.fairs.vn\/en\/wp-json\/wp\/v2\/media\/3228"}],"wp:attachment":[{"href":"https:\/\/b2c.fairs.vn\/en\/wp-json\/wp\/v2\/media?parent=3227"}],"wp:term":[{"taxonomy":"product_cat","embeddable":true,"href":"https:\/\/b2c.fairs.vn\/en\/wp-json\/wp\/v2\/product_cat?post=3227"},{"taxonomy":"product_tag","embeddable":true,"href":"https:\/\/b2c.fairs.vn\/en\/wp-json\/wp\/v2\/product_tag?post=3227"}],"curies":[{"name":"wp","href":"https:\/\/api.w.org\/{rel}","templated":true}]}}