{"id":3225,"date":"2024-03-20T13:44:53","date_gmt":"2024-03-20T06:44:53","guid":{"rendered":"https:\/\/b2c.fairs.vn\/?post_type=product&#038;p=3225"},"modified":"2024-03-27T15:21:32","modified_gmt":"2024-03-27T08:21:32","slug":"tinh-bot-cu-sen","status":"publish","type":"product","link":"https:\/\/b2c.fairs.vn\/en\/product\/tinh-bot-cu-sen\/","title":{"rendered":"Tinh b\u1ed9t c\u1ee7 sen"},"content":{"rendered":"<div>\n<div>\n<h3><strong>Tinh b\u1ed9t c\u1ee7 sen qu\u00ea B\u00e1c<\/strong><\/h3>\n<p>C\u1ea3i thi\u1ec7n ch\u1ee9c n\u0103ng mi\u1ec5n d\u1ecbch: B\u1ed9t c\u1ee7 sen ch\u1ee9a nhi\u1ec1u kho\u00e1ng ch\u1ea5t quan tr\u1ecdng nh\u01b0 magi\u00ea, s\u1eaft. C\u00e1c kho\u00e1ng ch\u1ea5t n\u00e0y c\u00f3 vai tr\u00f2 quan tr\u1ecdng trong ho\u1ea1t \u0111\u1ed9ng c\u1ee7a enzim. Ngo\u00e0i ra s\u1eaft gi\u00fap t\u00e1i sinh c\u00e1c t\u1ebf b\u00e0o m\u00e1u. H\u1ed7 tr\u1ee3 ti\u00eau h\u00f3a: B\u1ed9t c\u1ee7 sen l\u00e0 ngu\u1ed3n cung ch\u1ea5t x\u01a1 t\u1ef1 nhi\u00ean l\u00e0m ch\u1eadm qu\u00e1 tr\u00ecnh ti\u00eau h\u00f3a carbohydrate ph\u1ee9c t\u1ea1p, gi\u1ea3m l\u01b0\u1ee3ng cholesterol trong m\u00e1u.<\/p>\n<p>&nbsp;<\/p>\n<p>Ki\u1ec3m so\u00e1t th\u1ea7n kinh:\u00a0B\u1ed9t c\u1ee7 sen c\u00f2n ch\u1ee9a nhi\u1ec1u vitamin B6. Vitamin B6 l\u00e0 m\u1ed9t coenzym quan tr\u1ecdng trong t\u1ed5ng h\u1ee3p h\u00f3a h\u1ecdc t\u00e1c \u0111\u1ed9ng \u0111\u1ebfn t\u00e2m tr\u1ea1ng. L\u01b0\u1ee3ng pyridoxine \u0111\u1ea7y \u0111\u1ee7 gi\u00fap ta ki\u1ec3m so\u00e1t \u0111au \u0111\u1ea7u, c\u0103ng th\u1eb3ng, lo l\u1eafng v\u00e0 th\u1ea5t v\u1ecdng.<\/p>\n<p>&nbsp;<\/p>\n<p>\u0110i\u1ec1u h\u00f2a huy\u1ebft \u00e1p:\u00a0S\u1ef1 c\u00e2n b\u1eb1ng natri v\u00e0 kali \u1edf t\u1ef7 l\u1ec7 h\u1ee3p l\u00fd t\u1ea1o n\u00ean v\u1ecb ng\u1ecdt gi\u00f2n c\u1ee7a sen. Natri ki\u1ec3m so\u00e1t s\u1ef1 ti\u1ebft m\u1ed3 h\u00f4i c\u1ee7a c\u01a1 th\u1ec3 c\u00f2n kali c\u00f3 vai tr\u00f2 \u0111i\u1ec1u h\u00f2a nh\u1ecbp tim v\u00e0 huy\u1ebft \u00e1p \u1edf m\u1ee9c \u1ed5n \u0111\u1ecbnh C\u1ea7m m\u00e1u:\u00a0Y h\u1ecdc c\u1ed5 truy\u1ec1n Trung Qu\u1ed1c s\u1eed d\u1ee5ng n\u01b0\u1edbc \u00e9p c\u1ee7 sen \u0111\u1ec3 ng\u0103n ch\u1eb7n ch\u1ea3y m\u00e1u trong th\u1ef1c qu\u1ea3n, ru\u1ed9t, d\u1ea1 d\u00e0y, \u0111\u1ea1i tr\u00e0ng v\u00e0 ch\u1ea3y m\u00e1u m\u0169i.<\/p>\n<p>&nbsp;<\/p>\n<p>T\u00e1o b\u00f3n ho\u1eb7c ti\u00eau ch\u1ea3y:\u00a0N\u01b0\u1edbc \u00e9p c\u1ee7 sen \u0111i\u1ec1u h\u00f2a ho\u1ea1t \u0111\u1ed9ng c\u1ee7a d\u1ea1 d\u00e0y v\u00e0 ru\u1ed9t non, gi\u00fap ng\u0103n ch\u1eb7n t\u00e1o b\u00f3n v\u00e0 ti\u00eau ch\u1ea3y. \u0102n c\u1ee7 sen gi\u00fap ng\u0103n ng\u1eeba c\u00e1c b\u1ec7nh, s\u1ef1 t\u1ed5n th\u01b0\u01a1ng \u0111\u1ea1i tr\u00e0ng v\u00e0 ru\u1ed9t. M\u1ed7i ng\u00e0y u\u1ed1ng m\u1ed9t c\u1ed1c n\u01b0\u1edbc \u00e9p c\u1ee7 sen v\u1edbi g\u1eebng s\u1ebd gi\u00fap h\u1ec7 ti\u00eau h\u00f3a ho\u1ea1t \u0111\u1ed9ng t\u1ed1t h\u01a1n.<\/p>\n<p>&nbsp;<\/p>\n<p>Cung c\u1ea5p n\u0103ng l\u01b0\u1ee3ng cho c\u01a1 th\u1ec3:\u00a0C\u1ee7 sen h\u1ea5p th\u1ee5 ch\u1ea5t dinh d\u01b0\u1ee1ng trong \u0111\u1ea5t v\u00e0 n\u01b0\u1edbc r\u1ed3i chuy\u1ec3n h\u00f3a th\u00e0nh n\u0103ng l\u01b0\u1ee3ng d\u01b0\u1edbi d\u1ea1ng tinh b\u1ed9t. Y h\u1ecdc ph\u01b0\u01a1ng \u0110\u00f4ng cho r\u1eb1ng c\u1ee7 sen l\u00e0 ngu\u1ed3n cung c\u1ea5p n\u0103ng l\u01b0\u1ee3ng s\u1ea1ch cho c\u01a1 th\u1ec3.<\/p>\n<p>&nbsp;<\/p>\n<p>B\u1ea3o v\u1ec7 tim:\u00a0C\u1ee7 sen cung c\u1ea5p c\u00e1c vitamin nh\u00f3m B nh\u01b0 vitamin B6, niacin, acid pantothenic, riboflavin v\u00e0 thiamin\u2026 N\u00f3 b\u1ea3o v\u1ec7 tim tr\u00e1nh c\u00e1c c\u01a1n \u0111au ch\u1ec9 \u0111\u01a1n gi\u1ea3n b\u1eb1ng c\u00e1ch ki\u1ec3m so\u00e1t c\u01b0\u1eddng \u0111\u1ed9 homocysteine \u200b\u200btrong m\u00e1u \u2013 nguy\u00ean nh\u00e2n d\u1eabn \u0111\u1ebfn \u0111au tim. C\u00e1ch s\u1eed d\u1ee5ng b\u1ed9t c\u1ee7 sen D\u00f9ng \u0111\u1ec3 tr\u1ecb ho, c\u1ea3m l\u1ea1nh, ho g\u00e0, hay c\u00e1c lo\u1ea1i ho c\u1ee7a tr\u1ebb. \u0110un 1 th\u00eca c\u00e0 ph\u00ea v\u1edbi 1 t\u00e1ch n\u01b0\u1edbc (70cc-100cc), th\u00eam ch\u00fat mu\u1ed1i bi\u1ec3n v\u00e0 2,3 gi\u1ecdt n\u01b0\u1edbc g\u1eebng. \u0110un nh\u1ecf l\u1eeda khi n\u00e0o b\u1eaft \u0111\u1ea7u s\u00f4i th\u00ec t\u1eaft ngay b\u1ebfp. U\u1ed1ng n\u00f3ng. D\u00f9ng n\u1ea5u s\u00fap b\u1ed5 d\u01b0\u1ee1ng b\u1eb1ng c\u00e1ch th\u00eam ch\u00fat b\u1ed9t s\u1eafn d\u00e2y \u0111un l\u1eabn c\u00f9ng v\u00e0i gi\u1ecdt t\u01b0\u01a1ng tamari. M\u00f3n n\u00e0y t\u1ed1t cho ng\u01b0\u1eddi b\u1ecb ung th\u01b0 ph\u1ed5i. C\u0169ng nh\u01b0 nh\u1eefng ng\u01b0\u1eddi l\u00e0m MC, ca s\u0129, nh\u00e0 gi\u00e1o, nh\u1eefng ngh\u1ec1 ph\u1ea3i n\u00f3i nhi\u1ec1u.<\/p>\n<p>&nbsp;<\/p>\n<p>Ngo\u00e0i ra, c\u00f3 th\u1ec3 d\u00f9ng l\u00e0m b\u00e1nh, d\u00f9ng \u0111\u1ec3 \u0111\u1eafp m\u1eb7t n\u1ea1 l\u00e0m \u0111\u1eb9p. L\u1ea5y 2 mu\u1ed7ng b\u1ed9t c\u1ee7 sen tr\u1ed9n v\u1edbi 1\/2 mu\u1ed7ng m\u1eadt ong c\u00f9ng 20ml n\u01b0\u1edbc ho\u1eb7c s\u1eefa t\u01b0\u01a1i. Thoa \u0111\u1ec1u l\u00ean m\u1eb7t v\u00e0 r\u1eeda s\u1ea1ch sau 15 ph\u00fat. T\u00e1c d\u1ee5ng r\u1ea5t t\u1ed1t cho ng\u01b0\u1eddi da d\u1ea7u v\u00e0 tr\u1ecb m\u1ee5n. C\u0169ng c\u00f3 th\u1ec3 d\u00f9ng b\u1eb1ng c\u00e1ch l\u1ea5y 2 mu\u1ed7ng b\u1ed9t c\u1ee7 sen nguy\u00ean ch\u1ea5t. H\u00f2a v\u1edbi 20ml hydrosol n\u01b0\u1edbc hoa h\u1ed3ng ho\u1eb7c n\u01b0\u1edbc hoa cam. Thoa \u0111\u1ec1u l\u00ean m\u1eb7t v\u00e0 r\u1eeda s\u1ea1ch sau 15 ph\u00fat s\u1ebd r\u1ea5t s\u00e1ng da v\u00e0 se kh\u00edt l\u1ed7 ch\u00e2n l\u00f4ng.<\/p>\n<\/div>\n<\/div>\n<div>\n<div>\n<h3 class=\"text-xl my-5 font-bold\">Th\u00f4ng s\u1ed1 k\u1ef9 thu\u1eadt<\/h3>\n<div>\n<div class=\"my-2 py-2\">Gi\u00e1<span class=\"mlr-1\">:<\/span><span class=\"ml-1\">280.000vn\u0111 &#8211; 500.000vn\u0111<\/span><\/div>\n<div class=\"my-2 py-2\">K\u00edch c\u1ee1<span class=\"mlr-1\">:<\/span><span class=\"ml-1\">100g, 110g, 120g, 150g, 230g, 250g, 500g, 50g, 90g<\/span><\/div>\n<\/div>\n<\/div>\n<\/div>","protected":false},"excerpt":{"rendered":"<div>\n<div>\n<h3><strong>Tinh b\u1ed9t c\u1ee7 sen qu\u00ea B\u00e1c<\/strong><\/h3>\n<p>C\u1ea3i thi\u1ec7n ch\u1ee9c n\u0103ng mi\u1ec5n d\u1ecbch: B\u1ed9t c\u1ee7 sen ch\u1ee9a nhi\u1ec1u kho\u00e1ng ch\u1ea5t quan tr\u1ecdng nh\u01b0 magi\u00ea, s\u1eaft. C\u00e1c kho\u00e1ng ch\u1ea5t n\u00e0y c\u00f3 vai tr\u00f2 quan tr\u1ecdng trong ho\u1ea1t \u0111\u1ed9ng c\u1ee7a enzim. Ngo\u00e0i ra s\u1eaft gi\u00fap t\u00e1i sinh c\u00e1c t\u1ebf b\u00e0o m\u00e1u. H\u1ed7 tr\u1ee3 ti\u00eau h\u00f3a: B\u1ed9t c\u1ee7 sen l\u00e0 ngu\u1ed3n cung ch\u1ea5t x\u01a1 t\u1ef1 nhi\u00ean l\u00e0m ch\u1eadm qu\u00e1 tr\u00ecnh ti\u00eau h\u00f3a carbohydrate ph\u1ee9c t\u1ea1p, gi\u1ea3m l\u01b0\u1ee3ng cholesterol trong m\u00e1u.<\/p>\n<p>&nbsp;<\/p>\n<p>Ki\u1ec3m so\u00e1t th\u1ea7n kinh:\u00a0B\u1ed9t c\u1ee7 sen c\u00f2n ch\u1ee9a nhi\u1ec1u vitamin B6. Vitamin B6 l\u00e0 m\u1ed9t coenzym quan tr\u1ecdng trong t\u1ed5ng h\u1ee3p h\u00f3a h\u1ecdc t\u00e1c \u0111\u1ed9ng \u0111\u1ebfn t\u00e2m tr\u1ea1ng. L\u01b0\u1ee3ng pyridoxine \u0111\u1ea7y \u0111\u1ee7 gi\u00fap ta ki\u1ec3m so\u00e1t \u0111au \u0111\u1ea7u, c\u0103ng th\u1eb3ng, lo l\u1eafng v\u00e0 th\u1ea5t v\u1ecdng.<\/p>\n<p>&nbsp;<\/p>\n<p>\u0110i\u1ec1u h\u00f2a huy\u1ebft \u00e1p:\u00a0S\u1ef1 c\u00e2n b\u1eb1ng natri v\u00e0 kali \u1edf t\u1ef7 l\u1ec7 h\u1ee3p l\u00fd t\u1ea1o n\u00ean v\u1ecb ng\u1ecdt gi\u00f2n c\u1ee7a sen. Natri ki\u1ec3m so\u00e1t s\u1ef1 ti\u1ebft m\u1ed3 h\u00f4i c\u1ee7a c\u01a1 th\u1ec3 c\u00f2n kali c\u00f3 vai tr\u00f2 \u0111i\u1ec1u h\u00f2a nh\u1ecbp tim v\u00e0 huy\u1ebft \u00e1p \u1edf m\u1ee9c \u1ed5n \u0111\u1ecbnh C\u1ea7m m\u00e1u:\u00a0Y h\u1ecdc c\u1ed5 truy\u1ec1n Trung Qu\u1ed1c s\u1eed d\u1ee5ng n\u01b0\u1edbc \u00e9p c\u1ee7 sen \u0111\u1ec3 ng\u0103n ch\u1eb7n ch\u1ea3y m\u00e1u trong th\u1ef1c qu\u1ea3n, ru\u1ed9t, d\u1ea1 d\u00e0y, \u0111\u1ea1i tr\u00e0ng v\u00e0 ch\u1ea3y m\u00e1u m\u0169i.<\/p>\n<p>&nbsp;<\/p>\n<p>T\u00e1o b\u00f3n ho\u1eb7c ti\u00eau ch\u1ea3y:\u00a0N\u01b0\u1edbc \u00e9p c\u1ee7 sen \u0111i\u1ec1u h\u00f2a ho\u1ea1t \u0111\u1ed9ng c\u1ee7a d\u1ea1 d\u00e0y v\u00e0 ru\u1ed9t non, gi\u00fap ng\u0103n ch\u1eb7n t\u00e1o b\u00f3n v\u00e0 ti\u00eau ch\u1ea3y. \u0102n c\u1ee7 sen gi\u00fap ng\u0103n ng\u1eeba c\u00e1c b\u1ec7nh, s\u1ef1 t\u1ed5n th\u01b0\u01a1ng \u0111\u1ea1i tr\u00e0ng v\u00e0 ru\u1ed9t. M\u1ed7i ng\u00e0y u\u1ed1ng m\u1ed9t c\u1ed1c n\u01b0\u1edbc \u00e9p c\u1ee7 sen v\u1edbi g\u1eebng s\u1ebd gi\u00fap h\u1ec7 ti\u00eau h\u00f3a ho\u1ea1t \u0111\u1ed9ng t\u1ed1t h\u01a1n.<\/p>\n<p>&nbsp;<\/p>\n<p>Cung c\u1ea5p n\u0103ng l\u01b0\u1ee3ng cho c\u01a1 th\u1ec3:\u00a0C\u1ee7 sen h\u1ea5p th\u1ee5 ch\u1ea5t dinh d\u01b0\u1ee1ng trong \u0111\u1ea5t v\u00e0 n\u01b0\u1edbc r\u1ed3i chuy\u1ec3n h\u00f3a th\u00e0nh n\u0103ng l\u01b0\u1ee3ng d\u01b0\u1edbi d\u1ea1ng tinh b\u1ed9t. Y h\u1ecdc ph\u01b0\u01a1ng \u0110\u00f4ng cho r\u1eb1ng c\u1ee7 sen l\u00e0 ngu\u1ed3n cung c\u1ea5p n\u0103ng l\u01b0\u1ee3ng s\u1ea1ch cho c\u01a1 th\u1ec3.<\/p>\n<p>&nbsp;<\/p>\n<p>B\u1ea3o v\u1ec7 tim:\u00a0C\u1ee7 sen cung c\u1ea5p c\u00e1c vitamin nh\u00f3m B nh\u01b0 vitamin B6, niacin, acid pantothenic, riboflavin v\u00e0 thiamin\u2026 N\u00f3 b\u1ea3o v\u1ec7 tim tr\u00e1nh c\u00e1c c\u01a1n \u0111au ch\u1ec9 \u0111\u01a1n gi\u1ea3n b\u1eb1ng c\u00e1ch ki\u1ec3m so\u00e1t c\u01b0\u1eddng \u0111\u1ed9 homocysteine \u200b\u200btrong m\u00e1u \u2013 nguy\u00ean nh\u00e2n d\u1eabn \u0111\u1ebfn \u0111au tim. C\u00e1ch s\u1eed d\u1ee5ng b\u1ed9t c\u1ee7 sen D\u00f9ng \u0111\u1ec3 tr\u1ecb ho, c\u1ea3m l\u1ea1nh, ho g\u00e0, hay c\u00e1c lo\u1ea1i ho c\u1ee7a tr\u1ebb. \u0110un 1 th\u00eca c\u00e0 ph\u00ea v\u1edbi 1 t\u00e1ch n\u01b0\u1edbc (70cc-100cc), th\u00eam ch\u00fat mu\u1ed1i bi\u1ec3n v\u00e0 2,3 gi\u1ecdt n\u01b0\u1edbc g\u1eebng. \u0110un nh\u1ecf l\u1eeda khi n\u00e0o b\u1eaft \u0111\u1ea7u s\u00f4i th\u00ec t\u1eaft ngay b\u1ebfp. U\u1ed1ng n\u00f3ng. D\u00f9ng n\u1ea5u s\u00fap b\u1ed5 d\u01b0\u1ee1ng b\u1eb1ng c\u00e1ch th\u00eam ch\u00fat b\u1ed9t s\u1eafn d\u00e2y \u0111un l\u1eabn c\u00f9ng v\u00e0i gi\u1ecdt t\u01b0\u01a1ng tamari. M\u00f3n n\u00e0y t\u1ed1t cho ng\u01b0\u1eddi b\u1ecb ung th\u01b0 ph\u1ed5i. C\u0169ng nh\u01b0 nh\u1eefng ng\u01b0\u1eddi l\u00e0m MC, ca s\u0129, nh\u00e0 gi\u00e1o, nh\u1eefng ngh\u1ec1 ph\u1ea3i n\u00f3i nhi\u1ec1u.<\/p>\n<p>&nbsp;<\/p>\n<p>Ngo\u00e0i ra, c\u00f3 th\u1ec3 d\u00f9ng l\u00e0m b\u00e1nh, d\u00f9ng \u0111\u1ec3 \u0111\u1eafp m\u1eb7t n\u1ea1 l\u00e0m \u0111\u1eb9p. L\u1ea5y 2 mu\u1ed7ng b\u1ed9t c\u1ee7 sen tr\u1ed9n v\u1edbi 1\/2 mu\u1ed7ng m\u1eadt ong c\u00f9ng 20ml n\u01b0\u1edbc ho\u1eb7c s\u1eefa t\u01b0\u01a1i. Thoa \u0111\u1ec1u l\u00ean m\u1eb7t v\u00e0 r\u1eeda s\u1ea1ch sau 15 ph\u00fat. T\u00e1c d\u1ee5ng r\u1ea5t t\u1ed1t cho ng\u01b0\u1eddi da d\u1ea7u v\u00e0 tr\u1ecb m\u1ee5n. C\u0169ng c\u00f3 th\u1ec3 d\u00f9ng b\u1eb1ng c\u00e1ch l\u1ea5y 2 mu\u1ed7ng b\u1ed9t c\u1ee7 sen nguy\u00ean ch\u1ea5t. H\u00f2a v\u1edbi 20ml hydrosol n\u01b0\u1edbc hoa h\u1ed3ng ho\u1eb7c n\u01b0\u1edbc hoa cam. Thoa \u0111\u1ec1u l\u00ean m\u1eb7t v\u00e0 r\u1eeda s\u1ea1ch sau 15 ph\u00fat s\u1ebd r\u1ea5t s\u00e1ng da v\u00e0 se kh\u00edt l\u1ed7 ch\u00e2n l\u00f4ng.<\/p>\n<\/div>\n<\/div>\n<div>\n<div>\n<h3 class=\"text-xl my-5 font-bold\">Th\u00f4ng s\u1ed1 k\u1ef9 thu\u1eadt<\/h3>\n<div>\n<div class=\"my-2 py-2\">Gi\u00e1<span class=\"mlr-1\">:<\/span><span class=\"ml-1\">280.000vn\u0111 &#8211; 500.000vn\u0111<\/span><\/div>\n<div class=\"my-2 py-2\">K\u00edch c\u1ee1<span class=\"mlr-1\">:<\/span><span class=\"ml-1\">100g, 110g, 120g, 150g, 230g, 250g, 500g, 50g, 90g<\/span><\/div>\n<\/div>\n<\/div>\n<\/div>","protected":false},"featured_media":3226,"comment_status":"open","ping_status":"closed","template":"","meta":{"_acf_changed":false},"product_cat":[316,22,313],"product_tag":[],"class_list":{"0":"post-3225","1":"product","2":"type-product","3":"status-publish","4":"has-post-thumbnail","6":"product_cat-che-bien-tu-rau-cu-qua-hat","7":"product_cat-sanphamthucpham","8":"product_cat-thuc-pham-che-bien","10":"first","11":"instock","12":"shipping-taxable","13":"purchasable","14":"product-type-variable"},"acf":[],"_links":{"self":[{"href":"https:\/\/b2c.fairs.vn\/en\/wp-json\/wp\/v2\/product\/3225","targetHints":{"allow":["GET"]}}],"collection":[{"href":"https:\/\/b2c.fairs.vn\/en\/wp-json\/wp\/v2\/product"}],"about":[{"href":"https:\/\/b2c.fairs.vn\/en\/wp-json\/wp\/v2\/types\/product"}],"replies":[{"embeddable":true,"href":"https:\/\/b2c.fairs.vn\/en\/wp-json\/wp\/v2\/comments?post=3225"}],"version-history":[{"count":0,"href":"https:\/\/b2c.fairs.vn\/en\/wp-json\/wp\/v2\/product\/3225\/revisions"}],"wp:featuredmedia":[{"embeddable":true,"href":"https:\/\/b2c.fairs.vn\/en\/wp-json\/wp\/v2\/media\/3226"}],"wp:attachment":[{"href":"https:\/\/b2c.fairs.vn\/en\/wp-json\/wp\/v2\/media?parent=3225"}],"wp:term":[{"taxonomy":"product_cat","embeddable":true,"href":"https:\/\/b2c.fairs.vn\/en\/wp-json\/wp\/v2\/product_cat?post=3225"},{"taxonomy":"product_tag","embeddable":true,"href":"https:\/\/b2c.fairs.vn\/en\/wp-json\/wp\/v2\/product_tag?post=3225"}],"curies":[{"name":"wp","href":"https:\/\/api.w.org\/{rel}","templated":true}]}}