{"id":3200,"date":"2024-03-20T13:34:13","date_gmt":"2024-03-20T06:34:13","guid":{"rendered":"https:\/\/b2c.fairs.vn\/?post_type=product&#038;p=3200"},"modified":"2024-03-27T15:12:43","modified_gmt":"2024-03-27T08:12:43","slug":"hat-sen-say","status":"publish","type":"product","link":"https:\/\/b2c.fairs.vn\/en\/product\/hat-sen-say\/","title":{"rendered":"H\u1ea1t Sen S\u1ea5y"},"content":{"rendered":"<div>\n<div>\n<p>H\u1ea1t sen s\u1ea5y th\u00ec n\u00ean mua \u1edf \u0111\u00e2u \u0111\u1ec3 \u0111\u1ea3m b\u1ea3o \u0111\u01b0\u1ee3c \u0111\u1ed9 th\u01a1m ngon, dinh d\u01b0\u1ee1ng. H\u1ea1t sen \u0111\u01b0\u1ee3c tuy\u1ec3n ch\u1ecdn k\u0129 l\u01b0\u1ee1ng \u0111\u1ec3 c\u00f3 th\u1ec3 l\u00e0m qu\u00e0 bi\u1ebfu, g\u1eedi t\u1eb7ng ng\u01b0\u1eddi th\u00e2n gia \u0111\u00ecnh v\u00e0 b\u1ea1n b\u00e8. N\u1ebfu b\u1ea1n \u0111ang b\u0103n kho\u0103n ch\u01b0a bi\u1ebft ch\u1ecdn \u0111\u1ecba \u0111i\u1ec3m mua h\u1ea1t sen s\u1ea5y. Th\u00ec nh\u1eefng th\u00f4ng tin trong b\u00e0i vi\u1ebft n\u00e0y s\u1ebd g\u1ee3i \u00fd \u0111\u1ebfn b\u1ea1n \u0111\u1ecba ch\u1ec9 mua h\u1ea1t sen ch\u1ea5t l\u01b0\u1ee3ng v\u00e0 gi\u00e1 c\u1ea3 h\u1ee3p l\u00fd nh\u1ea5t.<\/p>\n<h3><strong>V\u00ec sao m\u00e0 h\u1ea1t sen s\u1ea5y l\u1ea1i \u0111\u01b0\u1ee3c y\u00eau th\u00edch \u0111\u1ebfn v\u1eady?<\/strong><\/h3>\n<p>Trong t\u1ea5t c\u1ea3 c\u00e1c b\u1ed9 ph\u1eadn c\u1ee7a sen.\u00a0<strong>H\u1ea1t sen<\/strong>\u00a0\u0111\u01b0\u1ee3c nhi\u1ec1u ng\u01b0\u1eddi y\u00eau th\u00edch b\u1edfi n\u00f3 l\u00e0 th\u00e0nh ph\u1ea7n g\u1ea7n nh\u01b0 l\u00e0: N\u1ed5i tr\u1ed9i nh\u1ea5t v\u1ec1 c\u00f4ng d\u1ee5ng cho s\u1ee9c kh\u1ecfe trong c\u00e1c b\u1ed9 ph\u1eadn c\u1ee7a c\u00e2y hoa sen. \u0110\u1ed1i v\u1edbi \u0110\u00f4ng y, h\u1ea1t sen \u0111\u01b0\u1ee3c xem nh\u01b0 m\u1ed9t lo\u1ea1i th\u1ea3o d\u01b0\u1ee3c. C\u00f3 t\u00e1c d\u1ee5ng an th\u1ea7n, b\u1ed5 t\u00ec v\u1ecb. Ng\u01b0\u1eddi ta c\u00f2n t\u00ecm th\u1ea5y trong h\u1ea1t sen nhi\u1ec1u th\u00e0nh ph\u1ea7n, h\u1ee3p ch\u1ea5t c\u00f3 th\u1ec3 ch\u1eefa \u0111\u01b0\u1ee3c b\u1ec7nh ti\u1ec3u \u0111\u01b0\u1eddng. Cao huy\u1ebft \u00e1p, thanh nhi\u1ec7t, gi\u1ea3i \u0111\u1ed9c. \u0110\u1ed1i v\u1edbi tr\u1ebb em, c\u00e1c m\u00f3n \u0103n t\u1eeb h\u1ea1t sen c\u00f3 th\u1ec3 ch\u1eefa ch\u1ee9ng k\u00e9m \u0103n, tr\u1ecb ti\u00eau ch\u1ea3y. \u0110\u1ed1i v\u1edbi m\u1eb9 b\u1ea7u, h\u1ea1t sen c\u00f2n c\u00f3 t\u00e1c d\u1ee5ng r\u1ea5t hi\u1ec7u qu\u1ea3 trong vi\u1ec7c ch\u1eefa ch\u1ee9ng m\u1ea5t ng\u1ee7. \u0110\u1eb7c bi\u1ec7t v\u1edbi c\u00e1c m\u1eb9 sau sinh, h\u1ea1t sen c\u00f2n gi\u00fap ch\u1ecb em c\u1ea3i thi\u1ec7n s\u1eafc v\u00f3c nh\u1edd t\u00e1c d\u1ee5ng ch\u1ed1ng l\u00e3o h\u00f3a c\u1ee7a h\u1ea1t sen.<\/p>\n<p>Hi\u1ec7n nay, tr\u00ean th\u1ecb tr\u01b0\u1eddng c\u00f3 b\u00e1n r\u1ea5t nhi\u1ec1u lo\u1ea1i h\u1ea1t sen kh\u00e1c nhau nh\u01b0 h\u1ea1t sen t\u01b0\u01a1i, h\u1ea1t sen kh\u00f4, h\u1ea1t sen s\u1ea5y gi\u00f2n, h\u1ea1t sen kh\u00f4 nguy\u00ean v\u1ecf,\u2026 Thay v\u00ec mua h\u1ea1t sen t\u01b0\u01a1i \u1edf ch\u1ee3 hay si\u00eau th\u1ecb \u0111\u1ec3 l\u00e0m nguy\u00ean li\u1ec7u n\u1ea5u m\u00f3n \u0103n. Nhi\u1ec1u ch\u1ecb em n\u1ed9i tr\u1ee3 l\u1ea1i r\u1ea5t th\u00edch mua h\u1ea1t sen \u0111\u00e3 \u0111\u01b0\u1ee3c s\u1ea5y gi\u00f2n \u0111\u1ec3 \u0103n v\u1eb7t.<\/p>\n<h3><strong>C\u00e1c th\u00e0nh ph\u1ea7n, gi\u00e1 tr\u1ecb dinh d\u01b0\u1ee1ng c\u00f3 trong h\u1ea1t sen s\u1ea5y<\/strong><\/h3>\n<p>Bao g\u1ed3m c\u00e1c th\u00e0nh ph\u1ea7n d\u01b0\u1ee1ng ch\u1ea5t thi\u1ebft y\u1ebfu nh\u01b0 propit, lipit, canxi, photpho, s\u1eaft, gluxit. Ngo\u00e0i ra c\u00f2n r\u1ea5t gi\u00e0u h\u00e0m l\u01b0\u1ee3ng vitamin nh\u01b0 vitamin B1, vitamin B2, vitamin C, vitamin PP \u2026 H\u00e0m l\u01b0\u1ee3ng natri, m\u1ee1 b\u00e3o h\u00f2a, choleterol. Trong h\u1ea1t sen r\u1ea5t th\u1ea5p n\u00ean kh\u00f4ng \u1ea3nh h\u01b0\u1edfng g\u00ec \u0111\u1ebfn s\u1ee9c kh\u1ecfe.<\/p>\n<p>Th\u00f4ng th\u01b0\u1eddng, m\u1ecdi ng\u01b0\u1eddi v\u1eabn ngh\u0129 h\u1ea1t sen t\u01b0\u01a1i m\u1edbi. \u0110em l\u1ea1i ngu\u1ed3n dinh d\u01b0\u1ee1ng phong ph\u00fa. V\u00e0 h\u00e0m l\u01b0\u1ee3ng c\u00e1c ch\u1ea5t dinh d\u01b0\u1ee1ng cao nh\u1ea5t. Th\u1ef1c t\u1ebf, kh\u00f4ng ph\u1ea3i v\u1eady. H\u1ea1t sen s\u1ea5y gi\u00f2n \u0111\u01b0\u1ee3c l\u00e0m ra sau khi tr\u1ea3i qua qu\u00e1 tr\u00ecnh s\u1ea5y nhi\u1ec7t li t\u00e2m. Nh\u01b0ng v\u1eabn \u0111\u1ea3m b\u1ea3o gi\u1eef nguy\u00ean \u0111\u01b0\u1ee3c gi\u00e1 tr\u1ecb dinh d\u01b0\u1ee1ng. N\u1ebfu nh\u01b0 b\u1ea1n ch\u1ecdn \u0111\u00fang n\u01a1i \u0111\u1ec3 mua h\u1ea1t sen s\u1ea5y.<\/p>\n<p>L\u00e0 m\u00f3n \u0103n ngon, b\u1ed5 d\u01b0\u1ee1ng v\u00e0 c\u00f3 nhi\u1ec1u l\u1ee3i \u00edch cho s\u1ee9c kh\u1ecfe. H\u1ea1t sen ng\u00e0y c\u00e0ng \u0111\u01b0\u1ee3c nhi\u1ec1u ng\u01b0\u1eddi y\u00eau th\u00edch. Ho\u1eb7c ch\u1ecdn mua \u0111\u1ec3 l\u00e0m qu\u00e0 t\u1eb7ng cho b\u1ea1n b\u00e8, ng\u01b0\u1eddi th\u00e2n. V\u1eady, b\u1ea1n n\u00ean mua h\u1ea1t sen s\u1ea5y \u1edf \u0111\u00e2u m\u1edbi ch\u1ea5t l\u01b0\u1ee3ng m\u00e0 v\u1eabn \u0111\u1ea3m b\u1ea3o gi\u00e1 c\u1ea3 h\u1ee3p l\u00fd?<\/p>\n<h3><strong>\u0110\u1ecba ch\u1ec9 mua h\u1ea1t sen gi\u00e1 c\u1ea3 h\u1ee3p l\u00fd nh\u1ea5t<\/strong><\/h3>\n<p>Do nhu c\u1ea7u d\u00f9ng h\u1ea1t sen ng\u00e0y c\u00e0ng t\u0103ng. N\u00ean c\u00f3 r\u1ea5t nhi\u1ec1u c\u01a1 s\u1edf kinh doanh lo\u1ea1i h\u1ea1t n\u00e0y r\u1ea5t nhi\u1ec1u. C\u00e1c lo\u1ea1i h\u1ea1t sen \u0111\u00e3 s\u1ea5y, h\u1ea1t sen kh\u00f4\u2026 \u0110\u01b0\u1ee3c b\u00e0y b\u00e1n r\u1ea5t nhi\u1ec1u, nh\u1eefng gi\u1eefa r\u1ea5t nhi\u1ec1u n\u01a1i b\u00e1n h\u1ea1t sen. Ch\u00fang t\u00f4i v\u1eabn khuy\u00ean b\u1ea1n n\u00ean ch\u1ecdn\u00a0<strong>Sen qu\u00ea B\u00e1c<\/strong>\u00a0l\u00e0 \u0111\u1ecba ch\u1ec9 mua h\u00e0ng.<\/p>\n<p>Sen qu\u00ea B\u00e1c cam k\u1ebft mang \u0111\u1ebfn cho b\u1ea1n. Nh\u1eefng s\u1ea3n ph\u1ea9m t\u1eeb thi\u00ean nhi\u00ean t\u1ed1t cho s\u1ee9c kh\u1ecfe. Khi \u0111\u1ebfn v\u1edbi sen qu\u00ea B\u00e1c. B\u1ea1n kh\u00f4ng ch\u1ec9 h\u00e0i l\u00f2ng c\u1ea3 v\u1ec1 ph\u1ea7n nh\u00ecn. Ph\u1ea7n v\u1ecb m\u00e0 c\u00f2n an t\u00e2m v\u1ec1 v\u1ea5n \u0111\u1ec1 an to\u00e0n s\u1ee9c kh\u1ecfe. To\u00e0n b\u1ed9 quy tr\u00ecnh \u0111\u1ec1u \u0111\u01b0\u1ee3c s\u1ea3n xu\u1ea5t theo d\u00e2y chuy\u1ec1n kh\u00e9p k\u00edn. V\u1edbi ngu\u1ed3n nguy\u00ean li\u1ec7u \u0111\u1ea7u v\u00e0o \u0111\u1ea3m b\u1ea3o an to\u00e0n t\u1ef1 nhi\u00ean. Kh\u00f4ng t\u1ea9m \u01b0\u1edbp b\u1ea5t k\u00ec lo\u1ea1i ph\u1ee5 gia hay ch\u1ea5t b\u1ea3o qu\u1ea3n n\u00e0o. \u0110\u1eb7c bi\u1ec7t h\u1ea1t sen \u0111\u1ec1u, s\u1ea1ch, ch\u1eafc, m\u00f9i v\u1ecb th\u01a1m ngon. \u0110\u1ea3m b\u1ea3o kh\u00f4ng pha tr\u1ed9n, gi\u1eef \u0111\u01b0\u1ee3c tr\u1ecdn v\u1eb9n c\u00e1c th\u00e0nh ph\u1ea7n dinh d\u01b0\u1ee1ng.<\/p>\n<\/div>\n<\/div>\n<div>\n<div>\n<h3 class=\"text-xl my-5 font-bold\">Th\u00f4ng s\u1ed1 k\u1ef9 thu\u1eadt<\/h3>\n<div>\n<div class=\"my-2 py-2\">Gi\u00e1<span class=\"mlr-1\">:<\/span><span class=\"ml-1\">50.000vn\u0111 &#8211; 100.000vn\u0111<\/span><\/div>\n<div class=\"my-2 py-2\">H\u1ea1t sen nguy\u00ean ch\u1ea5t s\u1ea5y kh\u00f4<span class=\"mlr-1\">:<\/span><span class=\"ml-1\">100%<\/span><\/div>\n<\/div>\n<\/div>\n<\/div>","protected":false},"excerpt":{"rendered":"<div>\n<div>\n<p>H\u1ea1t sen s\u1ea5y th\u00ec n\u00ean mua \u1edf \u0111\u00e2u \u0111\u1ec3 \u0111\u1ea3m b\u1ea3o \u0111\u01b0\u1ee3c \u0111\u1ed9 th\u01a1m ngon, dinh d\u01b0\u1ee1ng. H\u1ea1t sen \u0111\u01b0\u1ee3c tuy\u1ec3n ch\u1ecdn k\u0129 l\u01b0\u1ee1ng \u0111\u1ec3 c\u00f3 th\u1ec3 l\u00e0m qu\u00e0 bi\u1ebfu, g\u1eedi t\u1eb7ng ng\u01b0\u1eddi th\u00e2n gia \u0111\u00ecnh v\u00e0 b\u1ea1n b\u00e8. N\u1ebfu b\u1ea1n \u0111ang b\u0103n kho\u0103n ch\u01b0a bi\u1ebft ch\u1ecdn \u0111\u1ecba \u0111i\u1ec3m mua h\u1ea1t sen s\u1ea5y. Th\u00ec nh\u1eefng th\u00f4ng tin trong b\u00e0i vi\u1ebft n\u00e0y s\u1ebd g\u1ee3i \u00fd \u0111\u1ebfn b\u1ea1n \u0111\u1ecba ch\u1ec9 mua h\u1ea1t sen ch\u1ea5t l\u01b0\u1ee3ng v\u00e0 gi\u00e1 c\u1ea3 h\u1ee3p l\u00fd nh\u1ea5t.<\/p>\n<h3><strong>V\u00ec sao m\u00e0 h\u1ea1t sen s\u1ea5y l\u1ea1i \u0111\u01b0\u1ee3c y\u00eau th\u00edch \u0111\u1ebfn v\u1eady?<\/strong><\/h3>\n<p>Trong t\u1ea5t c\u1ea3 c\u00e1c b\u1ed9 ph\u1eadn c\u1ee7a sen.\u00a0<strong>H\u1ea1t sen<\/strong>\u00a0\u0111\u01b0\u1ee3c nhi\u1ec1u ng\u01b0\u1eddi y\u00eau th\u00edch b\u1edfi n\u00f3 l\u00e0 th\u00e0nh ph\u1ea7n g\u1ea7n nh\u01b0 l\u00e0: N\u1ed5i tr\u1ed9i nh\u1ea5t v\u1ec1 c\u00f4ng d\u1ee5ng cho s\u1ee9c kh\u1ecfe trong c\u00e1c b\u1ed9 ph\u1eadn c\u1ee7a c\u00e2y hoa sen. \u0110\u1ed1i v\u1edbi \u0110\u00f4ng y, h\u1ea1t sen \u0111\u01b0\u1ee3c xem nh\u01b0 m\u1ed9t lo\u1ea1i th\u1ea3o d\u01b0\u1ee3c. C\u00f3 t\u00e1c d\u1ee5ng an th\u1ea7n, b\u1ed5 t\u00ec v\u1ecb. Ng\u01b0\u1eddi ta c\u00f2n t\u00ecm th\u1ea5y trong h\u1ea1t sen nhi\u1ec1u th\u00e0nh ph\u1ea7n, h\u1ee3p ch\u1ea5t c\u00f3 th\u1ec3 ch\u1eefa \u0111\u01b0\u1ee3c b\u1ec7nh ti\u1ec3u \u0111\u01b0\u1eddng. Cao huy\u1ebft \u00e1p, thanh nhi\u1ec7t, gi\u1ea3i \u0111\u1ed9c. \u0110\u1ed1i v\u1edbi tr\u1ebb em, c\u00e1c m\u00f3n \u0103n t\u1eeb h\u1ea1t sen c\u00f3 th\u1ec3 ch\u1eefa ch\u1ee9ng k\u00e9m \u0103n, tr\u1ecb ti\u00eau ch\u1ea3y. \u0110\u1ed1i v\u1edbi m\u1eb9 b\u1ea7u, h\u1ea1t sen c\u00f2n c\u00f3 t\u00e1c d\u1ee5ng r\u1ea5t hi\u1ec7u qu\u1ea3 trong vi\u1ec7c ch\u1eefa ch\u1ee9ng m\u1ea5t ng\u1ee7. \u0110\u1eb7c bi\u1ec7t v\u1edbi c\u00e1c m\u1eb9 sau sinh, h\u1ea1t sen c\u00f2n gi\u00fap ch\u1ecb em c\u1ea3i thi\u1ec7n s\u1eafc v\u00f3c nh\u1edd t\u00e1c d\u1ee5ng ch\u1ed1ng l\u00e3o h\u00f3a c\u1ee7a h\u1ea1t sen.<\/p>\n<p>Hi\u1ec7n nay, tr\u00ean th\u1ecb tr\u01b0\u1eddng c\u00f3 b\u00e1n r\u1ea5t nhi\u1ec1u lo\u1ea1i h\u1ea1t sen kh\u00e1c nhau nh\u01b0 h\u1ea1t sen t\u01b0\u01a1i, h\u1ea1t sen kh\u00f4, h\u1ea1t sen s\u1ea5y gi\u00f2n, h\u1ea1t sen kh\u00f4 nguy\u00ean v\u1ecf,\u2026 Thay v\u00ec mua h\u1ea1t sen t\u01b0\u01a1i \u1edf ch\u1ee3 hay si\u00eau th\u1ecb \u0111\u1ec3 l\u00e0m nguy\u00ean li\u1ec7u n\u1ea5u m\u00f3n \u0103n. Nhi\u1ec1u ch\u1ecb em n\u1ed9i tr\u1ee3 l\u1ea1i r\u1ea5t th\u00edch mua h\u1ea1t sen \u0111\u00e3 \u0111\u01b0\u1ee3c s\u1ea5y gi\u00f2n \u0111\u1ec3 \u0103n v\u1eb7t.<\/p>\n<h3><strong>C\u00e1c th\u00e0nh ph\u1ea7n, gi\u00e1 tr\u1ecb dinh d\u01b0\u1ee1ng c\u00f3 trong h\u1ea1t sen s\u1ea5y<\/strong><\/h3>\n<p>Bao g\u1ed3m c\u00e1c th\u00e0nh ph\u1ea7n d\u01b0\u1ee1ng ch\u1ea5t thi\u1ebft y\u1ebfu nh\u01b0 propit, lipit, canxi, photpho, s\u1eaft, gluxit. Ngo\u00e0i ra c\u00f2n r\u1ea5t gi\u00e0u h\u00e0m l\u01b0\u1ee3ng vitamin nh\u01b0 vitamin B1, vitamin B2, vitamin C, vitamin PP \u2026 H\u00e0m l\u01b0\u1ee3ng natri, m\u1ee1 b\u00e3o h\u00f2a, choleterol. Trong h\u1ea1t sen r\u1ea5t th\u1ea5p n\u00ean kh\u00f4ng \u1ea3nh h\u01b0\u1edfng g\u00ec \u0111\u1ebfn s\u1ee9c kh\u1ecfe.<\/p>\n<p>Th\u00f4ng th\u01b0\u1eddng, m\u1ecdi ng\u01b0\u1eddi v\u1eabn ngh\u0129 h\u1ea1t sen t\u01b0\u01a1i m\u1edbi. \u0110em l\u1ea1i ngu\u1ed3n dinh d\u01b0\u1ee1ng phong ph\u00fa. V\u00e0 h\u00e0m l\u01b0\u1ee3ng c\u00e1c ch\u1ea5t dinh d\u01b0\u1ee1ng cao nh\u1ea5t. Th\u1ef1c t\u1ebf, kh\u00f4ng ph\u1ea3i v\u1eady. H\u1ea1t sen s\u1ea5y gi\u00f2n \u0111\u01b0\u1ee3c l\u00e0m ra sau khi tr\u1ea3i qua qu\u00e1 tr\u00ecnh s\u1ea5y nhi\u1ec7t li t\u00e2m. Nh\u01b0ng v\u1eabn \u0111\u1ea3m b\u1ea3o gi\u1eef nguy\u00ean \u0111\u01b0\u1ee3c gi\u00e1 tr\u1ecb dinh d\u01b0\u1ee1ng. N\u1ebfu nh\u01b0 b\u1ea1n ch\u1ecdn \u0111\u00fang n\u01a1i \u0111\u1ec3 mua h\u1ea1t sen s\u1ea5y.<\/p>\n<p>L\u00e0 m\u00f3n \u0103n ngon, b\u1ed5 d\u01b0\u1ee1ng v\u00e0 c\u00f3 nhi\u1ec1u l\u1ee3i \u00edch cho s\u1ee9c kh\u1ecfe. H\u1ea1t sen ng\u00e0y c\u00e0ng \u0111\u01b0\u1ee3c nhi\u1ec1u ng\u01b0\u1eddi y\u00eau th\u00edch. Ho\u1eb7c ch\u1ecdn mua \u0111\u1ec3 l\u00e0m qu\u00e0 t\u1eb7ng cho b\u1ea1n b\u00e8, ng\u01b0\u1eddi th\u00e2n. V\u1eady, b\u1ea1n n\u00ean mua h\u1ea1t sen s\u1ea5y \u1edf \u0111\u00e2u m\u1edbi ch\u1ea5t l\u01b0\u1ee3ng m\u00e0 v\u1eabn \u0111\u1ea3m b\u1ea3o gi\u00e1 c\u1ea3 h\u1ee3p l\u00fd?<\/p>\n<h3><strong>\u0110\u1ecba ch\u1ec9 mua h\u1ea1t sen gi\u00e1 c\u1ea3 h\u1ee3p l\u00fd nh\u1ea5t<\/strong><\/h3>\n<p>Do nhu c\u1ea7u d\u00f9ng h\u1ea1t sen ng\u00e0y c\u00e0ng t\u0103ng. N\u00ean c\u00f3 r\u1ea5t nhi\u1ec1u c\u01a1 s\u1edf kinh doanh lo\u1ea1i h\u1ea1t n\u00e0y r\u1ea5t nhi\u1ec1u. C\u00e1c lo\u1ea1i h\u1ea1t sen \u0111\u00e3 s\u1ea5y, h\u1ea1t sen kh\u00f4\u2026 \u0110\u01b0\u1ee3c b\u00e0y b\u00e1n r\u1ea5t nhi\u1ec1u, nh\u1eefng gi\u1eefa r\u1ea5t nhi\u1ec1u n\u01a1i b\u00e1n h\u1ea1t sen. Ch\u00fang t\u00f4i v\u1eabn khuy\u00ean b\u1ea1n n\u00ean ch\u1ecdn\u00a0<strong>Sen qu\u00ea B\u00e1c<\/strong>\u00a0l\u00e0 \u0111\u1ecba ch\u1ec9 mua h\u00e0ng.<\/p>\n<p>Sen qu\u00ea B\u00e1c cam k\u1ebft mang \u0111\u1ebfn cho b\u1ea1n. Nh\u1eefng s\u1ea3n ph\u1ea9m t\u1eeb thi\u00ean nhi\u00ean t\u1ed1t cho s\u1ee9c kh\u1ecfe. Khi \u0111\u1ebfn v\u1edbi sen qu\u00ea B\u00e1c. B\u1ea1n kh\u00f4ng ch\u1ec9 h\u00e0i l\u00f2ng c\u1ea3 v\u1ec1 ph\u1ea7n nh\u00ecn. Ph\u1ea7n v\u1ecb m\u00e0 c\u00f2n an t\u00e2m v\u1ec1 v\u1ea5n \u0111\u1ec1 an to\u00e0n s\u1ee9c kh\u1ecfe. To\u00e0n b\u1ed9 quy tr\u00ecnh \u0111\u1ec1u \u0111\u01b0\u1ee3c s\u1ea3n xu\u1ea5t theo d\u00e2y chuy\u1ec1n kh\u00e9p k\u00edn. V\u1edbi ngu\u1ed3n nguy\u00ean li\u1ec7u \u0111\u1ea7u v\u00e0o \u0111\u1ea3m b\u1ea3o an to\u00e0n t\u1ef1 nhi\u00ean. Kh\u00f4ng t\u1ea9m \u01b0\u1edbp b\u1ea5t k\u00ec lo\u1ea1i ph\u1ee5 gia hay ch\u1ea5t b\u1ea3o qu\u1ea3n n\u00e0o. \u0110\u1eb7c bi\u1ec7t h\u1ea1t sen \u0111\u1ec1u, s\u1ea1ch, ch\u1eafc, m\u00f9i v\u1ecb th\u01a1m ngon. \u0110\u1ea3m b\u1ea3o kh\u00f4ng pha tr\u1ed9n, gi\u1eef \u0111\u01b0\u1ee3c tr\u1ecdn v\u1eb9n c\u00e1c th\u00e0nh ph\u1ea7n dinh d\u01b0\u1ee1ng.<\/p>\n<\/div>\n<\/div>\n<div>\n<div>\n<h3 class=\"text-xl my-5 font-bold\">Th\u00f4ng s\u1ed1 k\u1ef9 thu\u1eadt<\/h3>\n<div>\n<div class=\"my-2 py-2\">Gi\u00e1<span class=\"mlr-1\">:<\/span><span class=\"ml-1\">50.000vn\u0111 &#8211; 100.000vn\u0111<\/span><\/div>\n<div class=\"my-2 py-2\">H\u1ea1t sen nguy\u00ean ch\u1ea5t s\u1ea5y kh\u00f4<span class=\"mlr-1\">:<\/span><span class=\"ml-1\">100%<\/span><\/div>\n<\/div>\n<\/div>\n<\/div>","protected":false},"featured_media":3202,"comment_status":"open","ping_status":"closed","template":"","meta":{"_acf_changed":false},"product_cat":[314,22,313],"product_tag":[],"class_list":{"0":"post-3200","1":"product","2":"type-product","3":"status-publish","4":"has-post-thumbnail","6":"product_cat-do-an-nhanh","7":"product_cat-sanphamthucpham","8":"product_cat-thuc-pham-che-bien","10":"first","11":"instock","12":"shipping-taxable","13":"purchasable","14":"product-type-variable"},"acf":[],"_links":{"self":[{"href":"https:\/\/b2c.fairs.vn\/en\/wp-json\/wp\/v2\/product\/3200","targetHints":{"allow":["GET"]}}],"collection":[{"href":"https:\/\/b2c.fairs.vn\/en\/wp-json\/wp\/v2\/product"}],"about":[{"href":"https:\/\/b2c.fairs.vn\/en\/wp-json\/wp\/v2\/types\/product"}],"replies":[{"embeddable":true,"href":"https:\/\/b2c.fairs.vn\/en\/wp-json\/wp\/v2\/comments?post=3200"}],"version-history":[{"count":0,"href":"https:\/\/b2c.fairs.vn\/en\/wp-json\/wp\/v2\/product\/3200\/revisions"}],"wp:featuredmedia":[{"embeddable":true,"href":"https:\/\/b2c.fairs.vn\/en\/wp-json\/wp\/v2\/media\/3202"}],"wp:attachment":[{"href":"https:\/\/b2c.fairs.vn\/en\/wp-json\/wp\/v2\/media?parent=3200"}],"wp:term":[{"taxonomy":"product_cat","embeddable":true,"href":"https:\/\/b2c.fairs.vn\/en\/wp-json\/wp\/v2\/product_cat?post=3200"},{"taxonomy":"product_tag","embeddable":true,"href":"https:\/\/b2c.fairs.vn\/en\/wp-json\/wp\/v2\/product_tag?post=3200"}],"curies":[{"name":"wp","href":"https:\/\/api.w.org\/{rel}","templated":true}]}}