{"id":3176,"date":"2024-03-20T11:38:47","date_gmt":"2024-03-20T04:38:47","guid":{"rendered":"https:\/\/b2c.fairs.vn\/?post_type=product&#038;p=3176"},"modified":"2024-03-20T11:38:48","modified_gmt":"2024-03-20T04:38:48","slug":"mat-ong-rung","status":"publish","type":"product","link":"https:\/\/b2c.fairs.vn\/en\/product\/mat-ong-rung\/","title":{"rendered":"M\u1eadt Ong R\u1eebng"},"content":{"rendered":"<h4><strong>M\u00e2\u0323t ong b\u00f4\u0301n mu\u0300a hoa r\u01b0\u0300ng nguy\u00ean ch\u00e2\u0301t Bi\u0300nh S\u01a1n<\/strong><\/h4>\n<p>H\u1ee3p t\u00e1c x\u00e3 d\u1ecbch v\u1ee5 N\u00f4ng l\u00e2m nghi\u1ec7p B\u00ecnh S\u01a1n huy\u1ec7n Tri\u1ec7u S\u01a1n, t\u1ec9nh Thanh H\u00f3a, n\u00e2ng cao ch\u1ea5t l\u01b0\u1ee3ng s\u1ea3n ph\u1ea9m OCOP M\u1eadt ong hoa r\u1eebng nguy\u00ean ch\u1ea5t v\u00e0 Ch\u00e8 s\u1ea1ch B\u00ecnh S\u01a1n.<\/p>\n<p>&nbsp;<\/p>\n<p>H\u1ee3p t\u00e1c x\u00e3 D\u1ecbch v\u1ee5 N\u00f4ng l\u00e2m nghi\u1ec7p B\u00ecnh s\u01a1n \u0111\u01b0\u1ee3c chuy\u1ec3n \u0111\u1ed5i t\u1eeb 6\/2016 \u0111\u1ebfn nay \u0111\u00e3 tr\u00f2n 4 n\u0103m, t\u1eeb \u0111\u00f3 \u0111\u1ebfn nay HTX \u0111\u00e3 g\u1eb7p kh\u00f4ng \u00edt kh\u00f3 kh\u0103n, th\u1eddi ti\u1ebft kh\u00ed h\u1eadu bi\u1ebfn \u0111\u1ed5i kh\u00f3 l\u01b0\u1eddng, gi\u00e1 c\u1ea3 th\u1ecb tr\u01b0\u1eddng n\u00f4ng s\u1ea3n kh\u00f4ng \u1ed5n \u0111\u1ecbnh, v\u1eadt t\u01b0 n\u00f4ng nghi\u1ec7p t\u0103ng cao, d\u1eabn \u0111\u1ebfn HTX kinh doanh d\u1ecbch v\u1ee5, ch\u1ec9 \u0111\u1ea1o b\u00e0 con s\u1ea3n xu\u1ea5t n\u00f4ng l\u00e2m nghi\u1ec7p g\u1eb7p nhi\u1ec1u kh\u00f3 kh\u0103n. \u0110\u01b0\u1ee3c s\u1ef1 quan t\u00e2m ch\u1ec9 \u0111\u1ea1o c\u1ee7a Huy\u1ec7n \u1ee7y- UBND huy\u1ec7n, ph\u00f2ng N\u00f4ng nghi\u1ec7p, \u0110\u1ea3ng \u1ee7y-UBND x\u00e3 B\u00ecnh S\u01a1n, HTX \u0111\u00e3 m\u1ea1nh d\u1ea1n, ph\u00e1t huy l\u1ee3i th\u1ebf s\u1eb5n c\u00f3 c\u1ee7a \u0111\u1ecba ph\u01b0\u01a1ng, v\u1ec1 v\u1ecb tr\u00ed \u0111\u1ecba l\u00fd, th\u1ed5 nh\u01b0\u1ee1ng \u0111\u1ea5t canh t\u00e1c, s\u1ef1 c\u1ea7n c\u00f9 ch\u1ecbu kh\u00f3 c\u1ee7a nh\u00e2n d\u00e2n \u0111\u1ecba ph\u01b0\u01a1ng trong l\u0129nh v\u1ef1c N\u00f4ng l\u00e2m nghi\u1ec7p, trong \u0111\u00f3 m\u0169i nh\u1ecdn l\u00e0 c\u00e2y Ch\u00e8 v\u00e0 M\u1eadt ong hoa r\u1eebng nguy\u00ean ch\u1ea5t.<\/p>\n<p>\u0110\u1ec3 s\u1ea3n ph\u1ea9m Ch\u00e8 s\u1ea1ch B\u00ecnh S\u01a1n v\u00e0 M\u1eadt ong hoa r\u1eebng nguy\u00ean ch\u1ea5t c\u1ee7a HTX B\u00ecnh S\u01a1n c\u00f3 th\u1ebf m\u1ea1nh, \u0111\u1ee9ng v\u1eefng tr\u00ean th\u1ecb tr\u01b0\u1eddng trong v\u00e0 ngo\u00e0i t\u1ec9nh, HTX \u0111\u00e3 m\u1edf c\u00e1c l\u1edbp t\u1eadp hu\u1ea5n v\u1ec1 k\u1ef9 thu\u1eadt ch\u0103m s\u00f3c, thu ho\u1ea1ch, ch\u1ebf bi\u1ebfn ch\u00e8, k\u1ef9 thu\u1eadt nu\u00f4i ong, \u0111\u1ed9ng vi\u00ean nh\u00e2n d\u00e2n m\u1edf r\u1ed9ng di\u1ec7n t\u00edch ch\u00e8, t\u1ed5ng \u0111\u00e0n ong m\u1eadt, \u0111\u1ebfn nay to\u00e0n x\u00e3 c\u00f3 kho\u1ea3ng 350 ha ch\u00e8, ong m\u1eadt tr\u00ean g\u1ea7n 700 \u0111\u00e0n, n\u0103ng xu\u1ea5t b\u00ecnh qu\u00e2n \u0111\u1ea1t kho\u1ea3ng 5.300kg m\u1eadt ong v\u00e0 kho\u1ea3ng 827 t\u1ea5n ch\u00e8, t\u1ea1o c\u00f4ng \u0103n vi\u1ec7c l\u00e0m v\u00e0 thu nh\u1eadp \u1ed5n \u0111\u1ecbnh cho b\u00e0 con nh\u00e2n d\u00e2n tr\u00ean \u0111\u1ecba b\u00e0n x\u00e3. Th\u1ef1c hi\u1ec7n ch\u01b0\u01a1ng tr\u00ecnh m\u1ee5c ti\u00eau Qu\u1ed1c gia, m\u1ed7i x\u00e3 1 s\u1ea3n ph\u1ea9m \u0111\u0103ng k\u00fd ch\u01b0\u01a1ng tr\u00ecnh OCOP, do UBND t\u1ec9nh t\u1ed5 ch\u1ee9c, HTX \u0111\u00e3 m\u1ea1nh d\u1ea1n \u0111\u0103ng k\u00fd 2 s\u1ea3n ph\u1ea9m Ch\u00e8 s\u1ea1ch B\u00ecnh S\u01a1n v\u00e0 M\u1eadt ong hoa r\u1eebng nguy\u00ean ch\u1ea5t, k\u1ebft qu\u1ea3 c\u1ea3 2 s\u1ea3n ph\u1ea9m \u0111\u01b0\u1ee3c UBND t\u1ec9nh c\u00f4ng nh\u1eadn s\u1ea3n ph\u1ea9m \u0111\u1ea1t OCOP 3 sao v\u00e0o th\u00e1ng 1\/2020. \u0110\u1ec3 2 s\u1ea3n ph\u1ea9m OCOP th\u1eadt s\u1ef1 \u0111\u1ea3m b\u1ea3o ch\u1ea5t l\u01b0\u1ee3ng theo ti\u00eau chu\u1ea9n 3 sao, hi\u1ec7n HTX ch\u1ecdn 30 th\u00e0nh vi\u00ean, di\u1ec7n t\u00edch kho\u1ea3ng 50 ha ch\u00e8, 20 h\u1ed9i vi\u00ean nu\u00f4i ong m\u1eadt, v\u1edbi kho\u1ea3ng 600 \u0111\u00e0n tham gia ch\u01b0\u01a1ng tr\u00ecnh OCOP.<\/p>\n<p>Qua t\u00ecm hi\u1ec3u 2 m\u00f4 h\u00ecnh tr\u1ed3ng ch\u00e8 v\u00e0 nu\u00f4i ong m\u1eadt t\u1ea1i x\u00e3 B\u00ecnh S\u01a1n cho th\u1ea5y, \u0111\u1ec3 \u0111\u1ea1t \u0111\u01b0\u1ee3c s\u1ea3n ph\u1ea9m OCOP 3 sao, 2 s\u1ea3n ph\u1ea9m Ch\u00e8 s\u1ea1ch B\u00ecnh S\u01a1n v\u00e0 M\u1eadt ong hoa r\u1eebng nguy\u00ean ch\u1ea5t; \u0110\u1ed1i v\u1edbi c\u00e2y ch\u00e8 ngo\u00e0i s\u1ef1 ch\u0103m s\u00f3c, \u0111\u00fang quy tr\u00ecnh k\u1ef9 thu\u1eadt c\u0169ng nh\u01b0 trong c\u00f4ng t\u00e1c sao ch\u1ebf bi\u1ebfn t\u1eeb s\u1ea3n ph\u1ea9m t\u01b0\u01a1i sang s\u1ea3n ph\u1ea9m kh\u00f4, th\u00ec c\u00e2y ch\u00e8 c\u1ee7a B\u00ecnh S\u01a1n r\u1ea5t l\u1ee3i th\u1ebf trong th\u1ed5 nh\u01b0\u1ee1ng \u0111\u1ea5t \u0111ai, kh\u00ed h\u1eadu ph\u00f9 h\u1ee3p. \u0110\u1ed1i v\u1edbi M\u1eadt ong th\u00ec \u1edf \u0111\u1ecba ph\u01b0\u01a1ng r\u1ea5t \u0111a d\u1ea1ng c\u00e1c lo\u1ea1i hoa r\u1eebng v\u00e0 b\u00e0 con nu\u00f4i ong kh\u00f4ng thu ho\u1ea1ch m\u1eadt non, n\u00ean ch\u1ea5t l\u01b0\u1ee3ng m\u1eadt \u0111\u1ea3m b\u1ea3o, m\u1ea7u \u0111\u1eb9p.<\/p>","protected":false},"excerpt":{"rendered":"<p>M\u00e2\u0323t ong b\u00f4\u0301n mu\u0300a hoa r\u01b0\u0300ng nguy\u00ean ch\u00e2\u0301t Bi\u0300nh S\u01a1n H\u1ee3p t\u00e1c x\u00e3 d\u1ecbch v\u1ee5 N\u00f4ng l\u00e2m nghi\u1ec7p B\u00ecnh S\u01a1n<\/p>","protected":false},"featured_media":3178,"comment_status":"open","ping_status":"closed","template":"","meta":{"_acf_changed":false},"product_cat":[312,22,310],"product_tag":[],"class_list":{"0":"post-3176","1":"product","2":"type-product","3":"status-publish","4":"has-post-thumbnail","6":"product_cat-mat-ong-mat-khac-va-nong-san-thuc-pham-khac","7":"product_cat-sanphamthucpham","8":"product_cat-thuc-pham-tho-so-che","10":"first","11":"instock","12":"shipping-taxable","13":"product-type-simple"},"acf":[],"_links":{"self":[{"href":"https:\/\/b2c.fairs.vn\/en\/wp-json\/wp\/v2\/product\/3176","targetHints":{"allow":["GET"]}}],"collection":[{"href":"https:\/\/b2c.fairs.vn\/en\/wp-json\/wp\/v2\/product"}],"about":[{"href":"https:\/\/b2c.fairs.vn\/en\/wp-json\/wp\/v2\/types\/product"}],"replies":[{"embeddable":true,"href":"https:\/\/b2c.fairs.vn\/en\/wp-json\/wp\/v2\/comments?post=3176"}],"version-history":[{"count":0,"href":"https:\/\/b2c.fairs.vn\/en\/wp-json\/wp\/v2\/product\/3176\/revisions"}],"wp:featuredmedia":[{"embeddable":true,"href":"https:\/\/b2c.fairs.vn\/en\/wp-json\/wp\/v2\/media\/3178"}],"wp:attachment":[{"href":"https:\/\/b2c.fairs.vn\/en\/wp-json\/wp\/v2\/media?parent=3176"}],"wp:term":[{"taxonomy":"product_cat","embeddable":true,"href":"https:\/\/b2c.fairs.vn\/en\/wp-json\/wp\/v2\/product_cat?post=3176"},{"taxonomy":"product_tag","embeddable":true,"href":"https:\/\/b2c.fairs.vn\/en\/wp-json\/wp\/v2\/product_tag?post=3176"}],"curies":[{"name":"wp","href":"https:\/\/api.w.org\/{rel}","templated":true}]}}