{"id":3154,"date":"2024-03-20T11:07:23","date_gmt":"2024-03-20T04:07:23","guid":{"rendered":"https:\/\/b2c.fairs.vn\/?post_type=product&#038;p=3154"},"modified":"2024-03-20T11:07:24","modified_gmt":"2024-03-20T04:07:24","slug":"mam-tom-dai-yen","status":"publish","type":"product","link":"https:\/\/b2c.fairs.vn\/en\/product\/mam-tom-dai-yen\/","title":{"rendered":"M\u1eafm t\u00f4m \u0110\u1ea1i Y\u00ean"},"content":{"rendered":"<p>S\u1ea3n ph\u1ea9m kh\u00f4ng d\u00f9ng h\u00f3a ch\u1ea5t trong ch\u1ebf bi\u1ebfn v\u00e0 b\u1ea3o qu\u1ea3n<\/p>\n<p>S\u1ea3n ph\u1ea9m \u0111\u01b0\u1ee3c d\u00f9ng \u0111\u1ec3 \u0103n li\u1ec1n ho\u1eb7c d\u00f9ng \u0111\u1ec3 ch\u1ebf bi\u1ebfn<\/p>","protected":false},"excerpt":{"rendered":"<p>S\u1ea3n ph\u1ea9m kh\u00f4ng d\u00f9ng h\u00f3a ch\u1ea5t trong ch\u1ebf bi\u1ebfn v\u00e0 b\u1ea3o qu\u1ea3n S\u1ea3n ph\u1ea9m \u0111\u01b0\u1ee3c d\u00f9ng \u0111\u1ec3 \u0103n li\u1ec1n ho\u1eb7c<\/p>","protected":false},"featured_media":3157,"comment_status":"open","ping_status":"closed","template":"","meta":{"_acf_changed":false},"product_cat":[318,22,319],"product_tag":[],"class_list":{"0":"post-3154","1":"product","2":"type-product","3":"status-publish","4":"has-post-thumbnail","6":"product_cat-gia-vi","7":"product_cat-sanphamthucpham","8":"product_cat-tuong-nuoc-mam-gia-vi-dang-long-khac","10":"first","11":"instock","12":"shipping-taxable","13":"product-type-simple"},"acf":[],"_links":{"self":[{"href":"https:\/\/b2c.fairs.vn\/en\/wp-json\/wp\/v2\/product\/3154","targetHints":{"allow":["GET"]}}],"collection":[{"href":"https:\/\/b2c.fairs.vn\/en\/wp-json\/wp\/v2\/product"}],"about":[{"href":"https:\/\/b2c.fairs.vn\/en\/wp-json\/wp\/v2\/types\/product"}],"replies":[{"embeddable":true,"href":"https:\/\/b2c.fairs.vn\/en\/wp-json\/wp\/v2\/comments?post=3154"}],"version-history":[{"count":0,"href":"https:\/\/b2c.fairs.vn\/en\/wp-json\/wp\/v2\/product\/3154\/revisions"}],"wp:featuredmedia":[{"embeddable":true,"href":"https:\/\/b2c.fairs.vn\/en\/wp-json\/wp\/v2\/media\/3157"}],"wp:attachment":[{"href":"https:\/\/b2c.fairs.vn\/en\/wp-json\/wp\/v2\/media?parent=3154"}],"wp:term":[{"taxonomy":"product_cat","embeddable":true,"href":"https:\/\/b2c.fairs.vn\/en\/wp-json\/wp\/v2\/product_cat?post=3154"},{"taxonomy":"product_tag","embeddable":true,"href":"https:\/\/b2c.fairs.vn\/en\/wp-json\/wp\/v2\/product_tag?post=3154"}],"curies":[{"name":"wp","href":"https:\/\/api.w.org\/{rel}","templated":true}]}}