{"id":3136,"date":"2024-03-20T10:53:50","date_gmt":"2024-03-20T03:53:50","guid":{"rendered":"https:\/\/b2c.fairs.vn\/?post_type=product&#038;p=3136"},"modified":"2024-03-20T10:53:50","modified_gmt":"2024-03-20T03:53:50","slug":"nuoc-mam-chat-dai-dien-chai-1lit-loai-dac-biet","status":"publish","type":"product","link":"https:\/\/b2c.fairs.vn\/en\/product\/nuoc-mam-chat-dai-dien-chai-1lit-loai-dac-biet\/","title":{"rendered":"N\u01b0\u1edbc m\u1eafm ch\u1eaft \u0110\u1ea1i \u0110i\u1ec1n chai 1l\u00edt lo\u1ea1i \u0111\u1eb7c bi\u1ec7t"},"content":{"rendered":"<p>M\u1eafm ch\u1eaft \u0110\u1ea1i \u0110i\u1ec1n s\u1ea3n xu\u1ea5t theo ph\u01b0\u01a1ng ph\u00e1p truy\u1ec1n th\u1ed1ng, th\u01a1m ngon, s\u1ea3n ph\u1ea9m \u0111\u1ea1t ti\u00eau chu\u1ea9n VSATTP c\u1ee7a B\u1ed9 Y T\u1ebf<\/p>\n<p>C\u00e1ch d\u00f9ng: n\u00eam, ch\u1ea5m c\u00e1c m\u00f3n \u0103n gia \u0111\u00ecnh ch\u1ebf bi\u1ebfn gi\u00f2, ch\u1ea3, m\u1ecdc, ru\u1ed1c<\/p>","protected":false},"excerpt":{"rendered":"<p>M\u1eafm ch\u1eaft \u0110\u1ea1i \u0110i\u1ec1n s\u1ea3n xu\u1ea5t theo ph\u01b0\u01a1ng ph\u00e1p truy\u1ec1n th\u1ed1ng, th\u01a1m ngon, s\u1ea3n ph\u1ea9m \u0111\u1ea1t ti\u00eau chu\u1ea9n VSATTP c\u1ee7a<\/p>","protected":false},"featured_media":3142,"comment_status":"open","ping_status":"closed","template":"","meta":{"_acf_changed":false},"product_cat":[318,22,319],"product_tag":[],"class_list":{"0":"post-3136","1":"product","2":"type-product","3":"status-publish","4":"has-post-thumbnail","6":"product_cat-gia-vi","7":"product_cat-sanphamthucpham","8":"product_cat-tuong-nuoc-mam-gia-vi-dang-long-khac","10":"first","11":"instock","12":"shipping-taxable","13":"product-type-simple"},"acf":[],"_links":{"self":[{"href":"https:\/\/b2c.fairs.vn\/en\/wp-json\/wp\/v2\/product\/3136","targetHints":{"allow":["GET"]}}],"collection":[{"href":"https:\/\/b2c.fairs.vn\/en\/wp-json\/wp\/v2\/product"}],"about":[{"href":"https:\/\/b2c.fairs.vn\/en\/wp-json\/wp\/v2\/types\/product"}],"replies":[{"embeddable":true,"href":"https:\/\/b2c.fairs.vn\/en\/wp-json\/wp\/v2\/comments?post=3136"}],"version-history":[{"count":0,"href":"https:\/\/b2c.fairs.vn\/en\/wp-json\/wp\/v2\/product\/3136\/revisions"}],"wp:featuredmedia":[{"embeddable":true,"href":"https:\/\/b2c.fairs.vn\/en\/wp-json\/wp\/v2\/media\/3142"}],"wp:attachment":[{"href":"https:\/\/b2c.fairs.vn\/en\/wp-json\/wp\/v2\/media?parent=3136"}],"wp:term":[{"taxonomy":"product_cat","embeddable":true,"href":"https:\/\/b2c.fairs.vn\/en\/wp-json\/wp\/v2\/product_cat?post=3136"},{"taxonomy":"product_tag","embeddable":true,"href":"https:\/\/b2c.fairs.vn\/en\/wp-json\/wp\/v2\/product_tag?post=3136"}],"curies":[{"name":"wp","href":"https:\/\/api.w.org\/{rel}","templated":true}]}}