{"id":3102,"date":"2024-03-20T10:31:40","date_gmt":"2024-03-20T03:31:40","guid":{"rendered":"https:\/\/b2c.fairs.vn\/?post_type=product&#038;p=3102"},"modified":"2024-03-20T10:36:00","modified_gmt":"2024-03-20T03:36:00","slug":"nuoc-mam-chat-dai-dien-hai-hau-2","status":"publish","type":"product","link":"https:\/\/b2c.fairs.vn\/en\/product\/nuoc-mam-chat-dai-dien-hai-hau-2\/","title":{"rendered":"N\u01b0\u1edbc m\u1eafm ch\u1eaft \u0110\u1ea1i \u0110i\u1ec1n H\u1ea3i H\u1eadu"},"content":{"rendered":"<p>M\u1eafm ch\u1eaft \u0110\u1ea1i \u0110i\u1ec1n s\u1ea3n xu\u1ea5t theo ph\u01b0\u01a1ng ph\u00e1p truy\u1ec1n th\u1ed1ng, th\u01a1m ngon, s\u1ea3n ph\u1ea9m \u0111\u1ea1t ti\u00eau chu\u1ea9n c\u1ee7a B\u1ed9 Y T\u1ebf<\/p>\n<p>C\u00e1ch d\u00f9ng: n\u00eam, ch\u1ea5m c\u00e1c m\u00f3n \u0103n gia \u0111\u00ecnh ch\u1ebf bi\u1ebfn gi\u00f2, ch\u1ea3, m\u1ecdc, ru\u1ed1c<\/p>","protected":false},"excerpt":{"rendered":"<p>M\u1eafm ch\u1eaft \u0110\u1ea1i \u0110i\u1ec1n s\u1ea3n xu\u1ea5t theo ph\u01b0\u01a1ng ph\u00e1p truy\u1ec1n th\u1ed1ng, th\u01a1m ngon, s\u1ea3n ph\u1ea9m \u0111\u1ea1t ti\u00eau chu\u1ea9n c\u1ee7a B\u1ed9<\/p>","protected":false},"featured_media":1893,"comment_status":"open","ping_status":"closed","template":"","meta":{"_acf_changed":false},"product_cat":[318,22,319],"product_tag":[352,351,353,354,350],"class_list":{"0":"post-3102","1":"product","2":"type-product","3":"status-publish","4":"has-post-thumbnail","6":"product_cat-gia-vi","7":"product_cat-sanphamthucpham","8":"product_cat-tuong-nuoc-mam-gia-vi-dang-long-khac","9":"product_tag-dai-dien","10":"product_tag-dai-yen","11":"product_tag-hai-hau","12":"product_tag-mam","13":"product_tag-nuoc-mam","15":"first","16":"instock","17":"shipping-taxable","18":"product-type-simple"},"acf":[],"_links":{"self":[{"href":"https:\/\/b2c.fairs.vn\/en\/wp-json\/wp\/v2\/product\/3102","targetHints":{"allow":["GET"]}}],"collection":[{"href":"https:\/\/b2c.fairs.vn\/en\/wp-json\/wp\/v2\/product"}],"about":[{"href":"https:\/\/b2c.fairs.vn\/en\/wp-json\/wp\/v2\/types\/product"}],"replies":[{"embeddable":true,"href":"https:\/\/b2c.fairs.vn\/en\/wp-json\/wp\/v2\/comments?post=3102"}],"version-history":[{"count":0,"href":"https:\/\/b2c.fairs.vn\/en\/wp-json\/wp\/v2\/product\/3102\/revisions"}],"wp:featuredmedia":[{"embeddable":true,"href":"https:\/\/b2c.fairs.vn\/en\/wp-json\/wp\/v2\/media\/1893"}],"wp:attachment":[{"href":"https:\/\/b2c.fairs.vn\/en\/wp-json\/wp\/v2\/media?parent=3102"}],"wp:term":[{"taxonomy":"product_cat","embeddable":true,"href":"https:\/\/b2c.fairs.vn\/en\/wp-json\/wp\/v2\/product_cat?post=3102"},{"taxonomy":"product_tag","embeddable":true,"href":"https:\/\/b2c.fairs.vn\/en\/wp-json\/wp\/v2\/product_tag?post=3102"}],"curies":[{"name":"wp","href":"https:\/\/api.w.org\/{rel}","templated":true}]}}