{"id":3059,"date":"2024-03-19T10:22:04","date_gmt":"2024-03-19T10:22:04","guid":{"rendered":"https:\/\/b2c.fairs.vn\/?post_type=product&#038;p=3059"},"modified":"2024-03-27T14:30:53","modified_gmt":"2024-03-27T07:30:53","slug":"mi-chum-ngay","status":"publish","type":"product","link":"https:\/\/b2c.fairs.vn\/en\/product\/mi-chum-ngay\/","title":{"rendered":"M\u00ec ch\u00f9m ng\u00e2y"},"content":{"rendered":"<ul>\n<li>Ch\u1ee9a nhi\u1ec1u Vitamin v\u00e0 kho\u00e1ng ch\u1ea5t, t\u0103ng c\u01b0\u1eddng s\u1ee9c \u0111\u1ec1 kh\u00e1ng<\/li>\n<li>Gi\u00e0u ch\u1ea5t x\u01a1, t\u1ed1t cho h\u1ec7 ti\u00eau h\u00f3a<\/li>\n<li>Gi\u00e0u canxi, s\u1eaft, vitamin t\u1ed1t cho x\u01b0\u01a1ng, kh\u1edbp, m\u1eaft,\u2026<\/li>\n<\/ul>","protected":false},"excerpt":{"rendered":"<ul>\n<li>Ch\u1ee9a nhi\u1ec1u Vitamin v\u00e0 kho\u00e1ng ch\u1ea5t, t\u0103ng c\u01b0\u1eddng s\u1ee9c \u0111\u1ec1 kh\u00e1ng<\/li>\n<li>Gi\u00e0u ch\u1ea5t x\u01a1, t\u1ed1t cho h\u1ec7 ti\u00eau h\u00f3a<\/li>\n<li>Gi\u00e0u canxi, s\u1eaft, vitamin t\u1ed1t cho x\u01b0\u01a1ng, kh\u1edbp, m\u1eaft,\u2026<\/li>\n<\/ul>","protected":false},"featured_media":3060,"comment_status":"open","ping_status":"closed","template":"","meta":{"_acf_changed":false},"product_cat":[315,22,313],"product_tag":[],"class_list":{"0":"post-3059","1":"product","2":"type-product","3":"status-publish","4":"has-post-thumbnail","6":"product_cat-che-bien-tu-gao-ngu-coc","7":"product_cat-sanphamthucpham","8":"product_cat-thuc-pham-che-bien","10":"first","11":"instock","12":"shipping-taxable","13":"product-type-simple"},"acf":[],"_links":{"self":[{"href":"https:\/\/b2c.fairs.vn\/en\/wp-json\/wp\/v2\/product\/3059","targetHints":{"allow":["GET"]}}],"collection":[{"href":"https:\/\/b2c.fairs.vn\/en\/wp-json\/wp\/v2\/product"}],"about":[{"href":"https:\/\/b2c.fairs.vn\/en\/wp-json\/wp\/v2\/types\/product"}],"replies":[{"embeddable":true,"href":"https:\/\/b2c.fairs.vn\/en\/wp-json\/wp\/v2\/comments?post=3059"}],"version-history":[{"count":0,"href":"https:\/\/b2c.fairs.vn\/en\/wp-json\/wp\/v2\/product\/3059\/revisions"}],"wp:featuredmedia":[{"embeddable":true,"href":"https:\/\/b2c.fairs.vn\/en\/wp-json\/wp\/v2\/media\/3060"}],"wp:attachment":[{"href":"https:\/\/b2c.fairs.vn\/en\/wp-json\/wp\/v2\/media?parent=3059"}],"wp:term":[{"taxonomy":"product_cat","embeddable":true,"href":"https:\/\/b2c.fairs.vn\/en\/wp-json\/wp\/v2\/product_cat?post=3059"},{"taxonomy":"product_tag","embeddable":true,"href":"https:\/\/b2c.fairs.vn\/en\/wp-json\/wp\/v2\/product_tag?post=3059"}],"curies":[{"name":"wp","href":"https:\/\/api.w.org\/{rel}","templated":true}]}}