{"id":3056,"date":"2024-03-19T10:17:43","date_gmt":"2024-03-19T10:17:43","guid":{"rendered":"https:\/\/b2c.fairs.vn\/?post_type=product&#038;p=3056"},"modified":"2024-03-27T13:37:14","modified_gmt":"2024-03-27T06:37:14","slug":"huong-com-4","status":"publish","type":"product","link":"https:\/\/b2c.fairs.vn\/en\/product\/huong-com-4\/","title":{"rendered":"H\u01b0\u01a1ng C\u1ed1m 4"},"content":{"rendered":"<p>H\u01b0\u01a1ng C\u1ed1m l\u00e0 gi\u1ed1ng l\u00faa c\u1ea3m \u00f4n, canh t\u00e1c t\u1ed1t 2 v\u1ee5\/m\u00f9a. \u0110\u01b0\u1ee3c C\u00f4ng Ty TNHH C\u01b0\u1eddng T\u00e2n \u0111\u1ed9c quy\u1ec1n s\u1ea3n xu\u1ea5t v\u00e0 kinh doanh Th\u1eddi gian sinh tr\u01b0\u1edfng mi\u1ec1n B\u1eafc V\u1ee5 Xu\u00e2n 105-120 ng\u00e0y, v\u1ee5 \u0110\u00f4ng 100-110 ng\u00e0y Th\u1eddi gian sinh tr\u01b0\u1edfng mi\u1ec1n Nam, Nam Trung B\u1ed9 v\u00e0 T\u00e2y Nguy\u00ean V\u1ee5 Xu\u00e2n 110-115 ng\u00e0y, v\u1ee5 H\u00e8 Thu 90-100 ng\u00e0y<br \/>\nTha\u0300nh ph\u00e2\u0300n:<br \/>\nGi\u1ed1ng HD9 \u0111\u1ebb nh\u00e1nh nhanh, b\u00f4ng to v\u00e0 d\u00e0i h\u1ea1t v\u00e0ng, n\u0103ng su\u1ea5t 70-75 t\u1ea1\/ha th\u00e2n canh t\u1ed1t \u0111\u1ea1t 80-85 t\u1ea1\/ha<\/p>","protected":false},"excerpt":{"rendered":"<p>H\u01b0\u01a1ng C\u1ed1m l\u00e0 gi\u1ed1ng l\u00faa c\u1ea3m \u00f4n, canh t\u00e1c t\u1ed1t 2 v\u1ee5\/m\u00f9a. \u0110\u01b0\u1ee3c C\u00f4ng Ty TNHH C\u01b0\u1eddng T\u00e2n \u0111\u1ed9c quy\u1ec1n s\u1ea3n xu\u1ea5t v\u00e0 kinh doanh Th\u1eddi gian sinh tr\u01b0\u1edfng mi\u1ec1n B\u1eafc V\u1ee5 Xu\u00e2n 105-120 ng\u00e0y, v\u1ee5 \u0110\u00f4ng 100-110 ng\u00e0y Th\u1eddi gian sinh tr\u01b0\u1edfng mi\u1ec1n Nam, Nam Trung B\u1ed9 v\u00e0 T\u00e2y Nguy\u00ean V\u1ee5 Xu\u00e2n 110-115 ng\u00e0y, v\u1ee5 H\u00e8 Thu 90-100 ng\u00e0y<br \/>\nTha\u0300nh ph\u00e2\u0300n:<br \/>\nGi\u1ed1ng HD9 \u0111\u1ebb nh\u00e1nh nhanh, b\u00f4ng to v\u00e0 d\u00e0i h\u1ea1t v\u00e0ng, n\u0103ng su\u1ea5t 70-75 t\u1ea1\/ha th\u00e2n canh t\u1ed1t \u0111\u1ea1t 80-85 t\u1ea1\/ha<\/p>","protected":false},"featured_media":3057,"comment_status":"open","ping_status":"closed","template":"","meta":{"_acf_changed":false},"product_cat":[311,22,310],"product_tag":[],"class_list":{"0":"post-3056","1":"product","2":"type-product","3":"status-publish","4":"has-post-thumbnail","6":"product_cat-gao-ngu-coc-hat-so-che-khac","7":"product_cat-sanphamthucpham","8":"product_cat-thuc-pham-tho-so-che","10":"first","11":"instock","12":"shipping-taxable","13":"product-type-simple"},"acf":[],"_links":{"self":[{"href":"https:\/\/b2c.fairs.vn\/en\/wp-json\/wp\/v2\/product\/3056","targetHints":{"allow":["GET"]}}],"collection":[{"href":"https:\/\/b2c.fairs.vn\/en\/wp-json\/wp\/v2\/product"}],"about":[{"href":"https:\/\/b2c.fairs.vn\/en\/wp-json\/wp\/v2\/types\/product"}],"replies":[{"embeddable":true,"href":"https:\/\/b2c.fairs.vn\/en\/wp-json\/wp\/v2\/comments?post=3056"}],"version-history":[{"count":0,"href":"https:\/\/b2c.fairs.vn\/en\/wp-json\/wp\/v2\/product\/3056\/revisions"}],"wp:featuredmedia":[{"embeddable":true,"href":"https:\/\/b2c.fairs.vn\/en\/wp-json\/wp\/v2\/media\/3057"}],"wp:attachment":[{"href":"https:\/\/b2c.fairs.vn\/en\/wp-json\/wp\/v2\/media?parent=3056"}],"wp:term":[{"taxonomy":"product_cat","embeddable":true,"href":"https:\/\/b2c.fairs.vn\/en\/wp-json\/wp\/v2\/product_cat?post=3056"},{"taxonomy":"product_tag","embeddable":true,"href":"https:\/\/b2c.fairs.vn\/en\/wp-json\/wp\/v2\/product_tag?post=3056"}],"curies":[{"name":"wp","href":"https:\/\/api.w.org\/{rel}","templated":true}]}}