{"id":3052,"date":"2024-03-19T10:16:50","date_gmt":"2024-03-19T10:16:50","guid":{"rendered":"https:\/\/b2c.fairs.vn\/?post_type=product&#038;p=3052"},"modified":"2024-03-27T13:37:09","modified_gmt":"2024-03-27T06:37:09","slug":"gao-da-khang","status":"publish","type":"product","link":"https:\/\/b2c.fairs.vn\/en\/product\/gao-da-khang\/","title":{"rendered":"G\u1ea1o \u0110a Kh\u00e1ng"},"content":{"rendered":"<p>Gi\u1ed1ng L\u00faa B\u1eafc Th\u01a1m ng\u1eafn ng\u00e0y ch\u1ea5t l\u01b0\u1ee3ng cao. Th\u1eddi gian sinh tr\u01b0\u1edfng mi\u1ec1n B\u1eafc V\u1ee5 Xu\u00e2n 105-110 ng\u00e0y, v\u1ee5 \u0110\u00f4ng 125-135 ng\u00e0y Th\u1eddi gian sinh tr\u01b0\u1edfng mi\u1ec1n Nam, Nam Trung B\u1ed9 v\u00e0 T\u00e2y Nguy\u00ean V\u1ee5 Xu\u00e2n 110-115 ng\u00e0y, v\u1ee5 H\u00e8 Thu 100-110 ng\u00e0y<br \/>\nTha\u0300nh ph\u00e2\u0300n:<br \/>\nGi\u1ed1ng HD9 \u0111\u1ebb nh\u00e1nh nhanh, b\u00f4ng to v\u00e0 d\u00e0i h\u1ea1t v\u00e0ng, n\u0103ng su\u1ea5t 50-55 t\u1ea1\/ha th\u00e2n canh t\u1ed1t \u0111\u1ea1t 60-65 t\u1ea1\/ha<br \/>\nTh\u00f4ng tin kha\u0301c:<br \/>\nTh\u00f3c Gi\u1ed1ng<\/p>","protected":false},"excerpt":{"rendered":"<p>Gi\u1ed1ng L\u00faa B\u1eafc Th\u01a1m ng\u1eafn ng\u00e0y ch\u1ea5t l\u01b0\u1ee3ng cao. Th\u1eddi gian sinh tr\u01b0\u1edfng mi\u1ec1n B\u1eafc V\u1ee5 Xu\u00e2n 105-110 ng\u00e0y, v\u1ee5 \u0110\u00f4ng 125-135 ng\u00e0y Th\u1eddi gian sinh tr\u01b0\u1edfng mi\u1ec1n Nam, Nam Trung B\u1ed9 v\u00e0 T\u00e2y Nguy\u00ean V\u1ee5 Xu\u00e2n 110-115 ng\u00e0y, v\u1ee5 H\u00e8 Thu 100-110 ng\u00e0y<br \/>\nTha\u0300nh ph\u00e2\u0300n:<br \/>\nGi\u1ed1ng HD9 \u0111\u1ebb nh\u00e1nh nhanh, b\u00f4ng to v\u00e0 d\u00e0i h\u1ea1t v\u00e0ng, n\u0103ng su\u1ea5t 50-55 t\u1ea1\/ha th\u00e2n canh t\u1ed1t \u0111\u1ea1t 60-65 t\u1ea1\/ha<br \/>\nTh\u00f4ng tin kha\u0301c:<br \/>\nTh\u00f3c Gi\u1ed1ng<\/p>","protected":false},"featured_media":3053,"comment_status":"open","ping_status":"closed","template":"","meta":{"_acf_changed":false},"product_cat":[311,22,310],"product_tag":[],"class_list":{"0":"post-3052","1":"product","2":"type-product","3":"status-publish","4":"has-post-thumbnail","6":"product_cat-gao-ngu-coc-hat-so-che-khac","7":"product_cat-sanphamthucpham","8":"product_cat-thuc-pham-tho-so-che","10":"first","11":"instock","12":"shipping-taxable","13":"product-type-simple"},"acf":[],"_links":{"self":[{"href":"https:\/\/b2c.fairs.vn\/en\/wp-json\/wp\/v2\/product\/3052","targetHints":{"allow":["GET"]}}],"collection":[{"href":"https:\/\/b2c.fairs.vn\/en\/wp-json\/wp\/v2\/product"}],"about":[{"href":"https:\/\/b2c.fairs.vn\/en\/wp-json\/wp\/v2\/types\/product"}],"replies":[{"embeddable":true,"href":"https:\/\/b2c.fairs.vn\/en\/wp-json\/wp\/v2\/comments?post=3052"}],"version-history":[{"count":0,"href":"https:\/\/b2c.fairs.vn\/en\/wp-json\/wp\/v2\/product\/3052\/revisions"}],"wp:featuredmedia":[{"embeddable":true,"href":"https:\/\/b2c.fairs.vn\/en\/wp-json\/wp\/v2\/media\/3053"}],"wp:attachment":[{"href":"https:\/\/b2c.fairs.vn\/en\/wp-json\/wp\/v2\/media?parent=3052"}],"wp:term":[{"taxonomy":"product_cat","embeddable":true,"href":"https:\/\/b2c.fairs.vn\/en\/wp-json\/wp\/v2\/product_cat?post=3052"},{"taxonomy":"product_tag","embeddable":true,"href":"https:\/\/b2c.fairs.vn\/en\/wp-json\/wp\/v2\/product_tag?post=3052"}],"curies":[{"name":"wp","href":"https:\/\/api.w.org\/{rel}","templated":true}]}}