{"id":3048,"date":"2024-03-19T10:15:40","date_gmt":"2024-03-19T10:15:40","guid":{"rendered":"https:\/\/b2c.fairs.vn\/?post_type=product&#038;p=3048"},"modified":"2024-03-27T13:37:05","modified_gmt":"2024-03-27T06:37:05","slug":"thoc-giong-hd9","status":"publish","type":"product","link":"https:\/\/b2c.fairs.vn\/en\/product\/thoc-giong-hd9\/","title":{"rendered":"Th\u00f3c Gi\u1ed1ng HD9"},"content":{"rendered":"<p>Gi\u1ed1ng HD9 ( H\u1ed3ng \u0110\u1ee9c) l\u00e0 gi\u1ed1ng l\u00faa thu\u1ea7n ch\u1ea5t l\u01b0\u1ee3ng cao. \u0110\u01b0\u1ee3c C\u00f4ng Ty TNHH C\u01b0\u1eddng T\u00e2n \u0111\u1ed9c quy\u1ec1n s\u1ea3n xu\u1ea5t v\u00e0 kinh doanh Th\u1eddi gian sinh tr\u01b0\u1edfng mi\u1ec1n B\u1eafc V\u1ee5 Xu\u00e2n 105-130 ng\u00e0y, v\u1ee5 \u0110\u00f4ng 105-110 ng\u00e0y Th\u1eddi gian sinh tr\u01b0\u1edfng mi\u1ec1n Nam, Nam Trung B\u1ed9 v\u00e0 T\u00e2y Nguy\u00ean V\u1ee5 Xu\u00e2n 105-115 ng\u00e0y, v\u1ee5 H\u00e8 Thu 105-110 ng\u00e0y<\/p>\n<p>Tha\u0300nh ph\u00e2\u0300n:<br \/>\nGi\u1ed1ng HD9 \u0111\u1ebb nh\u00e1nh nhanh, b\u00f4ng to v\u00e0 d\u00e0i h\u1ea1t v\u00e0ng, n\u0103ng su\u1ea5t 70-75 t\u1ea1\/ha th\u00e2n canh t\u1ed1t \u0111\u1ea1t 85-90 t\u1ea1\/ha<\/p>\n<p>Th\u00f4ng tin kha\u0301c:<br \/>\nTh\u00f3c Gi\u1ed1ng<\/p>","protected":false},"excerpt":{"rendered":"<p>Gi\u1ed1ng HD9 ( H\u1ed3ng \u0110\u1ee9c) l\u00e0 gi\u1ed1ng l\u00faa thu\u1ea7n ch\u1ea5t l\u01b0\u1ee3ng cao. \u0110\u01b0\u1ee3c C\u00f4ng Ty TNHH C\u01b0\u1eddng T\u00e2n \u0111\u1ed9c quy\u1ec1n s\u1ea3n xu\u1ea5t v\u00e0 kinh doanh Th\u1eddi gian sinh tr\u01b0\u1edfng mi\u1ec1n B\u1eafc V\u1ee5 Xu\u00e2n 105-130 ng\u00e0y, v\u1ee5 \u0110\u00f4ng 105-110 ng\u00e0y Th\u1eddi gian sinh tr\u01b0\u1edfng mi\u1ec1n Nam, Nam Trung B\u1ed9 v\u00e0 T\u00e2y Nguy\u00ean V\u1ee5 Xu\u00e2n 105-115 ng\u00e0y, v\u1ee5 H\u00e8 Thu 105-110 ng\u00e0y<\/p>\n<p>Tha\u0300nh ph\u00e2\u0300n:<br \/>\nGi\u1ed1ng HD9 \u0111\u1ebb nh\u00e1nh nhanh, b\u00f4ng to v\u00e0 d\u00e0i h\u1ea1t v\u00e0ng, n\u0103ng su\u1ea5t 70-75 t\u1ea1\/ha th\u00e2n canh t\u1ed1t \u0111\u1ea1t 85-90 t\u1ea1\/ha<\/p>\n<p>Th\u00f4ng tin kha\u0301c:<br \/>\nTh\u00f3c Gi\u1ed1ng<\/p>","protected":false},"featured_media":3049,"comment_status":"open","ping_status":"closed","template":"","meta":{"_acf_changed":false},"product_cat":[311,22,310],"product_tag":[],"class_list":{"0":"post-3048","1":"product","2":"type-product","3":"status-publish","4":"has-post-thumbnail","6":"product_cat-gao-ngu-coc-hat-so-che-khac","7":"product_cat-sanphamthucpham","8":"product_cat-thuc-pham-tho-so-che","10":"first","11":"instock","12":"shipping-taxable","13":"product-type-simple"},"acf":[],"_links":{"self":[{"href":"https:\/\/b2c.fairs.vn\/en\/wp-json\/wp\/v2\/product\/3048","targetHints":{"allow":["GET"]}}],"collection":[{"href":"https:\/\/b2c.fairs.vn\/en\/wp-json\/wp\/v2\/product"}],"about":[{"href":"https:\/\/b2c.fairs.vn\/en\/wp-json\/wp\/v2\/types\/product"}],"replies":[{"embeddable":true,"href":"https:\/\/b2c.fairs.vn\/en\/wp-json\/wp\/v2\/comments?post=3048"}],"version-history":[{"count":0,"href":"https:\/\/b2c.fairs.vn\/en\/wp-json\/wp\/v2\/product\/3048\/revisions"}],"wp:featuredmedia":[{"embeddable":true,"href":"https:\/\/b2c.fairs.vn\/en\/wp-json\/wp\/v2\/media\/3049"}],"wp:attachment":[{"href":"https:\/\/b2c.fairs.vn\/en\/wp-json\/wp\/v2\/media?parent=3048"}],"wp:term":[{"taxonomy":"product_cat","embeddable":true,"href":"https:\/\/b2c.fairs.vn\/en\/wp-json\/wp\/v2\/product_cat?post=3048"},{"taxonomy":"product_tag","embeddable":true,"href":"https:\/\/b2c.fairs.vn\/en\/wp-json\/wp\/v2\/product_tag?post=3048"}],"curies":[{"name":"wp","href":"https:\/\/api.w.org\/{rel}","templated":true}]}}