{"id":3045,"date":"2024-03-19T10:14:46","date_gmt":"2024-03-19T10:14:46","guid":{"rendered":"https:\/\/b2c.fairs.vn\/?post_type=product&#038;p=3045"},"modified":"2024-03-27T13:35:02","modified_gmt":"2024-03-27T06:35:02","slug":"gao-japonica-ngoc-lam","status":"publish","type":"product","link":"https:\/\/b2c.fairs.vn\/en\/product\/gao-japonica-ngoc-lam\/","title":{"rendered":"G\u1ea1o Japonica Ng\u1ecdc L\u00e2m"},"content":{"rendered":"<div>\n<div>\n<p>G\u1ea1o KOJI l\u00e0 s\u1ea3n ph\u1ea9m ch\u1ea5t l\u01b0\u1ee3ng cao \u0111\u01b0\u1ee3c s\u1ea3n xu\u1ea5t t\u1eeb gi\u1ed1ng l\u00faa c\u00f3 ch\u1ea5t l\u01b0\u1ee3ng v\u01b0\u1ee3t tr\u1ed9i nh\u1ea5t, \u0111\u01b0\u1ee3c ki\u1ec3m so\u00e1t ch\u1ea5t l\u01b0\u1ee3ng ch\u1eb7t ch\u1ebd t\u1eeb kh\u00e2u ch\u1ecdn gi\u1ed1ng, canh t\u00e1c, s\u1ea3n xu\u1ea5t \u0111\u1ebfn kh\u00e2u xay x\u00e1t v\u00e0 \u0111\u00f3ng g\u00f3i b\u1ea3o qu\u1ea3n. Do \u0111\u00f3, g\u1ea1o KOJI lu\u00f4n \u0111\u01b0\u1ee3c \u0111\u1ea3m b\u1ea3o v\u1ecb ngon, d\u1ebbo v\u00e0 h\u01b0\u01a1ng th\u01a1m t\u1ef1 nhi\u00ean tuy\u1ec7t h\u1ea3o<\/p>\n<\/div>\n<\/div>\n<div>\n<div>\n<h3 class=\"text-xl my-5 font-bold\">Th\u00f4ng s\u1ed1 k\u1ef9 thu\u1eadt<\/h3>\n<div>\n<div class=\"my-2 py-2\">Protein<span class=\"mlr-1\">:<\/span><span class=\"ml-1\">7%<\/span><\/div>\n<div class=\"my-2 py-2\">\u0110\u1ed9 \u1ea9m\/ Moisture<span class=\"mlr-1\">:<\/span><span class=\"ml-1\">14.5%<\/span><\/div>\n<div class=\"my-2 py-2\">Gluxit\/ Carbonhydrates<span class=\"mlr-1\">:<\/span><span class=\"ml-1\">79%<\/span><\/div>\n<div class=\"my-2 py-2\">T\u1ef7 l\u1ec7 t\u1ea5m\/ Broken rice ratio<span class=\"mlr-1\">:<\/span><span class=\"ml-1\">5%<\/span><\/div>\n<\/div>\n<\/div>\n<\/div>","protected":false},"excerpt":{"rendered":"<div>\n<div>\n<p>G\u1ea1o KOJI l\u00e0 s\u1ea3n ph\u1ea9m ch\u1ea5t l\u01b0\u1ee3ng cao \u0111\u01b0\u1ee3c s\u1ea3n xu\u1ea5t t\u1eeb gi\u1ed1ng l\u00faa c\u00f3 ch\u1ea5t l\u01b0\u1ee3ng v\u01b0\u1ee3t tr\u1ed9i nh\u1ea5t, \u0111\u01b0\u1ee3c ki\u1ec3m so\u00e1t ch\u1ea5t l\u01b0\u1ee3ng ch\u1eb7t ch\u1ebd t\u1eeb kh\u00e2u ch\u1ecdn gi\u1ed1ng, canh t\u00e1c, s\u1ea3n xu\u1ea5t \u0111\u1ebfn kh\u00e2u xay x\u00e1t v\u00e0 \u0111\u00f3ng g\u00f3i b\u1ea3o qu\u1ea3n. Do \u0111\u00f3, g\u1ea1o KOJI lu\u00f4n \u0111\u01b0\u1ee3c \u0111\u1ea3m b\u1ea3o v\u1ecb ngon, d\u1ebbo v\u00e0 h\u01b0\u01a1ng th\u01a1m t\u1ef1 nhi\u00ean tuy\u1ec7t h\u1ea3o<\/p>\n<\/div>\n<\/div>\n<div>\n<div>\n<h3 class=\"text-xl my-5 font-bold\">Th\u00f4ng s\u1ed1 k\u1ef9 thu\u1eadt<\/h3>\n<div>\n<div class=\"my-2 py-2\">Protein<span class=\"mlr-1\">:<\/span><span class=\"ml-1\">7%<\/span><\/div>\n<div class=\"my-2 py-2\">\u0110\u1ed9 \u1ea9m\/ Moisture<span class=\"mlr-1\">:<\/span><span class=\"ml-1\">14.5%<\/span><\/div>\n<div class=\"my-2 py-2\">Gluxit\/ Carbonhydrates<span class=\"mlr-1\">:<\/span><span class=\"ml-1\">79%<\/span><\/div>\n<div class=\"my-2 py-2\">T\u1ef7 l\u1ec7 t\u1ea5m\/ Broken rice ratio<span class=\"mlr-1\">:<\/span><span class=\"ml-1\">5%<\/span><\/div>\n<\/div>\n<\/div>\n<\/div>","protected":false},"featured_media":3046,"comment_status":"open","ping_status":"closed","template":"","meta":{"_acf_changed":false},"product_cat":[311,22,310],"product_tag":[],"class_list":{"0":"post-3045","1":"product","2":"type-product","3":"status-publish","4":"has-post-thumbnail","6":"product_cat-gao-ngu-coc-hat-so-che-khac","7":"product_cat-sanphamthucpham","8":"product_cat-thuc-pham-tho-so-che","10":"first","11":"instock","12":"shipping-taxable","13":"product-type-simple"},"acf":[],"_links":{"self":[{"href":"https:\/\/b2c.fairs.vn\/en\/wp-json\/wp\/v2\/product\/3045","targetHints":{"allow":["GET"]}}],"collection":[{"href":"https:\/\/b2c.fairs.vn\/en\/wp-json\/wp\/v2\/product"}],"about":[{"href":"https:\/\/b2c.fairs.vn\/en\/wp-json\/wp\/v2\/types\/product"}],"replies":[{"embeddable":true,"href":"https:\/\/b2c.fairs.vn\/en\/wp-json\/wp\/v2\/comments?post=3045"}],"version-history":[{"count":0,"href":"https:\/\/b2c.fairs.vn\/en\/wp-json\/wp\/v2\/product\/3045\/revisions"}],"wp:featuredmedia":[{"embeddable":true,"href":"https:\/\/b2c.fairs.vn\/en\/wp-json\/wp\/v2\/media\/3046"}],"wp:attachment":[{"href":"https:\/\/b2c.fairs.vn\/en\/wp-json\/wp\/v2\/media?parent=3045"}],"wp:term":[{"taxonomy":"product_cat","embeddable":true,"href":"https:\/\/b2c.fairs.vn\/en\/wp-json\/wp\/v2\/product_cat?post=3045"},{"taxonomy":"product_tag","embeddable":true,"href":"https:\/\/b2c.fairs.vn\/en\/wp-json\/wp\/v2\/product_tag?post=3045"}],"curies":[{"name":"wp","href":"https:\/\/api.w.org\/{rel}","templated":true}]}}