{"id":3041,"date":"2024-03-19T10:13:51","date_gmt":"2024-03-19T10:13:51","guid":{"rendered":"https:\/\/b2c.fairs.vn\/?post_type=product&#038;p=3041"},"modified":"2024-03-27T13:34:59","modified_gmt":"2024-03-27T06:34:59","slug":"giong-lua-lai-ba-dong-nhi-uu-838","status":"publish","type":"product","link":"https:\/\/b2c.fairs.vn\/en\/product\/giong-lua-lai-ba-dong-nhi-uu-838\/","title":{"rendered":"Gi\u1ed1ng l\u00faa lai ba d\u00f2ng Nh\u1ecb \u01afu 838"},"content":{"rendered":"<div>\n<div>\n<p>Gi\u1ed1ng Nh\u1ecb \u01afu 838 l\u00e0 gi\u1ed1ng l\u00faa lai 3 d\u00f2ng do C\u00f4ng ty TNHH C\u01b0\u1eddng T\u00e2n lai t\u1ea1o<\/p>\n<p>\u0110\u1eb7c t\u00ednh gi\u1ed1ng:<\/p>\n<p>-Th\u1eddi gian sinh tr\u01b0\u1edfng: V\u1ee5 xu\u00e2n: 125-135 ng\u00e0y<\/p>\n<p>V\u1ee5 m\u00f9a: 105-125 ng\u00e0y<\/p>\n<p>-Chi\u1ec1u cao c\u00e2y: 105-110cm, th\u00e2n c\u00e2y c\u1ee9ng, sinh tr\u01b0\u1edfng t\u1ed1t, \u0111\u1ebb nh\u00e1nh kh\u1ecfe, s\u1ed1 h\u1ea1t ch\u1eafc tr\u00ean 85 %, tr\u1ecdng l\u01b0\u1ee3ng 1000 h\u1ea1t n\u1eb7ng 25-26gr, n\u0103ng su\u1ea5t \u0111\u1ea1t 90-95 t\u1ea1\/ha<\/p>\n<p>-N\u0103ng su\u1ea5t cao, ch\u1ed1ng ch\u1ecbu s\u00e2u b\u1ec7nh t\u1ed1t, \u0111\u1eb7c bi\u1ec7t th\u00edch \u1ee9ng r\u1ed9ng<\/p>\n<\/div>\n<\/div>\n<div>\n<div>\n<h3 class=\"text-xl my-5 font-bold\">Th\u00f4ng s\u1ed1 k\u1ef9 thu\u1eadt<\/h3>\n<div>\n<div class=\"my-2 py-2\">\u0110\u1ed9 s\u1ea1ch<span class=\"mlr-1\">:<\/span><span class=\"ml-1\">98%<\/span><\/div>\n<div class=\"my-2 py-2\">H\u1ea1t c\u1ecf d\u1ea1i (h\u1ea1t\/kg)<span class=\"mlr-1\">:<\/span><span class=\"ml-1\">10 h\u1ea1t<\/span><\/div>\n<div class=\"my-2 py-2\">\u0110\u1ed9 \u1ea9m (% kh\u1ed1i l\u01b0\u1ee3ng)<span class=\"mlr-1\">:<\/span><span class=\"ml-1\">13<\/span><\/div>\n<div class=\"my-2 py-2\">H\u1ea1t kh\u00e1c gi\u1ed1ng ( % s\u1ed1 h\u1ea1t)<span class=\"mlr-1\">:<\/span><span class=\"ml-1\">0.3<\/span><\/div>\n<div class=\"my-2 py-2\">T\u1ef7 l\u1ec7 n\u1ea3y m\u1ea7m (% s\u1ed1 h\u1ea1t)<span class=\"mlr-1\">:<\/span><span class=\"ml-1\">80<\/span><\/div>\n<\/div>\n<\/div>\n<\/div>","protected":false},"excerpt":{"rendered":"<div>\n<div>\n<p>Gi\u1ed1ng Nh\u1ecb \u01afu 838 l\u00e0 gi\u1ed1ng l\u00faa lai 3 d\u00f2ng do C\u00f4ng ty TNHH C\u01b0\u1eddng T\u00e2n lai t\u1ea1o<\/p>\n<p>\u0110\u1eb7c t\u00ednh gi\u1ed1ng:<\/p>\n<p>-Th\u1eddi gian sinh tr\u01b0\u1edfng: V\u1ee5 xu\u00e2n: 125-135 ng\u00e0y<\/p>\n<p>V\u1ee5 m\u00f9a: 105-125 ng\u00e0y<\/p>\n<p>-Chi\u1ec1u cao c\u00e2y: 105-110cm, th\u00e2n c\u00e2y c\u1ee9ng, sinh tr\u01b0\u1edfng t\u1ed1t, \u0111\u1ebb nh\u00e1nh kh\u1ecfe, s\u1ed1 h\u1ea1t ch\u1eafc tr\u00ean 85 %, tr\u1ecdng l\u01b0\u1ee3ng 1000 h\u1ea1t n\u1eb7ng 25-26gr, n\u0103ng su\u1ea5t \u0111\u1ea1t 90-95 t\u1ea1\/ha<\/p>\n<p>-N\u0103ng su\u1ea5t cao, ch\u1ed1ng ch\u1ecbu s\u00e2u b\u1ec7nh t\u1ed1t, \u0111\u1eb7c bi\u1ec7t th\u00edch \u1ee9ng r\u1ed9ng<\/p>\n<\/div>\n<\/div>\n<div>\n<div>\n<h3 class=\"text-xl my-5 font-bold\">Th\u00f4ng s\u1ed1 k\u1ef9 thu\u1eadt<\/h3>\n<div>\n<div class=\"my-2 py-2\">\u0110\u1ed9 s\u1ea1ch<span class=\"mlr-1\">:<\/span><span class=\"ml-1\">98%<\/span><\/div>\n<div class=\"my-2 py-2\">H\u1ea1t c\u1ecf d\u1ea1i (h\u1ea1t\/kg)<span class=\"mlr-1\">:<\/span><span class=\"ml-1\">10 h\u1ea1t<\/span><\/div>\n<div class=\"my-2 py-2\">\u0110\u1ed9 \u1ea9m (% kh\u1ed1i l\u01b0\u1ee3ng)<span class=\"mlr-1\">:<\/span><span class=\"ml-1\">13<\/span><\/div>\n<div class=\"my-2 py-2\">H\u1ea1t kh\u00e1c gi\u1ed1ng ( % s\u1ed1 h\u1ea1t)<span class=\"mlr-1\">:<\/span><span class=\"ml-1\">0.3<\/span><\/div>\n<div class=\"my-2 py-2\">T\u1ef7 l\u1ec7 n\u1ea3y m\u1ea7m (% s\u1ed1 h\u1ea1t)<span class=\"mlr-1\">:<\/span><span class=\"ml-1\">80<\/span><\/div>\n<\/div>\n<\/div>\n<\/div>","protected":false},"featured_media":3042,"comment_status":"open","ping_status":"closed","template":"","meta":{"_acf_changed":false},"product_cat":[311,22,310],"product_tag":[],"class_list":{"0":"post-3041","1":"product","2":"type-product","3":"status-publish","4":"has-post-thumbnail","6":"product_cat-gao-ngu-coc-hat-so-che-khac","7":"product_cat-sanphamthucpham","8":"product_cat-thuc-pham-tho-so-che","10":"first","11":"instock","12":"shipping-taxable","13":"product-type-simple"},"acf":[],"_links":{"self":[{"href":"https:\/\/b2c.fairs.vn\/en\/wp-json\/wp\/v2\/product\/3041","targetHints":{"allow":["GET"]}}],"collection":[{"href":"https:\/\/b2c.fairs.vn\/en\/wp-json\/wp\/v2\/product"}],"about":[{"href":"https:\/\/b2c.fairs.vn\/en\/wp-json\/wp\/v2\/types\/product"}],"replies":[{"embeddable":true,"href":"https:\/\/b2c.fairs.vn\/en\/wp-json\/wp\/v2\/comments?post=3041"}],"version-history":[{"count":0,"href":"https:\/\/b2c.fairs.vn\/en\/wp-json\/wp\/v2\/product\/3041\/revisions"}],"wp:featuredmedia":[{"embeddable":true,"href":"https:\/\/b2c.fairs.vn\/en\/wp-json\/wp\/v2\/media\/3042"}],"wp:attachment":[{"href":"https:\/\/b2c.fairs.vn\/en\/wp-json\/wp\/v2\/media?parent=3041"}],"wp:term":[{"taxonomy":"product_cat","embeddable":true,"href":"https:\/\/b2c.fairs.vn\/en\/wp-json\/wp\/v2\/product_cat?post=3041"},{"taxonomy":"product_tag","embeddable":true,"href":"https:\/\/b2c.fairs.vn\/en\/wp-json\/wp\/v2\/product_tag?post=3041"}],"curies":[{"name":"wp","href":"https:\/\/api.w.org\/{rel}","templated":true}]}}