{"id":3009,"date":"2024-03-19T09:40:54","date_gmt":"2024-03-19T09:40:54","guid":{"rendered":"https:\/\/b2c.fairs.vn\/?post_type=product&#038;p=3009"},"modified":"2024-03-19T09:40:54","modified_gmt":"2024-03-19T09:40:54","slug":"hoang-tra-bach-lien-hoa","status":"publish","type":"product","link":"https:\/\/b2c.fairs.vn\/en\/product\/hoang-tra-bach-lien-hoa\/","title":{"rendered":"Ho\u00e0ng Tr\u00e0 B\u00e1ch Li\u00ean Hoa"},"content":{"rendered":"<p><strong>C\u00d4NG D\u1ee4NG:<\/strong><\/p>\n<ul>\n<li>Gi\u00fap ng\u1ee7 ngon, an th\u1ea7n<\/li>\n<li>Gi\u1ea3m m\u1ee1 m\u00e1u, \u1ed5n \u0111\u1ecbnh \u0111\u01b0\u1eddng huy\u1ebft<\/li>\n<li>H\u1ed7 tr\u1ee3 gi\u1ea3m c\u00e2n, l\u00e0m s\u00e1ng da<\/li>\n<\/ul>\n<p><strong>TH\u00c0NH PH\u1ea6N:<\/strong><\/p>\n<ul>\n<li>N\u1ee5 hoa sen B\u00e1ch Di\u1ec7p<\/li>\n<\/ul>\n<p><strong>C\u00c1CH D\u00d9NG:<\/strong><\/p>\n<ul>\n<li>Pha tr\u00e0 b\u1eb1ng n\u01b0\u1edbc s\u00f4i (95-100 C) trong b\u00ecnh th\u1ee7y tinh<\/li>\n<li>S\u1eed d\u1ee5ng sau 3-5 ph\u00fat<\/li>\n<li>C\u00f3 th\u1ec3 th\u00eam \u0111\u00e1 n\u1ebfu th\u00edch<\/li>\n<\/ul>","protected":false},"excerpt":{"rendered":"<p>C\u00d4NG D\u1ee4NG: Gi\u00fap ng\u1ee7 ngon, an th\u1ea7n Gi\u1ea3m m\u1ee1 m\u00e1u, \u1ed5n \u0111\u1ecbnh \u0111\u01b0\u1eddng huy\u1ebft H\u1ed7 tr\u1ee3 gi\u1ea3m c\u00e2n, l\u00e0m s\u00e1ng<\/p>","protected":false},"featured_media":2991,"comment_status":"open","ping_status":"closed","template":"","meta":{"_acf_changed":false},"product_cat":[321,332,22],"product_tag":[],"class_list":{"0":"post-3009","1":"product","2":"type-product","3":"status-publish","4":"has-post-thumbnail","6":"product_cat-che","7":"product_cat-san-pham-duoc-lieu-va-san-pham-tu-duoc-lieu","8":"product_cat-sanphamthucpham","10":"first","11":"instock","12":"shipping-taxable","13":"product-type-simple"},"acf":[],"_links":{"self":[{"href":"https:\/\/b2c.fairs.vn\/en\/wp-json\/wp\/v2\/product\/3009","targetHints":{"allow":["GET"]}}],"collection":[{"href":"https:\/\/b2c.fairs.vn\/en\/wp-json\/wp\/v2\/product"}],"about":[{"href":"https:\/\/b2c.fairs.vn\/en\/wp-json\/wp\/v2\/types\/product"}],"replies":[{"embeddable":true,"href":"https:\/\/b2c.fairs.vn\/en\/wp-json\/wp\/v2\/comments?post=3009"}],"version-history":[{"count":0,"href":"https:\/\/b2c.fairs.vn\/en\/wp-json\/wp\/v2\/product\/3009\/revisions"}],"wp:featuredmedia":[{"embeddable":true,"href":"https:\/\/b2c.fairs.vn\/en\/wp-json\/wp\/v2\/media\/2991"}],"wp:attachment":[{"href":"https:\/\/b2c.fairs.vn\/en\/wp-json\/wp\/v2\/media?parent=3009"}],"wp:term":[{"taxonomy":"product_cat","embeddable":true,"href":"https:\/\/b2c.fairs.vn\/en\/wp-json\/wp\/v2\/product_cat?post=3009"},{"taxonomy":"product_tag","embeddable":true,"href":"https:\/\/b2c.fairs.vn\/en\/wp-json\/wp\/v2\/product_tag?post=3009"}],"curies":[{"name":"wp","href":"https:\/\/api.w.org\/{rel}","templated":true}]}}