{"id":3002,"date":"2024-03-19T09:40:02","date_gmt":"2024-03-19T09:40:02","guid":{"rendered":"https:\/\/b2c.fairs.vn\/?post_type=product&#038;p=3002"},"modified":"2024-03-19T09:40:02","modified_gmt":"2024-03-19T09:40:02","slug":"ruou-dong-trung-ha-thao","status":"publish","type":"product","link":"https:\/\/b2c.fairs.vn\/en\/product\/ruou-dong-trung-ha-thao\/","title":{"rendered":"R\u01b0\u1ee3u \u0110\u00f4ng Tr\u00f9ng H\u1ea1 Th\u1ea3o"},"content":{"rendered":"<p><strong>C\u00d4NG D\u1ee4NG:<\/strong><\/p>\n<ul>\n<li>T\u0103ng c\u01b0\u1eddng s\u1ee9c kh\u1ecfe cho c\u01a1 th\u1ec3<\/li>\n<li>H\u1ed7 tr\u1ee3 c\u1ea3i thi\u1ec7n sinh l\u00fd<\/li>\n<li>Gi\u00fap \u1ed5n \u0111\u1ecbnh \u0111\u01b0\u1eddng huy\u1ebft<\/li>\n<li>\u1ee8c ch\u1ebf t\u1ebf b\u00e0o ung th\u01b0<\/li>\n<li>L\u00e0m \u0111\u1eb9p da<\/li>\n<\/ul>\n<p><strong>TH\u00c0NH PH\u1ea6N:<\/strong><\/p>\n<ul>\n<li>Gi\u00e1 th\u1ec3 \u0110\u00f4ng Tr\u00f9ng H\u1ea1 Th\u1ea3o<\/li>\n<li>T\u00e1o \u0111\u1ecf H\u00e0n Qu\u1ed1c<\/li>\n<li>R\u01b0\u1ee3u n\u1ebfp tr\u1eafng nguy\u00ean ch\u1ea5t \u1ee7 chum<\/li>\n<\/ul>\n<p><strong>C\u00c1CH D\u00d9NG:<\/strong><\/p>\n<ul>\n<li>S\u1eed d\u1ee5ng m\u1ed9t l\u01b0\u1ee3ng tr\u1ef1c ti\u1ebfp v\u1eeba \u0111\u1ee7 h\u00e0ng ng\u00e0y \u0111\u1ec3 t\u1ed1t cho s\u1ee9c kh\u1ecfe<\/li>\n<\/ul>\n<p><strong>B\u1ea2O QU\u1ea2N:<\/strong><\/p>\n<ul>\n<li>B\u1ea3o qu\u1ea3n n\u01a1i kh\u00f4 r\u00e1o, tho\u00e1ng m\u00e1t, tr\u00e1nh \u00e1nh \u00e1ng tr\u1ef1c ti\u1ebfp<\/li>\n<\/ul>","protected":false},"excerpt":{"rendered":"<p>C\u00d4NG D\u1ee4NG: T\u0103ng c\u01b0\u1eddng s\u1ee9c kh\u1ecfe cho c\u01a1 th\u1ec3 H\u1ed7 tr\u1ee3 c\u1ea3i thi\u1ec7n sinh l\u00fd Gi\u00fap \u1ed5n \u0111\u1ecbnh \u0111\u01b0\u1eddng huy\u1ebft<\/p>","protected":false},"featured_media":2989,"comment_status":"open","ping_status":"closed","template":"","meta":{"_acf_changed":false},"product_cat":[325],"product_tag":[],"class_list":{"0":"post-3002","1":"product","2":"type-product","3":"status-publish","4":"has-post-thumbnail","6":"product_cat-san-pham-do-uong","8":"first","9":"instock","10":"shipping-taxable","11":"product-type-simple"},"acf":[],"_links":{"self":[{"href":"https:\/\/b2c.fairs.vn\/en\/wp-json\/wp\/v2\/product\/3002","targetHints":{"allow":["GET"]}}],"collection":[{"href":"https:\/\/b2c.fairs.vn\/en\/wp-json\/wp\/v2\/product"}],"about":[{"href":"https:\/\/b2c.fairs.vn\/en\/wp-json\/wp\/v2\/types\/product"}],"replies":[{"embeddable":true,"href":"https:\/\/b2c.fairs.vn\/en\/wp-json\/wp\/v2\/comments?post=3002"}],"version-history":[{"count":0,"href":"https:\/\/b2c.fairs.vn\/en\/wp-json\/wp\/v2\/product\/3002\/revisions"}],"wp:featuredmedia":[{"embeddable":true,"href":"https:\/\/b2c.fairs.vn\/en\/wp-json\/wp\/v2\/media\/2989"}],"wp:attachment":[{"href":"https:\/\/b2c.fairs.vn\/en\/wp-json\/wp\/v2\/media?parent=3002"}],"wp:term":[{"taxonomy":"product_cat","embeddable":true,"href":"https:\/\/b2c.fairs.vn\/en\/wp-json\/wp\/v2\/product_cat?post=3002"},{"taxonomy":"product_tag","embeddable":true,"href":"https:\/\/b2c.fairs.vn\/en\/wp-json\/wp\/v2\/product_tag?post=3002"}],"curies":[{"name":"wp","href":"https:\/\/api.w.org\/{rel}","templated":true}]}}