{"id":2967,"date":"2024-03-19T09:30:09","date_gmt":"2024-03-19T09:30:09","guid":{"rendered":"https:\/\/b2c.fairs.vn\/?post_type=product&#038;p=2967"},"modified":"2024-03-26T16:42:56","modified_gmt":"2024-03-26T09:42:56","slug":"gao-mam-tuoi-antonin","status":"publish","type":"product","link":"https:\/\/b2c.fairs.vn\/en\/product\/gao-mam-tuoi-antonin\/","title":{"rendered":"G\u1ea0O M\u1ea6M T\u01af\u01a0I ANTONIN"},"content":{"rendered":"<p>M\u1ed9t s\u1ea3n ph\u1ea9m v\u1edbi c\u00f4ng ngh\u1ec7 ch\u1ebf bi\u1ebfn m\u1edbi gi\u00fap gia t\u0103ng r\u1ea5t nhi\u1ec1u gi\u00e1 tr\u1ecb dinh d\u01b0\u1ee1ng c\u1ee7a g\u1ea1o. Kh\u00f4ng nh\u1eefng cung c\u1ea5p dinh d\u01b0\u1ee1ng m\u00e0 g\u1ea1o m\u1ea7m t\u01b0\u01a1i c\u00f2n ch\u1ee9a m\u1ed9t s\u1ed1 th\u00e0nh ph\u1ea7n c\u00f3 t\u00e1c d\u1ee5ng h\u1ed7 tr\u1ee3 c\u1ea3i thi\u1ec7n c\u00e1c v\u1ea5n \u0111\u1ec1 v\u1ec1 tinh th\u1ea7n, s\u1ee9c kh\u1ecfe nh\u01b0 Gaba, catalase, inositol&#8230;..<br \/>\nTh\u00e0nh ph\u1ea7n dinh d\u01b0\u1ee1ng c\u1ee7a g\u1ea1o m\u1ea7m r\u1ea5t cao, bao g\u1ed3m: Tinh b\u1ed9t, ch\u1ea5t \u0111\u1ea1m, ch\u1ea5t b\u00e9o, c\u00e1c nguy\u00ean t\u1ed1 vi l\u01b0\u1ee3ng, l\u1edbp c\u00e1m b\u00ean ngo\u00e0i d\u1ed3i d\u00e0o c\u00e1c vitamin nh\u00f3m B, E v\u00e0 kho\u00e1ng ch\u1ea5t&#8230; h\u00e0m l\u01b0\u1ee3ng tinh b\u1ed9t th\u1ea5p. \u0110\u1eb7c bi\u1ec7t ch\u1ea5t GABA trong g\u1ea1o m\u1ea7m cao g\u1ea5p h\u00e0ng ch\u1ee5c l\u1ea7n so v\u1edbi g\u1ea1o l\u1ee9t. GABA l\u00e0 ch\u1ea5t d\u1eabn truy\u1ec1n th\u1ea7n kinh \u0111\u01b0\u1ee3c h\u00ecnh th\u00e0nh t\u1ef1 nhi\u00ean trong th\u1ef1c v\u1eadt, t\u1eadp chung \u1edf \u0111\u1ec9nh sinh tr\u01b0\u1edfng c\u1ee7a th\u1ef1c v\u1eadt. GABA c\u00f3 t\u00e1c d\u1ee5ng \u1ee9c ch\u1ebf h\u1ec7 th\u1ea7n kinh, gi\u1ea3m c\u0103ng th\u1eb3ng, \u0111\u1ea3m b\u1ea3o duy tr\u00ec s\u1ef1 ho\u1ea1t \u0111\u1ed9ng b\u00ecnh th\u01b0\u1eddng c\u1ee7a n\u00e3o b\u1ed9 v\u00e0 \u0111\u01b0\u1ee3c xem nh\u01b0 m\u1ed9t li\u1ec1u thu\u1ed1c an th\u1ea7n t\u1ef1 nhi\u00ean c\u00f3 l\u1ee3i cho s\u1ee9c kh\u1ecfe con ng\u01b0\u1eddi. C\u00e1c nghi\u00ean c\u1ee9u \u0111\u00e1nh gi\u00e1 ch\u1ea5t GABA trong g\u1ea1o m\u1ea7m cho th\u1ea5y: C\u00f3 t\u00e1c d\u1ee5ng h\u1ed7 tr\u1ee3 t\u00edch c\u1ef1c trong vi\u1ec7c gi\u1ea3m v\u00e0 \u1ed5n \u0111\u1ecbnh \u0111\u01b0\u1eddng huy\u1ebft, c\u00e2n b\u1eb1ng huy\u1ebft \u00e1p, gi\u1ea3m stress, gi\u1ea3m \u0111au, gi\u1ea3m cholesterol, gi\u1ea3m m\u1ee1 m\u00e1u,&#8230;\u0111\u1ed3ng th\u1eddi gi\u00fap t\u00e2m tr\u1ea1ng tho\u1ea3i m\u00e1i v\u00e0 ph\u1ea5n ch\u1ea5n h\u01a1n. Gi\u00fap b\u1ea3o v\u1ec7 c\u00e1c c\u01a1 quan, b\u1ed9 ph\u1eadn c\u00f3 nguy c\u01a1 b\u1ecb bi\u1ebfn ch\u1ee9ng: Gan, th\u1eadn, m\u1eaft, m\u1ea1ch m\u00e1u, n\u00e3o, da\u2026Ho\u1ea1t ch\u1ea5t GABA t\u0103ng t\u1ed1c qu\u00e1 tr\u00ecnh l\u00e0m l\u00e0nh v\u1ebft lo\u00e9t \u1edf b\u1ec7nh nh\u00e2n b\u1ecb vi\u00eam d\u1ea1 d\u00e0y. G\u1ea1o m\u1ea7m m\u1ea7m c\u00f2n t\u1ed1t cho ph\u1ee5 n\u1eef, h\u1ed7 tr\u1ee3 ng\u0103n ng\u1eeba, ch\u1ed1ng l\u00e3o h\u00f3a, gi\u1eef g\u00ecn v\u00f3c d\u00e1ng, l\u00e0n da v\u00e0 c\u0169ng l\u00e0 g\u1ea1o t\u1ed1t cho tr\u1ebb em nh\u1edd c\u00f3 h\u00e0m l\u01b0\u1ee3ng canxi cao, nhi\u1ec1u ch\u1ea5t x\u01a1 d\u1ec5 ti\u00eau h\u00f3a, kh\u00f4ng g\u00e2y n\u00f3ng trong ng\u01b0\u1eddi\u2026<br \/>\nTha\u0300nh ph\u00e2\u0300n:<br \/>\nG\u1ea1o m\u1ea7m t\u01b0\u01a1i ANTONIN G\u1ea1o M\u1ea7m T\u01b0\u01a1i ngo\u00e0i c\u00e1c y\u1ebfu t\u1ed1 dinh d\u01b0\u1ee1ng trong G\u1ea1o M\u1ea7m th\u00f4ng th\u01b0\u1eddng, G\u1ea0O M\u1ea6M T\u01af\u01a0I c\u00f2n c\u00f3 c\u00e1c ch\u1ea5t dinh d\u01b0\u1ee1ng kh\u00e1c \u0111\u00e3 \u0111\u01b0\u1ee3c Vi\u1ec7n dinh d\u01b0\u1ee1ng v\u00e0 an to\u00e0n th\u1ef1c ph\u1ea9m Qu\u1ed1c gia \u0111\u00e1nh gi\u00e1 v\u00e0 \u0111o l\u01b0\u1eddng ch\u00ednh x\u00e1c kh\u00e1c nh\u01b0:<br \/>\n&#8211; Catalase: gi\u00fap ch\u1ed1ng oxy h\u00f3a, kh\u00e1ng l\u1ea1i c\u00e1c ph\u00e2n t\u1eed oxy gi\u00e0 \u0111\u01b0\u1ee3c h\u00ecnh th\u00e0nh khi c\u01a1 th\u1ec3 stress, m\u1ec7t m\u1ecfi th\u1eddi gian d\u00e0i. Catalase c\u00f2n gi\u00fap gi\u1ea3m t\u00f3c b\u1ea1c. M\u1ed7i ph\u00e2n t\u1eed catalase c\u00f3 th\u1ec3 ph\u00e2n hu\u1ef7 h\u00e0ng tri\u1ec7u ph\u00e2n t\u1eed H2O2 ( oxi gi\u00e0)<br \/>\n&#8211; Monacoin: th\u01b0\u1eddng hay c\u00f3 trong m\u1ea7m g\u1ea1o \u0111\u1ecf, \u0111\u00e2y l\u00e0 ch\u1ea5t gi\u00fap \u0111\u00e0o th\u1ea3i m\u1ee1 m\u00e1u v\u00e0 cholesterol m\u00e1u r\u1ea5t t\u1ed1t.<br \/>\n&#8211; Inositol: Gi\u00fap gi\u1ea3m c\u0103ng th\u1eb3ng v\u00e0 c\u00e2n b\u1eb1ng \u0111\u01b0\u1eddng huy\u1ebft.<br \/>\n&#8211; Vitamin E: Ch\u1ed1ng l\u00e3o ho\u00e1, gi\u00fap \u0111\u1eb9p da v\u00e0 t\u1ed1t cho tr\u1ebb em.<br \/>\n&#8211; H\u00e0m l\u01b0\u1ee3ng ch\u1ea5t x\u01a1 th\u00f4 v\u00e0 canxi r\u1ea5t cao.<\/p>","protected":false},"excerpt":{"rendered":"<p>M\u1ed9t s\u1ea3n ph\u1ea9m v\u1edbi c\u00f4ng ngh\u1ec7 ch\u1ebf bi\u1ebfn m\u1edbi gi\u00fap gia t\u0103ng r\u1ea5t nhi\u1ec1u gi\u00e1 tr\u1ecb dinh d\u01b0\u1ee1ng c\u1ee7a g\u1ea1o. Kh\u00f4ng nh\u1eefng cung c\u1ea5p dinh d\u01b0\u1ee1ng m\u00e0 g\u1ea1o m\u1ea7m t\u01b0\u01a1i c\u00f2n ch\u1ee9a m\u1ed9t s\u1ed1 th\u00e0nh ph\u1ea7n c\u00f3 t\u00e1c d\u1ee5ng h\u1ed7 tr\u1ee3 c\u1ea3i thi\u1ec7n c\u00e1c v\u1ea5n \u0111\u1ec1 v\u1ec1 tinh th\u1ea7n, s\u1ee9c kh\u1ecfe nh\u01b0 Gaba, catalase, inositol&#8230;..<br \/>\nTh\u00e0nh ph\u1ea7n dinh d\u01b0\u1ee1ng c\u1ee7a g\u1ea1o m\u1ea7m r\u1ea5t cao, bao g\u1ed3m: Tinh b\u1ed9t, ch\u1ea5t \u0111\u1ea1m, ch\u1ea5t b\u00e9o, c\u00e1c nguy\u00ean t\u1ed1 vi l\u01b0\u1ee3ng, l\u1edbp c\u00e1m b\u00ean ngo\u00e0i d\u1ed3i d\u00e0o c\u00e1c vitamin nh\u00f3m B, E v\u00e0 kho\u00e1ng ch\u1ea5t&#8230; h\u00e0m l\u01b0\u1ee3ng tinh b\u1ed9t th\u1ea5p. \u0110\u1eb7c bi\u1ec7t ch\u1ea5t GABA trong g\u1ea1o m\u1ea7m cao g\u1ea5p h\u00e0ng ch\u1ee5c l\u1ea7n so v\u1edbi g\u1ea1o l\u1ee9t. GABA l\u00e0 ch\u1ea5t d\u1eabn truy\u1ec1n th\u1ea7n kinh \u0111\u01b0\u1ee3c h\u00ecnh th\u00e0nh t\u1ef1 nhi\u00ean trong th\u1ef1c v\u1eadt, t\u1eadp chung \u1edf \u0111\u1ec9nh sinh tr\u01b0\u1edfng c\u1ee7a th\u1ef1c v\u1eadt. GABA c\u00f3 t\u00e1c d\u1ee5ng \u1ee9c ch\u1ebf h\u1ec7 th\u1ea7n kinh, gi\u1ea3m c\u0103ng th\u1eb3ng, \u0111\u1ea3m b\u1ea3o duy tr\u00ec s\u1ef1 ho\u1ea1t \u0111\u1ed9ng b\u00ecnh th\u01b0\u1eddng c\u1ee7a n\u00e3o b\u1ed9 v\u00e0 \u0111\u01b0\u1ee3c xem nh\u01b0 m\u1ed9t li\u1ec1u thu\u1ed1c an th\u1ea7n t\u1ef1 nhi\u00ean c\u00f3 l\u1ee3i cho s\u1ee9c kh\u1ecfe con ng\u01b0\u1eddi. C\u00e1c nghi\u00ean c\u1ee9u \u0111\u00e1nh gi\u00e1 ch\u1ea5t GABA trong g\u1ea1o m\u1ea7m cho th\u1ea5y: C\u00f3 t\u00e1c d\u1ee5ng h\u1ed7 tr\u1ee3 t\u00edch c\u1ef1c trong vi\u1ec7c gi\u1ea3m v\u00e0 \u1ed5n \u0111\u1ecbnh \u0111\u01b0\u1eddng huy\u1ebft, c\u00e2n b\u1eb1ng huy\u1ebft \u00e1p, gi\u1ea3m stress, gi\u1ea3m \u0111au, gi\u1ea3m cholesterol, gi\u1ea3m m\u1ee1 m\u00e1u,&#8230;\u0111\u1ed3ng th\u1eddi gi\u00fap t\u00e2m tr\u1ea1ng tho\u1ea3i m\u00e1i v\u00e0 ph\u1ea5n ch\u1ea5n h\u01a1n. Gi\u00fap b\u1ea3o v\u1ec7 c\u00e1c c\u01a1 quan, b\u1ed9 ph\u1eadn c\u00f3 nguy c\u01a1 b\u1ecb bi\u1ebfn ch\u1ee9ng: Gan, th\u1eadn, m\u1eaft, m\u1ea1ch m\u00e1u, n\u00e3o, da\u2026Ho\u1ea1t ch\u1ea5t GABA t\u0103ng t\u1ed1c qu\u00e1 tr\u00ecnh l\u00e0m l\u00e0nh v\u1ebft lo\u00e9t \u1edf b\u1ec7nh nh\u00e2n b\u1ecb vi\u00eam d\u1ea1 d\u00e0y. G\u1ea1o m\u1ea7m m\u1ea7m c\u00f2n t\u1ed1t cho ph\u1ee5 n\u1eef, h\u1ed7 tr\u1ee3 ng\u0103n ng\u1eeba, ch\u1ed1ng l\u00e3o h\u00f3a, gi\u1eef g\u00ecn v\u00f3c d\u00e1ng, l\u00e0n da v\u00e0 c\u0169ng l\u00e0 g\u1ea1o t\u1ed1t cho tr\u1ebb em nh\u1edd c\u00f3 h\u00e0m l\u01b0\u1ee3ng canxi cao, nhi\u1ec1u ch\u1ea5t x\u01a1 d\u1ec5 ti\u00eau h\u00f3a, kh\u00f4ng g\u00e2y n\u00f3ng trong ng\u01b0\u1eddi\u2026<br \/>\nTha\u0300nh ph\u00e2\u0300n:<br \/>\nG\u1ea1o m\u1ea7m t\u01b0\u01a1i ANTONIN G\u1ea1o M\u1ea7m T\u01b0\u01a1i ngo\u00e0i c\u00e1c y\u1ebfu t\u1ed1 dinh d\u01b0\u1ee1ng trong G\u1ea1o M\u1ea7m th\u00f4ng th\u01b0\u1eddng, G\u1ea0O M\u1ea6M T\u01af\u01a0I c\u00f2n c\u00f3 c\u00e1c ch\u1ea5t dinh d\u01b0\u1ee1ng kh\u00e1c \u0111\u00e3 \u0111\u01b0\u1ee3c Vi\u1ec7n dinh d\u01b0\u1ee1ng v\u00e0 an to\u00e0n th\u1ef1c ph\u1ea9m Qu\u1ed1c gia \u0111\u00e1nh gi\u00e1 v\u00e0 \u0111o l\u01b0\u1eddng ch\u00ednh x\u00e1c kh\u00e1c nh\u01b0:<br \/>\n&#8211; Catalase: gi\u00fap ch\u1ed1ng oxy h\u00f3a, kh\u00e1ng l\u1ea1i c\u00e1c ph\u00e2n t\u1eed oxy gi\u00e0 \u0111\u01b0\u1ee3c h\u00ecnh th\u00e0nh khi c\u01a1 th\u1ec3 stress, m\u1ec7t m\u1ecfi th\u1eddi gian d\u00e0i. Catalase c\u00f2n gi\u00fap gi\u1ea3m t\u00f3c b\u1ea1c. M\u1ed7i ph\u00e2n t\u1eed catalase c\u00f3 th\u1ec3 ph\u00e2n hu\u1ef7 h\u00e0ng tri\u1ec7u ph\u00e2n t\u1eed H2O2 ( oxi gi\u00e0)<br \/>\n&#8211; Monacoin: th\u01b0\u1eddng hay c\u00f3 trong m\u1ea7m g\u1ea1o \u0111\u1ecf, \u0111\u00e2y l\u00e0 ch\u1ea5t gi\u00fap \u0111\u00e0o th\u1ea3i m\u1ee1 m\u00e1u v\u00e0 cholesterol m\u00e1u r\u1ea5t t\u1ed1t.<br \/>\n&#8211; Inositol: Gi\u00fap gi\u1ea3m c\u0103ng th\u1eb3ng v\u00e0 c\u00e2n b\u1eb1ng \u0111\u01b0\u1eddng huy\u1ebft.<br \/>\n&#8211; Vitamin E: Ch\u1ed1ng l\u00e3o ho\u00e1, gi\u00fap \u0111\u1eb9p da v\u00e0 t\u1ed1t cho tr\u1ebb em.<br \/>\n&#8211; H\u00e0m l\u01b0\u1ee3ng ch\u1ea5t x\u01a1 th\u00f4 v\u00e0 canxi r\u1ea5t cao.<\/p>","protected":false},"featured_media":2968,"comment_status":"open","ping_status":"closed","template":"","meta":{"_acf_changed":false},"product_cat":[318,320,22],"product_tag":[],"class_list":{"0":"post-2967","1":"product","2":"type-product","3":"status-publish","4":"has-post-thumbnail","6":"product_cat-gia-vi","7":"product_cat-gia-vi-khac","8":"product_cat-sanphamthucpham","10":"first","11":"instock","12":"shipping-taxable","13":"product-type-simple"},"acf":[],"_links":{"self":[{"href":"https:\/\/b2c.fairs.vn\/en\/wp-json\/wp\/v2\/product\/2967","targetHints":{"allow":["GET"]}}],"collection":[{"href":"https:\/\/b2c.fairs.vn\/en\/wp-json\/wp\/v2\/product"}],"about":[{"href":"https:\/\/b2c.fairs.vn\/en\/wp-json\/wp\/v2\/types\/product"}],"replies":[{"embeddable":true,"href":"https:\/\/b2c.fairs.vn\/en\/wp-json\/wp\/v2\/comments?post=2967"}],"version-history":[{"count":0,"href":"https:\/\/b2c.fairs.vn\/en\/wp-json\/wp\/v2\/product\/2967\/revisions"}],"wp:featuredmedia":[{"embeddable":true,"href":"https:\/\/b2c.fairs.vn\/en\/wp-json\/wp\/v2\/media\/2968"}],"wp:attachment":[{"href":"https:\/\/b2c.fairs.vn\/en\/wp-json\/wp\/v2\/media?parent=2967"}],"wp:term":[{"taxonomy":"product_cat","embeddable":true,"href":"https:\/\/b2c.fairs.vn\/en\/wp-json\/wp\/v2\/product_cat?post=2967"},{"taxonomy":"product_tag","embeddable":true,"href":"https:\/\/b2c.fairs.vn\/en\/wp-json\/wp\/v2\/product_tag?post=2967"}],"curies":[{"name":"wp","href":"https:\/\/api.w.org\/{rel}","templated":true}]}}