{"id":2959,"date":"2024-03-19T09:28:31","date_gmt":"2024-03-19T09:28:31","guid":{"rendered":"https:\/\/b2c.fairs.vn\/?post_type=product&#038;p=2959"},"modified":"2024-03-26T16:43:11","modified_gmt":"2024-03-26T09:43:11","slug":"muoi-ham-pampa","status":"publish","type":"product","link":"https:\/\/b2c.fairs.vn\/en\/product\/muoi-ham-pampa\/","title":{"rendered":"Mu\u1ed1i h\u1ea7m Pampa"},"content":{"rendered":"<p>Mu\u1ed1i h\u1ea7m Pampa l\u00e0 s\u1ea3n ph\u1ea9m \u0111\u01b0\u1ee3c ch\u1ebf bi\u1ebfn t\u1eeb mu\u1ed1i ph\u01a1i c\u00e1t B\u1ea1ch Long, Giao Th\u1ee7y, Nam \u0110\u1ecbnh. \u0110\u01b0\u1ee3c ch\u1ebf bi\u1ebfn theo ph\u01b0\u01a1ng ph\u00e1p truy\u1ec1n th\u1ed1ng gi\u00fap mu\u1ed1i kh\u00f4ng c\u00f3 v\u1ecb ch\u00e1t, m\u1eb7n, t\u0103ng v\u1ecb ng\u1ecdt h\u1eadu c\u1ee7a mu\u1ed1i. Mu\u1ed1i h\u1ea7m Pampa l\u00e0 s\u1ef1 l\u1ef1a ch\u1ecdn l\u00fd t\u01b0\u1edfng cho m\u1ed7i b\u1eefa \u0103n v\u00e0 s\u1ee9c kh\u1ecfe c\u1ee7a gia \u0111\u00ecnh b\u1ea1n.<\/p>\n<p>&nbsp;<\/p>\n<p>Mu\u1ed1i l\u00e0 gia v\u1ecb kh\u00f4ng th\u1ec3 thi\u1ebfu trong cu\u1ed9c s\u1ed1ng \u1ee7a con ng\u01b0\u1eddi. V\u1edbi vai tr\u00f2 \u0111\u1eb7c bi\u1ec7t quan tr\u1ecdng n\u00ean mu\u1ed1i c\u00f9ng v\u1edbi g\u1ea1o v\u00e0 x\u0103ng d\u1ea7u l\u00e0 s\u1ea3n ph\u1ea9m chi\u1ebfn l\u01b0\u1ee3c y\u00eau c\u1ea7u ph\u1ea3i c\u00f3 d\u1ef1 tr\u1eef qu\u1ed1c gia. Vi\u1ec7t Nam c\u00f3 ngh\u1ec1 s\u1ea3n xu\u1ea5t mu\u1ed1i l\u00e2u \u0111\u1eddi t\u1eeb n\u01b0\u1edbc bi\u1ec3n. \u0110\u1eb7c bi\u1ec7t \u1edf \u0111\u1ed3ng b\u1eb1ng s\u00f4ng H\u1ed3ng c\u00f3 ngh\u1ec1 l\u00e0m mu\u1ed1i t\u1eeb n\u01b0\u1edbc bi\u1ec3n \u0111\u00f3 l\u00e0 Mu\u1ed1i Ph\u01a1i C\u00e1t ( Tr\u00ean th\u1ebf gi\u1edbi ch\u1ec9 c\u00f3 Vi\u1ec7t Nam v\u00e0 Indonesia s\u1ea3n xu\u1ea5t). Mu\u1ed1i ph\u01a1i c\u00e1t \u0111\u01b0\u1ee3c c\u00e1c chuy\u00ean gia \u1ea9m th\u1ef1c \u0111\u00e1nh gi\u00e1 l\u00e0 mu\u1ed1i n\u1ea5u \u0103n ngon nh\u1ea5t th\u1ebf gi\u1edbi ( B\u00e1o Ngh\u1ec7 An n\u0103m 2014). Tuy nhi\u00ean mu\u1ed1i Ph\u01a1i C\u00e1t ch\u01b0a \u0111\u01b0\u1ee3c x\u1ee9ng t\u1ea7m gi\u00e1 tr\u1ecb c\u1ee7a n\u00f3. Gi\u00e1 mu\u1ed1i qu\u00e1 r\u1ebb, ng\u01b0\u1eddi Di\u00eam d\u00e2n \u0111\u00e3 d\u1ea7n b\u1ecf l\u00e0m mu\u1ed1i.<\/p>\n<p>&nbsp;<\/p>\n<p>Tr\u01b0\u1edbc th\u1ef1c tr\u1ea1ng \u0111\u00f3, Cty \u0110\u00f4ng Nam \u00c1 mong mu\u1ed1n kh\u00e1t khao b\u1ea3o v\u1ec7 v\u00e0 ph\u00e1t tri\u1ec3n \u0111\u01b0\u1ee3c v\u00f9ng Mu\u1ed1i Ph\u01a1i C\u00e1t \u1edf Nam \u0110\u1ecbnh. Ch\u00fang t\u00f4i \u0111\u00e3 nghi\u00ean c\u1ee9u c\u00e1c ph\u01b0\u01a1ng th\u1ee9c s\u1ea3n xu\u1ea5t mu\u1ed1i, c\u00e1c c\u00e1ch ch\u1ebf bi\u1ebfn mu\u1ed1i \u0111\u1ec3 gia t\u0103ng gi\u00e1 tr\u1ecb cho Mu\u1ed1i Ph\u01a1i C\u00e1t Nam \u0110\u1ecbnh. Mu\u1ed1i H\u1ea7m l\u00e0 m\u1ed9t s\u1ea3n ph\u1ea9m truy\u1ec1n th\u1ed1ng c\u00f3 t\u1eeb th\u1eddi Phong Ki\u1ebfn, \u0111\u01b0\u1ee3c s\u1eed d\u1ee5ng trong c\u00f9ng \u0111\u00ecnh h\u00e0ng ng\u00e0n n\u0103m.<\/p>\n<p>Mu\u1ed1i Ph\u01a1i C\u00e1t H\u1ea7m \u0111\u01b0\u1ee3c s\u1ea3n xu\u1ea5t theo ph\u01b0\u01a1ng ph\u00e1p cho mu\u1ed1i v\u00e0o ni\u00eau \u0111\u1ea5t, cho v\u00e0o h\u1ea7m \u0111\u1ed1t b\u1eb1ng c\u1ee7i \u1edf nhi\u1ec7t \u0111\u1ed9 r\u1ea5t cao trong th\u1eddi gian r\u1ea5t d\u00e0i nh\u1eb1m lo\u1ea1i b\u1ecf h\u1ebft c\u00e1c ch\u1ea5t d\u1ec5 bay h\u01a1i t\u1ea1o v\u1ecb kh\u00f3 ch\u1ecbu nh\u01b0 L\u01b0u hu\u1ef3nh, H2S\u2026 t\u1ea1o cho mu\u1ed1i c\u00f3 v\u1ecb m\u1eb7n d\u1ecbu d\u1ec5 chiu, ng\u1ecdt h\u1eadu m\u00e0 v\u1eabn gi\u1eef \u0111\u01b0\u1ee3c c\u00e1c kho\u00e1ng ch\u1ea5t quan tr\u1ecdng trong mu\u1ed1i, \u0111\u00e2y l\u00e0 nguy\u00ean li\u1ec7u c\u01a1 b\u1ea3n cho h\u00e0ng lo\u1ea1t c\u00e1c s\u1ea3n ph\u1ea9m kh\u00e1c.<\/p>","protected":false},"excerpt":{"rendered":"<p>Mu\u1ed1i h\u1ea7m Pampa l\u00e0 s\u1ea3n ph\u1ea9m \u0111\u01b0\u1ee3c ch\u1ebf bi\u1ebfn t\u1eeb mu\u1ed1i ph\u01a1i c\u00e1t B\u1ea1ch Long, Giao Th\u1ee7y, Nam \u0110\u1ecbnh. \u0110\u01b0\u1ee3c ch\u1ebf bi\u1ebfn theo ph\u01b0\u01a1ng ph\u00e1p truy\u1ec1n th\u1ed1ng gi\u00fap mu\u1ed1i kh\u00f4ng c\u00f3 v\u1ecb ch\u00e1t, m\u1eb7n, t\u0103ng v\u1ecb ng\u1ecdt h\u1eadu c\u1ee7a mu\u1ed1i. Mu\u1ed1i h\u1ea7m Pampa l\u00e0 s\u1ef1 l\u1ef1a ch\u1ecdn l\u00fd t\u01b0\u1edfng cho m\u1ed7i b\u1eefa \u0103n v\u00e0 s\u1ee9c kh\u1ecfe c\u1ee7a gia \u0111\u00ecnh b\u1ea1n.<\/p>\n<p>&nbsp;<\/p>\n<p>Mu\u1ed1i l\u00e0 gia v\u1ecb kh\u00f4ng th\u1ec3 thi\u1ebfu trong cu\u1ed9c s\u1ed1ng \u1ee7a con ng\u01b0\u1eddi. V\u1edbi vai tr\u00f2 \u0111\u1eb7c bi\u1ec7t quan tr\u1ecdng n\u00ean mu\u1ed1i c\u00f9ng v\u1edbi g\u1ea1o v\u00e0 x\u0103ng d\u1ea7u l\u00e0 s\u1ea3n ph\u1ea9m chi\u1ebfn l\u01b0\u1ee3c y\u00eau c\u1ea7u ph\u1ea3i c\u00f3 d\u1ef1 tr\u1eef qu\u1ed1c gia. Vi\u1ec7t Nam c\u00f3 ngh\u1ec1 s\u1ea3n xu\u1ea5t mu\u1ed1i l\u00e2u \u0111\u1eddi t\u1eeb n\u01b0\u1edbc bi\u1ec3n. \u0110\u1eb7c bi\u1ec7t \u1edf \u0111\u1ed3ng b\u1eb1ng s\u00f4ng H\u1ed3ng c\u00f3 ngh\u1ec1 l\u00e0m mu\u1ed1i t\u1eeb n\u01b0\u1edbc bi\u1ec3n \u0111\u00f3 l\u00e0 Mu\u1ed1i Ph\u01a1i C\u00e1t ( Tr\u00ean th\u1ebf gi\u1edbi ch\u1ec9 c\u00f3 Vi\u1ec7t Nam v\u00e0 Indonesia s\u1ea3n xu\u1ea5t). Mu\u1ed1i ph\u01a1i c\u00e1t \u0111\u01b0\u1ee3c c\u00e1c chuy\u00ean gia \u1ea9m th\u1ef1c \u0111\u00e1nh gi\u00e1 l\u00e0 mu\u1ed1i n\u1ea5u \u0103n ngon nh\u1ea5t th\u1ebf gi\u1edbi ( B\u00e1o Ngh\u1ec7 An n\u0103m 2014). Tuy nhi\u00ean mu\u1ed1i Ph\u01a1i C\u00e1t ch\u01b0a \u0111\u01b0\u1ee3c x\u1ee9ng t\u1ea7m gi\u00e1 tr\u1ecb c\u1ee7a n\u00f3. Gi\u00e1 mu\u1ed1i qu\u00e1 r\u1ebb, ng\u01b0\u1eddi Di\u00eam d\u00e2n \u0111\u00e3 d\u1ea7n b\u1ecf l\u00e0m mu\u1ed1i.<\/p>\n<p>&nbsp;<\/p>\n<p>Tr\u01b0\u1edbc th\u1ef1c tr\u1ea1ng \u0111\u00f3, Cty \u0110\u00f4ng Nam \u00c1 mong mu\u1ed1n kh\u00e1t khao b\u1ea3o v\u1ec7 v\u00e0 ph\u00e1t tri\u1ec3n \u0111\u01b0\u1ee3c v\u00f9ng Mu\u1ed1i Ph\u01a1i C\u00e1t \u1edf Nam \u0110\u1ecbnh. Ch\u00fang t\u00f4i \u0111\u00e3 nghi\u00ean c\u1ee9u c\u00e1c ph\u01b0\u01a1ng th\u1ee9c s\u1ea3n xu\u1ea5t mu\u1ed1i, c\u00e1c c\u00e1ch ch\u1ebf bi\u1ebfn mu\u1ed1i \u0111\u1ec3 gia t\u0103ng gi\u00e1 tr\u1ecb cho Mu\u1ed1i Ph\u01a1i C\u00e1t Nam \u0110\u1ecbnh. Mu\u1ed1i H\u1ea7m l\u00e0 m\u1ed9t s\u1ea3n ph\u1ea9m truy\u1ec1n th\u1ed1ng c\u00f3 t\u1eeb th\u1eddi Phong Ki\u1ebfn, \u0111\u01b0\u1ee3c s\u1eed d\u1ee5ng trong c\u00f9ng \u0111\u00ecnh h\u00e0ng ng\u00e0n n\u0103m.<\/p>\n<p>Mu\u1ed1i Ph\u01a1i C\u00e1t H\u1ea7m \u0111\u01b0\u1ee3c s\u1ea3n xu\u1ea5t theo ph\u01b0\u01a1ng ph\u00e1p cho mu\u1ed1i v\u00e0o ni\u00eau \u0111\u1ea5t, cho v\u00e0o h\u1ea7m \u0111\u1ed1t b\u1eb1ng c\u1ee7i \u1edf nhi\u1ec7t \u0111\u1ed9 r\u1ea5t cao trong th\u1eddi gian r\u1ea5t d\u00e0i nh\u1eb1m lo\u1ea1i b\u1ecf h\u1ebft c\u00e1c ch\u1ea5t d\u1ec5 bay h\u01a1i t\u1ea1o v\u1ecb kh\u00f3 ch\u1ecbu nh\u01b0 L\u01b0u hu\u1ef3nh, H2S\u2026 t\u1ea1o cho mu\u1ed1i c\u00f3 v\u1ecb m\u1eb7n d\u1ecbu d\u1ec5 chiu, ng\u1ecdt h\u1eadu m\u00e0 v\u1eabn gi\u1eef \u0111\u01b0\u1ee3c c\u00e1c kho\u00e1ng ch\u1ea5t quan tr\u1ecdng trong mu\u1ed1i, \u0111\u00e2y l\u00e0 nguy\u00ean li\u1ec7u c\u01a1 b\u1ea3n cho h\u00e0ng lo\u1ea1t c\u00e1c s\u1ea3n ph\u1ea9m kh\u00e1c.<\/p>","protected":false},"featured_media":2960,"comment_status":"open","ping_status":"closed","template":"","meta":{"_acf_changed":false},"product_cat":[318,320,22],"product_tag":[],"class_list":{"0":"post-2959","1":"product","2":"type-product","3":"status-publish","4":"has-post-thumbnail","6":"product_cat-gia-vi","7":"product_cat-gia-vi-khac","8":"product_cat-sanphamthucpham","10":"first","11":"instock","12":"shipping-taxable","13":"product-type-simple"},"acf":[],"_links":{"self":[{"href":"https:\/\/b2c.fairs.vn\/en\/wp-json\/wp\/v2\/product\/2959","targetHints":{"allow":["GET"]}}],"collection":[{"href":"https:\/\/b2c.fairs.vn\/en\/wp-json\/wp\/v2\/product"}],"about":[{"href":"https:\/\/b2c.fairs.vn\/en\/wp-json\/wp\/v2\/types\/product"}],"replies":[{"embeddable":true,"href":"https:\/\/b2c.fairs.vn\/en\/wp-json\/wp\/v2\/comments?post=2959"}],"version-history":[{"count":0,"href":"https:\/\/b2c.fairs.vn\/en\/wp-json\/wp\/v2\/product\/2959\/revisions"}],"wp:featuredmedia":[{"embeddable":true,"href":"https:\/\/b2c.fairs.vn\/en\/wp-json\/wp\/v2\/media\/2960"}],"wp:attachment":[{"href":"https:\/\/b2c.fairs.vn\/en\/wp-json\/wp\/v2\/media?parent=2959"}],"wp:term":[{"taxonomy":"product_cat","embeddable":true,"href":"https:\/\/b2c.fairs.vn\/en\/wp-json\/wp\/v2\/product_cat?post=2959"},{"taxonomy":"product_tag","embeddable":true,"href":"https:\/\/b2c.fairs.vn\/en\/wp-json\/wp\/v2\/product_tag?post=2959"}],"curies":[{"name":"wp","href":"https:\/\/api.w.org\/{rel}","templated":true}]}}