{"id":2953,"date":"2024-03-19T09:26:14","date_gmt":"2024-03-19T09:26:14","guid":{"rendered":"https:\/\/b2c.fairs.vn\/?post_type=product&#038;p=2953"},"modified":"2024-03-26T16:42:07","modified_gmt":"2024-03-26T09:42:07","slug":"bun-kho-pampa","status":"publish","type":"product","link":"https:\/\/b2c.fairs.vn\/en\/product\/bun-kho-pampa\/","title":{"rendered":"B\u00fan kh\u00f4 Pampa"},"content":{"rendered":"<div>\n<div>\n<p>B\u00fan kh\u00f4 Pampa\u00a0l\u00e0 m\u1ed9t d\u00f2ng s\u1ea3n ph\u1ea9m \u0111\u1eb7c bi\u1ec7t t\u1eeb g\u1ea1o c\u1ee7a\u00a0C\u00f4ng ty C\u1ed5 ph\u1ea7n Ch\u1ebf bi\u1ebfn v\u00e0 Kinh doanh Th\u1ef1c ph\u1ea9m \u0110\u00f4ng Nam \u00c1. \u0110\u01b0\u1ee3c tuy\u1ec3n ch\u1ecdn t\u1eeb nh\u1eefng h\u1ea1t g\u1ea1o s\u1ea1ch t\u1ea1i m\u1ea3nh \u0111\u1ea5t Th\u00e0nh Nam &#8211; Nam \u0110\u1ecbnh.<\/p>\n<p>&nbsp;<\/p>\n<p>B\u00fan l\u00e0 m\u1ed9t m\u00f3n \u0103n quen thu\u1ed9c v\u1edbi m\u1ed7i ng\u01b0\u1eddi d\u00e2n Vi\u1ec7t Nam, kh\u00f4ng bi\u1ebft t\u1eeb bao gi\u1eddi m\u00e0 b\u00fan \u0111\u00e3 \u0111i v\u00e0o ti\u1ec1m th\u1ee9c c\u1ee7a m\u1ed7i ng\u01b0\u1eddi v\u1edbi nh\u1eefng m\u00f3n \u0103n s\u00e1ng ngon v\u00e0 b\u1ed5 d\u01b0\u1ee1ng.\u00a0B\u00fan\u00a0kh\u00f4 pama<i><strong>\u00a0<\/strong><\/i>k\u1ebf th\u1eeba v\u00e0 ph\u00e1t huy n\u00e9t \u0111\u1eb9p truy\u1ec1n th\u1ed1ng c\u1ee7a nh\u1eefng l\u00e0ng ngh\u1ec1 l\u00e0m b\u00fan Vi\u1ec7t Nam. B\u00fan\u00a0Pampa\u00a0th\u00edch h\u1ee3p cho m\u1ecdi ng\u01b0\u1eddi d\u00f9ng trong c\u00e1c b\u1eefa \u0103n s\u00e1ng, b\u1eefa \u0103n h\u00e0ng ng\u00e0y, d\u1ec5 ch\u1ebf bi\u1ebfn v\u1edbi nhi\u1ec1u c\u00e1ch kh\u00e1c nhau nh\u01b0 n\u1ea5u, x\u00e0o, tr\u1ed9n, m\u00f3n n\u01b0\u1edbc&#8230;. \u0111\u1ec1u r\u1ea5t ngon mi\u1ec7ng. \u0110\u01b0\u1ee3c s\u1ea3n xu\u1ea5t t\u1eeb b\u1ed9t g\u1ea1o nguy\u00ean ch\u1ea5t mang n\u00e9t h\u01b0\u01a1ng v\u1ecb \u0111\u1eb7c tr\u01b0ng s\u1ee3i b\u00fan dai, d\u00f2n s\u1ea7n s\u1eadt, kh\u00f4ng h\u1ec1 b\u1ecb nh\u00e3o.<i><strong>\u00a0<\/strong><\/i>B\u00fan kh\u00f4 pampa<i><strong>\u00a0<\/strong><\/i>\u00a0c\u00f3 \u0111\u1ee7 c\u00e1c k\u00edch th\u01b0\u1edbc s\u1ee3i to, s\u1ee3i nh\u1ecf, \u0111\u00e1p \u1ee9ng \u0111a d\u1ea1ng kh\u1ea9u v\u1ecb v\u00e0 s\u1edf th\u00edch c\u1ee7a th\u1ef1c kh\u00e1ch. C\u00e1ch s\u01a1 ch\u1ebf s\u1ea3n ph\u1ea9m r\u1ea5t \u0111\u01a1n gi\u1ea3n, ti\u1ebft ki\u1ec7m th\u1eddi gian, b\u1ea1n c\u00f3 th\u1ec3 k\u1ebft h\u1ee3p s\u1ea3n ph\u1ea9m c\u00f9ng c\u00e1c nguy\u00ean li\u1ec7u kh\u00e1c \u0111\u1ec3 ch\u1ebf bi\u1ebfn nh\u1eefng m\u00f3n \u0103n ngon cho c\u1ea3 gia \u0111\u00ecnh nh\u01b0: \u0103n l\u1ea9u, b\u00fan x\u00e0o, b\u00fan tr\u1ed9n&#8230;<\/p>\n<p>&nbsp;<\/p>\n<p>V\u1edbi d\u00e2y chuy\u1ec1n ch\u1ebf bi\u1ebfn h\u1ee3p v\u1ec7 sinh, hi\u1ec7n \u0111\u1ea1i, qu\u1ea3n l\u00fd ch\u1ea5t l\u01b0\u1ee3ng ch\u1eb7t ch\u1ebd t\u1ea1o n\u00ean s\u1ea3n ph\u1ea9m s\u1ea1ch \u0111\u1ea3m b\u1ea3o an to\u00e0n s\u1ee9c kh\u1ecfe cho ng\u01b0\u1eddi ti\u00eau d\u00f9ng.<i><strong>\u00a0<\/strong><\/i>Ph\u1edf kh\u00f4 Pampa<i><strong>\u00a0<\/strong><\/i>t\u1ef1 h\u00e0o mang \u0111\u1ebfn nh\u1eefng m\u00f3n \u0103n ngon v\u00e0 s\u1ea1ch cho b\u1ea1n v\u00e0 ng\u01b0\u1eddi th\u00e2n c\u1ee7a m\u00ecnh.<\/p>\n<h3><\/h3>\n<h4>H\u01b0\u1edbng d\u1eabn s\u1eed d\u1ee5ng ph\u1edf kh\u00f4 Pampa<\/h4>\n<p>&#8211; R\u1eeda v\u1edbi n\u01b0\u1edbc s\u1ea1ch.<\/p>\n<p>&#8211; Cho b\u00e1nh ph\u1edf v\u00e0o n\u1ed3i n\u01b0\u1edbc \u0111ang s\u00f4i kho\u1ea3ng 3-5 ph\u00fat, cho th\u00eam rau, th\u1ecbt \u0111\u1ec3 l\u00e0m b\u00e1t ph\u1edf n\u00f3ng ngon,<br \/>\nHo\u1eb7c:<\/p>\n<p>&#8211; V\u1edbt ra x\u1ea3 l\u1ea1i v\u1edbi n\u01b0\u1edbc s\u1ea1ch.<\/p>\n<p>&#8211; \u0110\u1ec3 r\u00e1o tr\u1ed9n th\u00eam 1 \u00edt d\u1ea7u tr\u01b0\u1edbc khi x\u00e0o ho\u1eb7c n\u1ea5u v\u1edbi th\u1ecbt, tr\u1ee9ng, rau.<\/p>\n<\/div>\n<\/div>\n<div>\n<div>\n<h3 class=\"text-xl my-5 font-bold\">Th\u00f4ng s\u1ed1 k\u1ef9 thu\u1eadt<\/h3>\n<div>\n<div class=\"my-2 py-2\">Th\u00e0nh ph\u1ea7n<span class=\"mlr-1\">:<\/span><span class=\"ml-1\">100% b\u1ed9t g\u1ea1o, n\u01b0\u1edbc<\/span><\/div>\n<\/div>\n<\/div>\n<\/div>","protected":false},"excerpt":{"rendered":"<div>\n<div>\n<p>B\u00fan kh\u00f4 Pampa\u00a0l\u00e0 m\u1ed9t d\u00f2ng s\u1ea3n ph\u1ea9m \u0111\u1eb7c bi\u1ec7t t\u1eeb g\u1ea1o c\u1ee7a\u00a0C\u00f4ng ty C\u1ed5 ph\u1ea7n Ch\u1ebf bi\u1ebfn v\u00e0 Kinh doanh Th\u1ef1c ph\u1ea9m \u0110\u00f4ng Nam \u00c1. \u0110\u01b0\u1ee3c tuy\u1ec3n ch\u1ecdn t\u1eeb nh\u1eefng h\u1ea1t g\u1ea1o s\u1ea1ch t\u1ea1i m\u1ea3nh \u0111\u1ea5t Th\u00e0nh Nam &#8211; Nam \u0110\u1ecbnh.<\/p>\n<p>&nbsp;<\/p>\n<p>B\u00fan l\u00e0 m\u1ed9t m\u00f3n \u0103n quen thu\u1ed9c v\u1edbi m\u1ed7i ng\u01b0\u1eddi d\u00e2n Vi\u1ec7t Nam, kh\u00f4ng bi\u1ebft t\u1eeb bao gi\u1eddi m\u00e0 b\u00fan \u0111\u00e3 \u0111i v\u00e0o ti\u1ec1m th\u1ee9c c\u1ee7a m\u1ed7i ng\u01b0\u1eddi v\u1edbi nh\u1eefng m\u00f3n \u0103n s\u00e1ng ngon v\u00e0 b\u1ed5 d\u01b0\u1ee1ng.\u00a0B\u00fan\u00a0kh\u00f4 pama<i><strong>\u00a0<\/strong><\/i>k\u1ebf th\u1eeba v\u00e0 ph\u00e1t huy n\u00e9t \u0111\u1eb9p truy\u1ec1n th\u1ed1ng c\u1ee7a nh\u1eefng l\u00e0ng ngh\u1ec1 l\u00e0m b\u00fan Vi\u1ec7t Nam. B\u00fan\u00a0Pampa\u00a0th\u00edch h\u1ee3p cho m\u1ecdi ng\u01b0\u1eddi d\u00f9ng trong c\u00e1c b\u1eefa \u0103n s\u00e1ng, b\u1eefa \u0103n h\u00e0ng ng\u00e0y, d\u1ec5 ch\u1ebf bi\u1ebfn v\u1edbi nhi\u1ec1u c\u00e1ch kh\u00e1c nhau nh\u01b0 n\u1ea5u, x\u00e0o, tr\u1ed9n, m\u00f3n n\u01b0\u1edbc&#8230;. \u0111\u1ec1u r\u1ea5t ngon mi\u1ec7ng. \u0110\u01b0\u1ee3c s\u1ea3n xu\u1ea5t t\u1eeb b\u1ed9t g\u1ea1o nguy\u00ean ch\u1ea5t mang n\u00e9t h\u01b0\u01a1ng v\u1ecb \u0111\u1eb7c tr\u01b0ng s\u1ee3i b\u00fan dai, d\u00f2n s\u1ea7n s\u1eadt, kh\u00f4ng h\u1ec1 b\u1ecb nh\u00e3o.<i><strong>\u00a0<\/strong><\/i>B\u00fan kh\u00f4 pampa<i><strong>\u00a0<\/strong><\/i>\u00a0c\u00f3 \u0111\u1ee7 c\u00e1c k\u00edch th\u01b0\u1edbc s\u1ee3i to, s\u1ee3i nh\u1ecf, \u0111\u00e1p \u1ee9ng \u0111a d\u1ea1ng kh\u1ea9u v\u1ecb v\u00e0 s\u1edf th\u00edch c\u1ee7a th\u1ef1c kh\u00e1ch. C\u00e1ch s\u01a1 ch\u1ebf s\u1ea3n ph\u1ea9m r\u1ea5t \u0111\u01a1n gi\u1ea3n, ti\u1ebft ki\u1ec7m th\u1eddi gian, b\u1ea1n c\u00f3 th\u1ec3 k\u1ebft h\u1ee3p s\u1ea3n ph\u1ea9m c\u00f9ng c\u00e1c nguy\u00ean li\u1ec7u kh\u00e1c \u0111\u1ec3 ch\u1ebf bi\u1ebfn nh\u1eefng m\u00f3n \u0103n ngon cho c\u1ea3 gia \u0111\u00ecnh nh\u01b0: \u0103n l\u1ea9u, b\u00fan x\u00e0o, b\u00fan tr\u1ed9n&#8230;<\/p>\n<p>&nbsp;<\/p>\n<p>V\u1edbi d\u00e2y chuy\u1ec1n ch\u1ebf bi\u1ebfn h\u1ee3p v\u1ec7 sinh, hi\u1ec7n \u0111\u1ea1i, qu\u1ea3n l\u00fd ch\u1ea5t l\u01b0\u1ee3ng ch\u1eb7t ch\u1ebd t\u1ea1o n\u00ean s\u1ea3n ph\u1ea9m s\u1ea1ch \u0111\u1ea3m b\u1ea3o an to\u00e0n s\u1ee9c kh\u1ecfe cho ng\u01b0\u1eddi ti\u00eau d\u00f9ng.<i><strong>\u00a0<\/strong><\/i>Ph\u1edf kh\u00f4 Pampa<i><strong>\u00a0<\/strong><\/i>t\u1ef1 h\u00e0o mang \u0111\u1ebfn nh\u1eefng m\u00f3n \u0103n ngon v\u00e0 s\u1ea1ch cho b\u1ea1n v\u00e0 ng\u01b0\u1eddi th\u00e2n c\u1ee7a m\u00ecnh.<\/p>\n<h3><\/h3>\n<h4>H\u01b0\u1edbng d\u1eabn s\u1eed d\u1ee5ng ph\u1edf kh\u00f4 Pampa<\/h4>\n<p>&#8211; R\u1eeda v\u1edbi n\u01b0\u1edbc s\u1ea1ch.<\/p>\n<p>&#8211; Cho b\u00e1nh ph\u1edf v\u00e0o n\u1ed3i n\u01b0\u1edbc \u0111ang s\u00f4i kho\u1ea3ng 3-5 ph\u00fat, cho th\u00eam rau, th\u1ecbt \u0111\u1ec3 l\u00e0m b\u00e1t ph\u1edf n\u00f3ng ngon,<br \/>\nHo\u1eb7c:<\/p>\n<p>&#8211; V\u1edbt ra x\u1ea3 l\u1ea1i v\u1edbi n\u01b0\u1edbc s\u1ea1ch.<\/p>\n<p>&#8211; \u0110\u1ec3 r\u00e1o tr\u1ed9n th\u00eam 1 \u00edt d\u1ea7u tr\u01b0\u1edbc khi x\u00e0o ho\u1eb7c n\u1ea5u v\u1edbi th\u1ecbt, tr\u1ee9ng, rau.<\/p>\n<\/div>\n<\/div>\n<div>\n<div>\n<h3 class=\"text-xl my-5 font-bold\">Th\u00f4ng s\u1ed1 k\u1ef9 thu\u1eadt<\/h3>\n<div>\n<div class=\"my-2 py-2\">Th\u00e0nh ph\u1ea7n<span class=\"mlr-1\">:<\/span><span class=\"ml-1\">100% b\u1ed9t g\u1ea1o, n\u01b0\u1edbc<\/span><\/div>\n<\/div>\n<\/div>\n<\/div>","protected":false},"featured_media":2954,"comment_status":"open","ping_status":"closed","template":"","meta":{"_acf_changed":false},"product_cat":[315,22,313],"product_tag":[],"class_list":{"0":"post-2953","1":"product","2":"type-product","3":"status-publish","4":"has-post-thumbnail","6":"product_cat-che-bien-tu-gao-ngu-coc","7":"product_cat-sanphamthucpham","8":"product_cat-thuc-pham-che-bien","10":"first","11":"instock","12":"shipping-taxable","13":"product-type-simple"},"acf":[],"_links":{"self":[{"href":"https:\/\/b2c.fairs.vn\/en\/wp-json\/wp\/v2\/product\/2953","targetHints":{"allow":["GET"]}}],"collection":[{"href":"https:\/\/b2c.fairs.vn\/en\/wp-json\/wp\/v2\/product"}],"about":[{"href":"https:\/\/b2c.fairs.vn\/en\/wp-json\/wp\/v2\/types\/product"}],"replies":[{"embeddable":true,"href":"https:\/\/b2c.fairs.vn\/en\/wp-json\/wp\/v2\/comments?post=2953"}],"version-history":[{"count":0,"href":"https:\/\/b2c.fairs.vn\/en\/wp-json\/wp\/v2\/product\/2953\/revisions"}],"wp:featuredmedia":[{"embeddable":true,"href":"https:\/\/b2c.fairs.vn\/en\/wp-json\/wp\/v2\/media\/2954"}],"wp:attachment":[{"href":"https:\/\/b2c.fairs.vn\/en\/wp-json\/wp\/v2\/media?parent=2953"}],"wp:term":[{"taxonomy":"product_cat","embeddable":true,"href":"https:\/\/b2c.fairs.vn\/en\/wp-json\/wp\/v2\/product_cat?post=2953"},{"taxonomy":"product_tag","embeddable":true,"href":"https:\/\/b2c.fairs.vn\/en\/wp-json\/wp\/v2\/product_tag?post=2953"}],"curies":[{"name":"wp","href":"https:\/\/api.w.org\/{rel}","templated":true}]}}