{"id":2939,"date":"2024-03-19T09:16:37","date_gmt":"2024-03-19T09:16:37","guid":{"rendered":"https:\/\/b2c.fairs.vn\/?post_type=product&#038;p=2939"},"modified":"2024-04-03T14:21:44","modified_gmt":"2024-04-03T07:21:44","slug":"thiet-ke-thi-cong-noi-that-lau-dai-nha-anh-huan-ninh-binh-ld1008","status":"publish","type":"product","link":"https:\/\/b2c.fairs.vn\/en\/product\/thiet-ke-thi-cong-noi-that-lau-dai-nha-anh-huan-ninh-binh-ld1008\/","title":{"rendered":"Thi\u1ebft k\u1ebf, thi c\u00f4ng n\u1ed9i th\u1ea5t L\u00e2u \u0111\u00e0i nh\u00e0 anh Hu\u1ea5n Ninh B\u00ecnh (L\u01101008)"},"content":{"rendered":"<p>Thi\u1ebft k\u1ebf, thi c\u00f4ng n\u1ed9i th\u1ea5t L\u00e2u \u0111\u00e0i nh\u00e0 anh Hu\u1ea5n Ninh B\u00ecnh (L\u01101008)<\/p>","protected":false},"excerpt":{"rendered":"<p>Thi\u1ebft k\u1ebf, thi c\u00f4ng n\u1ed9i th\u1ea5t L\u00e2u \u0111\u00e0i nh\u00e0 anh Hu\u1ea5n Ninh B\u00ecnh (L\u01101008)<\/p>","protected":false},"featured_media":2940,"comment_status":"open","ping_status":"closed","template":"","meta":{"_acf_changed":false},"product_cat":[520,400],"product_tag":[],"class_list":{"0":"post-2939","1":"product","2":"type-product","3":"status-publish","4":"has-post-thumbnail","6":"product_cat-nha-cua-doi-song","7":"product_cat-noi-that","9":"first","10":"instock","11":"shipping-taxable","12":"product-type-simple"},"acf":[],"_links":{"self":[{"href":"https:\/\/b2c.fairs.vn\/en\/wp-json\/wp\/v2\/product\/2939","targetHints":{"allow":["GET"]}}],"collection":[{"href":"https:\/\/b2c.fairs.vn\/en\/wp-json\/wp\/v2\/product"}],"about":[{"href":"https:\/\/b2c.fairs.vn\/en\/wp-json\/wp\/v2\/types\/product"}],"replies":[{"embeddable":true,"href":"https:\/\/b2c.fairs.vn\/en\/wp-json\/wp\/v2\/comments?post=2939"}],"version-history":[{"count":0,"href":"https:\/\/b2c.fairs.vn\/en\/wp-json\/wp\/v2\/product\/2939\/revisions"}],"wp:featuredmedia":[{"embeddable":true,"href":"https:\/\/b2c.fairs.vn\/en\/wp-json\/wp\/v2\/media\/2940"}],"wp:attachment":[{"href":"https:\/\/b2c.fairs.vn\/en\/wp-json\/wp\/v2\/media?parent=2939"}],"wp:term":[{"taxonomy":"product_cat","embeddable":true,"href":"https:\/\/b2c.fairs.vn\/en\/wp-json\/wp\/v2\/product_cat?post=2939"},{"taxonomy":"product_tag","embeddable":true,"href":"https:\/\/b2c.fairs.vn\/en\/wp-json\/wp\/v2\/product_tag?post=2939"}],"curies":[{"name":"wp","href":"https:\/\/api.w.org\/{rel}","templated":true}]}}