{"id":2926,"date":"2024-03-19T09:38:32","date_gmt":"2024-03-19T09:38:32","guid":{"rendered":"https:\/\/b2c.fairs.vn\/?post_type=product&#038;p=2926"},"modified":"2024-03-19T09:39:03","modified_gmt":"2024-03-19T09:39:03","slug":"dong-trung-ha-thao-cao-cap","status":"publish","type":"product","link":"https:\/\/b2c.fairs.vn\/en\/product\/dong-trung-ha-thao-cao-cap\/","title":{"rendered":"\u0110\u00f4ng Tr\u00f9ng H\u1ea1 Th\u1ea3o cao c\u1ea5p"},"content":{"rendered":"<p>Trong danh s\u00e1ch c\u00e1c d\u01b0\u1ee3c li\u1ec7u qu\u00fd th\u00ec n\u1ea5m \u0110\u00f4ng Tr\u00f9ng H\u1ea1 Th\u1ea3o lu\u00f4n \u0111\u01b0\u1ee3c \u0111\u00e1nh gi\u00e1 h\u00e0ng \u0111\u1ea7u hi\u1ec7n nay. B\u1edfi c\u00e1c th\u00e0nh ph\u1ea7n d\u01b0\u1ee3c ch\u1ea5t c\u00f3 trong d\u01b0\u1ee3c li\u1ec7u n\u00e0y l\u00e0 r\u1ea5t nhi\u1ec1u v\u00e0 \u0111a d\u1ea1ng. Ch\u00fang c\u00f3 \u00fd ngh\u0129a v\u00f4 c\u00f9ng quan tr\u1ecdng \u0111\u1ed1i v\u1edbi n\u1ec1n y h\u1ecdc tr\u00ean to\u00e0n th\u1ebf gi\u1edbi. \u0110\u1eb7c bi\u1ec7t v\u1edbi v\u1ea5n \u0111\u1ec1 s\u1ee9c kh\u1ecfe v\u00e0 l\u00e0m \u0111\u1eb9p c\u1ee7a con ng\u01b0\u1eddi. M\u1ed9t s\u1ed1 th\u00e0nh ph\u1ea7n quan tr\u1ecdng ch\u1ee9a trong d\u01b0\u1ee3c ch\u1ea5t nh\u01b0 th\u00e0nh ph\u1ea7n \u0111\u00f4ng tr\u00f9ng h\u1ea1 th\u1ea3o<\/p>\n<ul>\n<li>D\u01b0\u1ee3c ch\u1ea5t bao g\u1ed3m 17 lo\u1ea1i Acid amin qu\u00fd hi\u1ebfm. \u0110\u00e2y l\u00e0 th\u00e0nh ph\u1ea7n v\u00f4 c\u00f9ng t\u1ed1t cho c\u01a1 th\u1ec3, gi\u00fap c\u01a1 th\u1ec3 t\u1ed5ng h\u1ee3p v\u00e0 chuy\u1ec3n h\u00f3a Protein cho c\u01a1 th\u1ec3.<\/li>\n<li>Trong \u0110\u00f4ng Tr\u00f9ng H\u1ea1 Th\u1ea3o c\u00f3 ch\u1ee9a h\u00e0m l\u01b0\u1ee3ng r\u1ea5t l\u1edbn ch\u1ea5t Lipid mang t\u1edbi ngu\u1ed3n n\u0103ng l\u01b0\u1ee3ng cho c\u00e1c ho\u1ea1t \u0111\u1ed9ng c\u1ee7a c\u01a1 th\u1ec3.<\/li>\n<li>Ch\u1ea5t D-mannitol c\u00f3 ch\u1ee9a trong \u0110\u00f4ng Tr\u00f9ng gi\u00fap ng\u0103n ng\u1eeba v\u00e0 \u0111i\u1ec1u tr\u1ecb c\u00e1c b\u1ec7nh li\u00ean quan t\u1edbi n\u00e3o, h\u1ec7 b\u00e0i ti\u1ebft v\u00e0 \u0111\u01b0\u1eddng ti\u1ebft ni\u1ec7u.<\/li>\n<li>\u0110\u00f4ng Tr\u00f9ng c\u00f3 ch\u1ee9a v\u00f4 v\u00e0n c\u00e1c y\u1ebfu t\u1ed1 vi l\u01b0\u1ee3ng nh\u01b0: K, Na,\u2026 \u0110\u00e2y l\u00e0 c\u00e1c ch\u1ea5t tham gia v\u00e0o qu\u00e1 tr\u00ecnh trao \u0111\u1ed5i ch\u1ea5t, ho\u1ea1t h\u00f3a v\u00e0 x\u00fac t\u00e1c.<\/li>\n<li>\u0110\u00f4ng Tr\u00f9ng H\u1ea1 Th\u1ea3o l\u00e0 ngu\u1ed3n cung c\u1ea5p c\u00e1c Vitamin r\u1ea5t t\u1ed1t cho c\u01a1 th\u1ec3 nh\u01b0: vitamin C, A, E, K, B12\u2026<\/li>\n<li>\u0110\u1eb7c bi\u1ec7t, trong sinh kh\u1ed1i c\u1ee7a n\u1ea5m \u0110\u00f4ng Tr\u00f9ng H\u1ea1 Th\u1ea3o c\u00f3 ch\u1ee9a c\u00e1c lo\u1ea1i ho\u1ea1t ch\u1ea5t sinh h\u1ecdc v\u00f4 c\u00f9ng qu\u00fd gi\u00e1 \u0111\u00f3 l\u00e0 cordycepin v\u00e0 c\u00e1c ho\u1ea1t ch\u1ea5t kh\u00e1c nh\u01b0 hydroxyethyl-adenosine v\u00e0 cordiceptic acid gi\u00fap kh\u00e1ng khu\u1ea9n v\u00e0 c\u00e1c virus g\u00e2y b\u1ec7nh c\u00f3 h\u1ea1i cho c\u01a1 th\u1ec3.<\/li>\n<\/ul>\n<p><strong>C\u00d4NG D\u1ee4NG:<\/strong><\/p>\n<ul>\n<li>Gi\u00fap t\u0103ng c\u01b0\u1eddng h\u1ec7 th\u1ed1ng mi\u1ec5n d\u1ecbch hi\u1ec7u qu\u1ea3<\/li>\n<li>T\u1ed1t cho h\u1ec7 th\u1ed1ng tu\u1ea7n ho\u00e0n n\u00e3o, tim<\/li>\n<li>T\u0103ng ch\u1ee9c n\u0103ng sinh l\u00fd, c\u1ea3i thi\u1ec7n hi\u1ec7u qu\u1ea3 \u0111\u1eddi s\u1ed1ng<\/li>\n<li>B\u00ecnh xuy\u1ec5n, tr\u1eeb \u0111\u00e0m v\u00e0 ph\u00f2ng ch\u1ed1ng hi\u1ec7u qu\u1ea3 kh\u00ed ph\u1ebf nh\u0169ng<\/li>\n<li>H\u1ed7 tr\u1ee3 \u0111i\u1ec1u tr\u1ecb hi\u1ec7u qu\u1ea3 c\u00e1c b\u1ec7nh v\u1ec1 th\u1eadn tinh<\/li>\n<li>Suy b\u1ec7nh suy nh\u01b0\u1ee3c, vi\u00eam kh\u00ed qu\u1ea3n m\u00e3n t\u00ednh \u1edf ng\u01b0\u1eddi gi\u00e0<\/li>\n<\/ul>","protected":false},"excerpt":{"rendered":"<p>Trong danh s\u00e1ch c\u00e1c d\u01b0\u1ee3c li\u1ec7u qu\u00fd th\u00ec n\u1ea5m \u0110\u00f4ng Tr\u00f9ng H\u1ea1 Th\u1ea3o lu\u00f4n \u0111\u01b0\u1ee3c \u0111\u00e1nh gi\u00e1 h\u00e0ng \u0111\u1ea7u hi\u1ec7n<\/p>","protected":false},"featured_media":2993,"comment_status":"open","ping_status":"closed","template":"","meta":{"_acf_changed":false},"product_cat":[332],"product_tag":[],"class_list":{"0":"post-2926","1":"product","2":"type-product","3":"status-publish","4":"has-post-thumbnail","6":"product_cat-san-pham-duoc-lieu-va-san-pham-tu-duoc-lieu","8":"first","9":"instock","10":"shipping-taxable","11":"product-type-simple"},"acf":[],"_links":{"self":[{"href":"https:\/\/b2c.fairs.vn\/en\/wp-json\/wp\/v2\/product\/2926","targetHints":{"allow":["GET"]}}],"collection":[{"href":"https:\/\/b2c.fairs.vn\/en\/wp-json\/wp\/v2\/product"}],"about":[{"href":"https:\/\/b2c.fairs.vn\/en\/wp-json\/wp\/v2\/types\/product"}],"replies":[{"embeddable":true,"href":"https:\/\/b2c.fairs.vn\/en\/wp-json\/wp\/v2\/comments?post=2926"}],"version-history":[{"count":0,"href":"https:\/\/b2c.fairs.vn\/en\/wp-json\/wp\/v2\/product\/2926\/revisions"}],"wp:featuredmedia":[{"embeddable":true,"href":"https:\/\/b2c.fairs.vn\/en\/wp-json\/wp\/v2\/media\/2993"}],"wp:attachment":[{"href":"https:\/\/b2c.fairs.vn\/en\/wp-json\/wp\/v2\/media?parent=2926"}],"wp:term":[{"taxonomy":"product_cat","embeddable":true,"href":"https:\/\/b2c.fairs.vn\/en\/wp-json\/wp\/v2\/product_cat?post=2926"},{"taxonomy":"product_tag","embeddable":true,"href":"https:\/\/b2c.fairs.vn\/en\/wp-json\/wp\/v2\/product_tag?post=2926"}],"curies":[{"name":"wp","href":"https:\/\/api.w.org\/{rel}","templated":true}]}}