{"id":2923,"date":"2024-03-19T08:22:26","date_gmt":"2024-03-19T08:22:26","guid":{"rendered":"https:\/\/b2c.fairs.vn\/?post_type=product&#038;p=2923"},"modified":"2024-03-26T11:07:42","modified_gmt":"2024-03-26T04:07:42","slug":"hop-bot-rau-ma-nguyen-chat-75g","status":"publish","type":"product","link":"https:\/\/b2c.fairs.vn\/en\/product\/hop-bot-rau-ma-nguyen-chat-75g\/","title":{"rendered":"H\u1ed8P B\u1ed8T RAU M\u00c1 NGUY\u00caN CH\u1ea4T 75G"},"content":{"rendered":"<p>Rau m\u00e1 l\u00e0 lo\u1ea1i rau kh\u00f4ng h\u1ec1 xa l\u1ea1 v\u1edbi nhi\u1ec1u ng\u01b0\u1eddi Vi\u1ec7t. \u0110\u1eb7c bi\u1ec7t l\u00e0 ch\u1ecb em ph\u1ee5 n\u1eef b\u1edfi c\u00f4ng d\u1ee5ng ch\u1eefa b\u1ec7nh v\u00e0 l\u00e0m \u0111\u1eb9p r\u1ea5t hi\u1ec7u qu\u1ea3. Ngo\u00e0i vi\u1ec7c s\u1eed d\u1ee5ng rau t\u01b0\u01a1i th\u00ec ng\u00e0y nay nhi\u1ec1u ng\u01b0\u1eddi \u01b0a chu\u1ed9ng b\u1ed9t rau m\u00e1. S\u1ea3n ph\u1ea9m an to\u00e0n, ti\u1ec7n l\u1ee3i h\u01a1n nh\u01b0ng kh\u00f4ng l\u00e0m m\u1ea5t \u0111i h\u01b0\u01a1ng v\u1ecb, m\u00e0u s\u1eafc. \u0110\u1ed3ng th\u1eddi kh\u00f4ng m\u1ea5t c\u00e1c gi\u00e1 tr\u1ecb dinh d\u01b0\u1ee1ng qu\u00fd gi\u00e1 v\u1ed1n c\u00f3.<br \/>\nTh\u00f4ng tin s\u1ea3n ph\u1ea9m:<br \/>\nXu\u1ea5t x\u1ee9 : Vi\u1ec7t Nam<br \/>\nQuy c\u00e1ch \u0111\u00f3ng g\u00f3i : h\u1ed9p<br \/>\nTh\u00e0nh ph\u1ea7n b\u1ed9t rau m\u00e1: Rau m\u00e1 nguy\u00ean ch\u1ea5t 100%<br \/>\nGi\u00e1 tr\u1ecb dinh d\u01b0\u1ee1ng\/ Nutrition facts<br \/>\nKh\u1ea9u ph\u1ea7n \u0103n\/Serving size: \u00a0 \u00a0 \u00a0 \u00a0 \u00a0 \u00a0 \u00a0 \u00a0 \u00a0 100g<br \/>\nN\u0103ng l\u01b0\u1ee3ng\/ Calories ( kcal): \u00a0 \u00a0 \u00a0 \u00a0 \u00a0 \u00a0 20kcal<br \/>\n\u0110\u1ea1m\/protein: \u00a0 \u00a0 \u00a0 \u00a0 \u00a0 \u00a0 \u00a0 \u00a0 \u00a0 \u00a0 \u00a0 \u00a0 \u00a0 \u00a0 \u00a0 \u00a0 \u00a0 \u00a0 \u00a0 \u00a0 \u00a03.2g<br \/>\nB\u00e9o\/ Fat: \u00a0 \u00a0 \u00a0 \u00a0 \u00a0 \u00a0 \u00a0 \u00a0 \u00a0 \u00a0 \u00a0 \u00a0 \u00a0 \u00a0 \u00a0 \u00a0 \u00a0 \u00a0 \u00a0 \u00a0 \u00a0 \u00a0 \u00a0 \u00a0 \u00a0 0g<br \/>\nB\u1ed9t \u0111\u01b0\u1eddng : \u00a0 \u00a0 \u00a0 \u00a0 \u00a0 \u00a0 \u00a0 \u00a0 \u00a0 \u00a0 \u00a0 \u00a0 \u00a0 \u00a0 \u00a0 \u00a0 \u00a0 \u00a0 \u00a0 \u00a0 \u00a0 \u00a0 1.8g<br \/>\nCanxi \u00a0: \u00a0 \u00a0 \u00a0 \u00a0 \u00a0 \u00a0 \u00a0 \u00a0 \u00a0 \u00a0 \u00a0 \u00a0 \u00a0 \u00a0 \u00a0 \u00a0 \u00a0 \u00a0 \u00a0 \u00a0 \u00a0 \u00a0 \u00a0 \u00a0229mg<br \/>\nS\u1eaft : \u00a0 \u00a0 \u00a0 \u00a0 \u00a0 \u00a0 \u00a0 \u00a0 \u00a0 \u00a0 \u00a0 \u00a0 \u00a0 \u00a0 \u00a0 \u00a0 \u00a0 \u00a0 \u00a0 \u00a0 \u00a0 \u00a0 \u00a0 \u00a0 \u00a0 \u00a0 3.1 mg<br \/>\nVitamin C : \u00a0 \u00a0 \u00a0 \u00a0 \u00a0 \u00a0 \u00a0 \u00a0 \u00a0 \u00a0 \u00a0 \u00a0 \u00a0 \u00a0 \u00a0 \u00a0 \u00a0 \u00a0 \u00a0 \u00a0 \u00a0 \u00a037mg<br \/>\nVitamin B1 : \u00a0 \u00a0 \u00a0 \u00a0 \u00a0 \u00a0 \u00a0 \u00a0 \u00a0 \u00a0 \u00a0 \u00a0 \u00a0 \u00a0 \u00a0 \u00a0 \u00a0 \u00a0 \u00a0 \u00a00.15mg<br \/>\nVitamin B2 : \u00a0 \u00a0 \u00a0 \u00a0 \u00a0 \u00a0 \u00a0 \u00a0 \u00a0 \u00a0 \u00a0 \u00a0 \u00a0 \u00a0 \u00a0 \u00a0 \u00a0 \u00a0 \u00a0 \u00a0 0.14mg<br \/>\nBeta caroten : \u00a0 \u00a0 \u00a0 \u00a0 \u00a0 \u00a0 \u00a0 \u00a0 \u00a0 \u00a0 \u00a0 \u00a0 \u00a0 \u00a0 \u00a0 \u00a0 \u00a0 1300 mcg<br \/>\nT\u00e1c d\u1ee5ng c\u1ee7a rau m\u00e1:<br \/>\nC\u1ea3i thi\u1ec7n tr\u00ed nh\u1edb, t\u1ed1t cho tim m\u1ea1ch<br \/>\nC\u1ea3i thi\u1ec7n h\u1ec7 th\u1ed1ng mi\u1ec5n d\u1ecbch<br \/>\nL\u00e0m \u0111\u1eb9p da, ch\u1eefa m\u1ee5n nh\u1ecdt, ng\u0103n ng\u1eeba r\u1ee5ng t\u00f3c<br \/>\nC\u1ea3i thi\u1ec7n t\u00e2m tr\u1ea1ng, gi\u1ea3m stress, c\u1ea3i thi\u1ec7n ch\u1ea5t l\u01b0\u1ee3ng gi\u1ea5c ng\u1ee7<br \/>\nGi\u1ea3i nhi\u1ec7t, tr\u1ecb r\u00f4m s\u1ea9y, m\u1ea9n ng\u1ee9a, m\u00e1t gan l\u1ee3i ti\u1ec3u<br \/>\nTr\u1ebb bi\u1ebfng \u0103n, c\u00f2i c\u1ecdc, \u0111i ngo\u00e0i ph\u00e2n s\u1ed1ng<br \/>\n\u0110i\u1ec1u tr\u1ecb b\u1ec7nh alheimer<br \/>\n\u0110\u1ed1i t\u01b0\u1ee3ng s\u1eed d\u1ee5ng b\u1ed9t rau m\u00e1:<br \/>\nNg\u01b0\u1eddi l\u1edbn v\u00e0 tr\u1ebb em, ng\u01b0\u1eddi c\u00f3 ti\u1ec1n x\u1eed b\u1ec7nh tim m\u1ea1ch, huy\u1ebft \u00e1p cao, ng\u01b0\u1eddi th\u01b0\u1eddng xuy\u00ean l\u00e0m vi\u1ec7c c\u0103ng th\u1eb3ng, ng\u01b0\u1eddi th\u1eeba c\u00e2n, ng\u01b0\u1eddi c\u00f3 da x\u1ea5u, kh\u00f4 v\u00e0 nhi\u1ec1u n\u00e1m<br \/>\nC\u00e1ch d\u00f9ng b\u1ed9t rau m\u00e1:<br \/>\nU\u1ed1ng 1 g\u00f3i\/ l\u1ea7n pha v\u1edbi 200ml n\u01b0\u1edbc ngu\u1ed9i, khu\u1ea5y \u0111\u1ec1u r\u1ed3i th\u01b0\u1edfng th\u1ee9c. C\u00f3 th\u1ec3 u\u1ed1ng k\u00e8m v\u1edbi s\u1eefa ho\u1eb7c \u0111\u00e1 n\u1ebfu th\u00edch<br \/>\nB\u1ea3n qu\u1ea3n:<br \/>\nB\u1ea3o qu\u1ea3n n\u01a1i kh\u00f4 m\u00e1t, tr\u00e1nh \u00e1nh s\u00e1ng tr\u1ef1c ti\u1ebfp.<br \/>\nKhuy\u1ebfn c\u00e1o c\u1ee7a nh\u00e0 s\u1ea3n xu\u1ea5t:<br \/>\n\u0110\u1ed1i t\u01b0\u1ee3ng tr\u00e1nh s\u1eed d\u1ee5ng b\u1ed9t rau m\u00e1:<br \/>\nNg\u01b0\u1eddi y\u1ebfu b\u1ee5ng<br \/>\nPh\u1ee5 n\u1eef mang thai ho\u1eb7c \u0111ang cho con b\u00fa kh\u00f4ng n\u00ean s\u1eed d\u1ee5ng nhi\u1ec1u<br \/>\nNg\u01b0\u1eddi b\u1ecb huy\u1ebft \u00e1p th\u1ea5p<br \/>\nNg\u01b0\u1eddi ti\u1ec3u \u0111\u01b0\u1eddng ho\u1eb7c cholesterol cao<br \/>\nS\u1ea2N PH\u1ea8M N\u00c0Y KH\u00d4NG PH\u1ea2I L\u00c0 THU\u1ed0C V\u00c0 KH\u00d4NG C\u00d3 T\u00c1C D\u1ee4NG THAY TH\u1ebe CHO THU\u1ed0C CH\u1eeeA B\u1ec6NH<\/p>","protected":false},"excerpt":{"rendered":"<p>Rau m\u00e1 l\u00e0 lo\u1ea1i rau kh\u00f4ng h\u1ec1 xa l\u1ea1 v\u1edbi nhi\u1ec1u ng\u01b0\u1eddi Vi\u1ec7t. \u0110\u1eb7c bi\u1ec7t l\u00e0 ch\u1ecb em ph\u1ee5 n\u1eef b\u1edfi c\u00f4ng d\u1ee5ng ch\u1eefa b\u1ec7nh v\u00e0 l\u00e0m \u0111\u1eb9p r\u1ea5t hi\u1ec7u qu\u1ea3. Ngo\u00e0i vi\u1ec7c s\u1eed d\u1ee5ng rau t\u01b0\u01a1i th\u00ec ng\u00e0y nay nhi\u1ec1u ng\u01b0\u1eddi \u01b0a chu\u1ed9ng b\u1ed9t rau m\u00e1. S\u1ea3n ph\u1ea9m an to\u00e0n, ti\u1ec7n l\u1ee3i h\u01a1n nh\u01b0ng kh\u00f4ng l\u00e0m m\u1ea5t \u0111i h\u01b0\u01a1ng v\u1ecb, m\u00e0u s\u1eafc. \u0110\u1ed3ng th\u1eddi kh\u00f4ng m\u1ea5t c\u00e1c gi\u00e1 tr\u1ecb dinh d\u01b0\u1ee1ng qu\u00fd gi\u00e1 v\u1ed1n c\u00f3.<br \/>\nTh\u00f4ng tin s\u1ea3n ph\u1ea9m:<br \/>\nXu\u1ea5t x\u1ee9 : Vi\u1ec7t Nam<br \/>\nQuy c\u00e1ch \u0111\u00f3ng g\u00f3i : h\u1ed9p<br \/>\nTh\u00e0nh ph\u1ea7n b\u1ed9t rau m\u00e1: Rau m\u00e1 nguy\u00ean ch\u1ea5t 100%<br \/>\nGi\u00e1 tr\u1ecb dinh d\u01b0\u1ee1ng\/ Nutrition facts<br \/>\nKh\u1ea9u ph\u1ea7n \u0103n\/Serving size: \u00a0 \u00a0 \u00a0 \u00a0 \u00a0 \u00a0 \u00a0 \u00a0 \u00a0 100g<br \/>\nN\u0103ng l\u01b0\u1ee3ng\/ Calories ( kcal): \u00a0 \u00a0 \u00a0 \u00a0 \u00a0 \u00a0 20kcal<br \/>\n\u0110\u1ea1m\/protein: \u00a0 \u00a0 \u00a0 \u00a0 \u00a0 \u00a0 \u00a0 \u00a0 \u00a0 \u00a0 \u00a0 \u00a0 \u00a0 \u00a0 \u00a0 \u00a0 \u00a0 \u00a0 \u00a0 \u00a0 \u00a03.2g<br \/>\nB\u00e9o\/ Fat: \u00a0 \u00a0 \u00a0 \u00a0 \u00a0 \u00a0 \u00a0 \u00a0 \u00a0 \u00a0 \u00a0 \u00a0 \u00a0 \u00a0 \u00a0 \u00a0 \u00a0 \u00a0 \u00a0 \u00a0 \u00a0 \u00a0 \u00a0 \u00a0 \u00a0 0g<br \/>\nB\u1ed9t \u0111\u01b0\u1eddng : \u00a0 \u00a0 \u00a0 \u00a0 \u00a0 \u00a0 \u00a0 \u00a0 \u00a0 \u00a0 \u00a0 \u00a0 \u00a0 \u00a0 \u00a0 \u00a0 \u00a0 \u00a0 \u00a0 \u00a0 \u00a0 \u00a0 1.8g<br \/>\nCanxi \u00a0: \u00a0 \u00a0 \u00a0 \u00a0 \u00a0 \u00a0 \u00a0 \u00a0 \u00a0 \u00a0 \u00a0 \u00a0 \u00a0 \u00a0 \u00a0 \u00a0 \u00a0 \u00a0 \u00a0 \u00a0 \u00a0 \u00a0 \u00a0 \u00a0229mg<br \/>\nS\u1eaft : \u00a0 \u00a0 \u00a0 \u00a0 \u00a0 \u00a0 \u00a0 \u00a0 \u00a0 \u00a0 \u00a0 \u00a0 \u00a0 \u00a0 \u00a0 \u00a0 \u00a0 \u00a0 \u00a0 \u00a0 \u00a0 \u00a0 \u00a0 \u00a0 \u00a0 \u00a0 3.1 mg<br \/>\nVitamin C : \u00a0 \u00a0 \u00a0 \u00a0 \u00a0 \u00a0 \u00a0 \u00a0 \u00a0 \u00a0 \u00a0 \u00a0 \u00a0 \u00a0 \u00a0 \u00a0 \u00a0 \u00a0 \u00a0 \u00a0 \u00a0 \u00a037mg<br \/>\nVitamin B1 : \u00a0 \u00a0 \u00a0 \u00a0 \u00a0 \u00a0 \u00a0 \u00a0 \u00a0 \u00a0 \u00a0 \u00a0 \u00a0 \u00a0 \u00a0 \u00a0 \u00a0 \u00a0 \u00a0 \u00a00.15mg<br \/>\nVitamin B2 : \u00a0 \u00a0 \u00a0 \u00a0 \u00a0 \u00a0 \u00a0 \u00a0 \u00a0 \u00a0 \u00a0 \u00a0 \u00a0 \u00a0 \u00a0 \u00a0 \u00a0 \u00a0 \u00a0 \u00a0 0.14mg<br \/>\nBeta caroten : \u00a0 \u00a0 \u00a0 \u00a0 \u00a0 \u00a0 \u00a0 \u00a0 \u00a0 \u00a0 \u00a0 \u00a0 \u00a0 \u00a0 \u00a0 \u00a0 \u00a0 1300 mcg<br \/>\nT\u00e1c d\u1ee5ng c\u1ee7a rau m\u00e1:<br \/>\nC\u1ea3i thi\u1ec7n tr\u00ed nh\u1edb, t\u1ed1t cho tim m\u1ea1ch<br \/>\nC\u1ea3i thi\u1ec7n h\u1ec7 th\u1ed1ng mi\u1ec5n d\u1ecbch<br \/>\nL\u00e0m \u0111\u1eb9p da, ch\u1eefa m\u1ee5n nh\u1ecdt, ng\u0103n ng\u1eeba r\u1ee5ng t\u00f3c<br \/>\nC\u1ea3i thi\u1ec7n t\u00e2m tr\u1ea1ng, gi\u1ea3m stress, c\u1ea3i thi\u1ec7n ch\u1ea5t l\u01b0\u1ee3ng gi\u1ea5c ng\u1ee7<br \/>\nGi\u1ea3i nhi\u1ec7t, tr\u1ecb r\u00f4m s\u1ea9y, m\u1ea9n ng\u1ee9a, m\u00e1t gan l\u1ee3i ti\u1ec3u<br \/>\nTr\u1ebb bi\u1ebfng \u0103n, c\u00f2i c\u1ecdc, \u0111i ngo\u00e0i ph\u00e2n s\u1ed1ng<br \/>\n\u0110i\u1ec1u tr\u1ecb b\u1ec7nh alheimer<br \/>\n\u0110\u1ed1i t\u01b0\u1ee3ng s\u1eed d\u1ee5ng b\u1ed9t rau m\u00e1:<br \/>\nNg\u01b0\u1eddi l\u1edbn v\u00e0 tr\u1ebb em, ng\u01b0\u1eddi c\u00f3 ti\u1ec1n x\u1eed b\u1ec7nh tim m\u1ea1ch, huy\u1ebft \u00e1p cao, ng\u01b0\u1eddi th\u01b0\u1eddng xuy\u00ean l\u00e0m vi\u1ec7c c\u0103ng th\u1eb3ng, ng\u01b0\u1eddi th\u1eeba c\u00e2n, ng\u01b0\u1eddi c\u00f3 da x\u1ea5u, kh\u00f4 v\u00e0 nhi\u1ec1u n\u00e1m<br \/>\nC\u00e1ch d\u00f9ng b\u1ed9t rau m\u00e1:<br \/>\nU\u1ed1ng 1 g\u00f3i\/ l\u1ea7n pha v\u1edbi 200ml n\u01b0\u1edbc ngu\u1ed9i, khu\u1ea5y \u0111\u1ec1u r\u1ed3i th\u01b0\u1edfng th\u1ee9c. C\u00f3 th\u1ec3 u\u1ed1ng k\u00e8m v\u1edbi s\u1eefa ho\u1eb7c \u0111\u00e1 n\u1ebfu th\u00edch<br \/>\nB\u1ea3n qu\u1ea3n:<br \/>\nB\u1ea3o qu\u1ea3n n\u01a1i kh\u00f4 m\u00e1t, tr\u00e1nh \u00e1nh s\u00e1ng tr\u1ef1c ti\u1ebfp.<br \/>\nKhuy\u1ebfn c\u00e1o c\u1ee7a nh\u00e0 s\u1ea3n xu\u1ea5t:<br \/>\n\u0110\u1ed1i t\u01b0\u1ee3ng tr\u00e1nh s\u1eed d\u1ee5ng b\u1ed9t rau m\u00e1:<br \/>\nNg\u01b0\u1eddi y\u1ebfu b\u1ee5ng<br \/>\nPh\u1ee5 n\u1eef mang thai ho\u1eb7c \u0111ang cho con b\u00fa kh\u00f4ng n\u00ean s\u1eed d\u1ee5ng nhi\u1ec1u<br \/>\nNg\u01b0\u1eddi b\u1ecb huy\u1ebft \u00e1p th\u1ea5p<br \/>\nNg\u01b0\u1eddi ti\u1ec3u \u0111\u01b0\u1eddng ho\u1eb7c cholesterol cao<br \/>\nS\u1ea2N PH\u1ea8M N\u00c0Y KH\u00d4NG PH\u1ea2I L\u00c0 THU\u1ed0C V\u00c0 KH\u00d4NG C\u00d3 T\u00c1C D\u1ee4NG THAY TH\u1ebe CHO THU\u1ed0C CH\u1eeeA B\u1ec6NH<\/p>","protected":false},"featured_media":2924,"comment_status":"open","ping_status":"closed","template":"","meta":{"_acf_changed":false},"product_cat":[321,22,323],"product_tag":[],"class_list":{"0":"post-2923","1":"product","2":"type-product","3":"status-publish","4":"has-post-thumbnail","6":"product_cat-che","7":"product_cat-sanphamthucpham","8":"product_cat-san-pham-tra-tu-thuc-vat-khac","10":"first","11":"instock","12":"shipping-taxable","13":"purchasable","14":"product-type-simple"},"acf":[],"_links":{"self":[{"href":"https:\/\/b2c.fairs.vn\/en\/wp-json\/wp\/v2\/product\/2923","targetHints":{"allow":["GET"]}}],"collection":[{"href":"https:\/\/b2c.fairs.vn\/en\/wp-json\/wp\/v2\/product"}],"about":[{"href":"https:\/\/b2c.fairs.vn\/en\/wp-json\/wp\/v2\/types\/product"}],"replies":[{"embeddable":true,"href":"https:\/\/b2c.fairs.vn\/en\/wp-json\/wp\/v2\/comments?post=2923"}],"version-history":[{"count":0,"href":"https:\/\/b2c.fairs.vn\/en\/wp-json\/wp\/v2\/product\/2923\/revisions"}],"wp:featuredmedia":[{"embeddable":true,"href":"https:\/\/b2c.fairs.vn\/en\/wp-json\/wp\/v2\/media\/2924"}],"wp:attachment":[{"href":"https:\/\/b2c.fairs.vn\/en\/wp-json\/wp\/v2\/media?parent=2923"}],"wp:term":[{"taxonomy":"product_cat","embeddable":true,"href":"https:\/\/b2c.fairs.vn\/en\/wp-json\/wp\/v2\/product_cat?post=2923"},{"taxonomy":"product_tag","embeddable":true,"href":"https:\/\/b2c.fairs.vn\/en\/wp-json\/wp\/v2\/product_tag?post=2923"}],"curies":[{"name":"wp","href":"https:\/\/api.w.org\/{rel}","templated":true}]}}