{"id":2920,"date":"2024-03-19T08:21:40","date_gmt":"2024-03-19T08:21:40","guid":{"rendered":"https:\/\/b2c.fairs.vn\/?post_type=product&#038;p=2920"},"modified":"2024-03-26T10:58:50","modified_gmt":"2024-03-26T03:58:50","slug":"bot-can-tay-nguyen-chat","status":"publish","type":"product","link":"https:\/\/b2c.fairs.vn\/en\/product\/bot-can-tay-nguyen-chat\/","title":{"rendered":"B\u1ed9t C\u1ea7n T\u00e2y Nguy\u00ean Ch\u1ea5t 75g"},"content":{"rendered":"<p>C\u1ea7n t\u00e2y \u0111\u00e3 kh\u00f4ng c\u00f2n qu\u00e1 xa l\u1ea1 v\u1edbi ng\u01b0\u1eddi d\u00e2n Vi\u1ec7t Nam ch\u00fang ta. \u0110\u00e2y l\u00e0 lo\u1ea1i rau th\u01b0\u1eddng \u0111\u01b0\u1ee3c d\u00f9ng \u0111\u1ec3 ch\u1ebf bi\u1ebfn c\u00e1c m\u00f3n \u0103n ngon, h\u1ea5p d\u1eabn h\u1eb1ng ng\u00e0y. Tuy nhi\u00ean \u00edt ai bi\u1ebft \u0111\u01b0\u1ee3c lo\u1ea1i rau n\u00e0y c\u00f2n \u0111\u01b0\u1ee3c xem l\u00e0 \u201c Th\u1ea7n d\u01b0\u1ee3c\u201d v\u1edbi nhi\u1ec1u c\u00f4ng d\u1ee5ng v\u00f4 c\u00f9ng \u0111\u1eb7c bi\u1ec7t. Ngo\u00e0i vi\u1ec7c s\u1eed d\u1ee5ng c\u1ea7n t\u00e2y t\u01b0\u01a1i th\u00ec ng\u00e0y nay c\u0169ng r\u1ea5t \u01b0a chu\u1ed9ng b\u1ed9t c\u1ea7n t\u00e2y nguy\u00ean ch\u1ea5t r\u1ea5t ti\u1ec7n l\u1ee3i nh\u01b0ng l\u1ea1i kh\u00f4ng l\u00e0m m\u1ea5t \u0111i h\u01b0\u01a1ng v\u1ecb, m\u00e0u s\u1eafc v\u00e0 c\u00e1c gi\u00e1 tr\u1ecb dinh d\u01b0\u1ee1ng qu\u00fd gi\u00e1 v\u1ed1n c\u00f3 c\u1ee7a n\u00f3.<br \/>\nTha\u0300nh ph\u00e2\u0300n:<br \/>\nB\u1ed9t c\u1ea7n t\u00e2y nguy\u00ean ch\u1ea5t 100%<br \/>\nTh\u00f4ng tin kha\u0301c:<br \/>\nB\u1ea3o qu\u1ea3n n\u01a1i kh\u00f4 tho\u00e1ng, tr\u00e1nh \u00e1nh n\u1eafng tr\u1ef1c ti\u1ebfp. Khuy\u1ebfn c\u00e1o c\u1ee7a nh\u00e0 s\u1ea3n xu\u1ea5t: Ng\u01b0\u1eddi th\u1eadn tr\u1ecdng khi s\u1eed d\u1ee5ng b\u1ed9t c\u1ea7n t\u00e2y,Ng\u01b0\u1eddi b\u1ecb huy\u1ebft \u00e1p th\u1ea5p. Ng\u01b0\u1eddi c\u00f3 b\u1ec7nh v\u1ec1 th\u1eadn. Ph\u1ee5 n\u1eef m\u1edbi c\u00f3 thai. Ng\u01b0\u1eddi m\u1eafc b\u1ec7nh ngo\u00e0i da. Ng\u01b0\u1eddi c\u00f3 th\u1ec3 tr\u1ea1ng y\u1ebfu<\/p>","protected":false},"excerpt":{"rendered":"<p>C\u1ea7n t\u00e2y \u0111\u00e3 kh\u00f4ng c\u00f2n qu\u00e1 xa l\u1ea1 v\u1edbi ng\u01b0\u1eddi d\u00e2n Vi\u1ec7t Nam ch\u00fang ta. \u0110\u00e2y l\u00e0 lo\u1ea1i rau th\u01b0\u1eddng \u0111\u01b0\u1ee3c d\u00f9ng \u0111\u1ec3 ch\u1ebf bi\u1ebfn c\u00e1c m\u00f3n \u0103n ngon, h\u1ea5p d\u1eabn h\u1eb1ng ng\u00e0y. Tuy nhi\u00ean \u00edt ai bi\u1ebft \u0111\u01b0\u1ee3c lo\u1ea1i rau n\u00e0y c\u00f2n \u0111\u01b0\u1ee3c xem l\u00e0 \u201c Th\u1ea7n d\u01b0\u1ee3c\u201d v\u1edbi nhi\u1ec1u c\u00f4ng d\u1ee5ng v\u00f4 c\u00f9ng \u0111\u1eb7c bi\u1ec7t. Ngo\u00e0i vi\u1ec7c s\u1eed d\u1ee5ng c\u1ea7n t\u00e2y t\u01b0\u01a1i th\u00ec ng\u00e0y nay c\u0169ng r\u1ea5t \u01b0a chu\u1ed9ng b\u1ed9t c\u1ea7n t\u00e2y nguy\u00ean ch\u1ea5t r\u1ea5t ti\u1ec7n l\u1ee3i nh\u01b0ng l\u1ea1i kh\u00f4ng l\u00e0m m\u1ea5t \u0111i h\u01b0\u01a1ng v\u1ecb, m\u00e0u s\u1eafc v\u00e0 c\u00e1c gi\u00e1 tr\u1ecb dinh d\u01b0\u1ee1ng qu\u00fd gi\u00e1 v\u1ed1n c\u00f3 c\u1ee7a n\u00f3.<br \/>\nTha\u0300nh ph\u00e2\u0300n:<br \/>\nB\u1ed9t c\u1ea7n t\u00e2y nguy\u00ean ch\u1ea5t 100%<br \/>\nTh\u00f4ng tin kha\u0301c:<br \/>\nB\u1ea3o qu\u1ea3n n\u01a1i kh\u00f4 tho\u00e1ng, tr\u00e1nh \u00e1nh n\u1eafng tr\u1ef1c ti\u1ebfp. Khuy\u1ebfn c\u00e1o c\u1ee7a nh\u00e0 s\u1ea3n xu\u1ea5t: Ng\u01b0\u1eddi th\u1eadn tr\u1ecdng khi s\u1eed d\u1ee5ng b\u1ed9t c\u1ea7n t\u00e2y,Ng\u01b0\u1eddi b\u1ecb huy\u1ebft \u00e1p th\u1ea5p. Ng\u01b0\u1eddi c\u00f3 b\u1ec7nh v\u1ec1 th\u1eadn. Ph\u1ee5 n\u1eef m\u1edbi c\u00f3 thai. Ng\u01b0\u1eddi m\u1eafc b\u1ec7nh ngo\u00e0i da. Ng\u01b0\u1eddi c\u00f3 th\u1ec3 tr\u1ea1ng y\u1ebfu<\/p>","protected":false},"featured_media":2921,"comment_status":"open","ping_status":"closed","template":"","meta":{"_acf_changed":false},"product_cat":[321,22,323],"product_tag":[],"class_list":{"0":"post-2920","1":"product","2":"type-product","3":"status-publish","4":"has-post-thumbnail","6":"product_cat-che","7":"product_cat-sanphamthucpham","8":"product_cat-san-pham-tra-tu-thuc-vat-khac","10":"first","11":"instock","12":"shipping-taxable","13":"purchasable","14":"product-type-simple"},"acf":[],"_links":{"self":[{"href":"https:\/\/b2c.fairs.vn\/en\/wp-json\/wp\/v2\/product\/2920","targetHints":{"allow":["GET"]}}],"collection":[{"href":"https:\/\/b2c.fairs.vn\/en\/wp-json\/wp\/v2\/product"}],"about":[{"href":"https:\/\/b2c.fairs.vn\/en\/wp-json\/wp\/v2\/types\/product"}],"replies":[{"embeddable":true,"href":"https:\/\/b2c.fairs.vn\/en\/wp-json\/wp\/v2\/comments?post=2920"}],"version-history":[{"count":0,"href":"https:\/\/b2c.fairs.vn\/en\/wp-json\/wp\/v2\/product\/2920\/revisions"}],"wp:featuredmedia":[{"embeddable":true,"href":"https:\/\/b2c.fairs.vn\/en\/wp-json\/wp\/v2\/media\/2921"}],"wp:attachment":[{"href":"https:\/\/b2c.fairs.vn\/en\/wp-json\/wp\/v2\/media?parent=2920"}],"wp:term":[{"taxonomy":"product_cat","embeddable":true,"href":"https:\/\/b2c.fairs.vn\/en\/wp-json\/wp\/v2\/product_cat?post=2920"},{"taxonomy":"product_tag","embeddable":true,"href":"https:\/\/b2c.fairs.vn\/en\/wp-json\/wp\/v2\/product_tag?post=2920"}],"curies":[{"name":"wp","href":"https:\/\/api.w.org\/{rel}","templated":true}]}}