{"id":2916,"date":"2024-03-19T08:20:36","date_gmt":"2024-03-19T08:20:36","guid":{"rendered":"https:\/\/b2c.fairs.vn\/?post_type=product&#038;p=2916"},"modified":"2024-03-26T10:52:40","modified_gmt":"2024-03-26T03:52:40","slug":"bot-cam-gao-say-lanh","status":"publish","type":"product","link":"https:\/\/b2c.fairs.vn\/en\/product\/bot-cam-gao-say-lanh\/","title":{"rendered":"B\u1ed9t C\u00e1m G\u1ea1o S\u1ea5y L\u1ea1nh"},"content":{"rendered":"<p>B\u1ed9t c\u00e1m g\u1ea1o \u0111\u01b0\u1ee3c s\u1ea3n xu\u1ea5t t\u1ea1i c\u00f4ng ty Ng\u1ecdc Anh c\u00f3 th\u00e0nh ph\u1ea7n ho\u00e0n to\u00e0n 100% g\u1ea1o c\u00e1m nguy\u00ean ch\u1ea5t theo c\u00f4ng ngh\u1ec7 s\u1ea5y l\u1ea1nh hi\u1ec7n \u0111\u1ea1i, \u0111\u1ea3m b\u1ea3o kh\u00f4ng ch\u1ea5t ph\u1ee5 gia, kh\u00f4ng ch\u1ea5t b\u1ea3o qu\u1ea3n, an to\u00e0n tuy\u1ec7t \u0111\u1ed1i t\u1eeb thi\u00ean nhi\u00ean.<br \/>\nTha\u0300nh ph\u00e2\u0300n:<br \/>\nB\u1ed9t c\u00e1m g\u1ea1o nguy\u00ean ch\u1ea5t<br \/>\nTh\u00f4ng tin kha\u0301c:<br \/>\nH\u01b0\u1edbng d\u1eabn s\u1eed d\u1ee5ng: Tr\u1ecb m\u1ee5n<br \/>\nNguy\u00ean li\u1ec7u: 2-3 th\u00eca c\u00e0 ph\u00ea b\u1ed9t c\u00e1m g\u1ea1o, 1 c\u1ed1c n\u01b0\u1edbc l\u1ea1nh.<br \/>\nC\u00e1ch l\u00e0m: Cho b\u1ed9t c\u00e1m v\u00e0o b\u00e1t, ch\u1ebf t\u1eeb t\u1eeb n\u01b0\u1edbc l\u1ea1nh v\u00e0o cho t\u1edbi khi t\u1ea1o th\u00e0nh h\u1ed7n h\u1ee3p s\u1ec1n s\u1ec7t th\u00ec d\u1eebng l\u1ea1i.R\u1eeda m\u1eb7t s\u1ea1ch, th\u1ea5m cho kh\u00f4, d\u00f9ng c\u1ecd ph\u1ebft l\u00ean m\u1eb7t t\u1eebng l\u1edbp h\u1ed7n h\u1ee3p tr\u00ean cho t\u1edbi khi k\u00edn h\u1ebft da m\u1eb7t. \u0110\u1ec3 m\u1eb7t kho\u1ea3ng 20 ph\u00fat th\u00ec r\u1eeda l\u1ea1i v\u1edbi n\u01b0\u1edbc \u1ea5m. S\u1eed d\u1ee5ng b\u1ed9t c\u00e1m g\u1ea1o 2-3 l\u1ea7n\/ 1 tu\u1ea7n \u0111\u1ec3 c\u1ea3m nh\u1eadn s\u1ef1 thay \u0111\u1ed5i c\u1ee7a l\u00e0n da.D\u01b0\u1ee1ng tr\u1eafng da<\/p>","protected":false},"excerpt":{"rendered":"<p>B\u1ed9t c\u00e1m g\u1ea1o \u0111\u01b0\u1ee3c s\u1ea3n xu\u1ea5t t\u1ea1i c\u00f4ng ty Ng\u1ecdc Anh c\u00f3 th\u00e0nh ph\u1ea7n ho\u00e0n to\u00e0n 100% g\u1ea1o c\u00e1m nguy\u00ean ch\u1ea5t theo c\u00f4ng ngh\u1ec7 s\u1ea5y l\u1ea1nh hi\u1ec7n \u0111\u1ea1i, \u0111\u1ea3m b\u1ea3o kh\u00f4ng ch\u1ea5t ph\u1ee5 gia, kh\u00f4ng ch\u1ea5t b\u1ea3o qu\u1ea3n, an to\u00e0n tuy\u1ec7t \u0111\u1ed1i t\u1eeb thi\u00ean nhi\u00ean.<br \/>\nTha\u0300nh ph\u00e2\u0300n:<br \/>\nB\u1ed9t c\u00e1m g\u1ea1o nguy\u00ean ch\u1ea5t<br \/>\nTh\u00f4ng tin kha\u0301c:<br \/>\nH\u01b0\u1edbng d\u1eabn s\u1eed d\u1ee5ng: Tr\u1ecb m\u1ee5n: Nguy\u00ean li\u1ec7u: 2-3 th\u00eca c\u00e0 ph\u00ea b\u1ed9t c\u00e1m g\u1ea1o, 1 c\u1ed1c n\u01b0\u1edbc l\u1ea1nh.C\u00e1ch l\u00e0m: Cho b\u1ed9t c\u00e1m v\u00e0o b\u00e1t, ch\u1ebf t\u1eeb t\u1eeb n\u01b0\u1edbc l\u1ea1nh v\u00e0o cho t\u1edbi khi t\u1ea1o th\u00e0nh h\u1ed7n h\u1ee3p s\u1ec1n s\u1ec7t th\u00ec d\u1eebng l\u1ea1i.R\u1eeda m\u1eb7t s\u1ea1ch, th\u1ea5m cho kh\u00f4, d\u00f9ng c\u1ecd ph\u1ebft l\u00ean m\u1eb7t t\u1eebng l\u1edbp h\u1ed7n h\u1ee3p tr\u00ean cho t\u1edbi khi k\u00edn h\u1ebft da m\u1eb7t. \u0110\u1ec3 m\u1eb7t kho\u1ea3ng 20 ph\u00fat th\u00ec r\u1eeda l\u1ea1i v\u1edbi n\u01b0\u1edbc \u1ea5m. S\u1eed d\u1ee5ng b\u1ed9t c\u00e1m g\u1ea1o 2-3 l\u1ea7n\/ 1 tu\u1ea7n \u0111\u1ec3 c\u1ea3m nh\u1eadn s\u1ef1 thay \u0111\u1ed5i c\u1ee7a l\u00e0n da.D\u01b0\u1ee1ng tr\u1eafng da<\/p>","protected":false},"featured_media":2917,"comment_status":"open","ping_status":"closed","template":"","meta":{"_acf_changed":false},"product_cat":[321,22,323],"product_tag":[],"class_list":{"0":"post-2916","1":"product","2":"type-product","3":"status-publish","4":"has-post-thumbnail","6":"product_cat-che","7":"product_cat-sanphamthucpham","8":"product_cat-san-pham-tra-tu-thuc-vat-khac","10":"first","11":"instock","12":"shipping-taxable","13":"purchasable","14":"product-type-simple"},"acf":[],"_links":{"self":[{"href":"https:\/\/b2c.fairs.vn\/en\/wp-json\/wp\/v2\/product\/2916","targetHints":{"allow":["GET"]}}],"collection":[{"href":"https:\/\/b2c.fairs.vn\/en\/wp-json\/wp\/v2\/product"}],"about":[{"href":"https:\/\/b2c.fairs.vn\/en\/wp-json\/wp\/v2\/types\/product"}],"replies":[{"embeddable":true,"href":"https:\/\/b2c.fairs.vn\/en\/wp-json\/wp\/v2\/comments?post=2916"}],"version-history":[{"count":0,"href":"https:\/\/b2c.fairs.vn\/en\/wp-json\/wp\/v2\/product\/2916\/revisions"}],"wp:featuredmedia":[{"embeddable":true,"href":"https:\/\/b2c.fairs.vn\/en\/wp-json\/wp\/v2\/media\/2917"}],"wp:attachment":[{"href":"https:\/\/b2c.fairs.vn\/en\/wp-json\/wp\/v2\/media?parent=2916"}],"wp:term":[{"taxonomy":"product_cat","embeddable":true,"href":"https:\/\/b2c.fairs.vn\/en\/wp-json\/wp\/v2\/product_cat?post=2916"},{"taxonomy":"product_tag","embeddable":true,"href":"https:\/\/b2c.fairs.vn\/en\/wp-json\/wp\/v2\/product_tag?post=2916"}],"curies":[{"name":"wp","href":"https:\/\/api.w.org\/{rel}","templated":true}]}}