{"id":2913,"date":"2024-03-19T08:19:44","date_gmt":"2024-03-19T08:19:44","guid":{"rendered":"https:\/\/b2c.fairs.vn\/?post_type=product&#038;p=2913"},"modified":"2024-03-26T10:54:49","modified_gmt":"2024-03-26T03:54:49","slug":"bot-cam-gao-tinh-nghe","status":"publish","type":"product","link":"https:\/\/b2c.fairs.vn\/en\/product\/bot-cam-gao-tinh-nghe\/","title":{"rendered":"B\u1ed9t C\u00e1m G\u1ea1o Tinh Ngh\u1ec7"},"content":{"rendered":"<p>B\u1ed9t c\u00e1m g\u1ea1o tinh ngh\u1ec7 \u0111\u01b0\u1ee3c s\u1ea3n xu\u1ea5t t\u1ea1i c\u00f4ng ty Ng\u1ecdc Anh c\u00f3 th\u00e0nh ph\u1ea7n ho\u00e0n to\u00e0n 100% g\u1ea1o c\u00e1m nguy\u00ean ch\u1ea5t theo c\u00f4ng ngh\u1ec7 s\u1ea5y l\u1ea1nh hi\u1ec7n \u0111\u1ea1i, \u0111\u1ea3m b\u1ea3o kh\u00f4ng ch\u1ea5t ph\u1ee5 gia, kh\u00f4ng ch\u1ea5t b\u1ea3o qu\u1ea3n, an to\u00e0n tuy\u1ec7t \u0111\u1ed1i t\u1eeb thi\u00ean nhi\u00ean.<br \/>\nTha\u0300nh ph\u00e2\u0300n:<br \/>\n100% g\u1ea1o c\u00e1m nguy\u00ean ch\u1ea5t s\u1ea5y l\u1ea1nh xay nhuy\u1ec5n k\u1ebft h\u1ee3p v\u1edbi tinh ngh\u1ec7<br \/>\nTh\u00f4ng tin kha\u0301c:<br \/>\nH\u01b0\u1edbng d\u1eabn s\u1eed d\u1ee5ng: D\u01b0\u1ee1ng tr\u1eafng da : Nguy\u00ean li\u1ec7u: 2 th\u00eca c\u00e0 ph\u00ea c\u00e1m g\u1ea1o tinh ngh\u1ec7. C\u00e1ch l\u00e0m: Tr\u1ed9n \u0111\u1ec1u 2 nguy\u00ean li\u1ec7u v\u1edbi nhau, cho th\u00eam 1 ch\u00fat n\u01b0\u1edbc \u0111\u1ec3 t\u0103ng \u0111\u1ed9 k\u1ebft d\u00ednh. Thoa h\u1ed7n h\u1ee3p n\u00e0y l\u00ean m\u1eb7t (sau khi \u0111\u00e3 r\u1eeda s\u1ea1ch), \u0111\u1ec3 ngh\u1ec9 20 ph\u00fat th\u00ec r\u1eeda l\u1ea1i b\u1eb1ng n\u01b0\u1edbc \u1ea5m. Thu nh\u1ecf l\u1ed7 ch\u00e2n l\u00f4ng : C\u00e1ch l\u00e0m: 1 h\u1ed9p s\u1eefa chua kh\u00f4ng \u0111\u01b0\u1eddng + n\u1eeda b\u00e1t con c\u00e1m g\u1ea1o + 2 th\u00eca m\u1eadt ong tr\u1ed9n \u0111\u1ec1u. Cho h\u1ed7n h\u1ee3p v\u00e0o 1 chi\u1ebfc h\u1ed9p s\u1ea1ch, \u0111\u1eady k\u00edn b\u1ea3o qu\u1ea3n trong t\u1ee7 l\u1ea1nh v\u00e0 s\u1eed d\u1ee5ng nh\u01b0 m\u1eb7t n\u1ea1 h\u00e0ng ng\u00e0y. T\u1eafm tr\u1eafng : C\u00e1ch l\u00e0m: Sau khi t\u1ea9y t\u1ebf b\u00e0o ch\u1ebft, l\u1ea5y 100g c\u00e1m g\u1ea1o v\u00e0 \u00edt s\u1eefa t\u01b0\u01a1i kh\u00f4ng \u0111\u01b0\u1eddng, tr\u1ed9n \u0111\u1ec1u th\u00e0nh dung d\u1ecbch s\u1ec1n s\u1ec7t r\u1ed3i thoa \u0111\u1ec1u l\u00ean to\u00e0n th\u00e2n. Sau \u0111\u00f3, gi\u1eef l\u1edbp n\u1ea1 n\u00e0y trong v\u00f2ng 20 ph\u00fat \u0111\u1ec3 n\u00f3 ph\u00e1t huy h\u1ebft t\u00e1c d\u1ee5ng tr\u01b0\u1edbc khi t\u1eafm l\u1ea1i v\u1edbi n\u01b0\u1edbc \u1ea5m. B\u1ea3o qu\u1ea3n n\u01a1i kh\u00f4 tho\u00e1ng, tr\u00e1nh \u00e1nh n\u1eafng tr\u1ef1c ti\u1ebfp.<\/p>","protected":false},"excerpt":{"rendered":"<p>B\u1ed9t c\u00e1m g\u1ea1o tinh ngh\u1ec7 \u0111\u01b0\u1ee3c s\u1ea3n xu\u1ea5t t\u1ea1i c\u00f4ng ty Ng\u1ecdc Anh c\u00f3 th\u00e0nh ph\u1ea7n ho\u00e0n to\u00e0n 100% g\u1ea1o c\u00e1m nguy\u00ean ch\u1ea5t theo c\u00f4ng ngh\u1ec7 s\u1ea5y l\u1ea1nh hi\u1ec7n \u0111\u1ea1i, \u0111\u1ea3m b\u1ea3o kh\u00f4ng ch\u1ea5t ph\u1ee5 gia, kh\u00f4ng ch\u1ea5t b\u1ea3o qu\u1ea3n, an to\u00e0n tuy\u1ec7t \u0111\u1ed1i t\u1eeb thi\u00ean nhi\u00ean.<br \/>\nTha\u0300nh ph\u00e2\u0300n:<br \/>\n100% g\u1ea1o c\u00e1m nguy\u00ean ch\u1ea5t s\u1ea5y l\u1ea1nh xay nhuy\u1ec5n k\u1ebft h\u1ee3p v\u1edbi tinh ngh\u1ec7<br \/>\nTh\u00f4ng tin kha\u0301c:<br \/>\nH\u01b0\u1edbng d\u1eabn s\u1eed d\u1ee5ng: D\u01b0\u1ee1ng tr\u1eafng da : Nguy\u00ean li\u1ec7u: 2 th\u00eca c\u00e0 ph\u00ea c\u00e1m g\u1ea1o tinh ngh\u1ec7. C\u00e1ch l\u00e0m: Tr\u1ed9n \u0111\u1ec1u 2 nguy\u00ean li\u1ec7u v\u1edbi nhau, cho th\u00eam 1 ch\u00fat n\u01b0\u1edbc \u0111\u1ec3 t\u0103ng \u0111\u1ed9 k\u1ebft d\u00ednh. Thoa h\u1ed7n h\u1ee3p n\u00e0y l\u00ean m\u1eb7t (sau khi \u0111\u00e3 r\u1eeda s\u1ea1ch), \u0111\u1ec3 ngh\u1ec9 20 ph\u00fat th\u00ec r\u1eeda l\u1ea1i b\u1eb1ng n\u01b0\u1edbc \u1ea5m. Thu nh\u1ecf l\u1ed7 ch\u00e2n l\u00f4ng : C\u00e1ch l\u00e0m: 1 h\u1ed9p s\u1eefa chua kh\u00f4ng \u0111\u01b0\u1eddng + n\u1eeda b\u00e1t con c\u00e1m g\u1ea1o + 2 th\u00eca m\u1eadt ong tr\u1ed9n \u0111\u1ec1u. Cho h\u1ed7n h\u1ee3p v\u00e0o 1 chi\u1ebfc h\u1ed9p s\u1ea1ch, \u0111\u1eady k\u00edn b\u1ea3o qu\u1ea3n trong t\u1ee7 l\u1ea1nh v\u00e0 s\u1eed d\u1ee5ng nh\u01b0 m\u1eb7t n\u1ea1 h\u00e0ng ng\u00e0y. T\u1eafm tr\u1eafng : C\u00e1ch l\u00e0m: Sau khi t\u1ea9y t\u1ebf b\u00e0o ch\u1ebft, l\u1ea5y 100g c\u00e1m g\u1ea1o v\u00e0 \u00edt s\u1eefa t\u01b0\u01a1i kh\u00f4ng \u0111\u01b0\u1eddng, tr\u1ed9n \u0111\u1ec1u th\u00e0nh dung d\u1ecbch s\u1ec1n s\u1ec7t r\u1ed3i thoa \u0111\u1ec1u l\u00ean to\u00e0n th\u00e2n. Sau \u0111\u00f3, gi\u1eef l\u1edbp n\u1ea1 n\u00e0y trong v\u00f2ng 20 ph\u00fat \u0111\u1ec3 n\u00f3 ph\u00e1t huy h\u1ebft t\u00e1c d\u1ee5ng tr\u01b0\u1edbc khi t\u1eafm l\u1ea1i v\u1edbi n\u01b0\u1edbc \u1ea5m. B\u1ea3o qu\u1ea3n n\u01a1i kh\u00f4 tho\u00e1ng, tr\u00e1nh \u00e1nh n\u1eafng tr\u1ef1c ti\u1ebfp.<\/p>","protected":false},"featured_media":2914,"comment_status":"open","ping_status":"closed","template":"","meta":{"_acf_changed":false},"product_cat":[321,22,323],"product_tag":[],"class_list":{"0":"post-2913","1":"product","2":"type-product","3":"status-publish","4":"has-post-thumbnail","6":"product_cat-che","7":"product_cat-sanphamthucpham","8":"product_cat-san-pham-tra-tu-thuc-vat-khac","10":"first","11":"instock","12":"shipping-taxable","13":"purchasable","14":"product-type-simple"},"acf":[],"_links":{"self":[{"href":"https:\/\/b2c.fairs.vn\/en\/wp-json\/wp\/v2\/product\/2913","targetHints":{"allow":["GET"]}}],"collection":[{"href":"https:\/\/b2c.fairs.vn\/en\/wp-json\/wp\/v2\/product"}],"about":[{"href":"https:\/\/b2c.fairs.vn\/en\/wp-json\/wp\/v2\/types\/product"}],"replies":[{"embeddable":true,"href":"https:\/\/b2c.fairs.vn\/en\/wp-json\/wp\/v2\/comments?post=2913"}],"version-history":[{"count":0,"href":"https:\/\/b2c.fairs.vn\/en\/wp-json\/wp\/v2\/product\/2913\/revisions"}],"wp:featuredmedia":[{"embeddable":true,"href":"https:\/\/b2c.fairs.vn\/en\/wp-json\/wp\/v2\/media\/2914"}],"wp:attachment":[{"href":"https:\/\/b2c.fairs.vn\/en\/wp-json\/wp\/v2\/media?parent=2913"}],"wp:term":[{"taxonomy":"product_cat","embeddable":true,"href":"https:\/\/b2c.fairs.vn\/en\/wp-json\/wp\/v2\/product_cat?post=2913"},{"taxonomy":"product_tag","embeddable":true,"href":"https:\/\/b2c.fairs.vn\/en\/wp-json\/wp\/v2\/product_tag?post=2913"}],"curies":[{"name":"wp","href":"https:\/\/api.w.org\/{rel}","templated":true}]}}