{"id":2904,"date":"2024-03-19T08:17:47","date_gmt":"2024-03-19T08:17:47","guid":{"rendered":"https:\/\/b2c.fairs.vn\/?post_type=product&#038;p=2904"},"modified":"2024-03-19T08:17:48","modified_gmt":"2024-03-19T08:17:48","slug":"ngo-ngot-nguyen-hat","status":"publish","type":"product","link":"https:\/\/b2c.fairs.vn\/en\/product\/ngo-ngot-nguyen-hat\/","title":{"rendered":"Ng\u00f4 ng\u1ecdt nguy\u00ean h\u1ea1t"},"content":{"rendered":"<h2><strong>Ng\u00f4 Ng\u1ecdt Nguy\u00ean H\u1ea1t Asean\u00a0425G<\/strong><\/h2>\n<p>\u0110\u01b0\u1ee3c s\u1ea3n xu\u1ea5t tr\u00ean d\u00e2y chuy\u1ec1n c\u00f4ng ngh\u1ec7 hi\u1ec7n \u0111\u1ea1i<\/p>\n<p>Ng\u00f4 ng\u1ecdt nguy\u00ean h\u1ea1t Asean Thanh An \u0111\u01b0\u1ee3c s\u1ea3n xu\u1ea5t tr\u00ean d\u00e2y chuy\u1ec1n c\u00f4ng ngh\u1ec7 hi\u1ec7n \u0111\u1ea1i, d\u01b0\u1edbi s\u1ef1 gi\u00e1m s\u00e1t c\u1ee7a c\u00e1c chuy\u00ean gia th\u1ef1c ph\u1ea9m h\u00e0ng \u0111\u1ea7u. M\u1ed7i s\u1ea3n ph\u1ea9m \u0111\u1ec1u \u0111\u01b0\u1ee3c l\u00e0m t\u1eeb nh\u1eefng nguy\u00ean li\u1ec7u t\u01b0\u01a1i ngon nh\u1ea5t, kh\u00f4ng ch\u1ee9a c\u00e1c h\u00f3a ch\u1ea5t \u0111\u1ed9c h\u1ea1i.<\/p>\n<p>Ng\u00f4 ng\u1ecdt nguy\u00ean h\u1ea1t Asean Thanh An \u0111\u01b0\u1ee3c l\u00e0m t\u1eeb nh\u1eefng h\u1ea1t ng\u00f4 ch\u1eafc, c\u00f3 h\u01b0\u01a1ng th\u01a1m nh\u1eb9 h\u00f2a quy\u1ec7n c\u00f9ng v\u1ecb ng\u1ecdt b\u00f9i. S\u1ea3n ph\u1ea9m \u0111\u01b0\u1ee3c ch\u1ebf bi\u1ebfn c\u1ea7u k\u1ef3, d\u1ef1a tr\u00ean c\u00f4ng th\u1ee9c \u0111\u1ed9c quy\u1ec1n, mang t\u1edbi tay ng\u01b0\u1eddi ti\u00eau d\u00f9ng m\u00f3n \u0103n kh\u00f4ng ch\u1ec9 th\u01a1m ngon m\u00e0 c\u00f2n r\u1ea5t b\u1ed5 d\u01b0\u1ee1ng.<\/p>\n<p>Cung c\u1ea5p h\u00e0m l\u01b0\u1ee3ng dinh d\u01b0\u1ee1ng l\u1edbn<\/p>\n<p>S\u1ea3n ph\u1ea9m cung c\u1ea5p h\u00e0m l\u01b0\u1ee3ng l\u1edbn protein, ch\u1ea5t b\u00e9o v\u00e0 n\u0103ng l\u01b0\u1ee3ng d\u1ed3i d\u00e0o, gi\u00fap b\u1ea1n lu\u00f4n \u0111\u1ea3m b\u1ea3o s\u1ee9c kh\u1ecfe v\u00e0 th\u1ec3 l\u1ef1c. Ng\u00f4 ng\u1ecdt nguy\u00ean h\u1ea1t Asean Thanh An \u0111\u01b0\u1ee3c \u0111\u00f3ng h\u1ed9p ti\u1ec7n l\u1ee3i cho vi\u1ec7c s\u1eed d\u1ee5ng v\u00e0 b\u1ea3o qu\u1ea3n.<\/p>","protected":false},"excerpt":{"rendered":"<p>Ng\u00f4 Ng\u1ecdt Nguy\u00ean H\u1ea1t Asean\u00a0425G \u0110\u01b0\u1ee3c s\u1ea3n xu\u1ea5t tr\u00ean d\u00e2y chuy\u1ec1n c\u00f4ng ngh\u1ec7 hi\u1ec7n \u0111\u1ea1i Ng\u00f4 ng\u1ecdt nguy\u00ean h\u1ea1t Asean<\/p>","protected":false},"featured_media":2877,"comment_status":"open","ping_status":"closed","template":"","meta":{"_acf_changed":false},"product_cat":[22],"product_tag":[],"class_list":{"0":"post-2904","1":"product","2":"type-product","3":"status-publish","4":"has-post-thumbnail","6":"product_cat-sanphamthucpham","8":"first","9":"instock","10":"shipping-taxable","11":"product-type-simple"},"acf":[],"_links":{"self":[{"href":"https:\/\/b2c.fairs.vn\/en\/wp-json\/wp\/v2\/product\/2904","targetHints":{"allow":["GET"]}}],"collection":[{"href":"https:\/\/b2c.fairs.vn\/en\/wp-json\/wp\/v2\/product"}],"about":[{"href":"https:\/\/b2c.fairs.vn\/en\/wp-json\/wp\/v2\/types\/product"}],"replies":[{"embeddable":true,"href":"https:\/\/b2c.fairs.vn\/en\/wp-json\/wp\/v2\/comments?post=2904"}],"version-history":[{"count":0,"href":"https:\/\/b2c.fairs.vn\/en\/wp-json\/wp\/v2\/product\/2904\/revisions"}],"wp:featuredmedia":[{"embeddable":true,"href":"https:\/\/b2c.fairs.vn\/en\/wp-json\/wp\/v2\/media\/2877"}],"wp:attachment":[{"href":"https:\/\/b2c.fairs.vn\/en\/wp-json\/wp\/v2\/media?parent=2904"}],"wp:term":[{"taxonomy":"product_cat","embeddable":true,"href":"https:\/\/b2c.fairs.vn\/en\/wp-json\/wp\/v2\/product_cat?post=2904"},{"taxonomy":"product_tag","embeddable":true,"href":"https:\/\/b2c.fairs.vn\/en\/wp-json\/wp\/v2\/product_tag?post=2904"}],"curies":[{"name":"wp","href":"https:\/\/api.w.org\/{rel}","templated":true}]}}