{"id":2899,"date":"2024-03-19T08:16:50","date_gmt":"2024-03-19T08:16:50","guid":{"rendered":"https:\/\/b2c.fairs.vn\/?post_type=product&#038;p=2899"},"modified":"2024-03-26T11:06:19","modified_gmt":"2024-03-26T04:06:19","slug":"bot-sinh-to-rau-ma-dau-xanh","status":"publish","type":"product","link":"https:\/\/b2c.fairs.vn\/en\/product\/bot-sinh-to-rau-ma-dau-xanh\/","title":{"rendered":"B\u1ed9t Sinh T\u1ed1 Rau M\u00e1 \u0110\u1eadu Xanh"},"content":{"rendered":"<p>Rau m\u00e1 l\u00e0 m\u1ed9t lo\u1ea1i rau th\u00f4ng d\u1ee5ng trong b\u1eefa c\u01a1m c\u1ee7a ng\u01b0\u1eddi Vi\u1ec7t. C\u00e2y rau m\u00e1 c\u00f2n \u0111\u01b0\u1ee3c bi\u1ebft \u0111\u1ebfn c\u00f3 t\u00e1c d\u1ee5ng thanh nhi\u1ec7t, gi\u1ea3i \u0111\u1ed9c, h\u1ed7 tr\u1ee3 c\u00e1c v\u1ea5n \u0111\u1ec1 v\u1ec1 da, ch\u1eefa m\u1ed9t s\u1ed1 b\u1ec7nh nh\u01b0 m\u1ee5n nh\u1ecdt, s\u1ed1t cao t\u00e1o b\u00f3n. Ngo\u00e0i ra, rau m\u00e1 c\u00f2n l\u00e0 m\u1ed9t th\u1ea3o d\u01b0\u1ee3c c\u00f3 t\u00ednh b\u1ed5 d\u01b0\u1ee1ng r\u1ea5t cao, gi\u00fap l\u00e0m gi\u1ea3m qu\u00e1 tr\u00ecnh l\u00e3o h\u00f3a, t\u0103ng c\u01b0\u1eddng tr\u00ed nh\u1edb, c\u1ea3i thi\u1ec7n tu\u1ea7n ho\u00e0n v\u00e0 c\u1ea3i thi\u1ec7n m\u1ed9t s\u1ed1 b\u1ec7nh v\u1ec1 da. Hi\u1ec1u \u0111i\u1ec1u \u0111\u00f3 ch\u00fang t\u00f4i cho ra s\u1ea3n ph\u1ea9m b\u1ed9t sau m\u00e1 &amp; \u0111\u1eadu xanh, v\u1eeba gi\u00fap nhi\u1ec1u ng\u01b0\u1eddi d\u1ec5 u\u1ed1ng v\u1eeba gi\u1eef \u0111\u01b0\u01a1c gi\u00e1 tr\u1ecb v\u1ed1n c\u00f3 c\u1ee7a rau m\u00e1.<br \/>\nTha\u0300nh ph\u00e2\u0300n:<br \/>\nRau m\u00e1 nguy\u00ean ch\u1ea5t 50%, b\u1ed9t \u0111\u1eadu xanh 40%, \u0111\u01b0\u1eddng ph\u00e8n 10%.<br \/>\nTh\u00f4ng tin kha\u0301c:<br \/>\nB\u1ea3o qu\u1ea3n n\u01a1i kh\u00f4 tho\u00e1ng, tr\u00e1nh \u00e1nh n\u1eafng tr\u1ef1c ti\u1ebfp.<\/p>","protected":false},"excerpt":{"rendered":"<p>Rau m\u00e1 l\u00e0 m\u1ed9t lo\u1ea1i rau th\u00f4ng d\u1ee5ng trong b\u1eefa c\u01a1m c\u1ee7a ng\u01b0\u1eddi Vi\u1ec7t. C\u00e2y rau m\u00e1 c\u00f2n \u0111\u01b0\u1ee3c bi\u1ebft \u0111\u1ebfn c\u00f3 t\u00e1c d\u1ee5ng thanh nhi\u1ec7t, gi\u1ea3i \u0111\u1ed9c, h\u1ed7 tr\u1ee3 c\u00e1c v\u1ea5n \u0111\u1ec1 v\u1ec1 da, ch\u1eefa m\u1ed9t s\u1ed1 b\u1ec7nh nh\u01b0 m\u1ee5n nh\u1ecdt, s\u1ed1t cao t\u00e1o b\u00f3n. Ngo\u00e0i ra, rau m\u00e1 c\u00f2n l\u00e0 m\u1ed9t th\u1ea3o d\u01b0\u1ee3c c\u00f3 t\u00ednh b\u1ed5 d\u01b0\u1ee1ng r\u1ea5t cao, gi\u00fap l\u00e0m gi\u1ea3m qu\u00e1 tr\u00ecnh l\u00e3o h\u00f3a, t\u0103ng c\u01b0\u1eddng tr\u00ed nh\u1edb, c\u1ea3i thi\u1ec7n tu\u1ea7n ho\u00e0n v\u00e0 c\u1ea3i thi\u1ec7n m\u1ed9t s\u1ed1 b\u1ec7nh v\u1ec1 da. Hi\u1ec1u \u0111i\u1ec1u \u0111\u00f3 ch\u00fang t\u00f4i cho ra s\u1ea3n ph\u1ea9m b\u1ed9t sau m\u00e1 &amp; \u0111\u1eadu xanh, v\u1eeba gi\u00fap nhi\u1ec1u ng\u01b0\u1eddi d\u1ec5 u\u1ed1ng v\u1eeba gi\u1eef \u0111\u01b0\u01a1c gi\u00e1 tr\u1ecb v\u1ed1n c\u00f3 c\u1ee7a rau m\u00e1.<br \/>\nTha\u0300nh ph\u00e2\u0300n:<br \/>\nRau m\u00e1 nguy\u00ean ch\u1ea5t 50%, b\u1ed9t \u0111\u1eadu xanh 40%, \u0111\u01b0\u1eddng ph\u00e8n 10%.<br \/>\nTh\u00f4ng tin kha\u0301c:<br \/>\nB\u1ea3o qu\u1ea3n n\u01a1i kh\u00f4 tho\u00e1ng, tr\u00e1nh \u00e1nh n\u1eafng tr\u1ef1c ti\u1ebfp.<\/p>","protected":false},"featured_media":2901,"comment_status":"open","ping_status":"closed","template":"","meta":{"_acf_changed":false},"product_cat":[321,22,323],"product_tag":[],"class_list":{"0":"post-2899","1":"product","2":"type-product","3":"status-publish","4":"has-post-thumbnail","6":"product_cat-che","7":"product_cat-sanphamthucpham","8":"product_cat-san-pham-tra-tu-thuc-vat-khac","10":"first","11":"instock","12":"shipping-taxable","13":"product-type-simple"},"acf":[],"_links":{"self":[{"href":"https:\/\/b2c.fairs.vn\/en\/wp-json\/wp\/v2\/product\/2899","targetHints":{"allow":["GET"]}}],"collection":[{"href":"https:\/\/b2c.fairs.vn\/en\/wp-json\/wp\/v2\/product"}],"about":[{"href":"https:\/\/b2c.fairs.vn\/en\/wp-json\/wp\/v2\/types\/product"}],"replies":[{"embeddable":true,"href":"https:\/\/b2c.fairs.vn\/en\/wp-json\/wp\/v2\/comments?post=2899"}],"version-history":[{"count":0,"href":"https:\/\/b2c.fairs.vn\/en\/wp-json\/wp\/v2\/product\/2899\/revisions"}],"wp:featuredmedia":[{"embeddable":true,"href":"https:\/\/b2c.fairs.vn\/en\/wp-json\/wp\/v2\/media\/2901"}],"wp:attachment":[{"href":"https:\/\/b2c.fairs.vn\/en\/wp-json\/wp\/v2\/media?parent=2899"}],"wp:term":[{"taxonomy":"product_cat","embeddable":true,"href":"https:\/\/b2c.fairs.vn\/en\/wp-json\/wp\/v2\/product_cat?post=2899"},{"taxonomy":"product_tag","embeddable":true,"href":"https:\/\/b2c.fairs.vn\/en\/wp-json\/wp\/v2\/product_tag?post=2899"}],"curies":[{"name":"wp","href":"https:\/\/api.w.org\/{rel}","templated":true}]}}