{"id":2895,"date":"2024-03-19T08:15:55","date_gmt":"2024-03-19T08:15:55","guid":{"rendered":"https:\/\/b2c.fairs.vn\/?post_type=product&#038;p=2895"},"modified":"2024-03-26T11:04:52","modified_gmt":"2024-03-26T04:04:52","slug":"bot-la-sen","status":"publish","type":"product","link":"https:\/\/b2c.fairs.vn\/en\/product\/bot-la-sen\/","title":{"rendered":"B\u1ed9t L\u00e1 Sen T\u00fai Zip 50g"},"content":{"rendered":"<p>L\u00e1 sen kh\u00f4 \u2013 s\u1ea3n ph\u1ea9m quen thu\u1ed9c v\u1edbi ng\u01b0\u1eddi d\u00e2n Vi\u1ec7t. C\u00e2y sen l\u00e0 lo\u1ea1i c\u00e2y d\u1ec5 tr\u1ed3ng xu\u1ea5t hi\u1ec7n \u1edf h\u1ea7u h\u1ebft c\u00e1c s\u00f4ng, ao v\u00e0 h\u1ed3. L\u00e1 sen ph\u01a1i kh\u00f4 c\u00f2n \u0111\u01b0\u1ee3c bi\u1ebft \u0111\u1ebfn l\u00e0 m\u1ed9t trong nh\u1eefng lo\u1ea1i d\u01b0\u1ee3c li\u1ec7u \u0111\u00f4ng y c\u00f3 nhi\u1ec1u t\u00e1c d\u1ee5ng ch\u1eefa b\u1ec7nh c\u1ef1c k\u1ef3 t\u1ed1t. Ng\u00e0y nay m\u1ecdi ng\u01b0\u1eddi th\u01b0\u1eddng s\u1eed d\u1ee5ng b\u1ed9t l\u00e1 sen c\u00f3 ngu\u1ed3n g\u1ed1c t\u1eeb l\u00e1 sen kh\u00f4. S\u1ea3n ph\u1ea9m v\u1eeba an to\u00e0n, v\u1eeba dinh d\u01b0\u1ee1ng, l\u1ea1i ti\u1ec7n l\u1ee3i. \u0110\u1ec3 m\u1ecdi ng\u01b0\u1eddi hi\u1ec3u h\u01a1n v\u1ec1 lo\u1ea1i d\u01b0\u1ee3c li\u1ec7u n\u00e0y, ngay d\u01b0\u1edbi \u0111\u00e2y s\u1ebd l\u00e0 c\u00e1c th\u00f4ng tin h\u1eefu \u00edch, c\u00e1c b\u1ea1n h\u00e3y c\u00f9ng tham kh\u1ea3o.L\u00e1 sen kh\u00f4 \u0111\u01b0\u1ee3c bi\u1ebft \u0111\u1ebfn l\u00e0 m\u1ed9t trong nh\u1eefng lo\u1ea1i d\u01b0\u1ee3c li\u1ec7u r\u1ea5t t\u1ed1t cho s\u1ee9c kh\u1ecfe v\u00e0 \u0111\u01b0\u1ee3c s\u1eed d\u1ee5ng nhi\u1ec1u trong y h\u1ecdc.Trong \u0110\u00f4ng y, l\u00e1 sen \u0111\u01b0\u1ee3c bi\u1ebft \u0111\u1ebfn l\u00e0 d\u01b0\u1ee3c li\u1ec7u c\u00f3 v\u1ecb \u0111\u1eafng, h\u01a1i ch\u00e1t v\u00e0 c\u00f3 m\u00f9i th\u01a1m, t\u00ednh m\u00e1t b\u00ecnh. V\u00ec v\u1eady, l\u00e1 sen c\u00f3 t\u00e1c d\u1ee5ng thanh th\u1eed th\u0103ng d\u01b0\u01a1ng, ch\u1ec9 huy\u1ebft v\u1edbi c\u00f4ng d\u1ee5ng nh\u01b0 m\u1ed9t lo\u1ea1i thu\u1ed1c an th\u1ea7n hi\u1ec7u qu\u1ea3. Ngo\u00e0i ra, l\u00e1 sen c\u00f2n \u0111\u01b0\u1ee3c s\u1eed d\u1ee5ng \u0111\u1ec3 \u0111i\u1ec1u tr\u1ecb m\u1ed9t s\u1ed1 b\u1ec7nh l\u00fd kh\u00e1c nh\u01b0 huy\u1ebft \u00e1p, s\u1ed1t xu\u1ea5t huy\u1ebft, gi\u1ea3m m\u1ee1 m\u00e1u, \u0111\u1ea1i ti\u1ec7n ra m\u00e1u v\u00e0 ch\u1ea3y m\u00e1u ch\u00e2n r\u0103ng. Khi ph\u1ed1i h\u1ee3p d\u01b0\u1ee3c li\u1ec7u n\u00e0y v\u1edbi c\u00e1c v\u1ecb thu\u1ed1c kh\u00e1c nhau nh\u01b0 h\u00e0 th\u1ee7 \u00f4, th\u1ea3o quy\u1ebft minh v\u00e0 s\u01a1n tra th\u00ec t\u00e1c d\u1ee5ng gi\u1ea3m m\u1ee1 m\u00e1u c\u1ee7a d\u01b0\u1ee3c li\u1ec7u s\u1ebd t\u1ed1t h\u01a1n r\u1ea5t nhi\u1ec1u. Trong ng\u00e0nh y h\u1ecdc hi\u1ec7n \u0111\u1ea1i, c\u00e1c nh\u00e0 khoa h\u1ecdc \u0111\u00e3 nghi\u00ean c\u1ee9u v\u00e0 th\u1ea5y r\u1eb1ng l\u00e1 sen c\u00f3 ch\u1ee9a r\u1ea5t nhi\u1ec1u ho\u1ea1t ch\u1ea5t qu\u00fd gi\u00e1 thu\u1ed9c nh\u00f3m alkaloids v\u00e0 flavonoid. C\u00e1c ho\u1ea1t ch\u1ea5t n\u00e0y c\u00f3 ho\u1ea1t t\u00ednh sinh h\u1ecdc r\u1ea5t cao. Do \u0111\u00f3, l\u00e1 sen \u0111\u01b0\u1ee3c s\u1eed d\u1ee5ng \u0111\u1ec3 \u0111i\u1ec1u tr\u1ecb c\u00e1c b\u1ec7nh l\u00fd nh\u01b0 x\u01a1 v\u1eefa \u0111\u1ed9ng m\u1ea1ch, b\u1ec7nh m\u1ea1ch v\u00e0nh tim, huy\u1ebft \u00e1p ho\u0103c c\u00e1c b\u1ec7nh nh\u00e2n li\u1ec7t ng\u01b0\u1eddi do tai bi\u1ebfn m\u1ea1ch m\u00e1u n\u00e3o. C\u00e1c ho\u1ea1t ch\u1ea5t t\u1ed1t trong l\u00e1 sen s\u1ebd th\u1ea9m th\u1ea5u nhanh v\u00e0 c\u1ea3i thi\u1ec7n t\u00ecnh tr\u1ea1ng b\u1ec7nh l\u00fd c\u1ee7a b\u1ec7nh nh\u00e2n. Ngo\u00e0i ra, ng\u01b0\u1eddi ta c\u00f2n s\u1eed d\u1ee5ng l\u00e1 sen kh\u00f4 c\u1ea3i thi\u1ec7n tu\u1ea7n ho\u00e0n m\u00e1u n\u00e3o \u0111\u1ec3 \u0111i\u1ec1u tr\u1ecb c\u00e1c b\u1ec7nh nh\u01b0 c\u0103ng th\u1eb3ng, m\u1ec7t m\u1ecfi v\u00e0 b\u1ec7nh m\u1ea5t ng\u1ee7 k\u00e9o d\u00e0i.<br \/>\nTha\u0300nh ph\u00e2\u0300n:<br \/>\nL\u00e1 sen kh\u00f4, cam th\u1ea3o<br \/>\nTh\u00f4ng tin kha\u0301c:<br \/>\nH\u01b0\u1edbng d\u1eabn s\u1eed d\u1ee5ng: Pha n\u01b0\u1edbc u\u1ed1ng: L\u1ea5y m\u1ed9t mu\u1ed7m c\u00e0 ph\u00ea b\u1ed9t l\u00e1 sen kho\u1ea3ng 2-3g pha v\u1edbi 200ml n\u01b0\u1edbc \u1edf nhi\u1ec7t \u0111\u1ed9 th\u01b0\u1eddng khu\u1ea5y \u0111\u1ec1u, c\u00f3 th\u1ec3 pha th\u00eam \u0111\u01b0\u1eddng ho\u1eb7c \u0111\u00e1 r\u1ed3i th\u01b0\u1edfng th\u1ee9c. Ba\u0309o qua\u0309n : N\u01a1i kh\u00f4 r\u00e1o tho\u00e1ng m\u00e1t, tr\u00e1nh \u00e1nh n\u1eafng tr\u1ef1c ti\u1ebfp.<\/p>","protected":false},"excerpt":{"rendered":"<p>L\u00e1 sen kh\u00f4 \u2013 s\u1ea3n ph\u1ea9m quen thu\u1ed9c v\u1edbi ng\u01b0\u1eddi d\u00e2n Vi\u1ec7t. C\u00e2y sen l\u00e0 lo\u1ea1i c\u00e2y d\u1ec5 tr\u1ed3ng xu\u1ea5t hi\u1ec7n \u1edf h\u1ea7u h\u1ebft c\u00e1c s\u00f4ng, ao v\u00e0 h\u1ed3. L\u00e1 sen ph\u01a1i kh\u00f4 c\u00f2n \u0111\u01b0\u1ee3c bi\u1ebft \u0111\u1ebfn l\u00e0 m\u1ed9t trong nh\u1eefng lo\u1ea1i d\u01b0\u1ee3c li\u1ec7u \u0111\u00f4ng y c\u00f3 nhi\u1ec1u t\u00e1c d\u1ee5ng ch\u1eefa b\u1ec7nh c\u1ef1c k\u1ef3 t\u1ed1t. Ng\u00e0y nay m\u1ecdi ng\u01b0\u1eddi th\u01b0\u1eddng s\u1eed d\u1ee5ng b\u1ed9t l\u00e1 sen c\u00f3 ngu\u1ed3n g\u1ed1c t\u1eeb l\u00e1 sen kh\u00f4. S\u1ea3n ph\u1ea9m v\u1eeba an to\u00e0n, v\u1eeba dinh d\u01b0\u1ee1ng, l\u1ea1i ti\u1ec7n l\u1ee3i. \u0110\u1ec3 m\u1ecdi ng\u01b0\u1eddi hi\u1ec3u h\u01a1n v\u1ec1 lo\u1ea1i d\u01b0\u1ee3c li\u1ec7u n\u00e0y, ngay d\u01b0\u1edbi \u0111\u00e2y s\u1ebd l\u00e0 c\u00e1c th\u00f4ng tin h\u1eefu \u00edch, c\u00e1c b\u1ea1n h\u00e3y c\u00f9ng tham kh\u1ea3o.L\u00e1 sen kh\u00f4 \u0111\u01b0\u1ee3c bi\u1ebft \u0111\u1ebfn l\u00e0 m\u1ed9t trong nh\u1eefng lo\u1ea1i d\u01b0\u1ee3c li\u1ec7u r\u1ea5t t\u1ed1t cho s\u1ee9c kh\u1ecfe v\u00e0 \u0111\u01b0\u1ee3c s\u1eed d\u1ee5ng nhi\u1ec1u trong y h\u1ecdc.Trong \u0110\u00f4ng y, l\u00e1 sen \u0111\u01b0\u1ee3c bi\u1ebft \u0111\u1ebfn l\u00e0 d\u01b0\u1ee3c li\u1ec7u c\u00f3 v\u1ecb \u0111\u1eafng, h\u01a1i ch\u00e1t v\u00e0 c\u00f3 m\u00f9i th\u01a1m, t\u00ednh m\u00e1t b\u00ecnh. V\u00ec v\u1eady, l\u00e1 sen c\u00f3 t\u00e1c d\u1ee5ng thanh th\u1eed th\u0103ng d\u01b0\u01a1ng, ch\u1ec9 huy\u1ebft v\u1edbi c\u00f4ng d\u1ee5ng nh\u01b0 m\u1ed9t lo\u1ea1i thu\u1ed1c an th\u1ea7n hi\u1ec7u qu\u1ea3. Ngo\u00e0i ra, l\u00e1 sen c\u00f2n \u0111\u01b0\u1ee3c s\u1eed d\u1ee5ng \u0111\u1ec3 \u0111i\u1ec1u tr\u1ecb m\u1ed9t s\u1ed1 b\u1ec7nh l\u00fd kh\u00e1c nh\u01b0 huy\u1ebft \u00e1p, s\u1ed1t xu\u1ea5t huy\u1ebft, gi\u1ea3m m\u1ee1 m\u00e1u, \u0111\u1ea1i ti\u1ec7n ra m\u00e1u v\u00e0 ch\u1ea3y m\u00e1u ch\u00e2n r\u0103ng. Khi ph\u1ed1i h\u1ee3p d\u01b0\u1ee3c li\u1ec7u n\u00e0y v\u1edbi c\u00e1c v\u1ecb thu\u1ed1c kh\u00e1c nhau nh\u01b0 h\u00e0 th\u1ee7 \u00f4, th\u1ea3o quy\u1ebft minh v\u00e0 s\u01a1n tra th\u00ec t\u00e1c d\u1ee5ng gi\u1ea3m m\u1ee1 m\u00e1u c\u1ee7a d\u01b0\u1ee3c li\u1ec7u s\u1ebd t\u1ed1t h\u01a1n r\u1ea5t nhi\u1ec1u. Trong ng\u00e0nh y h\u1ecdc hi\u1ec7n \u0111\u1ea1i, c\u00e1c nh\u00e0 khoa h\u1ecdc \u0111\u00e3 nghi\u00ean c\u1ee9u v\u00e0 th\u1ea5y r\u1eb1ng l\u00e1 sen c\u00f3 ch\u1ee9a r\u1ea5t nhi\u1ec1u ho\u1ea1t ch\u1ea5t qu\u00fd gi\u00e1 thu\u1ed9c nh\u00f3m alkaloids v\u00e0 flavonoid. C\u00e1c ho\u1ea1t ch\u1ea5t n\u00e0y c\u00f3 ho\u1ea1t t\u00ednh sinh h\u1ecdc r\u1ea5t cao. Do \u0111\u00f3, l\u00e1 sen \u0111\u01b0\u1ee3c s\u1eed d\u1ee5ng \u0111\u1ec3 \u0111i\u1ec1u tr\u1ecb c\u00e1c b\u1ec7nh l\u00fd nh\u01b0 x\u01a1 v\u1eefa \u0111\u1ed9ng m\u1ea1ch, b\u1ec7nh m\u1ea1ch v\u00e0nh tim, huy\u1ebft \u00e1p ho\u0103c c\u00e1c b\u1ec7nh nh\u00e2n li\u1ec7t ng\u01b0\u1eddi do tai bi\u1ebfn m\u1ea1ch m\u00e1u n\u00e3o. C\u00e1c ho\u1ea1t ch\u1ea5t t\u1ed1t trong l\u00e1 sen s\u1ebd th\u1ea9m th\u1ea5u nhanh v\u00e0 c\u1ea3i thi\u1ec7n t\u00ecnh tr\u1ea1ng b\u1ec7nh l\u00fd c\u1ee7a b\u1ec7nh nh\u00e2n. Ngo\u00e0i ra, ng\u01b0\u1eddi ta c\u00f2n s\u1eed d\u1ee5ng l\u00e1 sen kh\u00f4 c\u1ea3i thi\u1ec7n tu\u1ea7n ho\u00e0n m\u00e1u n\u00e3o \u0111\u1ec3 \u0111i\u1ec1u tr\u1ecb c\u00e1c b\u1ec7nh nh\u01b0 c\u0103ng th\u1eb3ng, m\u1ec7t m\u1ecfi v\u00e0 b\u1ec7nh m\u1ea5t ng\u1ee7 k\u00e9o d\u00e0i.<br \/>\nTha\u0300nh ph\u00e2\u0300n:<br \/>\nL\u00e1 sen kh\u00f4, cam th\u1ea3o<br \/>\nTh\u00f4ng tin kha\u0301c:<br \/>\nH\u01b0\u1edbng d\u1eabn s\u1eed d\u1ee5ng: Pha n\u01b0\u1edbc u\u1ed1ng: L\u1ea5y m\u1ed9t mu\u1ed7m c\u00e0 ph\u00ea b\u1ed9t l\u00e1 sen kho\u1ea3ng 2-3g pha v\u1edbi 200ml n\u01b0\u1edbc \u1edf nhi\u1ec7t \u0111\u1ed9 th\u01b0\u1eddng khu\u1ea5y \u0111\u1ec1u, c\u00f3 th\u1ec3 pha th\u00eam \u0111\u01b0\u1eddng ho\u1eb7c \u0111\u00e1 r\u1ed3i th\u01b0\u1edfng th\u1ee9c. Ba\u0309o qua\u0309n : N\u01a1i kh\u00f4 r\u00e1o tho\u00e1ng m\u00e1t, tr\u00e1nh \u00e1nh n\u1eafng tr\u1ef1c ti\u1ebfp.<\/p>","protected":false},"featured_media":2897,"comment_status":"open","ping_status":"closed","template":"","meta":{"_acf_changed":false},"product_cat":[321,22,323],"product_tag":[],"class_list":{"0":"post-2895","1":"product","2":"type-product","3":"status-publish","4":"has-post-thumbnail","6":"product_cat-che","7":"product_cat-sanphamthucpham","8":"product_cat-san-pham-tra-tu-thuc-vat-khac","10":"first","11":"instock","12":"shipping-taxable","13":"purchasable","14":"product-type-simple"},"acf":[],"_links":{"self":[{"href":"https:\/\/b2c.fairs.vn\/en\/wp-json\/wp\/v2\/product\/2895","targetHints":{"allow":["GET"]}}],"collection":[{"href":"https:\/\/b2c.fairs.vn\/en\/wp-json\/wp\/v2\/product"}],"about":[{"href":"https:\/\/b2c.fairs.vn\/en\/wp-json\/wp\/v2\/types\/product"}],"replies":[{"embeddable":true,"href":"https:\/\/b2c.fairs.vn\/en\/wp-json\/wp\/v2\/comments?post=2895"}],"version-history":[{"count":0,"href":"https:\/\/b2c.fairs.vn\/en\/wp-json\/wp\/v2\/product\/2895\/revisions"}],"wp:featuredmedia":[{"embeddable":true,"href":"https:\/\/b2c.fairs.vn\/en\/wp-json\/wp\/v2\/media\/2897"}],"wp:attachment":[{"href":"https:\/\/b2c.fairs.vn\/en\/wp-json\/wp\/v2\/media?parent=2895"}],"wp:term":[{"taxonomy":"product_cat","embeddable":true,"href":"https:\/\/b2c.fairs.vn\/en\/wp-json\/wp\/v2\/product_cat?post=2895"},{"taxonomy":"product_tag","embeddable":true,"href":"https:\/\/b2c.fairs.vn\/en\/wp-json\/wp\/v2\/product_tag?post=2895"}],"curies":[{"name":"wp","href":"https:\/\/api.w.org\/{rel}","templated":true}]}}