{"id":2891,"date":"2024-03-19T08:14:57","date_gmt":"2024-03-19T08:14:57","guid":{"rendered":"https:\/\/b2c.fairs.vn\/?post_type=product&#038;p=2891"},"modified":"2024-03-26T11:17:00","modified_gmt":"2024-03-26T04:17:00","slug":"tinh-chat-diep-ca","status":"publish","type":"product","link":"https:\/\/b2c.fairs.vn\/en\/product\/tinh-chat-diep-ca\/","title":{"rendered":"TINH CH\u1ea4T DI\u1ebeP C\u00c1"},"content":{"rendered":"<div>\n<div>\n<p>Tinh ch\u1ea5t di\u1ebfp c\u00e1 \u0111\u01b0\u1ee3c s\u1ea3n xu\u1ea5t v\u00e0 b\u00e0o ch\u1ebf d\u01b0\u1edbi d\u1ea1ng tinh ch\u1ea5t v\u1edbi c\u00f4ng ngh\u1ec7 Nano chi\u1ebft xu\u1ea5t h\u00e0ng \u0111\u1ea7u Vi\u1ec7t Nam kh\u00f4ng ch\u1ec9 mang l\u1ea1i s\u1ef1 ti\u1ec7n d\u1ee5ng m\u00e0 c\u00f2n t\u1ed1i \u01b0u nhi\u1ec1u c\u00f4ng n\u0103ng, hi\u1ec7u qu\u1ea3 s\u1eed d\u1ee5ng t\u1ed1t h\u01a1n.<\/p>\n<p>T\u1eeb xa x\u01b0a, rau di\u1ebfp c\u00e1 \u0111\u01b0\u1ee3c bi\u1ebft \u0111\u1ebfn nh\u01b0 m\u1ed9t lo\u1ea1i \u201cth\u1ea7n d\u01b0\u1ee3c\u201d trong vi\u1ec7c l\u00e0m \u0111\u1eb9p, t\u0103ng c\u01b0\u1eddng s\u1ee9c \u0111\u1ec1 kh\u00e1ng, h\u1ed7 tr\u1ee3 ch\u0103m s\u00f3c s\u1ee9c kh\u1ecfe.<\/p>\n<p>Ch\u00ednh b\u1edfi nh\u1eefng c\u00f4ng d\u1ee5ng tuy\u1ec7t v\u1eddi cho s\u1ee9c kh\u1ecfe nh\u01b0 v\u1eady rau di\u1ebfp c\u00e1 \u0111\u00e3 \u0111\u01b0\u1ee3c s\u1ea3n xu\u1ea5t v\u00e0 b\u00e0o ch\u1ebf d\u01b0\u1edbi d\u1ea1ng tinh ch\u1ea5t v\u1edbi c\u00f4ng ngh\u1ec7 Nano chi\u1ebft xu\u1ea5t h\u00e0ng \u0111\u1ea7u Vi\u1ec7t Nam kh\u00f4ng ch\u1ec9 mang l\u1ea1i s\u1ef1 ti\u1ec7n d\u1ee5ng m\u00e0 c\u00f2n t\u1ed1i \u01b0u nhi\u1ec1u c\u00f4ng n\u0103ng, hi\u1ec7u qu\u1ea3 s\u1eed d\u1ee5ng t\u1ed1t h\u01a1n.<\/p>\n<p>&nbsp;<\/p>\n<p><strong>THANH PH\u1ea6N \u0110\u01af\u1ee2C CHI\u1ebeT XU\u1ea4T T\u1eea:<\/strong><\/p>\n<ul>\n<li>Di\u1ebfp c\u00e1<\/li>\n<li>C\u00e0 gai leo<\/li>\n<li>C\u1ecf ng\u1ecdt<\/li>\n<li>D\u1ee9a th\u01a1m<\/li>\n<\/ul>\n<p>&nbsp;<\/p>\n<p><strong>TINH CH\u1ea4T T\u1ed4NG H\u1ee2P TRONG D\u1ecaCH RAU DI\u1ebeP C\u00c1 V\u00c0 C\u00c0 GAI \u00a0LEO C\u00d3 T\u00c1C D\u1ee4NG: Thanh nhi\u1ec7t, gi\u1ea3i \u0111\u1ed9c, m\u00e1t gan( gi\u1ea3i r\u01b0\u1ee3u bia ), l\u1ee3i ti\u1ec3u. Kh\u00e1ng vi\u00eam,nhu\u1eadn tr\u00e0ng. Theo nh\u1eefng nghi\u00ean c\u1ee9u c\u1ee7a GS.TS. \u0110\u1ed7 T\u1ea5t L\u1ee3i, l\u00e0 m\u1ed9t nh\u00e0 nghi\u00ean c\u1ee9u d\u01b0\u1ee3c h\u1ecdc n\u1ed5i ti\u1ebfng, \u201cc\u00e2y \u0111\u1ea1i th\u1ee5\u201d c\u1ee7a n\u1ec1n y h\u1ecdc c\u1ed5 truy\u1ec1n Vi\u1ec7t Nam.<\/strong><\/p>\n<p>&nbsp;<\/p>\n<p><strong>Ho\u1ea1t ch\u1ea5t quan tr\u1ecdng \u0111\u01b0\u1ee3c t\u00ecm th\u1ea5y trong rau di\u1ebfp c\u00e1 nh\u01b0:<\/strong><\/p>\n<p>&#8211; Ho\u1ea1t ch\u1ea5t Quercetin v\u00e0 isoquercitrin. C\u00f3 t\u00e1c d\u1ee5ng ch\u00ednh l\u00e0 l\u1ee3i ti\u1ec3u kh\u00e1ng vi\u00eam, \u1ee9c ch\u1ebf s\u1ef1 ph\u00e1t tri\u1ec3n c\u1ee7a vi khu\u1ea9n , t\u0103ng s\u1ee9c b\u1ec1n th\u00e0nh m\u1ea1ch, gi\u00fap lo\u1ea1i b\u1ecf \u0111\u1ed9c t\u1ed1 trong c\u01a1 th\u1ec3,m\u00e1t gan, nhu\u1eadn tr\u00e0ng<\/p>\n<p>&#8211; Ch\u1ea5t Flapholiit ng\u0103n ng\u1eeba ung th\u01b0 ph\u1ed5i.<\/p>\n<p>&#8211; Ch\u1ea5t Flavonoid c\u00f3 kh\u1ea3 n\u0103ng th\u00fac \u0111\u1ea9y nhanh l\u00e0nh v\u1ebft th\u01b0\u01a1ng.<\/p>\n<p>&#8211; Ch\u1ea5t axit folic v\u00e0 vitamin B ch\u1eefa b\u1ec7nh ph\u1ee5 khoa, gi\u00fap s\u1ea3n sinh ra t\u1ebf b\u00e0o b\u1ea1ch huy\u1ebft t\u0103ng c\u01b0\u1eddng s\u1ee9c \u0111\u1ec1 kh\u00e1ng.<\/p>\n<p>&#8211; \u0110\u1eb7c bi\u1ec7t d\u01b0\u1ee3c ch\u1ea5t glycoalcaloid ,Flavonoid, saponin, steroid, trong c\u00e0 gai leo.<\/p>\n<p>&nbsp;<\/p>\n<p>Theo nghi\u00ean c\u1ee9u c\u1ee7a Ti\u1ebfn s\u0129 Nguy\u1ec5n Th\u1ecb B\u00edch Thu, Vi\u1ec7n ph\u00f3 Vi\u1ec7n d\u01b0\u1ee3c li\u1ec7u Trung \u01b0\u01a1ng, c\u00e1c ho\u1ea1t ch\u1ea5t n\u00eau tr\u00ean c\u1ee7a c\u00e0 gai leo c\u00f3 t\u00e1c d\u1ee5ng ch\u1ed1ng oxy h\u00f3a, gi\u00fap \u1ee9c ch\u1ebf s\u1ef1 sao ch\u00e9p v\u00e0 l\u00e0m \u00e2m t\u00ednh virus vi\u00eam gan B, gi\u1ea3m ph\u00e1t tri\u1ec3n x\u01a1 gan. Gi\u00fap l\u00e0m d\u1ecbu c\u01a1n ho, gi\u00fap gi\u1ea3m \u0111au<strong>\u00a0<\/strong>h\u1ecdng, gi\u1ea3i quy\u1ebft m\u1ed9t s\u1ed1 ch\u1ee9ng vi\u00eam. V\u1ecb ng\u1ecdt t\u1ef1 nhi\u00ean, ph\u00f9 h\u1ee3p v\u1edbi ng\u01b0\u1eddi \u0103n ki\u00eang, ti\u1ec3u \u0111\u01b0\u1eddng.<\/p>\n<p><strong>H\u01af\u1edaNG D\u1eaaN S\u1eec D\u1ee4NG:<\/strong><\/p>\n<p>Ng\u00e0y d\u00f9ng 1-2 g\u00f3i tinh ch\u1ea5t pha v\u1edbi 150-200 ml n\u01b0\u1edbc khu\u1ea5y \u0111\u1ec1u, c\u00f3 th\u1ec3 cho th\u00eam \u0111\u00e1 r\u1ed3i th\u01b0\u1edfng th\u1ee9c. Ngon h\u01a1n khi u\u1ed1ng l\u1ea1nh. N\u00ean d\u00f9ng tr\u01b0\u1edbc khi \u0103n 30 ph\u00fat.\u00a0\u00a0Ho\u1eb7c d\u00f9ng \u0111\u1ec3 gi\u1ea3i bia r\u01b0\u1ee3u th\u00ec c\u00f3 th\u1ec3 d\u00f9ng trong khi \u0103n<\/p>\n<\/div>\n<\/div>\n<div>\n<div>\n<h3 class=\"text-xl my-5 font-bold\">Th\u00f4ng s\u1ed1 k\u1ef9 thu\u1eadt<\/h3>\n<div>\n<div class=\"my-2 py-2\">Quy c\u00e1ch<span class=\"mlr-1\">:<\/span><span class=\"ml-1\">T\u00fai Stick 10ml &#8211; H\u1ed9p 12 g\u00f3i<\/span><\/div>\n<div class=\"my-2 py-2\">H\u1ea1n s\u1eed d\u1ee5ng<span class=\"mlr-1\">:<\/span><span class=\"ml-1\">18 th\u00e1ng k\u1ec3 t\u1eeb ng\u00e0y s\u1ea3n xu\u1ea5t<\/span><\/div>\n<\/div>\n<\/div>\n<\/div>","protected":false},"excerpt":{"rendered":"<div>\n<div>\n<p>Tinh ch\u1ea5t di\u1ebfp c\u00e1 \u0111\u01b0\u1ee3c s\u1ea3n xu\u1ea5t v\u00e0 b\u00e0o ch\u1ebf d\u01b0\u1edbi d\u1ea1ng tinh ch\u1ea5t v\u1edbi c\u00f4ng ngh\u1ec7 Nano chi\u1ebft xu\u1ea5t h\u00e0ng \u0111\u1ea7u Vi\u1ec7t Nam kh\u00f4ng ch\u1ec9 mang l\u1ea1i s\u1ef1 ti\u1ec7n d\u1ee5ng m\u00e0 c\u00f2n t\u1ed1i \u01b0u nhi\u1ec1u c\u00f4ng n\u0103ng, hi\u1ec7u qu\u1ea3 s\u1eed d\u1ee5ng t\u1ed1t h\u01a1n.<\/p>\n<p>T\u1eeb xa x\u01b0a, rau di\u1ebfp c\u00e1 \u0111\u01b0\u1ee3c bi\u1ebft \u0111\u1ebfn nh\u01b0 m\u1ed9t lo\u1ea1i \u201cth\u1ea7n d\u01b0\u1ee3c\u201d trong vi\u1ec7c l\u00e0m \u0111\u1eb9p, t\u0103ng c\u01b0\u1eddng s\u1ee9c \u0111\u1ec1 kh\u00e1ng, h\u1ed7 tr\u1ee3 ch\u0103m s\u00f3c s\u1ee9c kh\u1ecfe.<\/p>\n<p>Ch\u00ednh b\u1edfi nh\u1eefng c\u00f4ng d\u1ee5ng tuy\u1ec7t v\u1eddi cho s\u1ee9c kh\u1ecfe nh\u01b0 v\u1eady rau di\u1ebfp c\u00e1 \u0111\u00e3 \u0111\u01b0\u1ee3c s\u1ea3n xu\u1ea5t v\u00e0 b\u00e0o ch\u1ebf d\u01b0\u1edbi d\u1ea1ng tinh ch\u1ea5t v\u1edbi c\u00f4ng ngh\u1ec7 Nano chi\u1ebft xu\u1ea5t h\u00e0ng \u0111\u1ea7u Vi\u1ec7t Nam kh\u00f4ng ch\u1ec9 mang l\u1ea1i s\u1ef1 ti\u1ec7n d\u1ee5ng m\u00e0 c\u00f2n t\u1ed1i \u01b0u nhi\u1ec1u c\u00f4ng n\u0103ng, hi\u1ec7u qu\u1ea3 s\u1eed d\u1ee5ng t\u1ed1t h\u01a1n.<\/p>\n<p>&nbsp;<\/p>\n<p><strong>THANH PH\u1ea6N \u0110\u01af\u1ee2C CHI\u1ebeT XU\u1ea4T T\u1eea:<\/strong><\/p>\n<ul>\n<li>Di\u1ebfp c\u00e1<\/li>\n<li>C\u00e0 gai leo<\/li>\n<li>C\u1ecf ng\u1ecdt<\/li>\n<li>D\u1ee9a th\u01a1m<\/li>\n<\/ul>\n<p>&nbsp;<\/p>\n<p><strong>TINH CH\u1ea4T T\u1ed4NG H\u1ee2P TRONG D\u1ecaCH RAU DI\u1ebeP C\u00c1 V\u00c0 C\u00c0 GAI \u00a0LEO C\u00d3 T\u00c1C D\u1ee4NG: Thanh nhi\u1ec7t, gi\u1ea3i \u0111\u1ed9c, m\u00e1t gan( gi\u1ea3i r\u01b0\u1ee3u bia ), l\u1ee3i ti\u1ec3u. Kh\u00e1ng vi\u00eam,nhu\u1eadn tr\u00e0ng. Theo nh\u1eefng nghi\u00ean c\u1ee9u c\u1ee7a GS.TS. \u0110\u1ed7 T\u1ea5t L\u1ee3i, l\u00e0 m\u1ed9t nh\u00e0 nghi\u00ean c\u1ee9u d\u01b0\u1ee3c h\u1ecdc n\u1ed5i ti\u1ebfng, \u201cc\u00e2y \u0111\u1ea1i th\u1ee5\u201d c\u1ee7a n\u1ec1n y h\u1ecdc c\u1ed5 truy\u1ec1n Vi\u1ec7t Nam.<\/strong><\/p>\n<p>&nbsp;<\/p>\n<p><strong>Ho\u1ea1t ch\u1ea5t quan tr\u1ecdng \u0111\u01b0\u1ee3c t\u00ecm th\u1ea5y trong rau di\u1ebfp c\u00e1 nh\u01b0:<\/strong><\/p>\n<p>&#8211; Ho\u1ea1t ch\u1ea5t Quercetin v\u00e0 isoquercitrin. C\u00f3 t\u00e1c d\u1ee5ng ch\u00ednh l\u00e0 l\u1ee3i ti\u1ec3u kh\u00e1ng vi\u00eam, \u1ee9c ch\u1ebf s\u1ef1 ph\u00e1t tri\u1ec3n c\u1ee7a vi khu\u1ea9n , t\u0103ng s\u1ee9c b\u1ec1n th\u00e0nh m\u1ea1ch, gi\u00fap lo\u1ea1i b\u1ecf \u0111\u1ed9c t\u1ed1 trong c\u01a1 th\u1ec3,m\u00e1t gan, nhu\u1eadn tr\u00e0ng<\/p>\n<p>&#8211; Ch\u1ea5t Flapholiit ng\u0103n ng\u1eeba ung th\u01b0 ph\u1ed5i.<\/p>\n<p>&#8211; Ch\u1ea5t Flavonoid c\u00f3 kh\u1ea3 n\u0103ng th\u00fac \u0111\u1ea9y nhanh l\u00e0nh v\u1ebft th\u01b0\u01a1ng.<\/p>\n<p>&#8211; Ch\u1ea5t axit folic v\u00e0 vitamin B ch\u1eefa b\u1ec7nh ph\u1ee5 khoa, gi\u00fap s\u1ea3n sinh ra t\u1ebf b\u00e0o b\u1ea1ch huy\u1ebft t\u0103ng c\u01b0\u1eddng s\u1ee9c \u0111\u1ec1 kh\u00e1ng.<\/p>\n<p>&#8211; \u0110\u1eb7c bi\u1ec7t d\u01b0\u1ee3c ch\u1ea5t glycoalcaloid ,Flavonoid, saponin, steroid, trong c\u00e0 gai leo.<\/p>\n<p>&nbsp;<\/p>\n<p>Theo nghi\u00ean c\u1ee9u c\u1ee7a Ti\u1ebfn s\u0129 Nguy\u1ec5n Th\u1ecb B\u00edch Thu, Vi\u1ec7n ph\u00f3 Vi\u1ec7n d\u01b0\u1ee3c li\u1ec7u Trung \u01b0\u01a1ng, c\u00e1c ho\u1ea1t ch\u1ea5t n\u00eau tr\u00ean c\u1ee7a c\u00e0 gai leo c\u00f3 t\u00e1c d\u1ee5ng ch\u1ed1ng oxy h\u00f3a, gi\u00fap \u1ee9c ch\u1ebf s\u1ef1 sao ch\u00e9p v\u00e0 l\u00e0m \u00e2m t\u00ednh virus vi\u00eam gan B, gi\u1ea3m ph\u00e1t tri\u1ec3n x\u01a1 gan. Gi\u00fap l\u00e0m d\u1ecbu c\u01a1n ho, gi\u00fap gi\u1ea3m \u0111au<strong>\u00a0<\/strong>h\u1ecdng, gi\u1ea3i quy\u1ebft m\u1ed9t s\u1ed1 ch\u1ee9ng vi\u00eam. V\u1ecb ng\u1ecdt t\u1ef1 nhi\u00ean, ph\u00f9 h\u1ee3p v\u1edbi ng\u01b0\u1eddi \u0103n ki\u00eang, ti\u1ec3u \u0111\u01b0\u1eddng.<\/p>\n<p><strong>H\u01af\u1edaNG D\u1eaaN S\u1eec D\u1ee4NG:<\/strong><\/p>\n<p>Ng\u00e0y d\u00f9ng 1-2 g\u00f3i tinh ch\u1ea5t pha v\u1edbi 150-200 ml n\u01b0\u1edbc khu\u1ea5y \u0111\u1ec1u, c\u00f3 th\u1ec3 cho th\u00eam \u0111\u00e1 r\u1ed3i th\u01b0\u1edfng th\u1ee9c. Ngon h\u01a1n khi u\u1ed1ng l\u1ea1nh. N\u00ean d\u00f9ng tr\u01b0\u1edbc khi \u0103n 30 ph\u00fat.\u00a0\u00a0Ho\u1eb7c d\u00f9ng \u0111\u1ec3 gi\u1ea3i bia r\u01b0\u1ee3u th\u00ec c\u00f3 th\u1ec3 d\u00f9ng trong khi \u0103n<\/p>\n<\/div>\n<\/div>\n<div>\n<div>\n<h3 class=\"text-xl my-5 font-bold\">Th\u00f4ng s\u1ed1 k\u1ef9 thu\u1eadt<\/h3>\n<div>\n<div class=\"my-2 py-2\">Quy c\u00e1ch<span class=\"mlr-1\">:<\/span><span class=\"ml-1\">T\u00fai Stick 10ml &#8211; H\u1ed9p 12 g\u00f3i<\/span><\/div>\n<div class=\"my-2 py-2\">H\u1ea1n s\u1eed d\u1ee5ng<span class=\"mlr-1\">:<\/span><span class=\"ml-1\">18 th\u00e1ng k\u1ec3 t\u1eeb ng\u00e0y s\u1ea3n xu\u1ea5t<\/span><\/div>\n<\/div>\n<\/div>\n<\/div>","protected":false},"featured_media":2892,"comment_status":"open","ping_status":"closed","template":"","meta":{"_acf_changed":false},"product_cat":[321,22,323],"product_tag":[],"class_list":{"0":"post-2891","1":"product","2":"type-product","3":"status-publish","4":"has-post-thumbnail","6":"product_cat-che","7":"product_cat-sanphamthucpham","8":"product_cat-san-pham-tra-tu-thuc-vat-khac","10":"first","11":"instock","12":"shipping-taxable","13":"product-type-simple"},"acf":[],"_links":{"self":[{"href":"https:\/\/b2c.fairs.vn\/en\/wp-json\/wp\/v2\/product\/2891","targetHints":{"allow":["GET"]}}],"collection":[{"href":"https:\/\/b2c.fairs.vn\/en\/wp-json\/wp\/v2\/product"}],"about":[{"href":"https:\/\/b2c.fairs.vn\/en\/wp-json\/wp\/v2\/types\/product"}],"replies":[{"embeddable":true,"href":"https:\/\/b2c.fairs.vn\/en\/wp-json\/wp\/v2\/comments?post=2891"}],"version-history":[{"count":0,"href":"https:\/\/b2c.fairs.vn\/en\/wp-json\/wp\/v2\/product\/2891\/revisions"}],"wp:featuredmedia":[{"embeddable":true,"href":"https:\/\/b2c.fairs.vn\/en\/wp-json\/wp\/v2\/media\/2892"}],"wp:attachment":[{"href":"https:\/\/b2c.fairs.vn\/en\/wp-json\/wp\/v2\/media?parent=2891"}],"wp:term":[{"taxonomy":"product_cat","embeddable":true,"href":"https:\/\/b2c.fairs.vn\/en\/wp-json\/wp\/v2\/product_cat?post=2891"},{"taxonomy":"product_tag","embeddable":true,"href":"https:\/\/b2c.fairs.vn\/en\/wp-json\/wp\/v2\/product_tag?post=2891"}],"curies":[{"name":"wp","href":"https:\/\/api.w.org\/{rel}","templated":true}]}}