{"id":2884,"date":"2024-03-19T08:13:59","date_gmt":"2024-03-19T08:13:59","guid":{"rendered":"https:\/\/b2c.fairs.vn\/?post_type=product&#038;p=2884"},"modified":"2024-03-26T11:16:11","modified_gmt":"2024-03-26T04:16:11","slug":"tinh-chat-can-tay","status":"publish","type":"product","link":"https:\/\/b2c.fairs.vn\/en\/product\/tinh-chat-can-tay\/","title":{"rendered":"TINH CH\u1ea4T C\u1ea6N T\u00c2Y"},"content":{"rendered":"<div>\n<div>\n<p>Tinh ch\u1ea5t c\u1ea7n t\u00e2y TraMost v\u1edbi c\u00f4ng ngh\u1ec7 Nano chi\u1ebft xu\u1ea5t h\u00e0ng \u0111\u1ea7u Vi\u1ec7t Nam r\u1ea5t \u01b0a chu\u1ed9ng kh\u00f4ng ch\u1ec9 mang l\u1ea1i s\u1ef1 ti\u1ec7n d\u1ee5ng m\u00e0 c\u00f2n m\u00e0 c\u00f2n t\u1ed1i \u01b0u nhi\u1ec1u c\u00f4ng n\u0103ng, hi\u1ec7u qu\u1ea3 s\u1eed d\u1ee5ng t\u1ed1t h\u01a1n.<\/p>\n<p>Rau c\u1ea7n t\u00e2y \u0111\u00e3 kh\u00f4ng c\u00f2n qu\u00e1 xa l\u1ea1 v\u1edbi ng\u01b0\u1eddi d\u00e2n Vi\u1ec7t Nam ch\u00fang ta. \u0110\u00e2y l\u00e0 lo\u1ea1i rau th\u01b0\u1eddng \u0111\u01b0\u1ee3c d\u00f9ng \u0111\u1ec3 ch\u1ebf bi\u1ebfn c\u00e1c m\u00f3n \u0103n ngon, h\u1ea5p d\u1eabn h\u1eb1ng ng\u00e0y. Tuy nhi\u00ean \u00edt ai bi\u1ebft \u0111\u01b0\u1ee3c lo\u1ea1i rau n\u00e0y c\u00f2n \u0111\u01b0\u1ee3c xem l\u00e0 \u201c th\u1ea7n d\u01b0\u1ee3c\u201d v\u1edbi nhi\u1ec1u c\u00f4ng d\u1ee5ng v\u00f4 c\u00f9ng \u0111\u1eb7c bi\u1ec7t.<\/p>\n<p>&nbsp;<\/p>\n<p>Ngo\u00e0i vi\u1ec7c s\u1eed d\u1ee5ng c\u1ea7n t\u00e2y t\u01b0\u01a1i th\u00ec ng\u00e0y nay tinh ch\u1ea5t c\u1ea7n t\u00e2y TraMost v\u1edbi c\u00f4ng ngh\u1ec7 Nano chi\u1ebft xu\u1ea5t h\u00e0ng \u0111\u1ea7u Vi\u1ec7t Nam r\u1ea5t \u01b0a chu\u1ed9ng kh\u00f4ng ch\u1ec9 mang l\u1ea1i s\u1ef1 ti\u1ec7n d\u1ee5ng m\u00e0 c\u00f2n m\u00e0 c\u00f2n t\u1ed1i \u01b0u nhi\u1ec1u c\u00f4ng n\u0103ng, hi\u1ec7u qu\u1ea3 s\u1eed d\u1ee5ng t\u1ed1t h\u01a1n.<\/p>\n<p>&nbsp;<\/p>\n<p><strong>TH\u00c0NH PH\u1ea6N \u0110\u01af\u1ee2C CHI\u1ebeT XU\u1ea4T T\u1eea:<\/strong><\/p>\n<ul>\n<li>Rau c\u1ea7n t\u00e2y<\/li>\n<li>S\u00e2m \u0111\u01b0\u01a1ng quy<\/li>\n<li>C\u1ecf ng\u1ecdt<\/li>\n<li>Chanh \u0111\u00e0o<\/li>\n<\/ul>\n<p>&nbsp;<\/p>\n<p><strong>TINH CH\u1ea4T T\u1ed4NG H\u1ee2P TRONG D\u1ecaCH CHI\u1ebeT C\u1ee6A C\u00c0N T\u00c2Y V\u00c0 S\u00c2M \u0110\u01af\u01a0NG QUY C\u00d3 T\u00c1C D\u1ee4NG:<\/strong><\/p>\n<p>C\u00e1c ho\u1ea1t ch\u1ea5t ch\u1ed1ng oxy h\u00f3a flavonoid v\u00e0 coumarin trong c\u1ea7n t\u00e2y k\u00edch th\u00edch qu\u00e1 tr\u00ecnh t\u1ea1o ra t\u1ebf b\u00e0o da m\u1edbi, ph\u1ee5c h\u1ed3i th\u01b0\u01a1ng t\u1ed5n \u1edf da v\u00e0 duy tr\u00ec m\u1ee9c collagen t\u1ef1 nhi\u00ean, nu\u00f4i d\u01b0\u1ee1ng t\u1eeb s\u00e2u b\u00ean trong gi\u00fap da s\u00e1ng v\u00e0 c\u0103ng m\u1ecbn h\u01a1n. \u0110\u1ed3ng th\u1eddi axit hydrochloric s\u1ebd gi\u00fap ti\u00eau h\u00f3a t\u1ed1t h\u01a1n, ph\u00e1 v\u1ee1 ch\u1ea5t \u0111\u1ea1m (protein) c\u0169, t\u1eeb \u0111\u00f3 ch\u1ec9 s\u1ed1 m\u1ee1 c\u1ee7a c\u01a1 th\u1ec3 gi\u1ea3m r\u00f5 r\u1ec7t.<\/p>\n<p>&nbsp;<\/p>\n<p>Tinh d\u1ea7u axit ferulic m\u1ed9t trong nh\u1eefng ho\u1ea1t ch\u1ea5t qu\u00fd c\u00f3 trong S\u00e2m \u0111\u01b0\u01a1ng quy gi\u00fap t\u0103ng c\u01b0\u1eddng ho\u1ea1t huy\u1ebft tr\u00ean da, nu\u00f4i d\u01b0\u1ee1ng t\u1ebf b\u00e0o da, ch\u1ed1ng tia UV, l\u00e0m gi\u1ea3m t\u00ecnh tr\u1ea1ng kh\u00f4 n\u1ee9t, l\u00e0m tr\u1eafng, gi\u00fap l\u00e0n da lu\u00f4n kh\u1ecfe \u0111\u1eb9p &#8211; h\u1ed3ng h\u00e0o t\u01b0\u01a1i t\u1eafn.<\/p>\n<p>&nbsp;<\/p>\n<p>\u0110\u1eb7c bi\u1ec7t, h\u1ee3p ch\u1ea5t \u201c\u0111\u1ed9c nh\u1ea5t v\u00f4 nh\u1ecb\u201d butylphthalide vi\u1ebft t\u1eaft l\u00e0 ( BuPh) c\u00f3 c\u00f4ng d\u1ee5ng gi\u1ea3m l\u01b0\u1ee3ng lipit m\u00e1u hay c\u00f2n g\u1ecdi l\u00e0 m\u1ee1 m\u00e1u.<\/p>\n<p>Ho\u1ea1t ch\u1ea5t c\u00f3 l\u1ee3i cho s\u1ee9c kho\u1ebb nh\u01b0 0.6% lipid, 2.1 % ch\u1ea5t kho\u00e1ng, vi l\u01b0\u1ee3ng 6.3% protein v\u00e0 ch\u1ee9a limonene c\u00f9ng m\u1ed9t s\u1ed1 ch\u1ea5t chuy\u1ec3n ho\u00e1 c\u00e1c axit c\u00f3 l\u1ee3i cho s\u1ee9c kh\u1ecfe nh\u01b0 vitamin B1, B2, B6, K.- Courmarin, sacharid, axit amin, sterol\u2026 Ngo\u00e0i ra, c\u00e2y \u0111\u01b0\u01a1ng quy c\u00f2n c\u00f3 ch\u1ee9a nhi\u1ec1u lo\u1ea1i vitamin t\u1ed1t cho s\u1ee9c kh\u1ecfe ch\u1eb3ng h\u1ea1n nh\u01b0 vitamin B12.Theo y h\u1ecdc c\u1ed5 truy\u1ec1n, c\u00e1c ph\u1ea7n kh\u00e1c nhau c\u1ee7a c\u1ee7 \u0111\u01b0\u01a1ng quy c\u00f3 t\u00e1c d\u1ee5ng kh\u00e1c nhau.Ph\u1ea7n tr\u00ean c\u00f9ng (quy \u0111\u1ea7u) ch\u1ec9 huy\u1ebft, ph\u1ea7n th\u00e2n gi\u1eefa (quy th\u00e2n) b\u1ed5 huy\u1ebft v\u00e0 ph\u1ea7n r\u1ec5 (quy v\u0129) thi\u00ean v\u1ec1 ho\u1ea1t huy\u1ebft, ng\u0103n ng\u1eeba t\u00ecnh tr\u1ea1ng \u1ee9 huy\u1ebft.<\/p>\n<p>&nbsp;<\/p>\n<p>&#8211; V\u1ecb ng\u1ecdt t\u1ef1 nhi\u00ean, ph\u00f9 h\u1ee3p v\u1edbi ng\u01b0\u1eddi \u0103n ki\u00eang, ti\u1ec3u \u0111\u01b0\u1eddng<\/p>\n<p><strong>H\u01af\u1edaNG D\u1eaaN S\u1eec D\u1ee4NG:<\/strong><\/p>\n<p>L\u1ea5y 1 g\u00f3i tinh ch\u1ea5t pha v\u1edbi 150-200 ml n\u01b0\u1edbc \u00a0khu\u1ea5y \u0111\u1ec1u, c\u00f3 th\u1ec3 cho th\u00eam \u0111\u00e1 r\u1ed3i th\u01b0\u1edfng th\u1ee9c. Ngon h\u01a1n khi u\u1ed1ng l\u1ea1nh. M\u1ed7i ng\u00e0y d\u00f9ng 1-2 g\u00f3i. N\u00ean d\u00f9ng tr\u01b0\u1edbc khi \u0103n 30 ph\u00fat.<\/p>\n<\/div>\n<\/div>\n<div>\n<div>\n<h3 class=\"text-xl my-5 font-bold\">Th\u00f4ng s\u1ed1 k\u1ef9 thu\u1eadt<\/h3>\n<div>\n<div class=\"my-2 py-2\">Quy c\u00e1ch<span class=\"mlr-1\">:<\/span><span class=\"ml-1\">T\u00fai Stick 10ml, h\u1ed9p 12 g\u00f3i<\/span><\/div>\n<div class=\"my-2 py-2\">H\u1ea1n s\u1eed d\u1ee5ng<span class=\"mlr-1\">:<\/span><span class=\"ml-1\">18 th\u00e1ng k\u1ec3 t\u1eeb ng\u00e0y s\u1ea3n xu\u1ea5t<\/span><\/div>\n<\/div>\n<\/div>\n<\/div>","protected":false},"excerpt":{"rendered":"<div>\n<div>\n<p>Tinh ch\u1ea5t c\u1ea7n t\u00e2y TraMost v\u1edbi c\u00f4ng ngh\u1ec7 Nano chi\u1ebft xu\u1ea5t h\u00e0ng \u0111\u1ea7u Vi\u1ec7t Nam r\u1ea5t \u01b0a chu\u1ed9ng kh\u00f4ng ch\u1ec9 mang l\u1ea1i s\u1ef1 ti\u1ec7n d\u1ee5ng m\u00e0 c\u00f2n m\u00e0 c\u00f2n t\u1ed1i \u01b0u nhi\u1ec1u c\u00f4ng n\u0103ng, hi\u1ec7u qu\u1ea3 s\u1eed d\u1ee5ng t\u1ed1t h\u01a1n.<\/p>\n<p>Rau c\u1ea7n t\u00e2y \u0111\u00e3 kh\u00f4ng c\u00f2n qu\u00e1 xa l\u1ea1 v\u1edbi ng\u01b0\u1eddi d\u00e2n Vi\u1ec7t Nam ch\u00fang ta. \u0110\u00e2y l\u00e0 lo\u1ea1i rau th\u01b0\u1eddng \u0111\u01b0\u1ee3c d\u00f9ng \u0111\u1ec3 ch\u1ebf bi\u1ebfn c\u00e1c m\u00f3n \u0103n ngon, h\u1ea5p d\u1eabn h\u1eb1ng ng\u00e0y. Tuy nhi\u00ean \u00edt ai bi\u1ebft \u0111\u01b0\u1ee3c lo\u1ea1i rau n\u00e0y c\u00f2n \u0111\u01b0\u1ee3c xem l\u00e0 \u201c th\u1ea7n d\u01b0\u1ee3c\u201d v\u1edbi nhi\u1ec1u c\u00f4ng d\u1ee5ng v\u00f4 c\u00f9ng \u0111\u1eb7c bi\u1ec7t.<\/p>\n<p>&nbsp;<\/p>\n<p>Ngo\u00e0i vi\u1ec7c s\u1eed d\u1ee5ng c\u1ea7n t\u00e2y t\u01b0\u01a1i th\u00ec ng\u00e0y nay tinh ch\u1ea5t c\u1ea7n t\u00e2y TraMost v\u1edbi c\u00f4ng ngh\u1ec7 Nano chi\u1ebft xu\u1ea5t h\u00e0ng \u0111\u1ea7u Vi\u1ec7t Nam r\u1ea5t \u01b0a chu\u1ed9ng kh\u00f4ng ch\u1ec9 mang l\u1ea1i s\u1ef1 ti\u1ec7n d\u1ee5ng m\u00e0 c\u00f2n m\u00e0 c\u00f2n t\u1ed1i \u01b0u nhi\u1ec1u c\u00f4ng n\u0103ng, hi\u1ec7u qu\u1ea3 s\u1eed d\u1ee5ng t\u1ed1t h\u01a1n.<\/p>\n<p>&nbsp;<\/p>\n<p><strong>TH\u00c0NH PH\u1ea6N \u0110\u01af\u1ee2C CHI\u1ebeT XU\u1ea4T T\u1eea:<\/strong><\/p>\n<ul>\n<li>Rau c\u1ea7n t\u00e2y<\/li>\n<li>S\u00e2m \u0111\u01b0\u01a1ng quy<\/li>\n<li>C\u1ecf ng\u1ecdt<\/li>\n<li>Chanh \u0111\u00e0o<\/li>\n<\/ul>\n<p>&nbsp;<\/p>\n<p><strong>TINH CH\u1ea4T T\u1ed4NG H\u1ee2P TRONG D\u1ecaCH CHI\u1ebeT C\u1ee6A C\u00c0N T\u00c2Y V\u00c0 S\u00c2M \u0110\u01af\u01a0NG QUY C\u00d3 T\u00c1C D\u1ee4NG:<\/strong><\/p>\n<p>C\u00e1c ho\u1ea1t ch\u1ea5t ch\u1ed1ng oxy h\u00f3a flavonoid v\u00e0 coumarin trong c\u1ea7n t\u00e2y k\u00edch th\u00edch qu\u00e1 tr\u00ecnh t\u1ea1o ra t\u1ebf b\u00e0o da m\u1edbi, ph\u1ee5c h\u1ed3i th\u01b0\u01a1ng t\u1ed5n \u1edf da v\u00e0 duy tr\u00ec m\u1ee9c collagen t\u1ef1 nhi\u00ean, nu\u00f4i d\u01b0\u1ee1ng t\u1eeb s\u00e2u b\u00ean trong gi\u00fap da s\u00e1ng v\u00e0 c\u0103ng m\u1ecbn h\u01a1n. \u0110\u1ed3ng th\u1eddi axit hydrochloric s\u1ebd gi\u00fap ti\u00eau h\u00f3a t\u1ed1t h\u01a1n, ph\u00e1 v\u1ee1 ch\u1ea5t \u0111\u1ea1m (protein) c\u0169, t\u1eeb \u0111\u00f3 ch\u1ec9 s\u1ed1 m\u1ee1 c\u1ee7a c\u01a1 th\u1ec3 gi\u1ea3m r\u00f5 r\u1ec7t.<\/p>\n<p>&nbsp;<\/p>\n<p>Tinh d\u1ea7u axit ferulic m\u1ed9t trong nh\u1eefng ho\u1ea1t ch\u1ea5t qu\u00fd c\u00f3 trong S\u00e2m \u0111\u01b0\u01a1ng quy gi\u00fap t\u0103ng c\u01b0\u1eddng ho\u1ea1t huy\u1ebft tr\u00ean da, nu\u00f4i d\u01b0\u1ee1ng t\u1ebf b\u00e0o da, ch\u1ed1ng tia UV, l\u00e0m gi\u1ea3m t\u00ecnh tr\u1ea1ng kh\u00f4 n\u1ee9t, l\u00e0m tr\u1eafng, gi\u00fap l\u00e0n da lu\u00f4n kh\u1ecfe \u0111\u1eb9p &#8211; h\u1ed3ng h\u00e0o t\u01b0\u01a1i t\u1eafn.<\/p>\n<p>&nbsp;<\/p>\n<p>\u0110\u1eb7c bi\u1ec7t, h\u1ee3p ch\u1ea5t \u201c\u0111\u1ed9c nh\u1ea5t v\u00f4 nh\u1ecb\u201d butylphthalide vi\u1ebft t\u1eaft l\u00e0 ( BuPh) c\u00f3 c\u00f4ng d\u1ee5ng gi\u1ea3m l\u01b0\u1ee3ng lipit m\u00e1u hay c\u00f2n g\u1ecdi l\u00e0 m\u1ee1 m\u00e1u.<\/p>\n<p>Ho\u1ea1t ch\u1ea5t c\u00f3 l\u1ee3i cho s\u1ee9c kho\u1ebb nh\u01b0 0.6% lipid, 2.1 % ch\u1ea5t kho\u00e1ng, vi l\u01b0\u1ee3ng 6.3% protein v\u00e0 ch\u1ee9a limonene c\u00f9ng m\u1ed9t s\u1ed1 ch\u1ea5t chuy\u1ec3n ho\u00e1 c\u00e1c axit c\u00f3 l\u1ee3i cho s\u1ee9c kh\u1ecfe nh\u01b0 vitamin B1, B2, B6, K.- Courmarin, sacharid, axit amin, sterol\u2026 Ngo\u00e0i ra, c\u00e2y \u0111\u01b0\u01a1ng quy c\u00f2n c\u00f3 ch\u1ee9a nhi\u1ec1u lo\u1ea1i vitamin t\u1ed1t cho s\u1ee9c kh\u1ecfe ch\u1eb3ng h\u1ea1n nh\u01b0 vitamin B12.Theo y h\u1ecdc c\u1ed5 truy\u1ec1n, c\u00e1c ph\u1ea7n kh\u00e1c nhau c\u1ee7a c\u1ee7 \u0111\u01b0\u01a1ng quy c\u00f3 t\u00e1c d\u1ee5ng kh\u00e1c nhau.Ph\u1ea7n tr\u00ean c\u00f9ng (quy \u0111\u1ea7u) ch\u1ec9 huy\u1ebft, ph\u1ea7n th\u00e2n gi\u1eefa (quy th\u00e2n) b\u1ed5 huy\u1ebft v\u00e0 ph\u1ea7n r\u1ec5 (quy v\u0129) thi\u00ean v\u1ec1 ho\u1ea1t huy\u1ebft, ng\u0103n ng\u1eeba t\u00ecnh tr\u1ea1ng \u1ee9 huy\u1ebft.<\/p>\n<p>&nbsp;<\/p>\n<p>&#8211; V\u1ecb ng\u1ecdt t\u1ef1 nhi\u00ean, ph\u00f9 h\u1ee3p v\u1edbi ng\u01b0\u1eddi \u0103n ki\u00eang, ti\u1ec3u \u0111\u01b0\u1eddng<\/p>\n<p><strong>H\u01af\u1edaNG D\u1eaaN S\u1eec D\u1ee4NG:<\/strong><\/p>\n<p>L\u1ea5y 1 g\u00f3i tinh ch\u1ea5t pha v\u1edbi 150-200 ml n\u01b0\u1edbc \u00a0khu\u1ea5y \u0111\u1ec1u, c\u00f3 th\u1ec3 cho th\u00eam \u0111\u00e1 r\u1ed3i th\u01b0\u1edfng th\u1ee9c. Ngon h\u01a1n khi u\u1ed1ng l\u1ea1nh. M\u1ed7i ng\u00e0y d\u00f9ng 1-2 g\u00f3i. N\u00ean d\u00f9ng tr\u01b0\u1edbc khi \u0103n 30 ph\u00fat.<\/p>\n<\/div>\n<\/div>\n<div>\n<div>\n<h3 class=\"text-xl my-5 font-bold\">Th\u00f4ng s\u1ed1 k\u1ef9 thu\u1eadt<\/h3>\n<div>\n<div class=\"my-2 py-2\">Quy c\u00e1ch<span class=\"mlr-1\">:<\/span><span class=\"ml-1\">T\u00fai Stick 10ml, h\u1ed9p 12 g\u00f3i<\/span><\/div>\n<div class=\"my-2 py-2\">H\u1ea1n s\u1eed d\u1ee5ng<span class=\"mlr-1\">:<\/span><span class=\"ml-1\">18 th\u00e1ng k\u1ec3 t\u1eeb ng\u00e0y s\u1ea3n xu\u1ea5t<\/span><\/div>\n<\/div>\n<\/div>\n<\/div>","protected":false},"featured_media":2885,"comment_status":"open","ping_status":"closed","template":"","meta":{"_acf_changed":false},"product_cat":[321,22,323],"product_tag":[],"class_list":{"0":"post-2884","1":"product","2":"type-product","3":"status-publish","4":"has-post-thumbnail","6":"product_cat-che","7":"product_cat-sanphamthucpham","8":"product_cat-san-pham-tra-tu-thuc-vat-khac","10":"first","11":"instock","12":"shipping-taxable","13":"product-type-simple"},"acf":[],"_links":{"self":[{"href":"https:\/\/b2c.fairs.vn\/en\/wp-json\/wp\/v2\/product\/2884","targetHints":{"allow":["GET"]}}],"collection":[{"href":"https:\/\/b2c.fairs.vn\/en\/wp-json\/wp\/v2\/product"}],"about":[{"href":"https:\/\/b2c.fairs.vn\/en\/wp-json\/wp\/v2\/types\/product"}],"replies":[{"embeddable":true,"href":"https:\/\/b2c.fairs.vn\/en\/wp-json\/wp\/v2\/comments?post=2884"}],"version-history":[{"count":0,"href":"https:\/\/b2c.fairs.vn\/en\/wp-json\/wp\/v2\/product\/2884\/revisions"}],"wp:featuredmedia":[{"embeddable":true,"href":"https:\/\/b2c.fairs.vn\/en\/wp-json\/wp\/v2\/media\/2885"}],"wp:attachment":[{"href":"https:\/\/b2c.fairs.vn\/en\/wp-json\/wp\/v2\/media?parent=2884"}],"wp:term":[{"taxonomy":"product_cat","embeddable":true,"href":"https:\/\/b2c.fairs.vn\/en\/wp-json\/wp\/v2\/product_cat?post=2884"},{"taxonomy":"product_tag","embeddable":true,"href":"https:\/\/b2c.fairs.vn\/en\/wp-json\/wp\/v2\/product_tag?post=2884"}],"curies":[{"name":"wp","href":"https:\/\/api.w.org\/{rel}","templated":true}]}}